{"id":192,"date":"2025-03-18T11:09:29","date_gmt":"2025-03-18T11:09:29","guid":{"rendered":"https:\/\/ybeagroup.com\/revision-destats-de-informacion-no-financiera-einf\/"},"modified":"2025-03-18T11:11:38","modified_gmt":"2025-03-18T11:11:38","slug":"revision-destats-de-informacion-no-financiera-einf","status":"publish","type":"page","link":"https:\/\/ybeagroup.com\/ca\/revision-destats-de-informacion-no-financiera-einf\/","title":{"rendered":"Revisi\u00f3 d&#039;estats d&#039;informaci\u00f3 no financera (EINF)"},"content":{"rendered":"<div data-elementor-type=\"wp-page\" data-elementor-id=\"192\" class=\"elementor elementor-192\" data-elementor-post-type=\"page\">\n\t\t\t\t<div class=\"elementor-element elementor-element-324d19ef e-flex e-con-boxed e-con e-parent\" data-id=\"324d19ef\" data-element_type=\"container\" data-settings=\"{&quot;background_background&quot;:&quot;classic&quot;}\">\n\t\t\t\t\t<div class=\"e-con-inner\">\n\t\t\t\t<div class=\"elementor-element elementor-element-15f41f6d animated-slow elementor-invisible elementor-widget elementor-widget-heading\" data-id=\"15f41f6d\" data-element_type=\"widget\" data-settings=\"{&quot;_animation&quot;:&quot;fadeInDown&quot;}\" data-widget_type=\"heading.default\">\n\t\t\t\t<div class=\"elementor-widget-container\">\n\t\t\t\t\t<h1 class=\"elementor-heading-title elementor-size-default\">Revisi\u00f3 d&#039;estats d&#039;informaci\u00f3 no financera (EINF)<\/h1>\t\t\t\t<\/div>\n\t\t\t\t<\/div>\n\t\t\t\t\t<\/div>\n\t\t\t\t<\/div>\n\t\t<div class=\"elementor-element elementor-element-134a93be e-flex e-con-boxed e-con e-parent\" data-id=\"134a93be\" data-element_type=\"container\" data-settings=\"{&quot;background_background&quot;:&quot;classic&quot;}\">\n\t\t\t\t\t<div class=\"e-con-inner\">\n\t\t<div class=\"elementor-element elementor-element-697e21eb e-con-full e-flex elementor-invisible e-con e-child\" data-id=\"697e21eb\" data-element_type=\"container\" data-settings=\"{&quot;animation&quot;:&quot;fadeInDown&quot;}\">\n\t\t<div class=\"elementor-element elementor-element-75c9b089 e-con-full e-flex e-con e-child\" data-id=\"75c9b089\" data-element_type=\"container\">\n\t\t\t\t<div class=\"elementor-element elementor-element-129b24cb animated-slow elementor-invisible elementor-widget elementor-widget-heading\" data-id=\"129b24cb\" data-element_type=\"widget\" data-settings=\"{&quot;_animation&quot;:&quot;fadeInDown&quot;}\" data-widget_type=\"heading.default\">\n\t\t\t\t<div class=\"elementor-widget-container\">\n\t\t\t\t\t<h2 class=\"elementor-heading-title elementor-size-default\">Revisi\u00f3 d&#039;estats d&#039;informaci\u00f3 no financera (EINF) segons la Normativa CSRD (NEIS)<\/h2>\t\t\t\t<\/div>\n\t\t\t\t<\/div>\n\t\t\t\t<\/div>\n\t\t\t\t<\/div>\n\t\t<div class=\"elementor-element elementor-element-1a10320 e-con-full e-flex elementor-invisible e-con e-child\" data-id=\"1a10320\" data-element_type=\"container\" data-settings=\"{&quot;animation&quot;:&quot;fadeInUp&quot;}\">\n\t\t\t\t<div class=\"elementor-element elementor-element-56c3d2f7 animated-slow elementor-invisible elementor-widget elementor-widget-text-editor\" data-id=\"56c3d2f7\" data-element_type=\"widget\" data-settings=\"{&quot;_animation&quot;:&quot;fadeInDown&quot;,&quot;_animation_delay&quot;:400}\" data-widget_type=\"text-editor.default\">\n\t\t\t\t<div class=\"elementor-widget-container\">\n\t\t\t\t\t\t\t\t\tA Wave Consultores, oferim un servei especialitzat en la revisi\u00f3 dels Estats d&#039;Informaci\u00f3 No Financera (EINF), assegurant que la teva empresa compleixi la normativa CSRD (NEIS). Aquest proc\u00e9s \u00e9s essencial per a aquelles empreses que necessiten reportar el seu impacte en \u00e0rees clau com a medi ambient, responsabilitat social i governan\u00e7a.\t\t\t\t\t\t\t\t<\/div>\n\t\t\t\t<\/div>\n\t\t\t\t<\/div>\n\t\t\t\t\t<\/div>\n\t\t\t\t<\/div>\n\t\t<div class=\"elementor-element elementor-element-5cf73943 e-flex e-con-boxed e-con e-parent\" data-id=\"5cf73943\" data-element_type=\"container\" data-settings=\"{&quot;background_background&quot;:&quot;classic&quot;}\">\n\t\t\t\t\t<div class=\"e-con-inner\">\n\t\t<div class=\"elementor-element elementor-element-1faa1fca e-con-full e-flex elementor-invisible e-con e-child\" data-id=\"1faa1fca\" data-element_type=\"container\" data-settings=\"{&quot;animation&quot;:&quot;fadeInUp&quot;,&quot;background_background&quot;:&quot;classic&quot;}\">\n\t\t\t\t<div class=\"elementor-element elementor-element-7744bbca elementor-widget elementor-widget-image\" data-id=\"7744bbca\" data-element_type=\"widget\" data-widget_type=\"image.default\">\n\t\t\t\t<div class=\"elementor-widget-container\">\n\t\t\t\t\t\t\t\t\t\t\t\t\t\t\t<img fetchpriority=\"high\" decoding=\"async\" width=\"1600\" height=\"1066\" src=\"https:\/\/ybeagroup.com\/wp-content\/uploads\/2025\/03\/2149311491.jpeg\" class=\"attachment-full size-full wp-image-194\" alt=\"\" srcset=\"https:\/\/ybeagroup.com\/wp-content\/uploads\/2025\/03\/2149311491.jpeg 1600w, https:\/\/ybeagroup.com\/wp-content\/uploads\/2025\/03\/2149311491-300x200.jpeg 300w, https:\/\/ybeagroup.com\/wp-content\/uploads\/2025\/03\/2149311491-1024x682.jpeg 1024w, https:\/\/ybeagroup.com\/wp-content\/uploads\/2025\/03\/2149311491-768x512.jpeg 768w, https:\/\/ybeagroup.com\/wp-content\/uploads\/2025\/03\/2149311491-1536x1023.jpeg 1536w\" sizes=\"(max-width: 1600px) 100vw, 1600px\" \/>\t\t\t\t\t\t\t\t\t\t\t\t\t\t\t<\/div>\n\t\t\t\t<\/div>\n\t\t\t\t<\/div>\n\t\t<div class=\"elementor-element elementor-element-653bd6ce e-con-full e-flex elementor-invisible e-con e-child\" data-id=\"653bd6ce\" data-element_type=\"container\" data-settings=\"{&quot;animation&quot;:&quot;fadeInDown&quot;}\">\n\t\t<div class=\"elementor-element elementor-element-6d9aa48c e-con-full e-flex e-con e-child\" data-id=\"6d9aa48c\" data-element_type=\"container\">\n\t\t\t\t<div class=\"elementor-element elementor-element-54a2ec9b animated-slow elementor-invisible elementor-widget elementor-widget-heading\" data-id=\"54a2ec9b\" data-element_type=\"widget\" data-settings=\"{&quot;_animation&quot;:&quot;fadeInDown&quot;,&quot;_animation_delay&quot;:200}\" data-widget_type=\"heading.default\">\n\t\t\t\t<div class=\"elementor-widget-container\">\n\t\t\t\t\t<h2 class=\"elementor-heading-title elementor-size-default\">Revisi\u00f3 basada a la Normativa Europea d&#039;Informaci\u00f3 en Sostenibilitat (NEIS o CSRD)<\/h2>\t\t\t\t<\/div>\n\t\t\t\t<\/div>\n\t\t\t\t<div class=\"elementor-element elementor-element-72c50a43 animated-slow elementor-invisible elementor-widget elementor-widget-text-editor\" data-id=\"72c50a43\" data-element_type=\"widget\" data-settings=\"{&quot;_animation&quot;:&quot;fadeInDown&quot;,&quot;_animation_delay&quot;:400}\" data-widget_type=\"text-editor.default\">\n\t\t\t\t<div class=\"elementor-widget-container\">\n\t\t\t\t\t\t\t\t\tLa normativa NEIS (en espanyol), o CSRD (en angl\u00e8s: Corporate Sustainability Reporting Directive) estableix requisits espec\u00edfics per a la informaci\u00f3 no financera que les empreses han d&#039;incloure als seus informes anuals. Aquesta normativa cerca millorar la transpar\u00e8ncia en les pr\u00e0ctiques sostenibles i responsables de les organitzacions. \t\t\t\t\t\t\t\t<\/div>\n\t\t\t\t<\/div>\n\t\t\t\t<\/div>\n\t\t\t\t<\/div>\n\t\t\t\t\t<\/div>\n\t\t\t\t<\/div>\n\t\t<div class=\"elementor-element elementor-element-2fa8c04f e-flex e-con-boxed e-con e-parent\" data-id=\"2fa8c04f\" data-element_type=\"container\" data-settings=\"{&quot;background_background&quot;:&quot;classic&quot;}\">\n\t\t\t\t\t<div class=\"e-con-inner\">\n\t\t<div class=\"elementor-element elementor-element-b2b5df7 e-flex e-con-boxed elementor-invisible e-con e-child\" data-id=\"b2b5df7\" data-element_type=\"container\" data-settings=\"{&quot;animation&quot;:&quot;fadeInDown&quot;}\">\n\t\t\t\t\t<div class=\"e-con-inner\">\n\t\t\t\t<div class=\"elementor-element elementor-element-cedbd8f animated-slow elementor-invisible elementor-widget elementor-widget-heading\" data-id=\"cedbd8f\" data-element_type=\"widget\" data-settings=\"{&quot;_animation&quot;:&quot;fadeInDown&quot;}\" data-widget_type=\"heading.default\">\n\t\t\t\t<div class=\"elementor-widget-container\">\n\t\t\t\t\t<h2 class=\"elementor-heading-title elementor-size-default\">Compleix amb la normativa i millora les pr\u00e0ctiques sostenibles<\/h2>\t\t\t\t<\/div>\n\t\t\t\t<\/div>\n\t\t\t\t\t<\/div>\n\t\t\t\t<\/div>\n\t\t<div class=\"elementor-element elementor-element-3c1f79c9 e-grid e-con-full e-con e-child\" data-id=\"3c1f79c9\" data-element_type=\"container\">\n\t\t<div class=\"elementor-element elementor-element-6e40c8a7 e-con-full animated-slow e-flex elementor-invisible e-con e-child\" data-id=\"6e40c8a7\" data-element_type=\"container\" data-settings=\"{&quot;animation&quot;:&quot;fadeInDown&quot;,&quot;animation_delay&quot;:400}\">\n\t\t\t\t<div class=\"elementor-element elementor-element-5b2f0c66 elementor-view-framed elementor-tablet-position-top elementor-shape-circle elementor-position-top elementor-mobile-position-top elementor-widget elementor-widget-icon-box\" data-id=\"5b2f0c66\" data-element_type=\"widget\" data-widget_type=\"icon-box.default\">\n\t\t\t\t<div class=\"elementor-widget-container\">\n\t\t\t\t\t\t\t<div class=\"elementor-icon-box-wrapper\">\n\n\t\t\t\t\t\t<div class=\"elementor-icon-box-icon\">\n\t\t\t\t<span  class=\"elementor-icon\">\n\t\t\t\t<i aria-hidden=\"true\" class=\"icon icon-balance\"><\/i>\t\t\t\t<\/span>\n\t\t\t<\/div>\n\t\t\t\n\t\t\t\t\t\t<div class=\"elementor-icon-box-content\">\n\n\t\t\t\t\t\t\t\t\t<h3 class=\"elementor-icon-box-title\">\n\t\t\t\t\t\t<span  >\n\t\t\t\t\t\t\tCompliment normatiu\t\t\t\t\t\t<\/span>\n\t\t\t\t\t<\/h3>\n\t\t\t\t\n\t\t\t\t\t\t\t\t\t<p class=\"elementor-icon-box-description\">\n\t\t\t\t\t\tGarantim que la teva empresa compleixi amb la normativa vigent en mat\u00e8ria de sostenibilitat i responsabilitat\t\t\t\t\t<\/p>\n\t\t\t\t\n\t\t\t<\/div>\n\t\t\t\n\t\t<\/div>\n\t\t\t\t\t\t<\/div>\n\t\t\t\t<\/div>\n\t\t\t\t<\/div>\n\t\t<div class=\"elementor-element elementor-element-1190a8e9 e-con-full animated-slow e-flex elementor-invisible e-con e-child\" data-id=\"1190a8e9\" data-element_type=\"container\" data-settings=\"{&quot;animation&quot;:&quot;fadeInDown&quot;,&quot;animation_delay&quot;:400}\">\n\t\t\t\t<div class=\"elementor-element elementor-element-724169ac elementor-view-framed elementor-tablet-position-top elementor-shape-circle elementor-position-top elementor-mobile-position-top elementor-widget elementor-widget-icon-box\" data-id=\"724169ac\" data-element_type=\"widget\" data-widget_type=\"icon-box.default\">\n\t\t\t\t<div class=\"elementor-widget-container\">\n\t\t\t\t\t\t\t<div class=\"elementor-icon-box-wrapper\">\n\n\t\t\t\t\t\t<div class=\"elementor-icon-box-icon\">\n\t\t\t\t<span  class=\"elementor-icon\">\n\t\t\t\t<i aria-hidden=\"true\" class=\"icon icon-Document-Search\"><\/i>\t\t\t\t<\/span>\n\t\t\t<\/div>\n\t\t\t\n\t\t\t\t\t\t<div class=\"elementor-icon-box-content\">\n\n\t\t\t\t\t\t\t\t\t<h3 class=\"elementor-icon-box-title\">\n\t\t\t\t\t\t<span  >\n\t\t\t\t\t\t\tMillora de la transpar\u00e8ncia\t\t\t\t\t\t<\/span>\n\t\t\t\t\t<\/h3>\n\t\t\t\t\n\t\t\t\t\t\t\t\t\t<p class=\"elementor-icon-box-description\">\n\t\t\t\t\t\tT&#039;ajudem a presentar el teu impacte social i ambiental de manera clara, millorant la confian\u00e7a de stakeholders i clients\t\t\t\t\t<\/p>\n\t\t\t\t\n\t\t\t<\/div>\n\t\t\t\n\t\t<\/div>\n\t\t\t\t\t\t<\/div>\n\t\t\t\t<\/div>\n\t\t\t\t<\/div>\n\t\t<div class=\"elementor-element elementor-element-45e49dbb e-con-full animated-slow e-flex elementor-invisible e-con e-child\" data-id=\"45e49dbb\" data-element_type=\"container\" data-settings=\"{&quot;animation&quot;:&quot;fadeInDown&quot;,&quot;animation_delay&quot;:400}\">\n\t\t\t\t<div class=\"elementor-element elementor-element-244b2720 elementor-view-framed elementor-tablet-position-top elementor-shape-circle elementor-position-top elementor-mobile-position-top elementor-widget elementor-widget-icon-box\" data-id=\"244b2720\" data-element_type=\"widget\" data-widget_type=\"icon-box.default\">\n\t\t\t\t<div class=\"elementor-widget-container\">\n\t\t\t\t\t\t\t<div class=\"elementor-icon-box-wrapper\">\n\n\t\t\t\t\t\t<div class=\"elementor-icon-box-icon\">\n\t\t\t\t<span  class=\"elementor-icon\">\n\t\t\t\t<i aria-hidden=\"true\" class=\"icon icon-money\"><\/i>\t\t\t\t<\/span>\n\t\t\t<\/div>\n\t\t\t\n\t\t\t\t\t\t<div class=\"elementor-icon-box-content\">\n\n\t\t\t\t\t\t\t\t\t<h3 class=\"elementor-icon-box-title\">\n\t\t\t\t\t\t<span  >\n\t\t\t\t\t\t\tOptimitzaci\u00f3 de processos\t\t\t\t\t\t<\/span>\n\t\t\t\t\t<\/h3>\n\t\t\t\t\n\t\t\t\t\t\t\t\t\t<p class=\"elementor-icon-box-description\">\n\t\t\t\t\t\tDetectem \u00e0rees de millora en les pr\u00e0ctiques de sostenibilitat, afavorint l&#039;efici\u00e8ncia i reduint riscos\t\t\t\t\t<\/p>\n\t\t\t\t\n\t\t\t<\/div>\n\t\t\t\n\t\t<\/div>\n\t\t\t\t\t\t<\/div>\n\t\t\t\t<\/div>\n\t\t\t\t<\/div>\n\t\t<div class=\"elementor-element elementor-element-570b28c e-con-full animated-slow e-flex elementor-invisible e-con e-child\" data-id=\"570b28c\" data-element_type=\"container\" data-settings=\"{&quot;animation&quot;:&quot;fadeInDown&quot;,&quot;animation_delay&quot;:400}\">\n\t\t\t\t<div class=\"elementor-element elementor-element-76705491 elementor-view-framed elementor-tablet-position-top elementor-shape-circle elementor-position-top elementor-mobile-position-top elementor-widget elementor-widget-icon-box\" data-id=\"76705491\" data-element_type=\"widget\" data-widget_type=\"icon-box.default\">\n\t\t\t\t<div class=\"elementor-widget-container\">\n\t\t\t\t\t\t\t<div class=\"elementor-icon-box-wrapper\">\n\n\t\t\t\t\t\t<div class=\"elementor-icon-box-icon\">\n\t\t\t\t<span  class=\"elementor-icon\">\n\t\t\t\t<i aria-hidden=\"true\" class=\"icon icon-team\"><\/i>\t\t\t\t<\/span>\n\t\t\t<\/div>\n\t\t\t\n\t\t\t\t\t\t<div class=\"elementor-icon-box-content\">\n\n\t\t\t\t\t\t\t\t\t<h3 class=\"elementor-icon-box-title\">\n\t\t\t\t\t\t<span  >\n\t\t\t\t\t\t\tValoraci\u00f3 integral\t\t\t\t\t\t<\/span>\n\t\t\t\t\t<\/h3>\n\t\t\t\t\n\t\t\t\t\t\t\t\t\t<p class=\"elementor-icon-box-description\">\n\t\t\t\t\t\tAvaluem la informaci\u00f3 des d&#039;una perspectiva interna i externa, abastant tant les estrat\u00e8gies implementades com els resultats obtinguts\t\t\t\t\t<\/p>\n\t\t\t\t\n\t\t\t<\/div>\n\t\t\t\n\t\t<\/div>\n\t\t\t\t\t\t<\/div>\n\t\t\t\t<\/div>\n\t\t\t\t<\/div>\n\t\t\t\t<\/div>\n\t\t\t\t\t<\/div>\n\t\t\t\t<\/div>\n\t\t\t\t<\/div>","protected":false},"excerpt":{"rendered":"<p>Revisi\u00f3 d&#039;estats d&#039;informaci\u00f3 no financera (EINF) segons la Normativa CSRD (NEIS) A Wave Consultores, oferim un servei especialitzat en la revisi\u00f3 dels Estats d&#039;Informaci\u00f3 No Financera (EINF), assegurant que la teva empresa compleixi la normativa CSRD (NEIS). Aquest proc\u00e9s \u00e9s essencial per a aquelles empreses que necessiten reportar el seu impacte en \u00e0rees [\u2026]<\/p>","protected":false},"author":2,"featured_media":0,"parent":0,"menu_order":0,"comment_status":"closed","ping_status":"closed","template":"","meta":{"footnotes":""},"class_list":["post-192","page","type-page","status-publish","hentry"],"yoast_head":"<!-- This site is optimized with the Yoast SEO plugin v26.4 - https:\/\/yoast.com\/wordpress\/plugins\/seo\/ -->\n<title>Revisi\u00f3n d\u2019estats de informaci\u00f3n no financiera (EINF) - Ybea Group<\/title>\n<meta name=\"robots\" content=\"index, follow, max-snippet:-1, max-image-preview:large, max-video-preview:-1\" \/>\n<link rel=\"canonical\" href=\"https:\/\/ybeagroup.com\/ca\/revision-destats-de-informacion-no-financiera-einf\/\" \/>\n<meta property=\"og:locale\" content=\"ca_ES\" \/>\n<meta property=\"og:type\" content=\"article\" \/>\n<meta property=\"og:title\" content=\"Revisi\u00f3n d\u2019estats de informaci\u00f3n no financiera (EINF) - Ybea Group\" \/>\n<meta property=\"og:description\" content=\"Revisi\u00f3n de estados de informaci\u00f3n no financiera (EINF) seg\u00fan la Normativa CSRD (NEIS) En Wave Consultores, ofrecemos un servicio especializado en la revisi\u00f3n de los Estados de Informaci\u00f3n No Financiera (EINF), asegurando que tu empresa cumpla con la normativa CSRD (NEIS). Este proceso es esencial para aquellas empresas que necesitan reportar su impacto en \u00e1reas [&hellip;]\" \/>\n<meta property=\"og:url\" content=\"https:\/\/ybeagroup.com\/ca\/revision-destats-de-informacion-no-financiera-einf\/\" \/>\n<meta property=\"og:site_name\" content=\"Ybea Group\" \/>\n<meta property=\"article:modified_time\" content=\"2025-03-18T11:11:38+00:00\" \/>\n<meta property=\"og:image\" content=\"https:\/\/ybeagroup.com\/wp-content\/uploads\/2025\/03\/2149311491.jpeg\" \/>\n<meta name=\"twitter:card\" content=\"summary_large_image\" \/>\n<meta name=\"twitter:label1\" content=\"Temps estimat de lectura\" \/>\n\t<meta name=\"twitter:data1\" content=\"1 minut\" \/>\n<script type=\"application\/ld+json\" class=\"yoast-schema-graph\">{\"@context\":\"https:\/\/schema.org\",\"@graph\":[{\"@type\":\"WebPage\",\"@id\":\"https:\/\/ybeagroup.com\/eu\/revision-destats-de-informacion-no-financiera-einf\/\",\"url\":\"https:\/\/ybeagroup.com\/eu\/revision-destats-de-informacion-no-financiera-einf\/\",\"name\":\"Revisi\u00f3n d\u2019estats de informaci\u00f3n no financiera (EINF) - Ybea Group\",\"isPartOf\":{\"@id\":\"https:\/\/ybeagroup.com\/gl\/#website\"},\"primaryImageOfPage\":{\"@id\":\"https:\/\/ybeagroup.com\/eu\/revision-destats-de-informacion-no-financiera-einf\/#primaryimage\"},\"image\":{\"@id\":\"https:\/\/ybeagroup.com\/eu\/revision-destats-de-informacion-no-financiera-einf\/#primaryimage\"},\"thumbnailUrl\":\"https:\/\/ybeagroup.com\/wp-content\/uploads\/2025\/03\/2149311491.jpeg\",\"datePublished\":\"2025-03-18T11:09:29+00:00\",\"dateModified\":\"2025-03-18T11:11:38+00:00\",\"breadcrumb\":{\"@id\":\"https:\/\/ybeagroup.com\/eu\/revision-destats-de-informacion-no-financiera-einf\/#breadcrumb\"},\"inLanguage\":\"ca\",\"potentialAction\":[{\"@type\":\"ReadAction\",\"target\":[\"https:\/\/ybeagroup.com\/eu\/revision-destats-de-informacion-no-financiera-einf\/\"]}]},{\"@type\":\"ImageObject\",\"inLanguage\":\"ca\",\"@id\":\"https:\/\/ybeagroup.com\/eu\/revision-destats-de-informacion-no-financiera-einf\/#primaryimage\",\"url\":\"https:\/\/ybeagroup.com\/wp-content\/uploads\/2025\/03\/2149311491.jpeg\",\"contentUrl\":\"https:\/\/ybeagroup.com\/wp-content\/uploads\/2025\/03\/2149311491.jpeg\"},{\"@type\":\"BreadcrumbList\",\"@id\":\"https:\/\/ybeagroup.com\/eu\/revision-destats-de-informacion-no-financiera-einf\/#breadcrumb\",\"itemListElement\":[{\"@type\":\"ListItem\",\"position\":1,\"name\":\"Portada\",\"item\":\"https:\/\/ybeagroup.com\/\"},{\"@type\":\"ListItem\",\"position\":2,\"name\":\"Revisi\u00f3n d\u2019estats de informaci\u00f3n no financiera (EINF)\"}]},{\"@type\":\"WebSite\",\"@id\":\"https:\/\/ybeagroup.com\/gl\/#website\",\"url\":\"https:\/\/ybeagroup.com\/gl\/\",\"name\":\"Ybea Group\",\"description\":\"Soluciones innovadoras en formaci\u00f3n y consultor\u00eda para empresas\",\"publisher\":{\"@id\":\"https:\/\/ybeagroup.com\/gl\/#organization\"},\"potentialAction\":[{\"@type\":\"SearchAction\",\"target\":{\"@type\":\"EntryPoint\",\"urlTemplate\":\"https:\/\/ybeagroup.com\/gl\/?s={search_term_string}\"},\"query-input\":{\"@type\":\"PropertyValueSpecification\",\"valueRequired\":true,\"valueName\":\"search_term_string\"}}],\"inLanguage\":\"ca\"},{\"@type\":\"Organization\",\"@id\":\"https:\/\/ybeagroup.com\/gl\/#organization\",\"name\":\"Ybea Group\",\"url\":\"https:\/\/ybeagroup.com\/gl\/\",\"logo\":{\"@type\":\"ImageObject\",\"inLanguage\":\"ca\",\"@id\":\"https:\/\/ybeagroup.com\/gl\/#\/schema\/logo\/image\/\",\"url\":\"https:\/\/ybeagroup.com\/wp-content\/uploads\/2025\/03\/cropped-fav.png\",\"contentUrl\":\"https:\/\/ybeagroup.com\/wp-content\/uploads\/2025\/03\/cropped-fav.png\",\"width\":512,\"height\":512,\"caption\":\"Ybea Group\"},\"image\":{\"@id\":\"https:\/\/ybeagroup.com\/gl\/#\/schema\/logo\/image\/\"}}]}<\/script>\n<!-- \/ Yoast SEO plugin. -->","yoast_head_json":{"title":"Revisi\u00f3n d\u2019estats de informaci\u00f3n no financiera (EINF) - Ybea Group","robots":{"index":"index","follow":"follow","max-snippet":"max-snippet:-1","max-image-preview":"max-image-preview:large","max-video-preview":"max-video-preview:-1"},"canonical":"https:\/\/ybeagroup.com\/ca\/revision-destats-de-informacion-no-financiera-einf\/","og_locale":"ca_ES","og_type":"article","og_title":"Revisi\u00f3n d\u2019estats de informaci\u00f3n no financiera (EINF) - Ybea Group","og_description":"Revisi\u00f3n de estados de informaci\u00f3n no financiera (EINF) seg\u00fan la Normativa CSRD (NEIS) En Wave Consultores, ofrecemos un servicio especializado en la revisi\u00f3n de los Estados de Informaci\u00f3n No Financiera (EINF), asegurando que tu empresa cumpla con la normativa CSRD (NEIS). Este proceso es esencial para aquellas empresas que necesitan reportar su impacto en \u00e1reas [&hellip;]","og_url":"https:\/\/ybeagroup.com\/ca\/revision-destats-de-informacion-no-financiera-einf\/","og_site_name":"Ybea Group","article_modified_time":"2025-03-18T11:11:38+00:00","og_image":[{"url":"https:\/\/ybeagroup.com\/wp-content\/uploads\/2025\/03\/2149311491.jpeg","type":"","width":"","height":""}],"twitter_card":"summary_large_image","twitter_misc":{"Temps estimat de lectura":"1 minut"},"schema":{"@context":"https:\/\/schema.org","@graph":[{"@type":"WebPage","@id":"https:\/\/ybeagroup.com\/eu\/revision-destats-de-informacion-no-financiera-einf\/","url":"https:\/\/ybeagroup.com\/eu\/revision-destats-de-informacion-no-financiera-einf\/","name":"Revisi\u00f3n d\u2019estats de informaci\u00f3n no financiera (EINF) - Ybea Group","isPartOf":{"@id":"https:\/\/ybeagroup.com\/gl\/#website"},"primaryImageOfPage":{"@id":"https:\/\/ybeagroup.com\/eu\/revision-destats-de-informacion-no-financiera-einf\/#primaryimage"},"image":{"@id":"https:\/\/ybeagroup.com\/eu\/revision-destats-de-informacion-no-financiera-einf\/#primaryimage"},"thumbnailUrl":"https:\/\/ybeagroup.com\/wp-content\/uploads\/2025\/03\/2149311491.jpeg","datePublished":"2025-03-18T11:09:29+00:00","dateModified":"2025-03-18T11:11:38+00:00","breadcrumb":{"@id":"https:\/\/ybeagroup.com\/eu\/revision-destats-de-informacion-no-financiera-einf\/#breadcrumb"},"inLanguage":"ca","potentialAction":[{"@type":"ReadAction","target":["https:\/\/ybeagroup.com\/eu\/revision-destats-de-informacion-no-financiera-einf\/"]}]},{"@type":"ImageObject","inLanguage":"ca","@id":"https:\/\/ybeagroup.com\/eu\/revision-destats-de-informacion-no-financiera-einf\/#primaryimage","url":"https:\/\/ybeagroup.com\/wp-content\/uploads\/2025\/03\/2149311491.jpeg","contentUrl":"https:\/\/ybeagroup.com\/wp-content\/uploads\/2025\/03\/2149311491.jpeg"},{"@type":"BreadcrumbList","@id":"https:\/\/ybeagroup.com\/eu\/revision-destats-de-informacion-no-financiera-einf\/#breadcrumb","itemListElement":[{"@type":"ListItem","position":1,"name":"Portada","item":"https:\/\/ybeagroup.com\/"},{"@type":"ListItem","position":2,"name":"Revisi\u00f3n d\u2019estats de informaci\u00f3n no financiera (EINF)"}]},{"@type":"WebSite","@id":"https:\/\/ybeagroup.com\/gl\/#website","url":"https:\/\/ybeagroup.com\/gl\/","name":"Ybea Group","description":"Soluciones innovadoras en formaci\u00f3n y consultor\u00eda para empresas","publisher":{"@id":"https:\/\/ybeagroup.com\/gl\/#organization"},"potentialAction":[{"@type":"SearchAction","target":{"@type":"EntryPoint","urlTemplate":"https:\/\/ybeagroup.com\/gl\/?s={search_term_string}"},"query-input":{"@type":"PropertyValueSpecification","valueRequired":true,"valueName":"search_term_string"}}],"inLanguage":"ca"},{"@type":"Organization","@id":"https:\/\/ybeagroup.com\/gl\/#organization","name":"Ybea Group","url":"https:\/\/ybeagroup.com\/gl\/","logo":{"@type":"ImageObject","inLanguage":"ca","@id":"https:\/\/ybeagroup.com\/gl\/#\/schema\/logo\/image\/","url":"https:\/\/ybeagroup.com\/wp-content\/uploads\/2025\/03\/cropped-fav.png","contentUrl":"https:\/\/ybeagroup.com\/wp-content\/uploads\/2025\/03\/cropped-fav.png","width":512,"height":512,"caption":"Ybea Group"},"image":{"@id":"https:\/\/ybeagroup.com\/gl\/#\/schema\/logo\/image\/"}}]}},"_links":{"self":[{"href":"https:\/\/ybeagroup.com\/ca\/wp-json\/wp\/v2\/pages\/192","targetHints":{"allow":["GET"]}}],"collection":[{"href":"https:\/\/ybeagroup.com\/ca\/wp-json\/wp\/v2\/pages"}],"about":[{"href":"https:\/\/ybeagroup.com\/ca\/wp-json\/wp\/v2\/types\/page"}],"author":[{"embeddable":true,"href":"https:\/\/ybeagroup.com\/ca\/wp-json\/wp\/v2\/users\/2"}],"replies":[{"embeddable":true,"href":"https:\/\/ybeagroup.com\/ca\/wp-json\/wp\/v2\/comments?post=192"}],"version-history":[{"count":4,"href":"https:\/\/ybeagroup.com\/ca\/wp-json\/wp\/v2\/pages\/192\/revisions"}],"predecessor-version":[{"id":399,"href":"https:\/\/ybeagroup.com\/ca\/wp-json\/wp\/v2\/pages\/192\/revisions\/399"}],"wp:attachment":[{"href":"https:\/\/ybeagroup.com\/ca\/wp-json\/wp\/v2\/media?parent=192"}],"curies":[{"name":"wp","href":"https:\/\/api.w.org\/{rel}","templated":true}]}}