{"id":2701,"date":"2025-05-22T08:35:11","date_gmt":"2025-05-22T08:35:11","guid":{"rendered":"https:\/\/ybeagroup.com\/?page_id=2701"},"modified":"2025-05-22T08:44:47","modified_gmt":"2025-05-22T08:44:47","slug":"seguridad-de-la-informacion-iso2700-27001","status":"publish","type":"page","link":"https:\/\/ybeagroup.com\/ca\/seguridad-de-la-informacion-iso2700-27001\/","title":{"rendered":"Seguretat de la Informaci\u00f3 ISO2700-27001"},"content":{"rendered":"<div data-elementor-type=\"wp-page\" data-elementor-id=\"2701\" class=\"elementor elementor-2701\" data-elementor-post-type=\"page\">\n\t\t\t\t<div class=\"elementor-element elementor-element-1d2f96d e-flex e-con-boxed e-con e-parent\" data-id=\"1d2f96d\" data-element_type=\"container\" data-settings=\"{&quot;background_background&quot;:&quot;classic&quot;}\">\n\t\t\t\t\t<div class=\"e-con-inner\">\n\t\t\t\t<div class=\"elementor-element elementor-element-f179649 animated-slow elementor-invisible elementor-widget elementor-widget-heading\" data-id=\"f179649\" data-element_type=\"widget\" data-settings=\"{&quot;_animation&quot;:&quot;fadeInDown&quot;}\" data-widget_type=\"heading.default\">\n\t\t\t\t<div class=\"elementor-widget-container\">\n\t\t\t\t\t<h1 class=\"elementor-heading-title elementor-size-default\">Seguretat de la Informaci\u00f3 ISO2700-27001<\/h1>\t\t\t\t<\/div>\n\t\t\t\t<\/div>\n\t\t\t\t\t<\/div>\n\t\t\t\t<\/div>\n\t\t<div class=\"elementor-element elementor-element-0fffc43 e-flex e-con-boxed e-con e-parent\" data-id=\"0fffc43\" data-element_type=\"container\" data-settings=\"{&quot;background_background&quot;:&quot;classic&quot;}\">\n\t\t\t\t\t<div class=\"e-con-inner\">\n\t\t<div class=\"elementor-element elementor-element-94d8d8d e-con-full e-flex elementor-invisible e-con e-child\" data-id=\"94d8d8d\" data-element_type=\"container\" data-settings=\"{&quot;animation&quot;:&quot;fadeInDown&quot;}\">\n\t\t<div class=\"elementor-element elementor-element-343f075 e-con-full e-flex e-con e-child\" data-id=\"343f075\" data-element_type=\"container\">\n\t\t\t\t<div class=\"elementor-element elementor-element-afcfd21 animated-slow elementor-invisible elementor-widget elementor-widget-heading\" data-id=\"afcfd21\" data-element_type=\"widget\" data-settings=\"{&quot;_animation&quot;:&quot;fadeInDown&quot;}\" data-widget_type=\"heading.default\">\n\t\t\t\t<div class=\"elementor-widget-container\">\n\t\t\t\t\t<h2 class=\"elementor-heading-title elementor-size-default\">Gesti\u00f3 de la Seguretat de la Informaci\u00f3 amb ISO 27001<\/h2>\t\t\t\t<\/div>\n\t\t\t\t<\/div>\n\t\t\t\t<\/div>\n\t\t\t\t<\/div>\n\t\t\t\t<div class=\"elementor-element elementor-element-7d3f8dc elementor-widget-divider--view-line elementor-widget elementor-widget-divider\" data-id=\"7d3f8dc\" data-element_type=\"widget\" data-widget_type=\"divider.default\">\n\t\t\t\t<div class=\"elementor-widget-container\">\n\t\t\t\t\t\t\t<div class=\"elementor-divider\">\n\t\t\t<span class=\"elementor-divider-separator\">\n\t\t\t\t\t\t<\/span>\n\t\t<\/div>\n\t\t\t\t\t\t<\/div>\n\t\t\t\t<\/div>\n\t\t<div class=\"elementor-element elementor-element-98fa629 e-con-full e-flex elementor-invisible e-con e-child\" data-id=\"98fa629\" data-element_type=\"container\" data-settings=\"{&quot;animation&quot;:&quot;fadeInUp&quot;}\">\n\t\t\t\t<div class=\"elementor-element elementor-element-1204b7e animated-slow elementor-invisible elementor-widget elementor-widget-text-editor\" data-id=\"1204b7e\" data-element_type=\"widget\" data-settings=\"{&quot;_animation&quot;:&quot;fadeInDown&quot;,&quot;_animation_delay&quot;:400}\" data-widget_type=\"text-editor.default\">\n\t\t\t\t<div class=\"elementor-widget-container\">\n\t\t\t\t\t\t\t\t\t<p class=\"ds-markdown-paragraph\"><strong>ISO\/IEC 27001<\/strong> \u00e9s la <strong>\u00fanica norma internacional auditable\u00a0<\/strong>que defineix els requisits per a un <strong>sistema de gesti\u00f3 de la seguretat de la informaci\u00f3 (SGSI).<\/strong> La norma ha estat concebuda per garantir la selecci\u00f3 de controls de seguretat adequats i proporcionals. Aix\u00f2 ajuda a <strong>protegir els actius d&#039;informaci\u00f3<\/strong> i atorga confian\u00e7a a qualsevol de les parts interessades, sobretot als clients. La norma adopta un enfocament per processos per establir, implementar, operar, supervisar, revisar, mantenir i millorar un SGSI.<\/p><p class=\"ds-markdown-paragraph\"><strong>Per a qui \u00e9s significatiu?<\/strong><\/p><p class=\"ds-markdown-paragraph\"><strong>ISO\/IEC 27001<\/strong> \u00e9s una norma adequada per a qualsevol organitzaci\u00f3, gran o petita, de qualsevol sector o part del m\u00f3n. La norma \u00e9s particularment interessant si la protecci\u00f3 de la informaci\u00f3 \u00e9s cr\u00edtica, com en finances, sanitat, sector p\u00fablic i tecnologia de la informaci\u00f3 (TI). <strong>ISO\/IEC 27001<\/strong> tamb\u00e9 \u00e9s molt efica\u00e7 per a organitzacions que gestionen la informaci\u00f3 per enc\u00e0rrec daltres, per exemple, empreses de subcontractaci\u00f3 de TI. Es pot utilitzar per garantir als clients que la vostra informaci\u00f3 est\u00e0 protegida.<\/p><p class=\"ds-markdown-paragraph\">Aquest proc\u00e9s permet a les empreses certificar el Sistema de Gesti\u00f3 de Seguretat de la Informaci\u00f3 (SGSI). Complir la norma \u00e9s, a m\u00e9s, una garantia de continu\u00eftat del servei perqu\u00e8 s&#039;han adoptat les mesures oportunes<strong>.<\/strong><\/p>\t\t\t\t\t\t\t\t<\/div>\n\t\t\t\t<\/div>\n\t\t\t\t<\/div>\n\t\t\t\t\t<\/div>\n\t\t\t\t<\/div>\n\t\t<div class=\"elementor-element elementor-element-87c0852 e-flex e-con-boxed e-con e-parent\" data-id=\"87c0852\" data-element_type=\"container\" data-settings=\"{&quot;background_background&quot;:&quot;classic&quot;}\">\n\t\t\t\t\t<div class=\"e-con-inner\">\n\t\t<div class=\"elementor-element elementor-element-6fc7830 e-con-full e-flex elementor-invisible e-con e-child\" data-id=\"6fc7830\" data-element_type=\"container\" data-settings=\"{&quot;animation&quot;:&quot;fadeInUp&quot;,&quot;background_background&quot;:&quot;classic&quot;}\">\n\t\t\t\t<div class=\"elementor-element elementor-element-5f4adb6 elementor-widget elementor-widget-image\" data-id=\"5f4adb6\" data-element_type=\"widget\" data-widget_type=\"image.default\">\n\t\t\t\t<div class=\"elementor-widget-container\">\n\t\t\t\t\t\t\t\t\t\t\t\t\t\t\t<img fetchpriority=\"high\" decoding=\"async\" width=\"2560\" height=\"1463\" src=\"https:\/\/ybeagroup.com\/wp-content\/uploads\/2025\/04\/IMAGEN-PEQUENA-FORMACION-PROGRAMADA-scaled.jpg\" class=\"attachment-full size-full wp-image-2035\" alt=\"\" srcset=\"https:\/\/ybeagroup.com\/wp-content\/uploads\/2025\/04\/IMAGEN-PEQUENA-FORMACION-PROGRAMADA-scaled.jpg 2560w, https:\/\/ybeagroup.com\/wp-content\/uploads\/2025\/04\/IMAGEN-PEQUENA-FORMACION-PROGRAMADA-300x171.jpg 300w, https:\/\/ybeagroup.com\/wp-content\/uploads\/2025\/04\/IMAGEN-PEQUENA-FORMACION-PROGRAMADA-1024x585.jpg 1024w, https:\/\/ybeagroup.com\/wp-content\/uploads\/2025\/04\/IMAGEN-PEQUENA-FORMACION-PROGRAMADA-768x439.jpg 768w, https:\/\/ybeagroup.com\/wp-content\/uploads\/2025\/04\/IMAGEN-PEQUENA-FORMACION-PROGRAMADA-1536x878.jpg 1536w, https:\/\/ybeagroup.com\/wp-content\/uploads\/2025\/04\/IMAGEN-PEQUENA-FORMACION-PROGRAMADA-2048x1170.jpg 2048w\" sizes=\"(max-width: 2560px) 100vw, 2560px\" \/>\t\t\t\t\t\t\t\t\t\t\t\t\t\t\t<\/div>\n\t\t\t\t<\/div>\n\t\t\t\t<\/div>\n\t\t<div class=\"elementor-element elementor-element-aeb5af3 e-con-full e-flex elementor-invisible e-con e-child\" data-id=\"aeb5af3\" data-element_type=\"container\" data-settings=\"{&quot;animation&quot;:&quot;fadeInDown&quot;}\">\n\t\t<div class=\"elementor-element elementor-element-b493de8 e-con-full e-flex e-con e-child\" data-id=\"b493de8\" data-element_type=\"container\">\n\t\t\t\t<div class=\"elementor-element elementor-element-3e33855 elementor-widget-divider--view-line elementor-widget elementor-widget-divider\" data-id=\"3e33855\" data-element_type=\"widget\" data-widget_type=\"divider.default\">\n\t\t\t\t<div class=\"elementor-widget-container\">\n\t\t\t\t\t\t\t<div class=\"elementor-divider\">\n\t\t\t<span class=\"elementor-divider-separator\">\n\t\t\t\t\t\t<\/span>\n\t\t<\/div>\n\t\t\t\t\t\t<\/div>\n\t\t\t\t<\/div>\n\t\t\t\t<div class=\"elementor-element elementor-element-f2b5d1d animated-slow elementor-invisible elementor-widget elementor-widget-text-editor\" data-id=\"f2b5d1d\" data-element_type=\"widget\" data-settings=\"{&quot;_animation&quot;:&quot;fadeInDown&quot;,&quot;_animation_delay&quot;:400}\" data-widget_type=\"text-editor.default\">\n\t\t\t\t<div class=\"elementor-widget-container\">\n\t\t\t\t\t\t\t\t\t<p class=\"ds-markdown-paragraph\">Les fases de qu\u00e8 consta el projecte per a la implantaci\u00f3 i posterior certificaci\u00f3 de la seva SGSI s\u00f3n:<\/p><ul><li><p class=\"ds-markdown-paragraph\">Delimitaci\u00f3 de l&#039;Abast<\/p><\/li><li><p class=\"ds-markdown-paragraph\">An\u00e0lisi i Gesti\u00f3 de Riscos<\/p><\/li><li><p class=\"ds-markdown-paragraph\">Declaraci\u00f3 d&#039;aplicabilitat<\/p><\/li><li><p class=\"ds-markdown-paragraph\">Pol\u00edtiques i Procediments<\/p><\/li><li><p class=\"ds-markdown-paragraph\">Pla Director de Seguretat<\/p><\/li><li><p class=\"ds-markdown-paragraph\">Pla de Formaci\u00f3<\/p><\/li><li><p class=\"ds-markdown-paragraph\">Gesti\u00f3 d&#039;incid\u00e8ncies<\/p><\/li><li><p class=\"ds-markdown-paragraph\">Desenvolupament del SGSI<\/p><\/li><li><p class=\"ds-markdown-paragraph\">Auditoria Interna<\/p><\/li><li><p class=\"ds-markdown-paragraph\">Certificaci\u00f3 per entitat acreditada (si \u00e9s el cas)<\/p><\/li><\/ul><p class=\"ds-markdown-paragraph\">La nostra funci\u00f3 consisteix en la preparaci\u00f3 de la vostra empresa perqu\u00e8 aconsegueixin implantar el sistema.<\/p>\t\t\t\t\t\t\t\t<\/div>\n\t\t\t\t<\/div>\n\t\t\t\t<\/div>\n\t\t\t\t<\/div>\n\t\t\t\t\t<\/div>\n\t\t\t\t<\/div>\n\t\t<div class=\"elementor-element elementor-element-2bb6de1 e-grid e-con-boxed e-con e-parent\" data-id=\"2bb6de1\" data-element_type=\"container\" data-settings=\"{&quot;background_background&quot;:&quot;classic&quot;}\">\n\t\t\t\t\t<div class=\"e-con-inner\">\n\t\t<div class=\"elementor-element elementor-element-14451c4 e-con-full e-flex elementor-invisible e-con e-child\" data-id=\"14451c4\" data-element_type=\"container\" data-settings=\"{&quot;animation&quot;:&quot;fadeInUp&quot;,&quot;background_background&quot;:&quot;classic&quot;}\">\n\t\t<div class=\"elementor-element elementor-element-4017c83 e-grid e-con-full e-con e-child\" data-id=\"4017c83\" data-element_type=\"container\">\n\t\t\t\t<div class=\"elementor-element elementor-element-9a99888 animated-slow elementor-invisible elementor-widget elementor-widget-heading\" data-id=\"9a99888\" data-element_type=\"widget\" data-settings=\"{&quot;_animation&quot;:&quot;fadeInDown&quot;,&quot;_animation_delay&quot;:200}\" data-widget_type=\"heading.default\">\n\t\t\t\t<div class=\"elementor-widget-container\">\n\t\t\t\t\t<h2 class=\"elementor-heading-title elementor-size-default\">Contacta amb nosaltres per a m\u00e9s informaci\u00f3<\/h2>\t\t\t\t<\/div>\n\t\t\t\t<\/div>\n\t\t\t\t<\/div>\n\t\t\t\t<div class=\"elementor-element elementor-element-0516f27 elementor-widget elementor-widget-text-editor\" data-id=\"0516f27\" data-element_type=\"widget\" data-widget_type=\"text-editor.default\">\n\t\t\t\t<div class=\"elementor-widget-container\">\n\t\t\t\t\t\t\t\t\t<p>\n<div class=\"wpcf7 no-js\" id=\"wpcf7-f8-o1\" lang=\"es-ES\" dir=\"ltr\" data-wpcf7-id=\"8\">\n<div class=\"screen-reader-response\"><p role=\"status\" aria-live=\"polite\"><\/p> <ul><\/ul><\/div>\n\n<fieldset class=\"hidden-fields-container\">\n<\/fieldset>\n<div class=\"form\">\n\t<p><span class=\"wpcf7-form-control-wrap\" data-name=\"your-name\"><\/span>\n\t<\/p>\n<\/div>\n<div class=\"form\">\n\t<p><span class=\"wpcf7-form-control-wrap\" data-name=\"your-email\"><\/span>\n\t<\/p>\n<\/div>\n<div class=\"form\">\n\t<p><span class=\"wpcf7-form-control-wrap\" data-name=\"tel-802\"><\/span>\n\t<\/p>\n<\/div>\n<div class=\"form\">\n\t<p><span class=\"wpcf7-form-control-wrap\" data-name=\"your-message\"><textarea cols=\"40\" rows=\"4\" class=\"wpcf7-form-control wpcf7-textarea wpcf7-validates-as-required\" name=\"your-message\"><\/textarea><\/span>\n\t<\/p>\n<\/div>\n<div class=\"form\">\n\t<p><span class=\"wpcf7-form-control-wrap\" data-name=\"acceptance-902\"><span class=\"wpcf7-form-control wpcf7-acceptance\"><span class=\"wpcf7-list-item\"><label><span class=\"wpcf7-list-item-label\">He llegit i accepto el <a href=\"\/ca\/aviso-legal\/\">av\u00eds legal<\/a> i la <a href=\"\/ca\/politica-de-privacidad\/\">pol\u00edtica de privadesa<\/a><\/span><\/label><\/span><\/span><\/span>\n\t<\/p>\n<\/div>\n<div class=\"form\">\n\t<p>\n\t<\/p>\n<\/div><div class=\"wpcf7-response-output\" aria-hidden=\"true\"><\/div>\n\n<\/div>\n<\/p>\t\t\t\t\t\t\t\t<\/div>\n\t\t\t\t<\/div>\n\t\t\t\t<\/div>\n\t\t\t\t<div class=\"elementor-element elementor-element-cae0609 elementor-widget elementor-widget-image\" data-id=\"cae0609\" data-element_type=\"widget\" data-widget_type=\"image.default\">\n\t\t\t\t<div class=\"elementor-widget-container\">\n\t\t\t\t\t\t\t\t\t\t\t\t\t\t\t<img decoding=\"async\" width=\"800\" height=\"534\" src=\"https:\/\/ybeagroup.com\/wp-content\/uploads\/2025\/04\/IMAGEN-GRANDE-FORMACION-PROGRAMADA-1024x683.jpg\" class=\"attachment-large size-large wp-image-1989\" alt=\"\" srcset=\"https:\/\/ybeagroup.com\/wp-content\/uploads\/2025\/04\/IMAGEN-GRANDE-FORMACION-PROGRAMADA-1024x683.jpg 1024w, https:\/\/ybeagroup.com\/wp-content\/uploads\/2025\/04\/IMAGEN-GRANDE-FORMACION-PROGRAMADA-300x200.jpg 300w, https:\/\/ybeagroup.com\/wp-content\/uploads\/2025\/04\/IMAGEN-GRANDE-FORMACION-PROGRAMADA-768x512.jpg 768w, https:\/\/ybeagroup.com\/wp-content\/uploads\/2025\/04\/IMAGEN-GRANDE-FORMACION-PROGRAMADA-1536x1024.jpg 1536w, https:\/\/ybeagroup.com\/wp-content\/uploads\/2025\/04\/IMAGEN-GRANDE-FORMACION-PROGRAMADA-2048x1365.jpg 2048w\" sizes=\"(max-width: 800px) 100vw, 800px\" \/>\t\t\t\t\t\t\t\t\t\t\t\t\t\t\t<\/div>\n\t\t\t\t<\/div>\n\t\t\t\t\t<\/div>\n\t\t\t\t<\/div>\n\t\t<div class=\"elementor-element elementor-element-b98103f e-flex e-con-boxed e-con e-parent\" data-id=\"b98103f\" data-element_type=\"container\" data-settings=\"{&quot;background_background&quot;:&quot;classic&quot;}\">\n\t\t\t\t\t<div class=\"e-con-inner\">\n\t\t<div class=\"elementor-element elementor-element-67f432d e-flex e-con-boxed elementor-invisible e-con e-child\" data-id=\"67f432d\" data-element_type=\"container\" data-settings=\"{&quot;animation&quot;:&quot;fadeInDown&quot;}\">\n\t\t\t\t\t<div class=\"e-con-inner\">\n\t\t\t\t<div class=\"elementor-element elementor-element-e4bee87 animated-slow elementor-invisible elementor-widget elementor-widget-heading\" data-id=\"e4bee87\" data-element_type=\"widget\" data-settings=\"{&quot;_animation&quot;:&quot;fadeInDown&quot;}\" data-widget_type=\"heading.default\">\n\t\t\t\t<div class=\"elementor-widget-container\">\n\t\t\t\t\t<h3 class=\"elementor-heading-title elementor-size-default\">Completa la teva formaci\u00f3 a Ybea Group<\/h3>\t\t\t\t<\/div>\n\t\t\t\t<\/div>\n\t\t\t\t\t<\/div>\n\t\t\t\t<\/div>\n\t\t\t\t<div class=\"elementor-element elementor-element-b2656d0 elementor-widget elementor-widget-button\" data-id=\"b2656d0\" data-element_type=\"widget\" data-widget_type=\"button.default\">\n\t\t\t\t<div class=\"elementor-widget-container\">\n\t\t\t\t\t\t\t\t\t<div class=\"elementor-button-wrapper\">\n\t\t\t\t\t<a class=\"elementor-button elementor-button-link elementor-size-sm\" href=\"https:\/\/ybeagroup.com\/ca\/contacto\/\">\n\t\t\t\t\t\t<span class=\"elementor-button-content-wrapper\">\n\t\t\t\t\t\t\t\t\t<span class=\"elementor-button-text\">Contacte<\/span>\n\t\t\t\t\t<\/span>\n\t\t\t\t\t<\/a>\n\t\t\t\t<\/div>\n\t\t\t\t\t\t\t\t<\/div>\n\t\t\t\t<\/div>\n\t\t\t\t\t<\/div>\n\t\t\t\t<\/div>\n\t\t\t\t<\/div>","protected":false},"excerpt":{"rendered":"<p>Seguretat de la informaci\u00f3 ISO2700-27001 Gesti\u00f3 de la seguretat de la informaci\u00f3 amb ISO 27001 ISO\/IEC 27001 \u00e9s l&#039;\u00fanica norma internacional auditable que defineix els requisits per a un sistema de gesti\u00f3 de la seguretat de la informaci\u00f3 (SGSI). La norma ha estat concebuda per garantir la selecci\u00f3 de controls de seguretat adequats i proporcionals. Aix\u00f2 ajuda [\u2026]<\/p>","protected":false},"author":3,"featured_media":0,"parent":0,"menu_order":0,"comment_status":"closed","ping_status":"closed","template":"","meta":{"footnotes":""},"class_list":["post-2701","page","type-page","status-publish","hentry"],"yoast_head":"<!-- This site is optimized with the Yoast SEO plugin v26.4 - https:\/\/yoast.com\/wordpress\/plugins\/seo\/ -->\n<title>Seguridad de la Informaci\u00f3n ISO2700-27001 - Ybea Group<\/title>\n<meta name=\"robots\" content=\"index, follow, max-snippet:-1, max-image-preview:large, max-video-preview:-1\" \/>\n<link rel=\"canonical\" href=\"https:\/\/ybeagroup.com\/ca\/seguridad-de-la-informacion-iso2700-27001\/\" \/>\n<meta property=\"og:locale\" content=\"ca_ES\" \/>\n<meta property=\"og:type\" content=\"article\" \/>\n<meta property=\"og:title\" content=\"Seguridad de la Informaci\u00f3n ISO2700-27001 - Ybea Group\" \/>\n<meta property=\"og:description\" content=\"Seguridad de la Informaci\u00f3n ISO2700-27001 Gesti\u00f3n de la Seguridad de la Informaci\u00f3n con ISO 27001 ISO\/IEC 27001 es la \u00fanica norma internacional\u00a0auditable\u00a0que define los requisitos para un sistema de gesti\u00f3n de la seguridad de la informaci\u00f3n (SGSI). La norma se ha concebido para garantizar la selecci\u00f3n de controles de seguridad adecuados y proporcionales. Ello ayuda [&hellip;]\" \/>\n<meta property=\"og:url\" content=\"https:\/\/ybeagroup.com\/ca\/seguridad-de-la-informacion-iso2700-27001\/\" \/>\n<meta property=\"og:site_name\" content=\"Ybea Group\" \/>\n<meta property=\"article:modified_time\" content=\"2025-05-22T08:44:47+00:00\" \/>\n<meta property=\"og:image\" content=\"https:\/\/ybeagroup.com\/wp-content\/uploads\/2025\/04\/IMAGEN-PEQUENA-FORMACION-PROGRAMADA-scaled.jpg\" \/>\n<meta name=\"twitter:card\" content=\"summary_large_image\" \/>\n<meta name=\"twitter:label1\" content=\"Temps estimat de lectura\" \/>\n\t<meta name=\"twitter:data1\" content=\"2 minuts\" \/>\n<script type=\"application\/ld+json\" class=\"yoast-schema-graph\">{\"@context\":\"https:\/\/schema.org\",\"@graph\":[{\"@type\":\"WebPage\",\"@id\":\"https:\/\/ybeagroup.com\/seguridad-de-la-informacion-iso2700-27001\/\",\"url\":\"https:\/\/ybeagroup.com\/seguridad-de-la-informacion-iso2700-27001\/\",\"name\":\"Seguridad de la Informaci\u00f3n ISO2700-27001 - Ybea Group\",\"isPartOf\":{\"@id\":\"https:\/\/ybeagroup.com\/gl\/#website\"},\"primaryImageOfPage\":{\"@id\":\"https:\/\/ybeagroup.com\/seguridad-de-la-informacion-iso2700-27001\/#primaryimage\"},\"image\":{\"@id\":\"https:\/\/ybeagroup.com\/seguridad-de-la-informacion-iso2700-27001\/#primaryimage\"},\"thumbnailUrl\":\"https:\/\/ybeagroup.com\/wp-content\/uploads\/2025\/04\/IMAGEN-PEQUENA-FORMACION-PROGRAMADA-scaled.jpg\",\"datePublished\":\"2025-05-22T08:35:11+00:00\",\"dateModified\":\"2025-05-22T08:44:47+00:00\",\"breadcrumb\":{\"@id\":\"https:\/\/ybeagroup.com\/seguridad-de-la-informacion-iso2700-27001\/#breadcrumb\"},\"inLanguage\":\"ca\",\"potentialAction\":[{\"@type\":\"ReadAction\",\"target\":[\"https:\/\/ybeagroup.com\/seguridad-de-la-informacion-iso2700-27001\/\"]}]},{\"@type\":\"ImageObject\",\"inLanguage\":\"ca\",\"@id\":\"https:\/\/ybeagroup.com\/seguridad-de-la-informacion-iso2700-27001\/#primaryimage\",\"url\":\"https:\/\/ybeagroup.com\/wp-content\/uploads\/2025\/04\/IMAGEN-PEQUENA-FORMACION-PROGRAMADA-scaled.jpg\",\"contentUrl\":\"https:\/\/ybeagroup.com\/wp-content\/uploads\/2025\/04\/IMAGEN-PEQUENA-FORMACION-PROGRAMADA-scaled.jpg\"},{\"@type\":\"BreadcrumbList\",\"@id\":\"https:\/\/ybeagroup.com\/seguridad-de-la-informacion-iso2700-27001\/#breadcrumb\",\"itemListElement\":[{\"@type\":\"ListItem\",\"position\":1,\"name\":\"Portada\",\"item\":\"https:\/\/ybeagroup.com\/\"},{\"@type\":\"ListItem\",\"position\":2,\"name\":\"Seguridad de la Informaci\u00f3n ISO2700-27001\"}]},{\"@type\":\"WebSite\",\"@id\":\"https:\/\/ybeagroup.com\/gl\/#website\",\"url\":\"https:\/\/ybeagroup.com\/gl\/\",\"name\":\"Ybea Group\",\"description\":\"Soluciones innovadoras en formaci\u00f3n y consultor\u00eda para empresas\",\"publisher\":{\"@id\":\"https:\/\/ybeagroup.com\/gl\/#organization\"},\"potentialAction\":[{\"@type\":\"SearchAction\",\"target\":{\"@type\":\"EntryPoint\",\"urlTemplate\":\"https:\/\/ybeagroup.com\/gl\/?s={search_term_string}\"},\"query-input\":{\"@type\":\"PropertyValueSpecification\",\"valueRequired\":true,\"valueName\":\"search_term_string\"}}],\"inLanguage\":\"ca\"},{\"@type\":\"Organization\",\"@id\":\"https:\/\/ybeagroup.com\/gl\/#organization\",\"name\":\"Ybea Group\",\"url\":\"https:\/\/ybeagroup.com\/gl\/\",\"logo\":{\"@type\":\"ImageObject\",\"inLanguage\":\"ca\",\"@id\":\"https:\/\/ybeagroup.com\/gl\/#\/schema\/logo\/image\/\",\"url\":\"https:\/\/ybeagroup.com\/wp-content\/uploads\/2025\/03\/cropped-fav.png\",\"contentUrl\":\"https:\/\/ybeagroup.com\/wp-content\/uploads\/2025\/03\/cropped-fav.png\",\"width\":512,\"height\":512,\"caption\":\"Ybea Group\"},\"image\":{\"@id\":\"https:\/\/ybeagroup.com\/gl\/#\/schema\/logo\/image\/\"}}]}<\/script>\n<!-- \/ Yoast SEO plugin. -->","yoast_head_json":{"title":"Seguridad de la Informaci\u00f3n ISO2700-27001 - Ybea Group","robots":{"index":"index","follow":"follow","max-snippet":"max-snippet:-1","max-image-preview":"max-image-preview:large","max-video-preview":"max-video-preview:-1"},"canonical":"https:\/\/ybeagroup.com\/ca\/seguridad-de-la-informacion-iso2700-27001\/","og_locale":"ca_ES","og_type":"article","og_title":"Seguridad de la Informaci\u00f3n ISO2700-27001 - Ybea Group","og_description":"Seguridad de la Informaci\u00f3n ISO2700-27001 Gesti\u00f3n de la Seguridad de la Informaci\u00f3n con ISO 27001 ISO\/IEC 27001 es la \u00fanica norma internacional\u00a0auditable\u00a0que define los requisitos para un sistema de gesti\u00f3n de la seguridad de la informaci\u00f3n (SGSI). La norma se ha concebido para garantizar la selecci\u00f3n de controles de seguridad adecuados y proporcionales. Ello ayuda [&hellip;]","og_url":"https:\/\/ybeagroup.com\/ca\/seguridad-de-la-informacion-iso2700-27001\/","og_site_name":"Ybea Group","article_modified_time":"2025-05-22T08:44:47+00:00","og_image":[{"url":"https:\/\/ybeagroup.com\/wp-content\/uploads\/2025\/04\/IMAGEN-PEQUENA-FORMACION-PROGRAMADA-scaled.jpg","type":"","width":"","height":""}],"twitter_card":"summary_large_image","twitter_misc":{"Temps estimat de lectura":"2 minuts"},"schema":{"@context":"https:\/\/schema.org","@graph":[{"@type":"WebPage","@id":"https:\/\/ybeagroup.com\/seguridad-de-la-informacion-iso2700-27001\/","url":"https:\/\/ybeagroup.com\/seguridad-de-la-informacion-iso2700-27001\/","name":"Seguridad de la Informaci\u00f3n ISO2700-27001 - Ybea Group","isPartOf":{"@id":"https:\/\/ybeagroup.com\/gl\/#website"},"primaryImageOfPage":{"@id":"https:\/\/ybeagroup.com\/seguridad-de-la-informacion-iso2700-27001\/#primaryimage"},"image":{"@id":"https:\/\/ybeagroup.com\/seguridad-de-la-informacion-iso2700-27001\/#primaryimage"},"thumbnailUrl":"https:\/\/ybeagroup.com\/wp-content\/uploads\/2025\/04\/IMAGEN-PEQUENA-FORMACION-PROGRAMADA-scaled.jpg","datePublished":"2025-05-22T08:35:11+00:00","dateModified":"2025-05-22T08:44:47+00:00","breadcrumb":{"@id":"https:\/\/ybeagroup.com\/seguridad-de-la-informacion-iso2700-27001\/#breadcrumb"},"inLanguage":"ca","potentialAction":[{"@type":"ReadAction","target":["https:\/\/ybeagroup.com\/seguridad-de-la-informacion-iso2700-27001\/"]}]},{"@type":"ImageObject","inLanguage":"ca","@id":"https:\/\/ybeagroup.com\/seguridad-de-la-informacion-iso2700-27001\/#primaryimage","url":"https:\/\/ybeagroup.com\/wp-content\/uploads\/2025\/04\/IMAGEN-PEQUENA-FORMACION-PROGRAMADA-scaled.jpg","contentUrl":"https:\/\/ybeagroup.com\/wp-content\/uploads\/2025\/04\/IMAGEN-PEQUENA-FORMACION-PROGRAMADA-scaled.jpg"},{"@type":"BreadcrumbList","@id":"https:\/\/ybeagroup.com\/seguridad-de-la-informacion-iso2700-27001\/#breadcrumb","itemListElement":[{"@type":"ListItem","position":1,"name":"Portada","item":"https:\/\/ybeagroup.com\/"},{"@type":"ListItem","position":2,"name":"Seguridad de la Informaci\u00f3n ISO2700-27001"}]},{"@type":"WebSite","@id":"https:\/\/ybeagroup.com\/gl\/#website","url":"https:\/\/ybeagroup.com\/gl\/","name":"Ybea Group","description":"Soluciones innovadoras en formaci\u00f3n y consultor\u00eda para empresas","publisher":{"@id":"https:\/\/ybeagroup.com\/gl\/#organization"},"potentialAction":[{"@type":"SearchAction","target":{"@type":"EntryPoint","urlTemplate":"https:\/\/ybeagroup.com\/gl\/?s={search_term_string}"},"query-input":{"@type":"PropertyValueSpecification","valueRequired":true,"valueName":"search_term_string"}}],"inLanguage":"ca"},{"@type":"Organization","@id":"https:\/\/ybeagroup.com\/gl\/#organization","name":"Ybea Group","url":"https:\/\/ybeagroup.com\/gl\/","logo":{"@type":"ImageObject","inLanguage":"ca","@id":"https:\/\/ybeagroup.com\/gl\/#\/schema\/logo\/image\/","url":"https:\/\/ybeagroup.com\/wp-content\/uploads\/2025\/03\/cropped-fav.png","contentUrl":"https:\/\/ybeagroup.com\/wp-content\/uploads\/2025\/03\/cropped-fav.png","width":512,"height":512,"caption":"Ybea Group"},"image":{"@id":"https:\/\/ybeagroup.com\/gl\/#\/schema\/logo\/image\/"}}]}},"_links":{"self":[{"href":"https:\/\/ybeagroup.com\/ca\/wp-json\/wp\/v2\/pages\/2701","targetHints":{"allow":["GET"]}}],"collection":[{"href":"https:\/\/ybeagroup.com\/ca\/wp-json\/wp\/v2\/pages"}],"about":[{"href":"https:\/\/ybeagroup.com\/ca\/wp-json\/wp\/v2\/types\/page"}],"author":[{"embeddable":true,"href":"https:\/\/ybeagroup.com\/ca\/wp-json\/wp\/v2\/users\/3"}],"replies":[{"embeddable":true,"href":"https:\/\/ybeagroup.com\/ca\/wp-json\/wp\/v2\/comments?post=2701"}],"version-history":[{"count":13,"href":"https:\/\/ybeagroup.com\/ca\/wp-json\/wp\/v2\/pages\/2701\/revisions"}],"predecessor-version":[{"id":2715,"href":"https:\/\/ybeagroup.com\/ca\/wp-json\/wp\/v2\/pages\/2701\/revisions\/2715"}],"wp:attachment":[{"href":"https:\/\/ybeagroup.com\/ca\/wp-json\/wp\/v2\/media?parent=2701"}],"curies":[{"name":"wp","href":"https:\/\/api.w.org\/{rel}","templated":true}]}}