{"id":641,"date":"2025-03-18T15:06:50","date_gmt":"2025-03-18T15:06:50","guid":{"rendered":"https:\/\/ybeagroup.com\/?page_id=641"},"modified":"2025-03-22T09:43:08","modified_gmt":"2025-03-22T09:43:08","slug":"estrategia-empresarial","status":"publish","type":"page","link":"https:\/\/ybeagroup.com\/ca\/estrategia-empresarial\/","title":{"rendered":"Estrat\u00e8gia empresarial"},"content":{"rendered":"<div data-elementor-type=\"wp-page\" data-elementor-id=\"641\" class=\"elementor elementor-641\" data-elementor-post-type=\"page\">\n\t\t\t\t<div class=\"elementor-element elementor-element-95bd738 e-flex e-con-boxed e-con e-parent\" data-id=\"95bd738\" data-element_type=\"container\" data-settings=\"{&quot;background_background&quot;:&quot;classic&quot;}\">\n\t\t\t\t\t<div class=\"e-con-inner\">\n\t\t\t\t<div class=\"elementor-element elementor-element-04d90a0 animated-slow elementor-invisible elementor-widget elementor-widget-heading\" data-id=\"04d90a0\" data-element_type=\"widget\" data-settings=\"{&quot;_animation&quot;:&quot;fadeInDown&quot;}\" data-widget_type=\"heading.default\">\n\t\t\t\t<div class=\"elementor-widget-container\">\n\t\t\t\t\t<h1 class=\"elementor-heading-title elementor-size-default\">Consultoria estrat\u00e8gica personalitzada per a la teva empresa<\/h1>\t\t\t\t<\/div>\n\t\t\t\t<\/div>\n\t\t\t\t\t<\/div>\n\t\t\t\t<\/div>\n\t\t<div class=\"elementor-element elementor-element-1802252 e-flex e-con-boxed e-con e-parent\" data-id=\"1802252\" data-element_type=\"container\" data-settings=\"{&quot;background_background&quot;:&quot;classic&quot;}\">\n\t\t\t\t\t<div class=\"e-con-inner\">\n\t\t<div class=\"elementor-element elementor-element-a664228 e-con-full e-flex elementor-invisible e-con e-child\" data-id=\"a664228\" data-element_type=\"container\" data-settings=\"{&quot;animation&quot;:&quot;fadeInUp&quot;,&quot;background_background&quot;:&quot;classic&quot;}\">\n\t\t\t\t<div class=\"elementor-element elementor-element-a4193a3 elementor-widget elementor-widget-image\" data-id=\"a4193a3\" data-element_type=\"widget\" data-widget_type=\"image.default\">\n\t\t\t\t<div class=\"elementor-widget-container\">\n\t\t\t\t\t\t\t\t\t\t\t\t\t\t\t<img fetchpriority=\"high\" decoding=\"async\" width=\"1900\" height=\"1467\" src=\"https:\/\/ybeagroup.com\/wp-content\/uploads\/2025\/03\/business-handshake-partnership-and-contract-agree-2023-11-27-04-53-25-utc.jpeg\" class=\"attachment-full size-full wp-image-1696\" alt=\"\" srcset=\"https:\/\/ybeagroup.com\/wp-content\/uploads\/2025\/03\/business-handshake-partnership-and-contract-agree-2023-11-27-04-53-25-utc.jpeg 1900w, https:\/\/ybeagroup.com\/wp-content\/uploads\/2025\/03\/business-handshake-partnership-and-contract-agree-2023-11-27-04-53-25-utc-300x232.jpeg 300w, https:\/\/ybeagroup.com\/wp-content\/uploads\/2025\/03\/business-handshake-partnership-and-contract-agree-2023-11-27-04-53-25-utc-1024x791.jpeg 1024w, https:\/\/ybeagroup.com\/wp-content\/uploads\/2025\/03\/business-handshake-partnership-and-contract-agree-2023-11-27-04-53-25-utc-768x593.jpeg 768w, https:\/\/ybeagroup.com\/wp-content\/uploads\/2025\/03\/business-handshake-partnership-and-contract-agree-2023-11-27-04-53-25-utc-1536x1186.jpeg 1536w\" sizes=\"(max-width: 1900px) 100vw, 1900px\" \/>\t\t\t\t\t\t\t\t\t\t\t\t\t\t\t<\/div>\n\t\t\t\t<\/div>\n\t\t\t\t<\/div>\n\t\t<div class=\"elementor-element elementor-element-cdb6ef9 e-con-full e-flex elementor-invisible e-con e-child\" data-id=\"cdb6ef9\" data-element_type=\"container\" data-settings=\"{&quot;animation&quot;:&quot;fadeInDown&quot;}\">\n\t\t<div class=\"elementor-element elementor-element-9728bbf e-con-full e-flex e-con e-child\" data-id=\"9728bbf\" data-element_type=\"container\">\n\t\t\t\t<div class=\"elementor-element elementor-element-2a7840e animated-slow elementor-invisible elementor-widget elementor-widget-heading\" data-id=\"2a7840e\" data-element_type=\"widget\" data-settings=\"{&quot;_animation&quot;:&quot;fadeInDown&quot;,&quot;_animation_delay&quot;:200}\" data-widget_type=\"heading.default\">\n\t\t\t\t<div class=\"elementor-widget-container\">\n\t\t\t\t\t<h2 class=\"elementor-heading-title elementor-size-default\">Solucions estrat\u00e8giques adaptades als teus objectius empresarials<\/h2>\t\t\t\t<\/div>\n\t\t\t\t<\/div>\n\t\t\t\t<div class=\"elementor-element elementor-element-0026e17 elementor-widget-divider--view-line elementor-widget elementor-widget-divider\" data-id=\"0026e17\" data-element_type=\"widget\" data-widget_type=\"divider.default\">\n\t\t\t\t<div class=\"elementor-widget-container\">\n\t\t\t\t\t\t\t<div class=\"elementor-divider\">\n\t\t\t<span class=\"elementor-divider-separator\">\n\t\t\t\t\t\t<\/span>\n\t\t<\/div>\n\t\t\t\t\t\t<\/div>\n\t\t\t\t<\/div>\n\t\t\t\t<div class=\"elementor-element elementor-element-7f0a78a animated-slow elementor-invisible elementor-widget elementor-widget-text-editor\" data-id=\"7f0a78a\" data-element_type=\"widget\" data-settings=\"{&quot;_animation&quot;:&quot;fadeInDown&quot;,&quot;_animation_delay&quot;:400}\" data-widget_type=\"text-editor.default\">\n\t\t\t\t<div class=\"elementor-widget-container\">\n\t\t\t\t\t\t\t\t\tA Ybea Group, oferim consultoria estrat\u00e8gica dissenyada per optimitzar i transformar el rendiment de la teva empresa. Desenvolupem plans i projectes a mida, adaptats a les necessitats espec\u00edfiques de cada client, per assegurar l&#039;\u00e8xit empresarial a llarg termini.\t\t\t\t\t\t\t\t<\/div>\n\t\t\t\t<\/div>\n\t\t\t\t<\/div>\n\t\t\t\t<\/div>\n\t\t\t\t\t<\/div>\n\t\t\t\t<\/div>\n\t\t<div class=\"elementor-element elementor-element-ac32da0 e-flex e-con-boxed e-con e-parent\" data-id=\"ac32da0\" data-element_type=\"container\" data-settings=\"{&quot;background_background&quot;:&quot;classic&quot;}\">\n\t\t\t\t\t<div class=\"e-con-inner\">\n\t\t<div class=\"elementor-element elementor-element-4876a78 e-con-full e-flex elementor-invisible e-con e-child\" data-id=\"4876a78\" data-element_type=\"container\" data-settings=\"{&quot;animation&quot;:&quot;fadeInDown&quot;}\">\n\t\t<div class=\"elementor-element elementor-element-7412f52 e-con-full e-flex e-con e-child\" data-id=\"7412f52\" data-element_type=\"container\">\n\t\t\t\t<div class=\"elementor-element elementor-element-8d96396 animated-slow elementor-invisible elementor-widget elementor-widget-heading\" data-id=\"8d96396\" data-element_type=\"widget\" data-settings=\"{&quot;_animation&quot;:&quot;fadeInDown&quot;,&quot;_animation_delay&quot;:200}\" data-widget_type=\"heading.default\">\n\t\t\t\t<div class=\"elementor-widget-container\">\n\t\t\t\t\t<h2 class=\"elementor-heading-title elementor-size-default\">Solucions estrat\u00e8giques i eficients per a l&#039;\u00e8xit empresarial<\/h2>\t\t\t\t<\/div>\n\t\t\t\t<\/div>\n\t\t\t\t<\/div>\n\t\t<div class=\"elementor-element elementor-element-99c625b e-grid e-con-full e-con e-child\" data-id=\"99c625b\" data-element_type=\"container\">\n\t\t\t\t<div class=\"elementor-element elementor-element-b7dbc7c elementor-widget elementor-widget-icon-box\" data-id=\"b7dbc7c\" data-element_type=\"widget\" data-widget_type=\"icon-box.default\">\n\t\t\t\t<div class=\"elementor-widget-container\">\n\t\t\t\t\t\t\t<div class=\"elementor-icon-box-wrapper\">\n\n\t\t\t\n\t\t\t\t\t\t<div class=\"elementor-icon-box-content\">\n\n\t\t\t\t\t\t\t\t\t<h3 class=\"elementor-icon-box-title\">\n\t\t\t\t\t\t<span  >\n\t\t\t\t\t\t\tEstudis de productes\t\t\t\t\t\t<\/span>\n\t\t\t\t\t<\/h3>\n\t\t\t\t\n\t\t\t\t\t\t\t\t\t<p class=\"elementor-icon-box-description\">\n\t\t\t\t\t\tAnalitzem els teus productes per identificar oportunitats de millora i adaptacions que t&#039;ajudin a destacar al mercat\t\t\t\t\t<\/p>\n\t\t\t\t\n\t\t\t<\/div>\n\t\t\t\n\t\t<\/div>\n\t\t\t\t\t\t<\/div>\n\t\t\t\t<\/div>\n\t\t\t\t<div class=\"elementor-element elementor-element-468bacd elementor-widget elementor-widget-icon-box\" data-id=\"468bacd\" data-element_type=\"widget\" data-widget_type=\"icon-box.default\">\n\t\t\t\t<div class=\"elementor-widget-container\">\n\t\t\t\t\t\t\t<div class=\"elementor-icon-box-wrapper\">\n\n\t\t\t\n\t\t\t\t\t\t<div class=\"elementor-icon-box-content\">\n\n\t\t\t\t\t\t\t\t\t<h3 class=\"elementor-icon-box-title\">\n\t\t\t\t\t\t<span  >\n\t\t\t\t\t\t\tProgrames de mesura i millora de la qualitat del servei\t\t\t\t\t\t<\/span>\n\t\t\t\t\t<\/h3>\n\t\t\t\t\n\t\t\t\t\t\t\t\t\t<p class=\"elementor-icon-box-description\">\n\t\t\t\t\t\tImplementem estrat\u00e8gies per mesurar i millorar la qualitat del servei que ofereixes, optimitzant l&#039;experi\u00e8ncia del client\t\t\t\t\t<\/p>\n\t\t\t\t\n\t\t\t<\/div>\n\t\t\t\n\t\t<\/div>\n\t\t\t\t\t\t<\/div>\n\t\t\t\t<\/div>\n\t\t\t\t<div class=\"elementor-element elementor-element-d3b0cc4 elementor-widget elementor-widget-icon-box\" data-id=\"d3b0cc4\" data-element_type=\"widget\" data-widget_type=\"icon-box.default\">\n\t\t\t\t<div class=\"elementor-widget-container\">\n\t\t\t\t\t\t\t<div class=\"elementor-icon-box-wrapper\">\n\n\t\t\t\n\t\t\t\t\t\t<div class=\"elementor-icon-box-content\">\n\n\t\t\t\t\t\t\t\t\t<h3 class=\"elementor-icon-box-title\">\n\t\t\t\t\t\t<span  >\n\t\t\t\t\t\t\tCustomer experience\t\t\t\t\t\t<\/span>\n\t\t\t\t\t<\/h3>\n\t\t\t\t\n\t\t\t\t\t\t\t\t\t<p class=\"elementor-icon-box-description\">\n\t\t\t\t\t\tMillorem l&#039;experi\u00e8ncia del client mitjan\u00e7ant la implicaci\u00f3 de tots els departaments de la teva empresa que afecten l&#039;atenci\u00f3 al client\t\t\t\t\t<\/p>\n\t\t\t\t\n\t\t\t<\/div>\n\t\t\t\n\t\t<\/div>\n\t\t\t\t\t\t<\/div>\n\t\t\t\t<\/div>\n\t\t\t\t<div class=\"elementor-element elementor-element-ca70fab elementor-widget elementor-widget-icon-box\" data-id=\"ca70fab\" data-element_type=\"widget\" data-widget_type=\"icon-box.default\">\n\t\t\t\t<div class=\"elementor-widget-container\">\n\t\t\t\t\t\t\t<div class=\"elementor-icon-box-wrapper\">\n\n\t\t\t\n\t\t\t\t\t\t<div class=\"elementor-icon-box-content\">\n\n\t\t\t\t\t\t\t\t\t<h3 class=\"elementor-icon-box-title\">\n\t\t\t\t\t\t<span  >\n\t\t\t\t\t\t\tMystery Shopper\t\t\t\t\t\t<\/span>\n\t\t\t\t\t<\/h3>\n\t\t\t\t\n\t\t\t\t\t\t\t\t\t<p class=\"elementor-icon-box-description\">\n\t\t\t\t\t\tRealitzem avaluacions de la qualitat del servei de manera an\u00f2nima per detectar \u00e0rees d&#039;oportunitat i optimitzar els processos d&#039;atenci\u00f3\t\t\t\t\t<\/p>\n\t\t\t\t\n\t\t\t<\/div>\n\t\t\t\n\t\t<\/div>\n\t\t\t\t\t\t<\/div>\n\t\t\t\t<\/div>\n\t\t\t\t<div class=\"elementor-element elementor-element-29a1e06 elementor-widget elementor-widget-icon-box\" data-id=\"29a1e06\" data-element_type=\"widget\" data-widget_type=\"icon-box.default\">\n\t\t\t\t<div class=\"elementor-widget-container\">\n\t\t\t\t\t\t\t<div class=\"elementor-icon-box-wrapper\">\n\n\t\t\t\n\t\t\t\t\t\t<div class=\"elementor-icon-box-content\">\n\n\t\t\t\t\t\t\t\t\t<h3 class=\"elementor-icon-box-title\">\n\t\t\t\t\t\t<span  >\n\t\t\t\t\t\t\tMillora de la Implicaci\u00f3 del Personal\t\t\t\t\t\t<\/span>\n\t\t\t\t\t<\/h3>\n\t\t\t\t\n\t\t\t\t\t\t\t\t\t<p class=\"elementor-icon-box-description\">\n\t\t\t\t\t\tAugmentem la motivaci\u00f3 i el comprom\u00eds de l&#039;equip, cosa que contribueix a millorar la imatge de qualitat, la fidelitzaci\u00f3 de clients i la competitivitat de l&#039;empresa\t\t\t\t\t<\/p>\n\t\t\t\t\n\t\t\t<\/div>\n\t\t\t\n\t\t<\/div>\n\t\t\t\t\t\t<\/div>\n\t\t\t\t<\/div>\n\t\t\t\t<div class=\"elementor-element elementor-element-8fac52d elementor-widget elementor-widget-icon-box\" data-id=\"8fac52d\" data-element_type=\"widget\" data-widget_type=\"icon-box.default\">\n\t\t\t\t<div class=\"elementor-widget-container\">\n\t\t\t\t\t\t\t<div class=\"elementor-icon-box-wrapper\">\n\n\t\t\t\n\t\t\t\t\t\t<div class=\"elementor-icon-box-content\">\n\n\t\t\t\t\t\t\t\t\t<h3 class=\"elementor-icon-box-title\">\n\t\t\t\t\t\t<span  >\n\t\t\t\t\t\t\tImplantaci\u00f3 de plans d&#039;igualtat\t\t\t\t\t\t<\/span>\n\t\t\t\t\t<\/h3>\n\t\t\t\t\n\t\t\t\t\t\t\t\t\t<p class=\"elementor-icon-box-description\">\n\t\t\t\t\t\tDissenyem i implementem plans d&#039;igualtat dins de la vostra organitzaci\u00f3, assegurant un entorn inclusiu i just per a tothom\t\t\t\t\t<\/p>\n\t\t\t\t\n\t\t\t<\/div>\n\t\t\t\n\t\t<\/div>\n\t\t\t\t\t\t<\/div>\n\t\t\t\t<\/div>\n\t\t\t\t<div class=\"elementor-element elementor-element-37e36f2 elementor-widget elementor-widget-icon-box\" data-id=\"37e36f2\" data-element_type=\"widget\" data-widget_type=\"icon-box.default\">\n\t\t\t\t<div class=\"elementor-widget-container\">\n\t\t\t\t\t\t\t<div class=\"elementor-icon-box-wrapper\">\n\n\t\t\t\n\t\t\t\t\t\t<div class=\"elementor-icon-box-content\">\n\n\t\t\t\t\t\t\t\t\t<h3 class=\"elementor-icon-box-title\">\n\t\t\t\t\t\t<span  >\n\t\t\t\t\t\t\tResponsabilitat Social Corporativa (RSC)\t\t\t\t\t\t<\/span>\n\t\t\t\t\t<\/h3>\n\t\t\t\t\n\t\t\t\t\t\t\t\t\t<p class=\"elementor-icon-box-description\">\n\t\t\t\t\t\tT&#039;ajudem a desenvolupar i implementar estrat\u00e8gies de responsabilitat social, alineades amb els valors de la teva empresa\t\t\t\t\t<\/p>\n\t\t\t\t\n\t\t\t<\/div>\n\t\t\t\n\t\t<\/div>\n\t\t\t\t\t\t<\/div>\n\t\t\t\t<\/div>\n\t\t\t\t<div class=\"elementor-element elementor-element-2268cf3 elementor-widget elementor-widget-icon-box\" data-id=\"2268cf3\" data-element_type=\"widget\" data-widget_type=\"icon-box.default\">\n\t\t\t\t<div class=\"elementor-widget-container\">\n\t\t\t\t\t\t\t<div class=\"elementor-icon-box-wrapper\">\n\n\t\t\t\n\t\t\t\t\t\t<div class=\"elementor-icon-box-content\">\n\n\t\t\t\t\t\t\t\t\t<h3 class=\"elementor-icon-box-title\">\n\t\t\t\t\t\t<span  >\n\t\t\t\t\t\t\tSensibilitzaci\u00f3 Ambiental\t\t\t\t\t\t<\/span>\n\t\t\t\t\t<\/h3>\n\t\t\t\t\n\t\t\t\t\t\t\t\t\t<p class=\"elementor-icon-box-description\">\n\t\t\t\t\t\tFomentem una cultura empresarial responsable amb el medi ambient, implementant pr\u00e0ctiques sostenibles a tots els nivells de l&#039;empresa\t\t\t\t\t<\/p>\n\t\t\t\t\n\t\t\t<\/div>\n\t\t\t\n\t\t<\/div>\n\t\t\t\t\t\t<\/div>\n\t\t\t\t<\/div>\n\t\t\t\t<div class=\"elementor-element elementor-element-946f983 elementor-widget elementor-widget-icon-box\" data-id=\"946f983\" data-element_type=\"widget\" data-widget_type=\"icon-box.default\">\n\t\t\t\t<div class=\"elementor-widget-container\">\n\t\t\t\t\t\t\t<div class=\"elementor-icon-box-wrapper\">\n\n\t\t\t\n\t\t\t\t\t\t<div class=\"elementor-icon-box-content\">\n\n\t\t\t\t\t\t\t\t\t<h3 class=\"elementor-icon-box-title\">\n\t\t\t\t\t\t<span  >\n\t\t\t\t\t\t\tMillora en Equips d&#039;Alt Rendiment\t\t\t\t\t\t<\/span>\n\t\t\t\t\t<\/h3>\n\t\t\t\t\n\t\t\t\t\t\t\t\t\t<p class=\"elementor-icon-box-description\">\n\t\t\t\t\t\tOferim accions espec\u00edfiques per optimitzar el rendiment dels teus equips de treball, millorant la productivitat i cohesi\u00f3\t\t\t\t\t<\/p>\n\t\t\t\t\n\t\t\t<\/div>\n\t\t\t\n\t\t<\/div>\n\t\t\t\t\t\t<\/div>\n\t\t\t\t<\/div>\n\t\t\t\t<div class=\"elementor-element elementor-element-96508f6 elementor-widget elementor-widget-icon-box\" data-id=\"96508f6\" data-element_type=\"widget\" data-widget_type=\"icon-box.default\">\n\t\t\t\t<div class=\"elementor-widget-container\">\n\t\t\t\t\t\t\t<div class=\"elementor-icon-box-wrapper\">\n\n\t\t\t\n\t\t\t\t\t\t<div class=\"elementor-icon-box-content\">\n\n\t\t\t\t\t\t\t\t\t<h3 class=\"elementor-icon-box-title\">\n\t\t\t\t\t\t<span  >\n\t\t\t\t\t\t\tPlans d&#039;acollida\t\t\t\t\t\t<\/span>\n\t\t\t\t\t<\/h3>\n\t\t\t\t\n\t\t\t\t\t\t\t\t\t<p class=\"elementor-icon-box-description\">\n\t\t\t\t\t\tDesenvolupem plans d&#039;acollida personalitzats per a nous empleats, facilitant-ne la integraci\u00f3 i potenciant-ne el rendiment des del primer dia.\n\t\t\t\t\t<\/p>\n\t\t\t\t\n\t\t\t<\/div>\n\t\t\t\n\t\t<\/div>\n\t\t\t\t\t\t<\/div>\n\t\t\t\t<\/div>\n\t\t\t\t<\/div>\n\t\t\t\t<\/div>\n\t\t\t\t\t<\/div>\n\t\t\t\t<\/div>\n\t\t\t\t<\/div>","protected":false},"excerpt":{"rendered":"<p>Consultoria estrat\u00e8gica personalitzada per a la teva empresa Solucions estrat\u00e8giques adaptades als teus objectius empresarials A Ybea Group, oferim consultoria estrat\u00e8gica dissenyada per optimitzar i transformar el rendiment de la teva empresa. Desenvolupem plans i projectes a mida, adaptats a les necessitats espec\u00edfiques de cada client, per assegurar l&#039;\u00e8xit empresarial a llarg termini Solucions estrat\u00e8giques i eficients [\u2026]<\/p>","protected":false},"author":2,"featured_media":0,"parent":0,"menu_order":0,"comment_status":"closed","ping_status":"closed","template":"","meta":{"footnotes":""},"class_list":["post-641","page","type-page","status-publish","hentry"],"yoast_head":"<!-- This site is optimized with the Yoast SEO plugin v26.4 - https:\/\/yoast.com\/wordpress\/plugins\/seo\/ -->\n<title>Estrategia empresarial - Ybea Group<\/title>\n<meta name=\"robots\" content=\"index, follow, max-snippet:-1, max-image-preview:large, max-video-preview:-1\" \/>\n<link rel=\"canonical\" href=\"https:\/\/ybeagroup.com\/ca\/estrategia-empresarial\/\" \/>\n<meta property=\"og:locale\" content=\"ca_ES\" \/>\n<meta property=\"og:type\" content=\"article\" \/>\n<meta property=\"og:title\" content=\"Estrategia empresarial - Ybea Group\" \/>\n<meta property=\"og:description\" content=\"Consultor\u00eda estrat\u00e9gica personalizada para tu empresa Soluciones estrat\u00e9gicas adaptadas a tus objetivos empresariales En Ybea Group, ofrecemos consultor\u00eda estrat\u00e9gica dise\u00f1ada para optimizar y transformar el rendimiento de tu empresa. Desarrollamos planes y proyectos a medida, adaptados a las necesidades espec\u00edficas de cada cliente, para asegurar el \u00e9xito empresarial a largo plazo Soluciones estrat\u00e9gicas y eficientes [&hellip;]\" \/>\n<meta property=\"og:url\" content=\"https:\/\/ybeagroup.com\/ca\/estrategia-empresarial\/\" \/>\n<meta property=\"og:site_name\" content=\"Ybea Group\" \/>\n<meta property=\"article:modified_time\" content=\"2025-03-22T09:43:08+00:00\" \/>\n<meta property=\"og:image\" content=\"https:\/\/ybeagroup.com\/wp-content\/uploads\/2025\/03\/business-handshake-partnership-and-contract-agree-2023-11-27-04-53-25-utc.jpeg\" \/>\n<meta name=\"twitter:card\" content=\"summary_large_image\" \/>\n<meta name=\"twitter:label1\" content=\"Temps estimat de lectura\" \/>\n\t<meta name=\"twitter:data1\" content=\"2 minuts\" \/>\n<script type=\"application\/ld+json\" class=\"yoast-schema-graph\">{\"@context\":\"https:\/\/schema.org\",\"@graph\":[{\"@type\":\"WebPage\",\"@id\":\"https:\/\/ybeagroup.com\/estrategia-empresarial\/\",\"url\":\"https:\/\/ybeagroup.com\/estrategia-empresarial\/\",\"name\":\"Estrategia empresarial - Ybea Group\",\"isPartOf\":{\"@id\":\"https:\/\/ybeagroup.com\/gl\/#website\"},\"primaryImageOfPage\":{\"@id\":\"https:\/\/ybeagroup.com\/estrategia-empresarial\/#primaryimage\"},\"image\":{\"@id\":\"https:\/\/ybeagroup.com\/estrategia-empresarial\/#primaryimage\"},\"thumbnailUrl\":\"https:\/\/ybeagroup.com\/wp-content\/uploads\/2025\/03\/business-handshake-partnership-and-contract-agree-2023-11-27-04-53-25-utc.jpeg\",\"datePublished\":\"2025-03-18T15:06:50+00:00\",\"dateModified\":\"2025-03-22T09:43:08+00:00\",\"breadcrumb\":{\"@id\":\"https:\/\/ybeagroup.com\/estrategia-empresarial\/#breadcrumb\"},\"inLanguage\":\"ca\",\"potentialAction\":[{\"@type\":\"ReadAction\",\"target\":[\"https:\/\/ybeagroup.com\/estrategia-empresarial\/\"]}]},{\"@type\":\"ImageObject\",\"inLanguage\":\"ca\",\"@id\":\"https:\/\/ybeagroup.com\/estrategia-empresarial\/#primaryimage\",\"url\":\"https:\/\/ybeagroup.com\/wp-content\/uploads\/2025\/03\/business-handshake-partnership-and-contract-agree-2023-11-27-04-53-25-utc.jpeg\",\"contentUrl\":\"https:\/\/ybeagroup.com\/wp-content\/uploads\/2025\/03\/business-handshake-partnership-and-contract-agree-2023-11-27-04-53-25-utc.jpeg\"},{\"@type\":\"BreadcrumbList\",\"@id\":\"https:\/\/ybeagroup.com\/estrategia-empresarial\/#breadcrumb\",\"itemListElement\":[{\"@type\":\"ListItem\",\"position\":1,\"name\":\"Portada\",\"item\":\"https:\/\/ybeagroup.com\/eu\/\"},{\"@type\":\"ListItem\",\"position\":2,\"name\":\"Estrategia empresarial\"}]},{\"@type\":\"WebSite\",\"@id\":\"https:\/\/ybeagroup.com\/gl\/#website\",\"url\":\"https:\/\/ybeagroup.com\/gl\/\",\"name\":\"Ybea Group\",\"description\":\"Soluciones innovadoras en formaci\u00f3n y consultor\u00eda para empresas\",\"publisher\":{\"@id\":\"https:\/\/ybeagroup.com\/gl\/#organization\"},\"potentialAction\":[{\"@type\":\"SearchAction\",\"target\":{\"@type\":\"EntryPoint\",\"urlTemplate\":\"https:\/\/ybeagroup.com\/gl\/?s={search_term_string}\"},\"query-input\":{\"@type\":\"PropertyValueSpecification\",\"valueRequired\":true,\"valueName\":\"search_term_string\"}}],\"inLanguage\":\"ca\"},{\"@type\":\"Organization\",\"@id\":\"https:\/\/ybeagroup.com\/gl\/#organization\",\"name\":\"Ybea Group\",\"url\":\"https:\/\/ybeagroup.com\/gl\/\",\"logo\":{\"@type\":\"ImageObject\",\"inLanguage\":\"ca\",\"@id\":\"https:\/\/ybeagroup.com\/gl\/#\/schema\/logo\/image\/\",\"url\":\"https:\/\/ybeagroup.com\/wp-content\/uploads\/2025\/03\/cropped-fav.png\",\"contentUrl\":\"https:\/\/ybeagroup.com\/wp-content\/uploads\/2025\/03\/cropped-fav.png\",\"width\":512,\"height\":512,\"caption\":\"Ybea Group\"},\"image\":{\"@id\":\"https:\/\/ybeagroup.com\/gl\/#\/schema\/logo\/image\/\"}}]}<\/script>\n<!-- \/ Yoast SEO plugin. -->","yoast_head_json":{"title":"Estrategia empresarial - Ybea Group","robots":{"index":"index","follow":"follow","max-snippet":"max-snippet:-1","max-image-preview":"max-image-preview:large","max-video-preview":"max-video-preview:-1"},"canonical":"https:\/\/ybeagroup.com\/ca\/estrategia-empresarial\/","og_locale":"ca_ES","og_type":"article","og_title":"Estrategia empresarial - Ybea Group","og_description":"Consultor\u00eda estrat\u00e9gica personalizada para tu empresa Soluciones estrat\u00e9gicas adaptadas a tus objetivos empresariales En Ybea Group, ofrecemos consultor\u00eda estrat\u00e9gica dise\u00f1ada para optimizar y transformar el rendimiento de tu empresa. Desarrollamos planes y proyectos a medida, adaptados a las necesidades espec\u00edficas de cada cliente, para asegurar el \u00e9xito empresarial a largo plazo Soluciones estrat\u00e9gicas y eficientes [&hellip;]","og_url":"https:\/\/ybeagroup.com\/ca\/estrategia-empresarial\/","og_site_name":"Ybea Group","article_modified_time":"2025-03-22T09:43:08+00:00","og_image":[{"url":"https:\/\/ybeagroup.com\/wp-content\/uploads\/2025\/03\/business-handshake-partnership-and-contract-agree-2023-11-27-04-53-25-utc.jpeg","type":"","width":"","height":""}],"twitter_card":"summary_large_image","twitter_misc":{"Temps estimat de lectura":"2 minuts"},"schema":{"@context":"https:\/\/schema.org","@graph":[{"@type":"WebPage","@id":"https:\/\/ybeagroup.com\/estrategia-empresarial\/","url":"https:\/\/ybeagroup.com\/estrategia-empresarial\/","name":"Estrategia empresarial - Ybea Group","isPartOf":{"@id":"https:\/\/ybeagroup.com\/gl\/#website"},"primaryImageOfPage":{"@id":"https:\/\/ybeagroup.com\/estrategia-empresarial\/#primaryimage"},"image":{"@id":"https:\/\/ybeagroup.com\/estrategia-empresarial\/#primaryimage"},"thumbnailUrl":"https:\/\/ybeagroup.com\/wp-content\/uploads\/2025\/03\/business-handshake-partnership-and-contract-agree-2023-11-27-04-53-25-utc.jpeg","datePublished":"2025-03-18T15:06:50+00:00","dateModified":"2025-03-22T09:43:08+00:00","breadcrumb":{"@id":"https:\/\/ybeagroup.com\/estrategia-empresarial\/#breadcrumb"},"inLanguage":"ca","potentialAction":[{"@type":"ReadAction","target":["https:\/\/ybeagroup.com\/estrategia-empresarial\/"]}]},{"@type":"ImageObject","inLanguage":"ca","@id":"https:\/\/ybeagroup.com\/estrategia-empresarial\/#primaryimage","url":"https:\/\/ybeagroup.com\/wp-content\/uploads\/2025\/03\/business-handshake-partnership-and-contract-agree-2023-11-27-04-53-25-utc.jpeg","contentUrl":"https:\/\/ybeagroup.com\/wp-content\/uploads\/2025\/03\/business-handshake-partnership-and-contract-agree-2023-11-27-04-53-25-utc.jpeg"},{"@type":"BreadcrumbList","@id":"https:\/\/ybeagroup.com\/estrategia-empresarial\/#breadcrumb","itemListElement":[{"@type":"ListItem","position":1,"name":"Portada","item":"https:\/\/ybeagroup.com\/eu\/"},{"@type":"ListItem","position":2,"name":"Estrategia empresarial"}]},{"@type":"WebSite","@id":"https:\/\/ybeagroup.com\/gl\/#website","url":"https:\/\/ybeagroup.com\/gl\/","name":"Ybea Group","description":"Soluciones innovadoras en formaci\u00f3n y consultor\u00eda para empresas","publisher":{"@id":"https:\/\/ybeagroup.com\/gl\/#organization"},"potentialAction":[{"@type":"SearchAction","target":{"@type":"EntryPoint","urlTemplate":"https:\/\/ybeagroup.com\/gl\/?s={search_term_string}"},"query-input":{"@type":"PropertyValueSpecification","valueRequired":true,"valueName":"search_term_string"}}],"inLanguage":"ca"},{"@type":"Organization","@id":"https:\/\/ybeagroup.com\/gl\/#organization","name":"Ybea Group","url":"https:\/\/ybeagroup.com\/gl\/","logo":{"@type":"ImageObject","inLanguage":"ca","@id":"https:\/\/ybeagroup.com\/gl\/#\/schema\/logo\/image\/","url":"https:\/\/ybeagroup.com\/wp-content\/uploads\/2025\/03\/cropped-fav.png","contentUrl":"https:\/\/ybeagroup.com\/wp-content\/uploads\/2025\/03\/cropped-fav.png","width":512,"height":512,"caption":"Ybea Group"},"image":{"@id":"https:\/\/ybeagroup.com\/gl\/#\/schema\/logo\/image\/"}}]}},"_links":{"self":[{"href":"https:\/\/ybeagroup.com\/ca\/wp-json\/wp\/v2\/pages\/641","targetHints":{"allow":["GET"]}}],"collection":[{"href":"https:\/\/ybeagroup.com\/ca\/wp-json\/wp\/v2\/pages"}],"about":[{"href":"https:\/\/ybeagroup.com\/ca\/wp-json\/wp\/v2\/types\/page"}],"author":[{"embeddable":true,"href":"https:\/\/ybeagroup.com\/ca\/wp-json\/wp\/v2\/users\/2"}],"replies":[{"embeddable":true,"href":"https:\/\/ybeagroup.com\/ca\/wp-json\/wp\/v2\/comments?post=641"}],"version-history":[{"count":13,"href":"https:\/\/ybeagroup.com\/ca\/wp-json\/wp\/v2\/pages\/641\/revisions"}],"predecessor-version":[{"id":1783,"href":"https:\/\/ybeagroup.com\/ca\/wp-json\/wp\/v2\/pages\/641\/revisions\/1783"}],"wp:attachment":[{"href":"https:\/\/ybeagroup.com\/ca\/wp-json\/wp\/v2\/media?parent=641"}],"curies":[{"name":"wp","href":"https:\/\/api.w.org\/{rel}","templated":true}]}}