{"id":643,"date":"2025-03-18T15:07:02","date_gmt":"2025-03-18T15:07:02","guid":{"rendered":"https:\/\/ybeagroup.com\/?page_id=643"},"modified":"2025-05-21T09:15:23","modified_gmt":"2025-05-21T09:15:23","slug":"proteccion-de-datos-y-lssi","status":"publish","type":"page","link":"https:\/\/ybeagroup.com\/ca\/proteccion-de-datos-y-lssi\/","title":{"rendered":"Protecci\u00f3 de dades i LSSI"},"content":{"rendered":"<div data-elementor-type=\"wp-page\" data-elementor-id=\"643\" class=\"elementor elementor-643\" data-elementor-post-type=\"page\">\n\t\t\t\t<div class=\"elementor-element elementor-element-c29ff0f e-flex e-con-boxed e-con e-parent\" data-id=\"c29ff0f\" data-element_type=\"container\" data-settings=\"{&quot;background_background&quot;:&quot;classic&quot;}\">\n\t\t\t\t\t<div class=\"e-con-inner\">\n\t\t\t\t<div class=\"elementor-element elementor-element-a6dc6bf animated-slow elementor-invisible elementor-widget elementor-widget-heading\" data-id=\"a6dc6bf\" data-element_type=\"widget\" data-settings=\"{&quot;_animation&quot;:&quot;fadeInDown&quot;}\" data-widget_type=\"heading.default\">\n\t\t\t\t<div class=\"elementor-widget-container\">\n\t\t\t\t\t<h1 class=\"elementor-heading-title elementor-size-default\">Protecci\u00f3 de Dades i LSSI<\/h1>\t\t\t\t<\/div>\n\t\t\t\t<\/div>\n\t\t\t\t\t<\/div>\n\t\t\t\t<\/div>\n\t\t<div class=\"elementor-element elementor-element-7a5e3b3 e-flex e-con-boxed e-con e-parent\" data-id=\"7a5e3b3\" data-element_type=\"container\" data-settings=\"{&quot;background_background&quot;:&quot;classic&quot;}\">\n\t\t\t\t\t<div class=\"e-con-inner\">\n\t\t<div class=\"elementor-element elementor-element-61c57d4 e-con-full e-flex elementor-invisible e-con e-child\" data-id=\"61c57d4\" data-element_type=\"container\" data-settings=\"{&quot;animation&quot;:&quot;fadeInUp&quot;,&quot;background_background&quot;:&quot;classic&quot;}\">\n\t\t\t\t<div class=\"elementor-element elementor-element-76cbbed elementor-widget elementor-widget-image\" data-id=\"76cbbed\" data-element_type=\"widget\" data-widget_type=\"image.default\">\n\t\t\t\t<div class=\"elementor-widget-container\">\n\t\t\t\t\t\t\t\t\t\t\t\t\t\t\t<img fetchpriority=\"high\" decoding=\"async\" width=\"1920\" height=\"1080\" src=\"https:\/\/ybeagroup.com\/wp-content\/uploads\/2025\/04\/82.jpg\" class=\"attachment-full size-full wp-image-2203\" alt=\"\" srcset=\"https:\/\/ybeagroup.com\/wp-content\/uploads\/2025\/04\/82.jpg 1920w, https:\/\/ybeagroup.com\/wp-content\/uploads\/2025\/04\/82-300x169.jpg 300w, https:\/\/ybeagroup.com\/wp-content\/uploads\/2025\/04\/82-1024x576.jpg 1024w, https:\/\/ybeagroup.com\/wp-content\/uploads\/2025\/04\/82-768x432.jpg 768w, https:\/\/ybeagroup.com\/wp-content\/uploads\/2025\/04\/82-1536x864.jpg 1536w\" sizes=\"(max-width: 1920px) 100vw, 1920px\" \/>\t\t\t\t\t\t\t\t\t\t\t\t\t\t\t<\/div>\n\t\t\t\t<\/div>\n\t\t\t\t<\/div>\n\t\t<div class=\"elementor-element elementor-element-66db86e e-con-full e-flex elementor-invisible e-con e-child\" data-id=\"66db86e\" data-element_type=\"container\" data-settings=\"{&quot;animation&quot;:&quot;fadeInDown&quot;}\">\n\t\t<div class=\"elementor-element elementor-element-b442314 e-con-full e-flex e-con e-child\" data-id=\"b442314\" data-element_type=\"container\">\n\t\t\t\t<div class=\"elementor-element elementor-element-387065d animated-slow elementor-invisible elementor-widget elementor-widget-heading\" data-id=\"387065d\" data-element_type=\"widget\" data-settings=\"{&quot;_animation&quot;:&quot;fadeInDown&quot;,&quot;_animation_delay&quot;:200}\" data-widget_type=\"heading.default\">\n\t\t\t\t<div class=\"elementor-widget-container\">\n\t\t\t\t\t<h2 class=\"elementor-heading-title elementor-size-default\"> Compleix la normativa vigent i protegeix les dades de la teva empresa<\/h2>\t\t\t\t<\/div>\n\t\t\t\t<\/div>\n\t\t\t\t<div class=\"elementor-element elementor-element-e78ac6d elementor-widget-divider--view-line elementor-widget elementor-widget-divider\" data-id=\"e78ac6d\" data-element_type=\"widget\" data-widget_type=\"divider.default\">\n\t\t\t\t<div class=\"elementor-widget-container\">\n\t\t\t\t\t\t\t<div class=\"elementor-divider\">\n\t\t\t<span class=\"elementor-divider-separator\">\n\t\t\t\t\t\t<\/span>\n\t\t<\/div>\n\t\t\t\t\t\t<\/div>\n\t\t\t\t<\/div>\n\t\t\t\t<div class=\"elementor-element elementor-element-b4478ad animated-slow elementor-invisible elementor-widget elementor-widget-text-editor\" data-id=\"b4478ad\" data-element_type=\"widget\" data-settings=\"{&quot;_animation&quot;:&quot;fadeInDown&quot;,&quot;_animation_delay&quot;:400}\" data-widget_type=\"text-editor.default\">\n\t\t\t\t<div class=\"elementor-widget-container\">\n\t\t\t\t\t\t\t\t\t<p>A YBEA GROUP, t&#039;ajudem a garantir que la teva empresa compleixi la normativa vigent quant a protecci\u00f3 de dades. Oferim solucions personalitzades per a cada sector empresarial, assegurant-nos que els nostres clients compleixin tots els requisits exigits per la legislaci\u00f3, evitant sancions i riscos d&#039;incompliment. Som especialistes en l&#039;aplicaci\u00f3 de la Llei de Serveis de la Societat de la Informaci\u00f3 i Comer\u00e7 Electr\u00f2nic (LSSICE) i la Llei Org\u00e0nica de Protecci\u00f3 de Dades Personals i garantia dels drets digitals (LOPDGDD), assegurant una correcta gesti\u00f3 de les dades personals de clients, prove\u00efdors i empleats.\u00a0<\/p>\t\t\t\t\t\t\t\t<\/div>\n\t\t\t\t<\/div>\n\t\t\t\t<\/div>\n\t\t\t\t<\/div>\n\t\t\t\t\t<\/div>\n\t\t\t\t<\/div>\n\t\t<div class=\"elementor-element elementor-element-8ec7a09 e-flex e-con-boxed e-con e-parent\" data-id=\"8ec7a09\" data-element_type=\"container\" data-settings=\"{&quot;background_background&quot;:&quot;classic&quot;}\">\n\t\t\t\t\t<div class=\"e-con-inner\">\n\t\t<div class=\"elementor-element elementor-element-55468f9 e-flex e-con-boxed elementor-invisible e-con e-child\" data-id=\"55468f9\" data-element_type=\"container\" data-settings=\"{&quot;animation&quot;:&quot;fadeInDown&quot;}\">\n\t\t\t\t\t<div class=\"e-con-inner\">\n\t\t\t\t<div class=\"elementor-element elementor-element-e66bc87 animated-slow elementor-invisible elementor-widget elementor-widget-heading\" data-id=\"e66bc87\" data-element_type=\"widget\" data-settings=\"{&quot;_animation&quot;:&quot;fadeInDown&quot;}\" data-widget_type=\"heading.default\">\n\t\t\t\t<div class=\"elementor-widget-container\">\n\t\t\t\t\t<h2 class=\"elementor-heading-title elementor-size-default\">Evoluci\u00f3 de la consultoria en protecci\u00f3 de dades<\/h2>\t\t\t\t<\/div>\n\t\t\t\t<\/div>\n\t\t\t\t<div class=\"elementor-element elementor-element-916a664 elementor-widget elementor-widget-text-editor\" data-id=\"916a664\" data-element_type=\"widget\" data-widget_type=\"text-editor.default\">\n\t\t\t\t<div class=\"elementor-widget-container\">\n\t\t\t\t\t\t\t\t\t<p class=\"\" data-start=\"1106\" data-end=\"1296\">Amb la digitalitzaci\u00f3 i l&#039;aven\u00e7 tecnol\u00f2gic, les empreses manegen grans volums de dades personals, cosa que ha incrementat la necessitat de complir de forma adequada amb la normativa.<\/p><p data-start=\"1106\" data-end=\"1296\">\u00a0<\/p><p class=\"\" data-start=\"1298\" data-end=\"1627\">En el passat, la regulaci\u00f3 en protecci\u00f3 de dades estava regida per la <strong data-start=\"1370\" data-end=\"1394\">Llei Org\u00e0nica 15\/1999<\/strong> i el seu Reglament de Desenvolupament, per\u00f2, l&#039;augment dels riscos associats al tractament de dades i la manca d&#039;harmonitzaci\u00f3 normativa a Europa van impulsar la creaci\u00f3 del <strong data-start=\"1573\" data-end=\"1625\">Reglament General de Protecci\u00f3 de Dades (RGPD)<\/strong>.<\/p><p data-start=\"1298\" data-end=\"1627\">\u00a0<\/p><p class=\"\" data-start=\"1629\" data-end=\"2017\">Des de l&#039;entrada en vigor del RGPD el <strong data-start=\"1667\" data-end=\"1689\">25 de maig de 2018<\/strong>, les empreses han dadaptar-se a les seves exig\u00e8ncies per garantir la seguretat i legalitat en la gesti\u00f3 de les dades personals. <strong data-start=\"1828\" data-end=\"1838\">LSSICE<\/strong> exigeix el compliment d&#039;una s\u00e8rie d&#039;obligacions addicionals a l&#039;\u00e0mbit del comer\u00e7 electr\u00f2nic, la informaci\u00f3 en l\u00ednia i la protecci\u00f3 de dades als serveis digitals.<\/p>\t\t\t\t\t\t\t\t<\/div>\n\t\t\t\t<\/div>\n\t\t\t\t\t<\/div>\n\t\t\t\t<\/div>\n\t\t\t\t\t<\/div>\n\t\t\t\t<\/div>\n\t\t<div class=\"elementor-element elementor-element-0108570 e-flex e-con-boxed e-con e-parent\" data-id=\"0108570\" data-element_type=\"container\" data-settings=\"{&quot;background_background&quot;:&quot;classic&quot;}\">\n\t\t\t\t\t<div class=\"e-con-inner\">\n\t\t<div class=\"elementor-element elementor-element-5120974 e-con-full e-flex elementor-invisible e-con e-child\" data-id=\"5120974\" data-element_type=\"container\" data-settings=\"{&quot;animation&quot;:&quot;fadeInDown&quot;}\">\n\t\t<div class=\"elementor-element elementor-element-93c0a18 e-con-full e-flex e-con e-child\" data-id=\"93c0a18\" data-element_type=\"container\">\n\t\t\t\t<div class=\"elementor-element elementor-element-10bb87a animated-slow elementor-invisible elementor-widget elementor-widget-heading\" data-id=\"10bb87a\" data-element_type=\"widget\" data-settings=\"{&quot;_animation&quot;:&quot;fadeInDown&quot;,&quot;_animation_delay&quot;:200}\" data-widget_type=\"heading.default\">\n\t\t\t\t<div class=\"elementor-widget-container\">\n\t\t\t\t\t<h2 class=\"elementor-heading-title elementor-size-default\">Pla d&#039;Actuaci\u00f3 a Consultoria de Protecci\u00f3 de Dades<\/h2>\t\t\t\t<\/div>\n\t\t\t\t<\/div>\n\t\t\t\t<div class=\"elementor-element elementor-element-933b682 animated-slow elementor-invisible elementor-widget elementor-widget-text-editor\" data-id=\"933b682\" data-element_type=\"widget\" data-settings=\"{&quot;_animation&quot;:&quot;fadeInDown&quot;,&quot;_animation_delay&quot;:400}\" data-widget_type=\"text-editor.default\">\n\t\t\t\t<div class=\"elementor-widget-container\">\n\t\t\t\t\t\t\t\t\tA YBEA GROUP, oferim un pla integral d&#039;adaptaci\u00f3 normativa que estableix un full de ruta detallat perqu\u00e8 les organitzacions afrontin les seves obligacions conforme al RGPD.\t\t\t\t\t\t\t\t<\/div>\n\t\t\t\t<\/div>\n\t\t\t\t<\/div>\n\t\t<div class=\"elementor-element elementor-element-e290c4c e-grid e-con-full e-con e-child\" data-id=\"e290c4c\" data-element_type=\"container\">\n\t\t\t\t<div class=\"elementor-element elementor-element-4fcb2a7 elementor-widget elementor-widget-icon-box\" data-id=\"4fcb2a7\" data-element_type=\"widget\" data-widget_type=\"icon-box.default\">\n\t\t\t\t<div class=\"elementor-widget-container\">\n\t\t\t\t\t\t\t<div class=\"elementor-icon-box-wrapper\">\n\n\t\t\t\n\t\t\t\t\t\t<div class=\"elementor-icon-box-content\">\n\n\t\t\t\t\t\t\t\t\t<h3 class=\"elementor-icon-box-title\">\n\t\t\t\t\t\t<span  >\n\t\t\t\t\t\t\tProtocol de desconnexi\u00f3 digital\t\t\t\t\t\t<\/span>\n\t\t\t\t\t<\/h3>\n\t\t\t\t\n\t\t\t\t\n\t\t\t<\/div>\n\t\t\t\n\t\t<\/div>\n\t\t\t\t\t\t<\/div>\n\t\t\t\t<\/div>\n\t\t\t\t<div class=\"elementor-element elementor-element-7bdcc9a elementor-widget elementor-widget-icon-box\" data-id=\"7bdcc9a\" data-element_type=\"widget\" data-widget_type=\"icon-box.default\">\n\t\t\t\t<div class=\"elementor-widget-container\">\n\t\t\t\t\t\t\t<div class=\"elementor-icon-box-wrapper\">\n\n\t\t\t\n\t\t\t\t\t\t<div class=\"elementor-icon-box-content\">\n\n\t\t\t\t\t\t\t\t\t<h3 class=\"elementor-icon-box-title\">\n\t\t\t\t\t\t<span  >\n\t\t\t\t\t\t\tRedacci\u00f3 del Document de Seguretat\t\t\t\t\t\t<\/span>\n\t\t\t\t\t<\/h3>\n\t\t\t\t\n\t\t\t\t\n\t\t\t<\/div>\n\t\t\t\n\t\t<\/div>\n\t\t\t\t\t\t<\/div>\n\t\t\t\t<\/div>\n\t\t\t\t<div class=\"elementor-element elementor-element-3b4bde1 elementor-widget elementor-widget-icon-box\" data-id=\"3b4bde1\" data-element_type=\"widget\" data-widget_type=\"icon-box.default\">\n\t\t\t\t<div class=\"elementor-widget-container\">\n\t\t\t\t\t\t\t<div class=\"elementor-icon-box-wrapper\">\n\n\t\t\t\n\t\t\t\t\t\t<div class=\"elementor-icon-box-content\">\n\n\t\t\t\t\t\t\t\t\t<h3 class=\"elementor-icon-box-title\">\n\t\t\t\t\t\t<span  >\n\t\t\t\t\t\t\tAuditoria de la p\u00e0gina web per a compliment amb la LSSICE.\t\t\t\t\t\t<\/span>\n\t\t\t\t\t<\/h3>\n\t\t\t\t\n\t\t\t\t\n\t\t\t<\/div>\n\t\t\t\n\t\t<\/div>\n\t\t\t\t\t\t<\/div>\n\t\t\t\t<\/div>\n\t\t\t\t<div class=\"elementor-element elementor-element-be29a7f elementor-widget elementor-widget-icon-box\" data-id=\"be29a7f\" data-element_type=\"widget\" data-widget_type=\"icon-box.default\">\n\t\t\t\t<div class=\"elementor-widget-container\">\n\t\t\t\t\t\t\t<div class=\"elementor-icon-box-wrapper\">\n\n\t\t\t\n\t\t\t\t\t\t<div class=\"elementor-icon-box-content\">\n\n\t\t\t\t\t\t\t\t\t<h3 class=\"elementor-icon-box-title\">\n\t\t\t\t\t\t<span  >\n\t\t\t\t\t\t\tRevisi\u00f3 i redacci\u00f3 de contractes amb encarregats del tractament de dades\t\t\t\t\t\t<\/span>\n\t\t\t\t\t<\/h3>\n\t\t\t\t\n\t\t\t\t\n\t\t\t<\/div>\n\t\t\t\n\t\t<\/div>\n\t\t\t\t\t\t<\/div>\n\t\t\t\t<\/div>\n\t\t\t\t<div class=\"elementor-element elementor-element-06b4e70 elementor-widget elementor-widget-icon-box\" data-id=\"06b4e70\" data-element_type=\"widget\" data-widget_type=\"icon-box.default\">\n\t\t\t\t<div class=\"elementor-widget-container\">\n\t\t\t\t\t\t\t<div class=\"elementor-icon-box-wrapper\">\n\n\t\t\t\n\t\t\t\t\t\t<div class=\"elementor-icon-box-content\">\n\n\t\t\t\t\t\t\t\t\t<h3 class=\"elementor-icon-box-title\">\n\t\t\t\t\t\t<span  >\n\t\t\t\t\t\t\tAssessorament permanent amb assist\u00e8ncia t\u00e8cnica especialitzada\t\t\t\t\t\t<\/span>\n\t\t\t\t\t<\/h3>\n\t\t\t\t\n\t\t\t\t\n\t\t\t<\/div>\n\t\t\t\n\t\t<\/div>\n\t\t\t\t\t\t<\/div>\n\t\t\t\t<\/div>\n\t\t\t\t<div class=\"elementor-element elementor-element-14dfa15 elementor-widget elementor-widget-icon-box\" data-id=\"14dfa15\" data-element_type=\"widget\" data-widget_type=\"icon-box.default\">\n\t\t\t\t<div class=\"elementor-widget-container\">\n\t\t\t\t\t\t\t<div class=\"elementor-icon-box-wrapper\">\n\n\t\t\t\n\t\t\t\t\t\t<div class=\"elementor-icon-box-content\">\n\n\t\t\t\t\t\t\t\t\t<h3 class=\"elementor-icon-box-title\">\n\t\t\t\t\t\t<span  >\n\t\t\t\t\t\t\tImplantaci\u00f3 de mesures t\u00e8cniques i organitzatives per garantir la seguretat de les dades personals\t\t\t\t\t\t<\/span>\n\t\t\t\t\t<\/h3>\n\t\t\t\t\n\t\t\t\t\n\t\t\t<\/div>\n\t\t\t\n\t\t<\/div>\n\t\t\t\t\t\t<\/div>\n\t\t\t\t<\/div>\n\t\t\t\t<div class=\"elementor-element elementor-element-8ce8013 elementor-widget elementor-widget-icon-box\" data-id=\"8ce8013\" data-element_type=\"widget\" data-widget_type=\"icon-box.default\">\n\t\t\t\t<div class=\"elementor-widget-container\">\n\t\t\t\t\t\t\t<div class=\"elementor-icon-box-wrapper\">\n\n\t\t\t\n\t\t\t\t\t\t<div class=\"elementor-icon-box-content\">\n\n\t\t\t\t\t\t\t\t\t<h3 class=\"elementor-icon-box-title\">\n\t\t\t\t\t\t<span  >\n\t\t\t\t\t\t\tProcediments per a la gesti\u00f3 d&#039;incidents de seguretat\t\t\t\t\t\t<\/span>\n\t\t\t\t\t<\/h3>\n\t\t\t\t\n\t\t\t\t\n\t\t\t<\/div>\n\t\t\t\n\t\t<\/div>\n\t\t\t\t\t\t<\/div>\n\t\t\t\t<\/div>\n\t\t\t\t<\/div>\n\t\t\t\t<\/div>\n\t\t\t\t\t<\/div>\n\t\t\t\t<\/div>\n\t\t<div class=\"elementor-element elementor-element-5536562 e-flex e-con-boxed e-con e-parent\" data-id=\"5536562\" data-element_type=\"container\" data-settings=\"{&quot;background_background&quot;:&quot;classic&quot;}\">\n\t\t\t\t\t<div class=\"e-con-inner\">\n\t\t<div class=\"elementor-element elementor-element-84b1839 e-flex e-con-boxed elementor-invisible e-con e-child\" data-id=\"84b1839\" data-element_type=\"container\" data-settings=\"{&quot;animation&quot;:&quot;fadeInDown&quot;}\">\n\t\t\t\t\t<div class=\"e-con-inner\">\n\t\t\t\t<div class=\"elementor-element elementor-element-fd0ed65 animated-slow elementor-invisible elementor-widget elementor-widget-heading\" data-id=\"fd0ed65\" data-element_type=\"widget\" data-settings=\"{&quot;_animation&quot;:&quot;fadeInDown&quot;}\" data-widget_type=\"heading.default\">\n\t\t\t\t<div class=\"elementor-widget-container\">\n\t\t\t\t\t<h3 class=\"elementor-heading-title elementor-size-default\">Parlem? Volem ajudar-te a fer cr\u00e9ixer la teva empresa.<\/h3>\t\t\t\t<\/div>\n\t\t\t\t<\/div>\n\t\t\t\t\t<\/div>\n\t\t\t\t<\/div>\n\t\t\t\t<div class=\"elementor-element elementor-element-3218a7e elementor-widget elementor-widget-button\" data-id=\"3218a7e\" data-element_type=\"widget\" data-widget_type=\"button.default\">\n\t\t\t\t<div class=\"elementor-widget-container\">\n\t\t\t\t\t\t\t\t\t<div class=\"elementor-button-wrapper\">\n\t\t\t\t\t<a class=\"elementor-button elementor-button-link elementor-size-sm\" href=\"https:\/\/ybeagroup.com\/ca\/contacto\/\">\n\t\t\t\t\t\t<span class=\"elementor-button-content-wrapper\">\n\t\t\t\t\t\t\t\t\t<span class=\"elementor-button-text\">Contacte<\/span>\n\t\t\t\t\t<\/span>\n\t\t\t\t\t<\/a>\n\t\t\t\t<\/div>\n\t\t\t\t\t\t\t\t<\/div>\n\t\t\t\t<\/div>\n\t\t\t\t\t<\/div>\n\t\t\t\t<\/div>\n\t\t\t\t<\/div>","protected":false},"excerpt":{"rendered":"<p>Protecci\u00f3 de Dades i LSSI Compleix amb la normativa vigent i protegeix les dades de la teva empresa A YBEA GROUP, t&#039;ajudem a garantir que la teva empresa compleixi amb la normativa vigent quant a protecci\u00f3 de dades. Oferim solucions personalitzades per a cada sector empresarial, assegurant-nos que els nostres clients compleixin amb tots els requisits [\u2026]<\/p>","protected":false},"author":2,"featured_media":0,"parent":0,"menu_order":0,"comment_status":"closed","ping_status":"closed","template":"","meta":{"footnotes":""},"class_list":["post-643","page","type-page","status-publish","hentry"],"yoast_head":"<!-- This site is optimized with the Yoast SEO plugin v26.4 - https:\/\/yoast.com\/wordpress\/plugins\/seo\/ -->\n<title>Protecci\u00f3n de datos y LSSI - Ybea Group<\/title>\n<meta name=\"robots\" content=\"index, follow, max-snippet:-1, max-image-preview:large, max-video-preview:-1\" \/>\n<link rel=\"canonical\" href=\"https:\/\/ybeagroup.com\/ca\/proteccion-de-datos-y-lssi\/\" \/>\n<meta property=\"og:locale\" content=\"ca_ES\" \/>\n<meta property=\"og:type\" content=\"article\" \/>\n<meta property=\"og:title\" content=\"Protecci\u00f3n de datos y LSSI - Ybea Group\" \/>\n<meta property=\"og:description\" content=\"Protecci\u00f3n de Datos y LSSI Cumple con la normativa vigente y protege los datos de tu empresa En YBEA GROUP, te ayudamos a garantizar que tu empresa cumpla con la normativa vigente en cuanto a protecci\u00f3n de datos. Ofrecemos soluciones personalizadas para cada sector empresarial, asegur\u00e1ndonos de que nuestros clientes cumplan con todos los requisitos [&hellip;]\" \/>\n<meta property=\"og:url\" content=\"https:\/\/ybeagroup.com\/ca\/proteccion-de-datos-y-lssi\/\" \/>\n<meta property=\"og:site_name\" content=\"Ybea Group\" \/>\n<meta property=\"article:modified_time\" content=\"2025-05-21T09:15:23+00:00\" \/>\n<meta property=\"og:image\" content=\"https:\/\/ybeagroup.com\/wp-content\/uploads\/2025\/04\/82.jpg\" \/>\n<meta name=\"twitter:card\" content=\"summary_large_image\" \/>\n<meta name=\"twitter:label1\" content=\"Temps estimat de lectura\" \/>\n\t<meta name=\"twitter:data1\" content=\"2 minuts\" \/>\n<script type=\"application\/ld+json\" class=\"yoast-schema-graph\">{\"@context\":\"https:\/\/schema.org\",\"@graph\":[{\"@type\":\"WebPage\",\"@id\":\"https:\/\/ybeagroup.com\/proteccion-de-datos-y-lssi\/\",\"url\":\"https:\/\/ybeagroup.com\/proteccion-de-datos-y-lssi\/\",\"name\":\"Protecci\u00f3n de datos y LSSI - Ybea Group\",\"isPartOf\":{\"@id\":\"https:\/\/ybeagroup.com\/gl\/#website\"},\"primaryImageOfPage\":{\"@id\":\"https:\/\/ybeagroup.com\/proteccion-de-datos-y-lssi\/#primaryimage\"},\"image\":{\"@id\":\"https:\/\/ybeagroup.com\/proteccion-de-datos-y-lssi\/#primaryimage\"},\"thumbnailUrl\":\"https:\/\/ybeagroup.com\/wp-content\/uploads\/2025\/04\/82.jpg\",\"datePublished\":\"2025-03-18T15:07:02+00:00\",\"dateModified\":\"2025-05-21T09:15:23+00:00\",\"breadcrumb\":{\"@id\":\"https:\/\/ybeagroup.com\/proteccion-de-datos-y-lssi\/#breadcrumb\"},\"inLanguage\":\"ca\",\"potentialAction\":[{\"@type\":\"ReadAction\",\"target\":[\"https:\/\/ybeagroup.com\/proteccion-de-datos-y-lssi\/\"]}]},{\"@type\":\"ImageObject\",\"inLanguage\":\"ca\",\"@id\":\"https:\/\/ybeagroup.com\/proteccion-de-datos-y-lssi\/#primaryimage\",\"url\":\"https:\/\/ybeagroup.com\/wp-content\/uploads\/2025\/04\/82.jpg\",\"contentUrl\":\"https:\/\/ybeagroup.com\/wp-content\/uploads\/2025\/04\/82.jpg\"},{\"@type\":\"BreadcrumbList\",\"@id\":\"https:\/\/ybeagroup.com\/proteccion-de-datos-y-lssi\/#breadcrumb\",\"itemListElement\":[{\"@type\":\"ListItem\",\"position\":1,\"name\":\"Portada\",\"item\":\"https:\/\/ybeagroup.com\/\"},{\"@type\":\"ListItem\",\"position\":2,\"name\":\"Protecci\u00f3n de datos y LSSI\"}]},{\"@type\":\"WebSite\",\"@id\":\"https:\/\/ybeagroup.com\/gl\/#website\",\"url\":\"https:\/\/ybeagroup.com\/gl\/\",\"name\":\"Ybea Group\",\"description\":\"Soluciones innovadoras en formaci\u00f3n y consultor\u00eda para empresas\",\"publisher\":{\"@id\":\"https:\/\/ybeagroup.com\/gl\/#organization\"},\"potentialAction\":[{\"@type\":\"SearchAction\",\"target\":{\"@type\":\"EntryPoint\",\"urlTemplate\":\"https:\/\/ybeagroup.com\/gl\/?s={search_term_string}\"},\"query-input\":{\"@type\":\"PropertyValueSpecification\",\"valueRequired\":true,\"valueName\":\"search_term_string\"}}],\"inLanguage\":\"ca\"},{\"@type\":\"Organization\",\"@id\":\"https:\/\/ybeagroup.com\/gl\/#organization\",\"name\":\"Ybea Group\",\"url\":\"https:\/\/ybeagroup.com\/gl\/\",\"logo\":{\"@type\":\"ImageObject\",\"inLanguage\":\"ca\",\"@id\":\"https:\/\/ybeagroup.com\/gl\/#\/schema\/logo\/image\/\",\"url\":\"https:\/\/ybeagroup.com\/wp-content\/uploads\/2025\/03\/cropped-fav.png\",\"contentUrl\":\"https:\/\/ybeagroup.com\/wp-content\/uploads\/2025\/03\/cropped-fav.png\",\"width\":512,\"height\":512,\"caption\":\"Ybea Group\"},\"image\":{\"@id\":\"https:\/\/ybeagroup.com\/gl\/#\/schema\/logo\/image\/\"}}]}<\/script>\n<!-- \/ Yoast SEO plugin. -->","yoast_head_json":{"title":"Protecci\u00f3n de datos y LSSI - Ybea Group","robots":{"index":"index","follow":"follow","max-snippet":"max-snippet:-1","max-image-preview":"max-image-preview:large","max-video-preview":"max-video-preview:-1"},"canonical":"https:\/\/ybeagroup.com\/ca\/proteccion-de-datos-y-lssi\/","og_locale":"ca_ES","og_type":"article","og_title":"Protecci\u00f3n de datos y LSSI - Ybea Group","og_description":"Protecci\u00f3n de Datos y LSSI Cumple con la normativa vigente y protege los datos de tu empresa En YBEA GROUP, te ayudamos a garantizar que tu empresa cumpla con la normativa vigente en cuanto a protecci\u00f3n de datos. Ofrecemos soluciones personalizadas para cada sector empresarial, asegur\u00e1ndonos de que nuestros clientes cumplan con todos los requisitos [&hellip;]","og_url":"https:\/\/ybeagroup.com\/ca\/proteccion-de-datos-y-lssi\/","og_site_name":"Ybea Group","article_modified_time":"2025-05-21T09:15:23+00:00","og_image":[{"url":"https:\/\/ybeagroup.com\/wp-content\/uploads\/2025\/04\/82.jpg","type":"","width":"","height":""}],"twitter_card":"summary_large_image","twitter_misc":{"Temps estimat de lectura":"2 minuts"},"schema":{"@context":"https:\/\/schema.org","@graph":[{"@type":"WebPage","@id":"https:\/\/ybeagroup.com\/proteccion-de-datos-y-lssi\/","url":"https:\/\/ybeagroup.com\/proteccion-de-datos-y-lssi\/","name":"Protecci\u00f3n de datos y LSSI - Ybea Group","isPartOf":{"@id":"https:\/\/ybeagroup.com\/gl\/#website"},"primaryImageOfPage":{"@id":"https:\/\/ybeagroup.com\/proteccion-de-datos-y-lssi\/#primaryimage"},"image":{"@id":"https:\/\/ybeagroup.com\/proteccion-de-datos-y-lssi\/#primaryimage"},"thumbnailUrl":"https:\/\/ybeagroup.com\/wp-content\/uploads\/2025\/04\/82.jpg","datePublished":"2025-03-18T15:07:02+00:00","dateModified":"2025-05-21T09:15:23+00:00","breadcrumb":{"@id":"https:\/\/ybeagroup.com\/proteccion-de-datos-y-lssi\/#breadcrumb"},"inLanguage":"ca","potentialAction":[{"@type":"ReadAction","target":["https:\/\/ybeagroup.com\/proteccion-de-datos-y-lssi\/"]}]},{"@type":"ImageObject","inLanguage":"ca","@id":"https:\/\/ybeagroup.com\/proteccion-de-datos-y-lssi\/#primaryimage","url":"https:\/\/ybeagroup.com\/wp-content\/uploads\/2025\/04\/82.jpg","contentUrl":"https:\/\/ybeagroup.com\/wp-content\/uploads\/2025\/04\/82.jpg"},{"@type":"BreadcrumbList","@id":"https:\/\/ybeagroup.com\/proteccion-de-datos-y-lssi\/#breadcrumb","itemListElement":[{"@type":"ListItem","position":1,"name":"Portada","item":"https:\/\/ybeagroup.com\/"},{"@type":"ListItem","position":2,"name":"Protecci\u00f3n de datos y LSSI"}]},{"@type":"WebSite","@id":"https:\/\/ybeagroup.com\/gl\/#website","url":"https:\/\/ybeagroup.com\/gl\/","name":"Ybea Group","description":"Soluciones innovadoras en formaci\u00f3n y consultor\u00eda para empresas","publisher":{"@id":"https:\/\/ybeagroup.com\/gl\/#organization"},"potentialAction":[{"@type":"SearchAction","target":{"@type":"EntryPoint","urlTemplate":"https:\/\/ybeagroup.com\/gl\/?s={search_term_string}"},"query-input":{"@type":"PropertyValueSpecification","valueRequired":true,"valueName":"search_term_string"}}],"inLanguage":"ca"},{"@type":"Organization","@id":"https:\/\/ybeagroup.com\/gl\/#organization","name":"Ybea Group","url":"https:\/\/ybeagroup.com\/gl\/","logo":{"@type":"ImageObject","inLanguage":"ca","@id":"https:\/\/ybeagroup.com\/gl\/#\/schema\/logo\/image\/","url":"https:\/\/ybeagroup.com\/wp-content\/uploads\/2025\/03\/cropped-fav.png","contentUrl":"https:\/\/ybeagroup.com\/wp-content\/uploads\/2025\/03\/cropped-fav.png","width":512,"height":512,"caption":"Ybea Group"},"image":{"@id":"https:\/\/ybeagroup.com\/gl\/#\/schema\/logo\/image\/"}}]}},"_links":{"self":[{"href":"https:\/\/ybeagroup.com\/ca\/wp-json\/wp\/v2\/pages\/643","targetHints":{"allow":["GET"]}}],"collection":[{"href":"https:\/\/ybeagroup.com\/ca\/wp-json\/wp\/v2\/pages"}],"about":[{"href":"https:\/\/ybeagroup.com\/ca\/wp-json\/wp\/v2\/types\/page"}],"author":[{"embeddable":true,"href":"https:\/\/ybeagroup.com\/ca\/wp-json\/wp\/v2\/users\/2"}],"replies":[{"embeddable":true,"href":"https:\/\/ybeagroup.com\/ca\/wp-json\/wp\/v2\/comments?post=643"}],"version-history":[{"count":45,"href":"https:\/\/ybeagroup.com\/ca\/wp-json\/wp\/v2\/pages\/643\/revisions"}],"predecessor-version":[{"id":2591,"href":"https:\/\/ybeagroup.com\/ca\/wp-json\/wp\/v2\/pages\/643\/revisions\/2591"}],"wp:attachment":[{"href":"https:\/\/ybeagroup.com\/ca\/wp-json\/wp\/v2\/media?parent=643"}],"curies":[{"name":"wp","href":"https:\/\/api.w.org\/{rel}","templated":true}]}}