{"id":2630,"date":"2025-05-22T07:08:13","date_gmt":"2025-05-22T07:08:13","guid":{"rendered":"https:\/\/ybeagroup.com\/?page_id=2630"},"modified":"2025-05-22T07:23:33","modified_gmt":"2025-05-22T07:23:33","slug":"homologaciones","status":"publish","type":"page","link":"https:\/\/ybeagroup.com\/en\/homologaciones\/","title":{"rendered":"Approvals"},"content":{"rendered":"<div data-elementor-type=\"wp-page\" data-elementor-id=\"2630\" class=\"elementor elementor-2630\" data-elementor-post-type=\"page\">\n\t\t\t\t<div class=\"elementor-element elementor-element-1d2f96d e-flex e-con-boxed e-con e-parent\" data-id=\"1d2f96d\" data-element_type=\"container\" data-settings=\"{&quot;background_background&quot;:&quot;classic&quot;}\">\n\t\t\t\t\t<div class=\"e-con-inner\">\n\t\t\t\t<div class=\"elementor-element elementor-element-f179649 animated-slow elementor-invisible elementor-widget elementor-widget-heading\" data-id=\"f179649\" data-element_type=\"widget\" data-settings=\"{&quot;_animation&quot;:&quot;fadeInDown&quot;}\" data-widget_type=\"heading.default\">\n\t\t\t\t<div class=\"elementor-widget-container\">\n\t\t\t\t\t<h1 class=\"elementor-heading-title elementor-size-default\">Approvals<\/h1>\t\t\t\t<\/div>\n\t\t\t\t<\/div>\n\t\t\t\t\t<\/div>\n\t\t\t\t<\/div>\n\t\t<div class=\"elementor-element elementor-element-0fffc43 e-flex e-con-boxed e-con e-parent\" data-id=\"0fffc43\" data-element_type=\"container\" data-settings=\"{&quot;background_background&quot;:&quot;classic&quot;}\">\n\t\t\t\t\t<div class=\"e-con-inner\">\n\t\t<div class=\"elementor-element elementor-element-94d8d8d e-con-full e-flex elementor-invisible e-con e-child\" data-id=\"94d8d8d\" data-element_type=\"container\" data-settings=\"{&quot;animation&quot;:&quot;fadeInDown&quot;}\">\n\t\t<div class=\"elementor-element elementor-element-343f075 e-con-full e-flex e-con e-child\" data-id=\"343f075\" data-element_type=\"container\">\n\t\t\t\t<div class=\"elementor-element elementor-element-afcfd21 animated-slow elementor-invisible elementor-widget elementor-widget-heading\" data-id=\"afcfd21\" data-element_type=\"widget\" data-settings=\"{&quot;_animation&quot;:&quot;fadeInDown&quot;}\" data-widget_type=\"heading.default\">\n\t\t\t\t<div class=\"elementor-widget-container\">\n\t\t\t\t\t<h2 class=\"elementor-heading-title elementor-size-default\">Official qualifications and key skills available to everyone<\/h2>\t\t\t\t<\/div>\n\t\t\t\t<\/div>\n\t\t\t\t<\/div>\n\t\t\t\t<\/div>\n\t\t\t\t<div class=\"elementor-element elementor-element-7d3f8dc elementor-widget-divider--view-line elementor-widget elementor-widget-divider\" data-id=\"7d3f8dc\" data-element_type=\"widget\" data-widget_type=\"divider.default\">\n\t\t\t\t<div class=\"elementor-widget-container\">\n\t\t\t\t\t\t\t<div class=\"elementor-divider\">\n\t\t\t<span class=\"elementor-divider-separator\">\n\t\t\t\t\t\t<\/span>\n\t\t<\/div>\n\t\t\t\t\t\t<\/div>\n\t\t\t\t<\/div>\n\t\t<div class=\"elementor-element elementor-element-98fa629 e-con-full e-flex elementor-invisible e-con e-child\" data-id=\"98fa629\" data-element_type=\"container\" data-settings=\"{&quot;animation&quot;:&quot;fadeInUp&quot;}\">\n\t\t\t\t<div class=\"elementor-element elementor-element-1204b7e animated-slow elementor-invisible elementor-widget elementor-widget-text-editor\" data-id=\"1204b7e\" data-element_type=\"widget\" data-settings=\"{&quot;_animation&quot;:&quot;fadeInDown&quot;,&quot;_animation_delay&quot;:400}\" data-widget_type=\"text-editor.default\">\n\t\t\t\t<div class=\"elementor-widget-container\">\n\t\t\t\t\t\t\t\t\t<p class=\"ds-markdown-paragraph\">Our training courses are specialized by sector and cross-sector, and we also have centers accredited with professional certifications and key competencies.<\/p><p class=\"ds-markdown-paragraph\">Our SEPE-approved platform for providing training to companies, associations, government agencies, and individuals guarantees the quality of our products.<\/p><p class=\"ds-markdown-paragraph\">We also offer approvals for obtaining accredited degrees.<\/p>\t\t\t\t\t\t\t\t<\/div>\n\t\t\t\t<\/div>\n\t\t\t\t<\/div>\n\t\t\t\t\t<\/div>\n\t\t\t\t<\/div>\n\t\t<div class=\"elementor-element elementor-element-87c0852 e-flex e-con-boxed e-con e-parent\" data-id=\"87c0852\" data-element_type=\"container\" data-settings=\"{&quot;background_background&quot;:&quot;classic&quot;}\">\n\t\t\t\t\t<div class=\"e-con-inner\">\n\t\t<div class=\"elementor-element elementor-element-6fc7830 e-con-full e-flex elementor-invisible e-con e-child\" data-id=\"6fc7830\" data-element_type=\"container\" data-settings=\"{&quot;animation&quot;:&quot;fadeInUp&quot;,&quot;background_background&quot;:&quot;classic&quot;}\">\n\t\t\t\t<div class=\"elementor-element elementor-element-5f4adb6 elementor-widget elementor-widget-image\" data-id=\"5f4adb6\" data-element_type=\"widget\" data-widget_type=\"image.default\">\n\t\t\t\t<div class=\"elementor-widget-container\">\n\t\t\t\t\t\t\t\t\t\t\t\t\t\t\t<img fetchpriority=\"high\" decoding=\"async\" width=\"2560\" height=\"1463\" src=\"https:\/\/ybeagroup.com\/wp-content\/uploads\/2025\/04\/IMAGEN-PEQUENA-FORMACION-PROGRAMADA-scaled.jpg\" class=\"attachment-full size-full wp-image-2035\" alt=\"\" srcset=\"https:\/\/ybeagroup.com\/wp-content\/uploads\/2025\/04\/IMAGEN-PEQUENA-FORMACION-PROGRAMADA-scaled.jpg 2560w, https:\/\/ybeagroup.com\/wp-content\/uploads\/2025\/04\/IMAGEN-PEQUENA-FORMACION-PROGRAMADA-300x171.jpg 300w, https:\/\/ybeagroup.com\/wp-content\/uploads\/2025\/04\/IMAGEN-PEQUENA-FORMACION-PROGRAMADA-1024x585.jpg 1024w, https:\/\/ybeagroup.com\/wp-content\/uploads\/2025\/04\/IMAGEN-PEQUENA-FORMACION-PROGRAMADA-768x439.jpg 768w, https:\/\/ybeagroup.com\/wp-content\/uploads\/2025\/04\/IMAGEN-PEQUENA-FORMACION-PROGRAMADA-1536x878.jpg 1536w, https:\/\/ybeagroup.com\/wp-content\/uploads\/2025\/04\/IMAGEN-PEQUENA-FORMACION-PROGRAMADA-2048x1170.jpg 2048w\" sizes=\"(max-width: 2560px) 100vw, 2560px\" \/>\t\t\t\t\t\t\t\t\t\t\t\t\t\t\t<\/div>\n\t\t\t\t<\/div>\n\t\t\t\t<\/div>\n\t\t<div class=\"elementor-element elementor-element-aeb5af3 e-con-full e-flex elementor-invisible e-con e-child\" data-id=\"aeb5af3\" data-element_type=\"container\" data-settings=\"{&quot;animation&quot;:&quot;fadeInDown&quot;}\">\n\t\t\t\t<div class=\"elementor-element elementor-element-4a06f9c elementor-widget elementor-widget-heading\" data-id=\"4a06f9c\" data-element_type=\"widget\" data-widget_type=\"heading.default\">\n\t\t\t\t<div class=\"elementor-widget-container\">\n\t\t\t\t\t<h2 class=\"elementor-heading-title elementor-size-default\">Our approvals<\/h2>\t\t\t\t<\/div>\n\t\t\t\t<\/div>\n\t\t\t\t<div class=\"elementor-element elementor-element-3e33855 elementor-widget-divider--view-line elementor-widget elementor-widget-divider\" data-id=\"3e33855\" data-element_type=\"widget\" data-widget_type=\"divider.default\">\n\t\t\t\t<div class=\"elementor-widget-container\">\n\t\t\t\t\t\t\t<div class=\"elementor-divider\">\n\t\t\t<span class=\"elementor-divider-separator\">\n\t\t\t\t\t\t<\/span>\n\t\t<\/div>\n\t\t\t\t\t\t<\/div>\n\t\t\t\t<\/div>\n\t\t<div class=\"elementor-element elementor-element-70b99c0 e-grid e-con-full e-con e-child\" data-id=\"70b99c0\" data-element_type=\"container\">\n\t\t\t\t<div class=\"elementor-element elementor-element-15abf6b elementor-widget elementor-widget-text-editor\" data-id=\"15abf6b\" data-element_type=\"widget\" data-widget_type=\"text-editor.default\">\n\t\t\t\t<div class=\"elementor-widget-container\">\n\t\t\t\t\t\t\t\t\t<ul><li><p class=\"ds-markdown-paragraph\">Phytosanitary Applicator<\/p><\/li><li><p class=\"ds-markdown-paragraph\">Biocide Applicator<\/p><\/li><li><p class=\"ds-markdown-paragraph\">Animal welfare<\/p><\/li><li><p class=\"ds-markdown-paragraph\">Chapter: Road freight and passenger transport (extensive network of collaborating centers)<\/p><\/li><li><p class=\"ds-markdown-paragraph\">Food handler<\/p><\/li><li><p class=\"ds-markdown-paragraph\">Handling and prevention in the use of machinery for industry<\/p><\/li><\/ul>\t\t\t\t\t\t\t\t<\/div>\n\t\t\t\t<\/div>\n\t\t\t\t<div class=\"elementor-element elementor-element-449d616 elementor-widget elementor-widget-text-editor\" data-id=\"449d616\" data-element_type=\"widget\" data-widget_type=\"text-editor.default\">\n\t\t\t\t<div class=\"elementor-widget-container\">\n\t\t\t\t\t\t\t\t\t<ul><li class=\"ds-markdown-paragraph\">Welding<\/li><li><p class=\"ds-markdown-paragraph\">CPR with AED and AED<\/p><\/li><li><p class=\"ds-markdown-paragraph\">Private Security Guard (collaborator center)<\/p><\/li><li><p class=\"ds-markdown-paragraph\">First aid<\/p><\/li><li><p class=\"ds-markdown-paragraph\">Language teaching and exam preparation (CEFR)<\/p><\/li><\/ul>\t\t\t\t\t\t\t\t<\/div>\n\t\t\t\t<\/div>\n\t\t\t\t<\/div>\n\t\t\t\t<\/div>\n\t\t\t\t\t<\/div>\n\t\t\t\t<\/div>\n\t\t<div class=\"elementor-element elementor-element-2bb6de1 e-grid e-con-boxed e-con e-parent\" data-id=\"2bb6de1\" data-element_type=\"container\" data-settings=\"{&quot;background_background&quot;:&quot;classic&quot;}\">\n\t\t\t\t\t<div class=\"e-con-inner\">\n\t\t<div class=\"elementor-element elementor-element-14451c4 e-con-full e-flex elementor-invisible e-con e-child\" data-id=\"14451c4\" data-element_type=\"container\" data-settings=\"{&quot;animation&quot;:&quot;fadeInUp&quot;,&quot;background_background&quot;:&quot;classic&quot;}\">\n\t\t<div class=\"elementor-element elementor-element-4017c83 e-grid e-con-full e-con e-child\" data-id=\"4017c83\" data-element_type=\"container\">\n\t\t\t\t<div class=\"elementor-element elementor-element-9a99888 animated-slow elementor-invisible elementor-widget elementor-widget-heading\" data-id=\"9a99888\" data-element_type=\"widget\" data-settings=\"{&quot;_animation&quot;:&quot;fadeInDown&quot;,&quot;_animation_delay&quot;:200}\" data-widget_type=\"heading.default\">\n\t\t\t\t<div class=\"elementor-widget-container\">\n\t\t\t\t\t<h2 class=\"elementor-heading-title elementor-size-default\">Need more information? Write to us.<\/h2>\t\t\t\t<\/div>\n\t\t\t\t<\/div>\n\t\t\t\t<\/div>\n\t\t\t\t<div class=\"elementor-element elementor-element-0516f27 elementor-widget elementor-widget-text-editor\" data-id=\"0516f27\" data-element_type=\"widget\" data-widget_type=\"text-editor.default\">\n\t\t\t\t<div class=\"elementor-widget-container\">\n\t\t\t\t\t\t\t\t\t<p>\n<div class=\"wpcf7 no-js\" id=\"wpcf7-f8-o1\" lang=\"es-ES\" dir=\"ltr\" data-wpcf7-id=\"8\">\n<div class=\"screen-reader-response\"><p role=\"status\" aria-live=\"polite\"><\/p> <ul><\/ul><\/div>\n\n<fieldset class=\"hidden-fields-container\">\n<\/fieldset>\n<div class=\"form\">\n\t<p><span class=\"wpcf7-form-control-wrap\" data-name=\"your-name\"><\/span>\n\t<\/p>\n<\/div>\n<div class=\"form\">\n\t<p><span class=\"wpcf7-form-control-wrap\" data-name=\"your-email\"><\/span>\n\t<\/p>\n<\/div>\n<div class=\"form\">\n\t<p><span class=\"wpcf7-form-control-wrap\" data-name=\"tel-802\"><\/span>\n\t<\/p>\n<\/div>\n<div class=\"form\">\n\t<p><span class=\"wpcf7-form-control-wrap\" data-name=\"your-message\"><textarea cols=\"40\" rows=\"4\" class=\"wpcf7-form-control wpcf7-textarea wpcf7-validates-as-required\" name=\"your-message\"><\/textarea><\/span>\n\t<\/p>\n<\/div>\n<div class=\"form\">\n\t<p><span class=\"wpcf7-form-control-wrap\" data-name=\"acceptance-902\"><span class=\"wpcf7-form-control wpcf7-acceptance\"><span class=\"wpcf7-list-item\"><label><span class=\"wpcf7-list-item-label\">I have read and accept the <a href=\"\/en\/aviso-legal\/\">legal notice<\/a> and the <a href=\"\/en\/politica-de-privacidad\/\">Privacy Policy<\/a><\/span><\/label><\/span><\/span><\/span>\n\t<\/p>\n<\/div>\n<div class=\"form\">\n\t<p>\n\t<\/p>\n<\/div><div class=\"wpcf7-response-output\" aria-hidden=\"true\"><\/div>\n\n<\/div>\n<\/p>\t\t\t\t\t\t\t\t<\/div>\n\t\t\t\t<\/div>\n\t\t\t\t<\/div>\n\t\t\t\t<div class=\"elementor-element elementor-element-cae0609 elementor-widget elementor-widget-image\" data-id=\"cae0609\" data-element_type=\"widget\" data-widget_type=\"image.default\">\n\t\t\t\t<div class=\"elementor-widget-container\">\n\t\t\t\t\t\t\t\t\t\t\t\t\t\t\t<img decoding=\"async\" width=\"800\" height=\"534\" src=\"https:\/\/ybeagroup.com\/wp-content\/uploads\/2025\/04\/IMAGEN-GRANDE-FORMACION-PROGRAMADA-1024x683.jpg\" class=\"attachment-large size-large wp-image-1989\" alt=\"\" srcset=\"https:\/\/ybeagroup.com\/wp-content\/uploads\/2025\/04\/IMAGEN-GRANDE-FORMACION-PROGRAMADA-1024x683.jpg 1024w, https:\/\/ybeagroup.com\/wp-content\/uploads\/2025\/04\/IMAGEN-GRANDE-FORMACION-PROGRAMADA-300x200.jpg 300w, https:\/\/ybeagroup.com\/wp-content\/uploads\/2025\/04\/IMAGEN-GRANDE-FORMACION-PROGRAMADA-768x512.jpg 768w, https:\/\/ybeagroup.com\/wp-content\/uploads\/2025\/04\/IMAGEN-GRANDE-FORMACION-PROGRAMADA-1536x1024.jpg 1536w, https:\/\/ybeagroup.com\/wp-content\/uploads\/2025\/04\/IMAGEN-GRANDE-FORMACION-PROGRAMADA-2048x1365.jpg 2048w\" sizes=\"(max-width: 800px) 100vw, 800px\" \/>\t\t\t\t\t\t\t\t\t\t\t\t\t\t\t<\/div>\n\t\t\t\t<\/div>\n\t\t\t\t\t<\/div>\n\t\t\t\t<\/div>\n\t\t<div class=\"elementor-element elementor-element-b98103f e-flex e-con-boxed e-con e-parent\" data-id=\"b98103f\" data-element_type=\"container\" data-settings=\"{&quot;background_background&quot;:&quot;classic&quot;}\">\n\t\t\t\t\t<div class=\"e-con-inner\">\n\t\t<div class=\"elementor-element elementor-element-67f432d e-flex e-con-boxed elementor-invisible e-con e-child\" data-id=\"67f432d\" data-element_type=\"container\" data-settings=\"{&quot;animation&quot;:&quot;fadeInDown&quot;}\">\n\t\t\t\t\t<div class=\"e-con-inner\">\n\t\t\t\t<div class=\"elementor-element elementor-element-e4bee87 animated-slow elementor-invisible elementor-widget elementor-widget-heading\" data-id=\"e4bee87\" data-element_type=\"widget\" data-settings=\"{&quot;_animation&quot;:&quot;fadeInDown&quot;}\" data-widget_type=\"heading.default\">\n\t\t\t\t<div class=\"elementor-widget-container\">\n\t\t\t\t\t<h3 class=\"elementor-heading-title elementor-size-default\">Complete your training at Ybea Group<\/h3>\t\t\t\t<\/div>\n\t\t\t\t<\/div>\n\t\t\t\t\t<\/div>\n\t\t\t\t<\/div>\n\t\t\t\t<div class=\"elementor-element elementor-element-b2656d0 elementor-widget elementor-widget-button\" data-id=\"b2656d0\" data-element_type=\"widget\" data-widget_type=\"button.default\">\n\t\t\t\t<div class=\"elementor-widget-container\">\n\t\t\t\t\t\t\t\t\t<div class=\"elementor-button-wrapper\">\n\t\t\t\t\t<a class=\"elementor-button elementor-button-link elementor-size-sm\" href=\"https:\/\/ybeagroup.com\/en\/contacto\/\">\n\t\t\t\t\t\t<span class=\"elementor-button-content-wrapper\">\n\t\t\t\t\t\t\t\t\t<span class=\"elementor-button-text\">Contact<\/span>\n\t\t\t\t\t<\/span>\n\t\t\t\t\t<\/a>\n\t\t\t\t<\/div>\n\t\t\t\t\t\t\t\t<\/div>\n\t\t\t\t<\/div>\n\t\t\t\t\t<\/div>\n\t\t\t\t<\/div>\n\t\t\t\t<\/div>","protected":false},"excerpt":{"rendered":"<p>Approvals: Official qualifications and key competencies within everyone&#039;s reach. Our training programs are specialized by sector and cross-sector, and we also have centers approved for professional certificates and key competencies. Our SEPE-approved platform for providing training to companies, associations, administrations, and individuals guarantees quality [\u2026]<\/p>","protected":false},"author":3,"featured_media":0,"parent":0,"menu_order":0,"comment_status":"closed","ping_status":"closed","template":"","meta":{"footnotes":""},"class_list":["post-2630","page","type-page","status-publish","hentry"],"yoast_head":"<!-- This site is optimized with the Yoast SEO plugin v26.4 - https:\/\/yoast.com\/wordpress\/plugins\/seo\/ -->\n<title>Homologaciones - Ybea Group<\/title>\n<meta name=\"robots\" content=\"index, follow, max-snippet:-1, max-image-preview:large, max-video-preview:-1\" \/>\n<link rel=\"canonical\" href=\"https:\/\/ybeagroup.com\/en\/homologaciones\/\" \/>\n<meta property=\"og:locale\" content=\"en_GB\" \/>\n<meta property=\"og:type\" content=\"article\" \/>\n<meta property=\"og:title\" content=\"Homologaciones - Ybea Group\" \/>\n<meta property=\"og:description\" content=\"Homologaciones T\u00edtulos oficiales y competencias clave al alcance de todos Nuestras l\u00edneas de formaci\u00f3n est\u00e1n especializadas por sectores y otras transversales, adem\u00e1s de contar con centros homologados en certificados de profesionalidad y competencias clave. Nuestra plataforma homologada por el SEPE para la impartici\u00f3n de acciones formativas a Empresas, Asociaciones, Administraciones, y particulares garantizan la calidad [&hellip;]\" \/>\n<meta property=\"og:url\" content=\"https:\/\/ybeagroup.com\/en\/homologaciones\/\" \/>\n<meta property=\"og:site_name\" content=\"Ybea Group\" \/>\n<meta property=\"article:modified_time\" content=\"2025-05-22T07:23:33+00:00\" \/>\n<meta property=\"og:image\" content=\"https:\/\/ybeagroup.com\/wp-content\/uploads\/2025\/04\/IMAGEN-PEQUENA-FORMACION-PROGRAMADA-scaled.jpg\" \/>\n<meta name=\"twitter:card\" content=\"summary_large_image\" \/>\n<meta name=\"twitter:label1\" content=\"Estimated reading time\" \/>\n\t<meta name=\"twitter:data1\" content=\"1 minute\" \/>\n<script type=\"application\/ld+json\" class=\"yoast-schema-graph\">{\"@context\":\"https:\/\/schema.org\",\"@graph\":[{\"@type\":\"WebPage\",\"@id\":\"https:\/\/ybeagroup.com\/homologaciones\/\",\"url\":\"https:\/\/ybeagroup.com\/homologaciones\/\",\"name\":\"Homologaciones - Ybea Group\",\"isPartOf\":{\"@id\":\"https:\/\/ybeagroup.com\/gl\/#website\"},\"primaryImageOfPage\":{\"@id\":\"https:\/\/ybeagroup.com\/homologaciones\/#primaryimage\"},\"image\":{\"@id\":\"https:\/\/ybeagroup.com\/homologaciones\/#primaryimage\"},\"thumbnailUrl\":\"https:\/\/ybeagroup.com\/wp-content\/uploads\/2025\/04\/IMAGEN-PEQUENA-FORMACION-PROGRAMADA-scaled.jpg\",\"datePublished\":\"2025-05-22T07:08:13+00:00\",\"dateModified\":\"2025-05-22T07:23:33+00:00\",\"breadcrumb\":{\"@id\":\"https:\/\/ybeagroup.com\/homologaciones\/#breadcrumb\"},\"inLanguage\":\"en-GB\",\"potentialAction\":[{\"@type\":\"ReadAction\",\"target\":[\"https:\/\/ybeagroup.com\/homologaciones\/\"]}]},{\"@type\":\"ImageObject\",\"inLanguage\":\"en-GB\",\"@id\":\"https:\/\/ybeagroup.com\/homologaciones\/#primaryimage\",\"url\":\"https:\/\/ybeagroup.com\/wp-content\/uploads\/2025\/04\/IMAGEN-PEQUENA-FORMACION-PROGRAMADA-scaled.jpg\",\"contentUrl\":\"https:\/\/ybeagroup.com\/wp-content\/uploads\/2025\/04\/IMAGEN-PEQUENA-FORMACION-PROGRAMADA-scaled.jpg\"},{\"@type\":\"BreadcrumbList\",\"@id\":\"https:\/\/ybeagroup.com\/homologaciones\/#breadcrumb\",\"itemListElement\":[{\"@type\":\"ListItem\",\"position\":1,\"name\":\"Portada\",\"item\":\"https:\/\/ybeagroup.com\/\"},{\"@type\":\"ListItem\",\"position\":2,\"name\":\"Homologaciones\"}]},{\"@type\":\"WebSite\",\"@id\":\"https:\/\/ybeagroup.com\/gl\/#website\",\"url\":\"https:\/\/ybeagroup.com\/gl\/\",\"name\":\"Ybea Group\",\"description\":\"Soluciones innovadoras en formaci\u00f3n y consultor\u00eda para empresas\",\"publisher\":{\"@id\":\"https:\/\/ybeagroup.com\/gl\/#organization\"},\"potentialAction\":[{\"@type\":\"SearchAction\",\"target\":{\"@type\":\"EntryPoint\",\"urlTemplate\":\"https:\/\/ybeagroup.com\/gl\/?s={search_term_string}\"},\"query-input\":{\"@type\":\"PropertyValueSpecification\",\"valueRequired\":true,\"valueName\":\"search_term_string\"}}],\"inLanguage\":\"en-GB\"},{\"@type\":\"Organization\",\"@id\":\"https:\/\/ybeagroup.com\/gl\/#organization\",\"name\":\"Ybea Group\",\"url\":\"https:\/\/ybeagroup.com\/gl\/\",\"logo\":{\"@type\":\"ImageObject\",\"inLanguage\":\"en-GB\",\"@id\":\"https:\/\/ybeagroup.com\/gl\/#\/schema\/logo\/image\/\",\"url\":\"https:\/\/ybeagroup.com\/wp-content\/uploads\/2025\/03\/cropped-fav.png\",\"contentUrl\":\"https:\/\/ybeagroup.com\/wp-content\/uploads\/2025\/03\/cropped-fav.png\",\"width\":512,\"height\":512,\"caption\":\"Ybea Group\"},\"image\":{\"@id\":\"https:\/\/ybeagroup.com\/gl\/#\/schema\/logo\/image\/\"}}]}<\/script>\n<!-- \/ Yoast SEO plugin. -->","yoast_head_json":{"title":"Homologaciones - Ybea Group","robots":{"index":"index","follow":"follow","max-snippet":"max-snippet:-1","max-image-preview":"max-image-preview:large","max-video-preview":"max-video-preview:-1"},"canonical":"https:\/\/ybeagroup.com\/en\/homologaciones\/","og_locale":"en_GB","og_type":"article","og_title":"Homologaciones - Ybea Group","og_description":"Homologaciones T\u00edtulos oficiales y competencias clave al alcance de todos Nuestras l\u00edneas de formaci\u00f3n est\u00e1n especializadas por sectores y otras transversales, adem\u00e1s de contar con centros homologados en certificados de profesionalidad y competencias clave. Nuestra plataforma homologada por el SEPE para la impartici\u00f3n de acciones formativas a Empresas, Asociaciones, Administraciones, y particulares garantizan la calidad [&hellip;]","og_url":"https:\/\/ybeagroup.com\/en\/homologaciones\/","og_site_name":"Ybea Group","article_modified_time":"2025-05-22T07:23:33+00:00","og_image":[{"url":"https:\/\/ybeagroup.com\/wp-content\/uploads\/2025\/04\/IMAGEN-PEQUENA-FORMACION-PROGRAMADA-scaled.jpg","type":"","width":"","height":""}],"twitter_card":"summary_large_image","twitter_misc":{"Estimated reading time":"1 minute"},"schema":{"@context":"https:\/\/schema.org","@graph":[{"@type":"WebPage","@id":"https:\/\/ybeagroup.com\/homologaciones\/","url":"https:\/\/ybeagroup.com\/homologaciones\/","name":"Homologaciones - Ybea Group","isPartOf":{"@id":"https:\/\/ybeagroup.com\/gl\/#website"},"primaryImageOfPage":{"@id":"https:\/\/ybeagroup.com\/homologaciones\/#primaryimage"},"image":{"@id":"https:\/\/ybeagroup.com\/homologaciones\/#primaryimage"},"thumbnailUrl":"https:\/\/ybeagroup.com\/wp-content\/uploads\/2025\/04\/IMAGEN-PEQUENA-FORMACION-PROGRAMADA-scaled.jpg","datePublished":"2025-05-22T07:08:13+00:00","dateModified":"2025-05-22T07:23:33+00:00","breadcrumb":{"@id":"https:\/\/ybeagroup.com\/homologaciones\/#breadcrumb"},"inLanguage":"en-GB","potentialAction":[{"@type":"ReadAction","target":["https:\/\/ybeagroup.com\/homologaciones\/"]}]},{"@type":"ImageObject","inLanguage":"en-GB","@id":"https:\/\/ybeagroup.com\/homologaciones\/#primaryimage","url":"https:\/\/ybeagroup.com\/wp-content\/uploads\/2025\/04\/IMAGEN-PEQUENA-FORMACION-PROGRAMADA-scaled.jpg","contentUrl":"https:\/\/ybeagroup.com\/wp-content\/uploads\/2025\/04\/IMAGEN-PEQUENA-FORMACION-PROGRAMADA-scaled.jpg"},{"@type":"BreadcrumbList","@id":"https:\/\/ybeagroup.com\/homologaciones\/#breadcrumb","itemListElement":[{"@type":"ListItem","position":1,"name":"Portada","item":"https:\/\/ybeagroup.com\/"},{"@type":"ListItem","position":2,"name":"Homologaciones"}]},{"@type":"WebSite","@id":"https:\/\/ybeagroup.com\/gl\/#website","url":"https:\/\/ybeagroup.com\/gl\/","name":"Ybea Group","description":"Soluciones innovadoras en formaci\u00f3n y consultor\u00eda para empresas","publisher":{"@id":"https:\/\/ybeagroup.com\/gl\/#organization"},"potentialAction":[{"@type":"SearchAction","target":{"@type":"EntryPoint","urlTemplate":"https:\/\/ybeagroup.com\/gl\/?s={search_term_string}"},"query-input":{"@type":"PropertyValueSpecification","valueRequired":true,"valueName":"search_term_string"}}],"inLanguage":"en-GB"},{"@type":"Organization","@id":"https:\/\/ybeagroup.com\/gl\/#organization","name":"Ybea Group","url":"https:\/\/ybeagroup.com\/gl\/","logo":{"@type":"ImageObject","inLanguage":"en-GB","@id":"https:\/\/ybeagroup.com\/gl\/#\/schema\/logo\/image\/","url":"https:\/\/ybeagroup.com\/wp-content\/uploads\/2025\/03\/cropped-fav.png","contentUrl":"https:\/\/ybeagroup.com\/wp-content\/uploads\/2025\/03\/cropped-fav.png","width":512,"height":512,"caption":"Ybea Group"},"image":{"@id":"https:\/\/ybeagroup.com\/gl\/#\/schema\/logo\/image\/"}}]}},"_links":{"self":[{"href":"https:\/\/ybeagroup.com\/en\/wp-json\/wp\/v2\/pages\/2630","targetHints":{"allow":["GET"]}}],"collection":[{"href":"https:\/\/ybeagroup.com\/en\/wp-json\/wp\/v2\/pages"}],"about":[{"href":"https:\/\/ybeagroup.com\/en\/wp-json\/wp\/v2\/types\/page"}],"author":[{"embeddable":true,"href":"https:\/\/ybeagroup.com\/en\/wp-json\/wp\/v2\/users\/3"}],"replies":[{"embeddable":true,"href":"https:\/\/ybeagroup.com\/en\/wp-json\/wp\/v2\/comments?post=2630"}],"version-history":[{"count":16,"href":"https:\/\/ybeagroup.com\/en\/wp-json\/wp\/v2\/pages\/2630\/revisions"}],"predecessor-version":[{"id":2647,"href":"https:\/\/ybeagroup.com\/en\/wp-json\/wp\/v2\/pages\/2630\/revisions\/2647"}],"wp:attachment":[{"href":"https:\/\/ybeagroup.com\/en\/wp-json\/wp\/v2\/media?parent=2630"}],"curies":[{"name":"wp","href":"https:\/\/api.w.org\/{rel}","templated":true}]}}