{"id":2759,"date":"2025-05-22T09:30:40","date_gmt":"2025-05-22T09:30:40","guid":{"rendered":"https:\/\/ybeagroup.com\/?page_id=2759"},"modified":"2025-05-22T10:04:36","modified_gmt":"2025-05-22T10:04:36","slug":"plan-de-higiene","status":"publish","type":"page","link":"https:\/\/ybeagroup.com\/en\/plan-de-higiene\/","title":{"rendered":"Hygiene plan"},"content":{"rendered":"<div data-elementor-type=\"wp-page\" data-elementor-id=\"2759\" class=\"elementor elementor-2759\" data-elementor-post-type=\"page\">\n\t\t\t\t<div class=\"elementor-element elementor-element-1d2f96d e-flex e-con-boxed e-con e-parent\" data-id=\"1d2f96d\" data-element_type=\"container\" data-settings=\"{&quot;background_background&quot;:&quot;classic&quot;}\">\n\t\t\t\t\t<div class=\"e-con-inner\">\n\t\t\t\t<div class=\"elementor-element elementor-element-f179649 animated-slow elementor-invisible elementor-widget elementor-widget-heading\" data-id=\"f179649\" data-element_type=\"widget\" data-settings=\"{&quot;_animation&quot;:&quot;fadeInDown&quot;}\" data-widget_type=\"heading.default\">\n\t\t\t\t<div class=\"elementor-widget-container\">\n\t\t\t\t\t<h1 class=\"elementor-heading-title elementor-size-default\">Hygiene plan<\/h1>\t\t\t\t<\/div>\n\t\t\t\t<\/div>\n\t\t\t\t\t<\/div>\n\t\t\t\t<\/div>\n\t\t<div class=\"elementor-element elementor-element-87c0852 e-con-full e-flex e-con e-parent\" data-id=\"87c0852\" data-element_type=\"container\" data-settings=\"{&quot;background_background&quot;:&quot;classic&quot;}\">\n\t\t<div class=\"elementor-element elementor-element-6fc7830 e-con-full e-flex elementor-invisible e-con e-child\" data-id=\"6fc7830\" data-element_type=\"container\" data-settings=\"{&quot;animation&quot;:&quot;fadeInUp&quot;,&quot;background_background&quot;:&quot;classic&quot;}\">\n\t\t\t\t<div class=\"elementor-element elementor-element-5f4adb6 elementor-widget elementor-widget-image\" data-id=\"5f4adb6\" data-element_type=\"widget\" data-widget_type=\"image.default\">\n\t\t\t\t<div class=\"elementor-widget-container\">\n\t\t\t\t\t\t\t\t\t\t\t\t\t\t\t<img fetchpriority=\"high\" decoding=\"async\" width=\"2560\" height=\"1463\" src=\"https:\/\/ybeagroup.com\/wp-content\/uploads\/2025\/04\/IMAGEN-PEQUENA-FORMACION-PROGRAMADA-scaled.jpg\" class=\"attachment-full size-full wp-image-2035\" alt=\"\" srcset=\"https:\/\/ybeagroup.com\/wp-content\/uploads\/2025\/04\/IMAGEN-PEQUENA-FORMACION-PROGRAMADA-scaled.jpg 2560w, https:\/\/ybeagroup.com\/wp-content\/uploads\/2025\/04\/IMAGEN-PEQUENA-FORMACION-PROGRAMADA-300x171.jpg 300w, https:\/\/ybeagroup.com\/wp-content\/uploads\/2025\/04\/IMAGEN-PEQUENA-FORMACION-PROGRAMADA-1024x585.jpg 1024w, https:\/\/ybeagroup.com\/wp-content\/uploads\/2025\/04\/IMAGEN-PEQUENA-FORMACION-PROGRAMADA-768x439.jpg 768w, https:\/\/ybeagroup.com\/wp-content\/uploads\/2025\/04\/IMAGEN-PEQUENA-FORMACION-PROGRAMADA-1536x878.jpg 1536w, https:\/\/ybeagroup.com\/wp-content\/uploads\/2025\/04\/IMAGEN-PEQUENA-FORMACION-PROGRAMADA-2048x1170.jpg 2048w\" sizes=\"(max-width: 2560px) 100vw, 2560px\" \/>\t\t\t\t\t\t\t\t\t\t\t\t\t\t\t<\/div>\n\t\t\t\t<\/div>\n\t\t\t\t<\/div>\n\t\t<div class=\"elementor-element elementor-element-aeb5af3 e-con-full e-flex elementor-invisible e-con e-child\" data-id=\"aeb5af3\" data-element_type=\"container\" data-settings=\"{&quot;animation&quot;:&quot;fadeInDown&quot;}\">\n\t\t\t\t<div class=\"elementor-element elementor-element-4c024db elementor-widget elementor-widget-heading\" data-id=\"4c024db\" data-element_type=\"widget\" data-widget_type=\"heading.default\">\n\t\t\t\t<div class=\"elementor-widget-container\">\n\t\t\t\t\t<h2 class=\"elementor-heading-title elementor-size-default\">Consulting in tourism and catering<\/h2>\t\t\t\t<\/div>\n\t\t\t\t<\/div>\n\t\t<div class=\"elementor-element elementor-element-b493de8 e-con-full e-flex e-con e-child\" data-id=\"b493de8\" data-element_type=\"container\">\n\t\t\t\t<div class=\"elementor-element elementor-element-3e33855 elementor-widget-divider--view-line elementor-widget elementor-widget-divider\" data-id=\"3e33855\" data-element_type=\"widget\" data-widget_type=\"divider.default\">\n\t\t\t\t<div class=\"elementor-widget-container\">\n\t\t\t\t\t\t\t<div class=\"elementor-divider\">\n\t\t\t<span class=\"elementor-divider-separator\">\n\t\t\t\t\t\t<\/span>\n\t\t<\/div>\n\t\t\t\t\t\t<\/div>\n\t\t\t\t<\/div>\n\t\t\t\t<div class=\"elementor-element elementor-element-f2b5d1d animated-slow elementor-invisible elementor-widget elementor-widget-text-editor\" data-id=\"f2b5d1d\" data-element_type=\"widget\" data-settings=\"{&quot;_animation&quot;:&quot;fadeInDown&quot;,&quot;_animation_delay&quot;:400}\" data-widget_type=\"text-editor.default\">\n\t\t\t\t<div class=\"elementor-widget-container\">\n\t\t\t\t\t\t\t\t\t<ul><li><p class=\"ds-markdown-paragraph\"><strong>Service quality audits<\/strong>\u00a0(<em>mystery guest\/mystery diner<\/em>)<\/p><\/li><li><p class=\"ds-markdown-paragraph\"><strong>Executive coaching<\/strong><\/p><\/li><li><p class=\"ds-markdown-paragraph\"><strong>Improving the gastronomic experience of the restaurant consumer<\/strong>\u00a0(<em>Customer service<\/em>)<\/p><\/li><li><p class=\"ds-markdown-paragraph\"><strong>Design of operational manuals<\/strong><\/p><\/li><li><p class=\"ds-markdown-paragraph\"><strong>Optimization of production and management systems<\/strong><\/p><\/li><li><p class=\"ds-markdown-paragraph\"><strong>Study of kitchen equipment needs<\/strong><\/p><\/li><li><p class=\"ds-markdown-paragraph\"><strong>Implementation of the Q for Tourism Quality<\/strong><\/p><\/li><\/ul>\t\t\t\t\t\t\t\t<\/div>\n\t\t\t\t<\/div>\n\t\t<div class=\"elementor-element elementor-element-b2cbce6 e-grid e-con-full e-con e-child\" data-id=\"b2cbce6\" data-element_type=\"container\">\n\t\t\t\t<div class=\"elementor-element elementor-element-559fdd0 elementor-widget elementor-widget-image\" data-id=\"559fdd0\" data-element_type=\"widget\" data-widget_type=\"image.default\">\n\t\t\t\t<div class=\"elementor-widget-container\">\n\t\t\t\t\t\t\t\t\t\t\t\t\t\t\t<img decoding=\"async\" width=\"800\" height=\"586\" src=\"https:\/\/ybeagroup.com\/wp-content\/uploads\/2025\/05\/ifs-logo.jpg\" class=\"attachment-large size-large wp-image-2685\" alt=\"\" srcset=\"https:\/\/ybeagroup.com\/wp-content\/uploads\/2025\/05\/ifs-logo.jpg 945w, https:\/\/ybeagroup.com\/wp-content\/uploads\/2025\/05\/ifs-logo-300x220.jpg 300w, https:\/\/ybeagroup.com\/wp-content\/uploads\/2025\/05\/ifs-logo-768x562.jpg 768w, https:\/\/ybeagroup.com\/wp-content\/uploads\/2025\/05\/ifs-logo-16x12.jpg 16w\" sizes=\"(max-width: 800px) 100vw, 800px\" \/>\t\t\t\t\t\t\t\t\t\t\t\t\t\t\t<\/div>\n\t\t\t\t<\/div>\n\t\t\t\t<div class=\"elementor-element elementor-element-2afaf6a elementor-widget elementor-widget-image\" data-id=\"2afaf6a\" data-element_type=\"widget\" data-widget_type=\"image.default\">\n\t\t\t\t<div class=\"elementor-widget-container\">\n\t\t\t\t\t\t\t\t\t\t\t\t\t\t\t<img decoding=\"async\" width=\"800\" height=\"586\" src=\"https:\/\/ybeagroup.com\/wp-content\/uploads\/2025\/05\/sesal-logo.jpg\" class=\"attachment-large size-large wp-image-2687\" alt=\"\" srcset=\"https:\/\/ybeagroup.com\/wp-content\/uploads\/2025\/05\/sesal-logo.jpg 945w, https:\/\/ybeagroup.com\/wp-content\/uploads\/2025\/05\/sesal-logo-300x220.jpg 300w, https:\/\/ybeagroup.com\/wp-content\/uploads\/2025\/05\/sesal-logo-768x562.jpg 768w, https:\/\/ybeagroup.com\/wp-content\/uploads\/2025\/05\/sesal-logo-16x12.jpg 16w\" sizes=\"(max-width: 800px) 100vw, 800px\" \/>\t\t\t\t\t\t\t\t\t\t\t\t\t\t\t<\/div>\n\t\t\t\t<\/div>\n\t\t\t\t<div class=\"elementor-element elementor-element-2209367 elementor-widget elementor-widget-image\" data-id=\"2209367\" data-element_type=\"widget\" data-widget_type=\"image.default\">\n\t\t\t\t<div class=\"elementor-widget-container\">\n\t\t\t\t\t\t\t\t\t\t\t\t\t\t\t<img loading=\"lazy\" decoding=\"async\" width=\"800\" height=\"586\" src=\"https:\/\/ybeagroup.com\/wp-content\/uploads\/2025\/05\/calidad-turistica-logo.jpg\" class=\"attachment-large size-large wp-image-2682\" alt=\"\" srcset=\"https:\/\/ybeagroup.com\/wp-content\/uploads\/2025\/05\/calidad-turistica-logo.jpg 945w, https:\/\/ybeagroup.com\/wp-content\/uploads\/2025\/05\/calidad-turistica-logo-300x220.jpg 300w, https:\/\/ybeagroup.com\/wp-content\/uploads\/2025\/05\/calidad-turistica-logo-768x562.jpg 768w, https:\/\/ybeagroup.com\/wp-content\/uploads\/2025\/05\/calidad-turistica-logo-16x12.jpg 16w\" sizes=\"(max-width: 800px) 100vw, 800px\" \/>\t\t\t\t\t\t\t\t\t\t\t\t\t\t\t<\/div>\n\t\t\t\t<\/div>\n\t\t\t\t<\/div>\n\t\t\t\t<\/div>\n\t\t\t\t<\/div>\n\t\t\t\t<\/div>\n\t\t<div class=\"elementor-element elementor-element-2bb6de1 e-grid e-con-boxed e-con e-parent\" data-id=\"2bb6de1\" data-element_type=\"container\" data-settings=\"{&quot;background_background&quot;:&quot;classic&quot;}\">\n\t\t\t\t\t<div class=\"e-con-inner\">\n\t\t<div class=\"elementor-element elementor-element-14451c4 e-con-full e-flex elementor-invisible e-con e-child\" data-id=\"14451c4\" data-element_type=\"container\" data-settings=\"{&quot;animation&quot;:&quot;fadeInUp&quot;,&quot;background_background&quot;:&quot;classic&quot;}\">\n\t\t<div class=\"elementor-element elementor-element-4017c83 e-grid e-con-full e-con e-child\" data-id=\"4017c83\" data-element_type=\"container\">\n\t\t\t\t<div class=\"elementor-element elementor-element-9a99888 animated-slow elementor-invisible elementor-widget elementor-widget-heading\" data-id=\"9a99888\" data-element_type=\"widget\" data-settings=\"{&quot;_animation&quot;:&quot;fadeInDown&quot;,&quot;_animation_delay&quot;:200}\" data-widget_type=\"heading.default\">\n\t\t\t\t<div class=\"elementor-widget-container\">\n\t\t\t\t\t<h2 class=\"elementor-heading-title elementor-size-default\">Do you have questions or need advice? Write to us.<\/h2>\t\t\t\t<\/div>\n\t\t\t\t<\/div>\n\t\t\t\t<\/div>\n\t\t\t\t<div class=\"elementor-element elementor-element-0516f27 elementor-widget elementor-widget-text-editor\" data-id=\"0516f27\" data-element_type=\"widget\" data-widget_type=\"text-editor.default\">\n\t\t\t\t<div class=\"elementor-widget-container\">\n\t\t\t\t\t\t\t\t\t<p>\n<div class=\"wpcf7 no-js\" id=\"wpcf7-f8-o1\" lang=\"es-ES\" dir=\"ltr\" data-wpcf7-id=\"8\">\n<div class=\"screen-reader-response\"><p role=\"status\" aria-live=\"polite\"><\/p> <ul><\/ul><\/div>\n\n<fieldset class=\"hidden-fields-container\">\n<\/fieldset>\n<div class=\"form\">\n\t<p><span class=\"wpcf7-form-control-wrap\" data-name=\"your-name\"><\/span>\n\t<\/p>\n<\/div>\n<div class=\"form\">\n\t<p><span class=\"wpcf7-form-control-wrap\" data-name=\"your-email\"><\/span>\n\t<\/p>\n<\/div>\n<div class=\"form\">\n\t<p><span class=\"wpcf7-form-control-wrap\" data-name=\"tel-802\"><\/span>\n\t<\/p>\n<\/div>\n<div class=\"form\">\n\t<p><span class=\"wpcf7-form-control-wrap\" data-name=\"your-message\"><textarea cols=\"40\" rows=\"4\" class=\"wpcf7-form-control wpcf7-textarea wpcf7-validates-as-required\" name=\"your-message\"><\/textarea><\/span>\n\t<\/p>\n<\/div>\n<div class=\"form\">\n\t<p><span class=\"wpcf7-form-control-wrap\" data-name=\"acceptance-902\"><span class=\"wpcf7-form-control wpcf7-acceptance\"><span class=\"wpcf7-list-item\"><label><span class=\"wpcf7-list-item-label\">I have read and accept the <a href=\"\/en\/aviso-legal\/\">legal notice<\/a> and the <a href=\"\/en\/politica-de-privacidad\/\">Privacy Policy<\/a><\/span><\/label><\/span><\/span><\/span>\n\t<\/p>\n<\/div>\n<div class=\"form\">\n\t<p>\n\t<\/p>\n<\/div><div class=\"wpcf7-response-output\" aria-hidden=\"true\"><\/div>\n\n<\/div>\n<\/p>\t\t\t\t\t\t\t\t<\/div>\n\t\t\t\t<\/div>\n\t\t\t\t<\/div>\n\t\t\t\t<div class=\"elementor-element elementor-element-cae0609 elementor-widget elementor-widget-image\" data-id=\"cae0609\" data-element_type=\"widget\" data-widget_type=\"image.default\">\n\t\t\t\t<div class=\"elementor-widget-container\">\n\t\t\t\t\t\t\t\t\t\t\t\t\t\t\t<img loading=\"lazy\" decoding=\"async\" width=\"800\" height=\"534\" src=\"https:\/\/ybeagroup.com\/wp-content\/uploads\/2025\/04\/IMAGEN-GRANDE-FORMACION-PROGRAMADA-1024x683.jpg\" class=\"attachment-large size-large wp-image-1989\" alt=\"\" srcset=\"https:\/\/ybeagroup.com\/wp-content\/uploads\/2025\/04\/IMAGEN-GRANDE-FORMACION-PROGRAMADA-1024x683.jpg 1024w, https:\/\/ybeagroup.com\/wp-content\/uploads\/2025\/04\/IMAGEN-GRANDE-FORMACION-PROGRAMADA-300x200.jpg 300w, https:\/\/ybeagroup.com\/wp-content\/uploads\/2025\/04\/IMAGEN-GRANDE-FORMACION-PROGRAMADA-768x512.jpg 768w, https:\/\/ybeagroup.com\/wp-content\/uploads\/2025\/04\/IMAGEN-GRANDE-FORMACION-PROGRAMADA-1536x1024.jpg 1536w, https:\/\/ybeagroup.com\/wp-content\/uploads\/2025\/04\/IMAGEN-GRANDE-FORMACION-PROGRAMADA-2048x1365.jpg 2048w\" sizes=\"(max-width: 800px) 100vw, 800px\" \/>\t\t\t\t\t\t\t\t\t\t\t\t\t\t\t<\/div>\n\t\t\t\t<\/div>\n\t\t\t\t\t<\/div>\n\t\t\t\t<\/div>\n\t\t<div class=\"elementor-element elementor-element-b98103f e-flex e-con-boxed e-con e-parent\" data-id=\"b98103f\" data-element_type=\"container\" data-settings=\"{&quot;background_background&quot;:&quot;classic&quot;}\">\n\t\t\t\t\t<div class=\"e-con-inner\">\n\t\t<div class=\"elementor-element elementor-element-67f432d e-flex e-con-boxed elementor-invisible e-con e-child\" data-id=\"67f432d\" data-element_type=\"container\" data-settings=\"{&quot;animation&quot;:&quot;fadeInDown&quot;}\">\n\t\t\t\t\t<div class=\"e-con-inner\">\n\t\t\t\t<div class=\"elementor-element elementor-element-e4bee87 animated-slow elementor-invisible elementor-widget elementor-widget-heading\" data-id=\"e4bee87\" data-element_type=\"widget\" data-settings=\"{&quot;_animation&quot;:&quot;fadeInDown&quot;}\" data-widget_type=\"heading.default\">\n\t\t\t\t<div class=\"elementor-widget-container\">\n\t\t\t\t\t<h3 class=\"elementor-heading-title elementor-size-default\">Transform your project with specialized advice. Write to us.<\/h3>\t\t\t\t<\/div>\n\t\t\t\t<\/div>\n\t\t\t\t\t<\/div>\n\t\t\t\t<\/div>\n\t\t\t\t<div class=\"elementor-element elementor-element-b2656d0 elementor-widget elementor-widget-button\" data-id=\"b2656d0\" data-element_type=\"widget\" data-widget_type=\"button.default\">\n\t\t\t\t<div class=\"elementor-widget-container\">\n\t\t\t\t\t\t\t\t\t<div class=\"elementor-button-wrapper\">\n\t\t\t\t\t<a class=\"elementor-button elementor-button-link elementor-size-sm\" href=\"https:\/\/ybeagroup.com\/en\/contacto\/\">\n\t\t\t\t\t\t<span class=\"elementor-button-content-wrapper\">\n\t\t\t\t\t\t\t\t\t<span class=\"elementor-button-text\">Contact<\/span>\n\t\t\t\t\t<\/span>\n\t\t\t\t\t<\/a>\n\t\t\t\t<\/div>\n\t\t\t\t\t\t\t\t<\/div>\n\t\t\t\t<\/div>\n\t\t\t\t\t<\/div>\n\t\t\t\t<\/div>\n\t\t\t\t<\/div>","protected":false},"excerpt":{"rendered":"<p>Hygiene plan Tourism and restaurant consulting Service quality audits (mystery guest\/mystery diner) Executive coaching Improving the restaurant consumer&#039;s gastronomic experience (Customer Service) Design of operational manuals Optimization of production and management systems Study of kitchen equipment needs Implementation of the Q for Tourism Quality Do you have questions [\u2026]<\/p>","protected":false},"author":3,"featured_media":0,"parent":0,"menu_order":0,"comment_status":"closed","ping_status":"closed","template":"","meta":{"footnotes":""},"class_list":["post-2759","page","type-page","status-publish","hentry"],"yoast_head":"<!-- This site is optimized with the Yoast SEO plugin v26.4 - https:\/\/yoast.com\/wordpress\/plugins\/seo\/ -->\n<title>Plan de higiene - Ybea Group<\/title>\n<meta name=\"robots\" content=\"index, follow, max-snippet:-1, max-image-preview:large, max-video-preview:-1\" \/>\n<link rel=\"canonical\" href=\"https:\/\/ybeagroup.com\/en\/plan-de-higiene\/\" \/>\n<meta property=\"og:locale\" content=\"en_GB\" \/>\n<meta property=\"og:type\" content=\"article\" \/>\n<meta property=\"og:title\" content=\"Plan de higiene - Ybea Group\" \/>\n<meta property=\"og:description\" content=\"Plan de higiene Consultor\u00eda en turismo y restauraci\u00f3n Auditor\u00edas de calidad de servicio\u00a0(mistery guest\/mistery diner) Coaching directivo Mejora de la experiencia gastron\u00f3mica del consumidor de restauraci\u00f3n\u00a0(Customer service) Dise\u00f1o de manuales operacionales Optimizaci\u00f3n de los sistemas de producci\u00f3n y gesti\u00f3n Estudio de necesidades de equipamientos para cocinas Implantaci\u00f3n de la Q de Calidad Tur\u00edstica \u00bfTienes dudas [&hellip;]\" \/>\n<meta property=\"og:url\" content=\"https:\/\/ybeagroup.com\/en\/plan-de-higiene\/\" \/>\n<meta property=\"og:site_name\" content=\"Ybea Group\" \/>\n<meta property=\"article:modified_time\" content=\"2025-05-22T10:04:36+00:00\" \/>\n<meta property=\"og:image\" content=\"https:\/\/ybeagroup.com\/wp-content\/uploads\/2025\/04\/IMAGEN-PEQUENA-FORMACION-PROGRAMADA-scaled.jpg\" \/>\n<meta name=\"twitter:card\" content=\"summary_large_image\" \/>\n<script type=\"application\/ld+json\" class=\"yoast-schema-graph\">{\"@context\":\"https:\/\/schema.org\",\"@graph\":[{\"@type\":\"WebPage\",\"@id\":\"https:\/\/ybeagroup.com\/plan-de-higiene\/\",\"url\":\"https:\/\/ybeagroup.com\/plan-de-higiene\/\",\"name\":\"Plan de higiene - Ybea Group\",\"isPartOf\":{\"@id\":\"https:\/\/ybeagroup.com\/gl\/#website\"},\"primaryImageOfPage\":{\"@id\":\"https:\/\/ybeagroup.com\/plan-de-higiene\/#primaryimage\"},\"image\":{\"@id\":\"https:\/\/ybeagroup.com\/plan-de-higiene\/#primaryimage\"},\"thumbnailUrl\":\"https:\/\/ybeagroup.com\/wp-content\/uploads\/2025\/04\/IMAGEN-PEQUENA-FORMACION-PROGRAMADA-scaled.jpg\",\"datePublished\":\"2025-05-22T09:30:40+00:00\",\"dateModified\":\"2025-05-22T10:04:36+00:00\",\"breadcrumb\":{\"@id\":\"https:\/\/ybeagroup.com\/plan-de-higiene\/#breadcrumb\"},\"inLanguage\":\"en-GB\",\"potentialAction\":[{\"@type\":\"ReadAction\",\"target\":[\"https:\/\/ybeagroup.com\/plan-de-higiene\/\"]}]},{\"@type\":\"ImageObject\",\"inLanguage\":\"en-GB\",\"@id\":\"https:\/\/ybeagroup.com\/plan-de-higiene\/#primaryimage\",\"url\":\"https:\/\/ybeagroup.com\/wp-content\/uploads\/2025\/04\/IMAGEN-PEQUENA-FORMACION-PROGRAMADA-scaled.jpg\",\"contentUrl\":\"https:\/\/ybeagroup.com\/wp-content\/uploads\/2025\/04\/IMAGEN-PEQUENA-FORMACION-PROGRAMADA-scaled.jpg\"},{\"@type\":\"BreadcrumbList\",\"@id\":\"https:\/\/ybeagroup.com\/plan-de-higiene\/#breadcrumb\",\"itemListElement\":[{\"@type\":\"ListItem\",\"position\":1,\"name\":\"Portada\",\"item\":\"https:\/\/ybeagroup.com\/\"},{\"@type\":\"ListItem\",\"position\":2,\"name\":\"Plan de higiene\"}]},{\"@type\":\"WebSite\",\"@id\":\"https:\/\/ybeagroup.com\/gl\/#website\",\"url\":\"https:\/\/ybeagroup.com\/gl\/\",\"name\":\"Ybea Group\",\"description\":\"Soluciones innovadoras en formaci\u00f3n y consultor\u00eda para empresas\",\"publisher\":{\"@id\":\"https:\/\/ybeagroup.com\/gl\/#organization\"},\"potentialAction\":[{\"@type\":\"SearchAction\",\"target\":{\"@type\":\"EntryPoint\",\"urlTemplate\":\"https:\/\/ybeagroup.com\/gl\/?s={search_term_string}\"},\"query-input\":{\"@type\":\"PropertyValueSpecification\",\"valueRequired\":true,\"valueName\":\"search_term_string\"}}],\"inLanguage\":\"en-GB\"},{\"@type\":\"Organization\",\"@id\":\"https:\/\/ybeagroup.com\/gl\/#organization\",\"name\":\"Ybea Group\",\"url\":\"https:\/\/ybeagroup.com\/gl\/\",\"logo\":{\"@type\":\"ImageObject\",\"inLanguage\":\"en-GB\",\"@id\":\"https:\/\/ybeagroup.com\/gl\/#\/schema\/logo\/image\/\",\"url\":\"https:\/\/ybeagroup.com\/wp-content\/uploads\/2025\/03\/cropped-fav.png\",\"contentUrl\":\"https:\/\/ybeagroup.com\/wp-content\/uploads\/2025\/03\/cropped-fav.png\",\"width\":512,\"height\":512,\"caption\":\"Ybea Group\"},\"image\":{\"@id\":\"https:\/\/ybeagroup.com\/gl\/#\/schema\/logo\/image\/\"}}]}<\/script>\n<!-- \/ Yoast SEO plugin. -->","yoast_head_json":{"title":"Plan de higiene - Ybea Group","robots":{"index":"index","follow":"follow","max-snippet":"max-snippet:-1","max-image-preview":"max-image-preview:large","max-video-preview":"max-video-preview:-1"},"canonical":"https:\/\/ybeagroup.com\/en\/plan-de-higiene\/","og_locale":"en_GB","og_type":"article","og_title":"Plan de higiene - Ybea Group","og_description":"Plan de higiene Consultor\u00eda en turismo y restauraci\u00f3n Auditor\u00edas de calidad de servicio\u00a0(mistery guest\/mistery diner) Coaching directivo Mejora de la experiencia gastron\u00f3mica del consumidor de restauraci\u00f3n\u00a0(Customer service) Dise\u00f1o de manuales operacionales Optimizaci\u00f3n de los sistemas de producci\u00f3n y gesti\u00f3n Estudio de necesidades de equipamientos para cocinas Implantaci\u00f3n de la Q de Calidad Tur\u00edstica \u00bfTienes dudas [&hellip;]","og_url":"https:\/\/ybeagroup.com\/en\/plan-de-higiene\/","og_site_name":"Ybea Group","article_modified_time":"2025-05-22T10:04:36+00:00","og_image":[{"url":"https:\/\/ybeagroup.com\/wp-content\/uploads\/2025\/04\/IMAGEN-PEQUENA-FORMACION-PROGRAMADA-scaled.jpg","type":"","width":"","height":""}],"twitter_card":"summary_large_image","schema":{"@context":"https:\/\/schema.org","@graph":[{"@type":"WebPage","@id":"https:\/\/ybeagroup.com\/plan-de-higiene\/","url":"https:\/\/ybeagroup.com\/plan-de-higiene\/","name":"Plan de higiene - Ybea Group","isPartOf":{"@id":"https:\/\/ybeagroup.com\/gl\/#website"},"primaryImageOfPage":{"@id":"https:\/\/ybeagroup.com\/plan-de-higiene\/#primaryimage"},"image":{"@id":"https:\/\/ybeagroup.com\/plan-de-higiene\/#primaryimage"},"thumbnailUrl":"https:\/\/ybeagroup.com\/wp-content\/uploads\/2025\/04\/IMAGEN-PEQUENA-FORMACION-PROGRAMADA-scaled.jpg","datePublished":"2025-05-22T09:30:40+00:00","dateModified":"2025-05-22T10:04:36+00:00","breadcrumb":{"@id":"https:\/\/ybeagroup.com\/plan-de-higiene\/#breadcrumb"},"inLanguage":"en-GB","potentialAction":[{"@type":"ReadAction","target":["https:\/\/ybeagroup.com\/plan-de-higiene\/"]}]},{"@type":"ImageObject","inLanguage":"en-GB","@id":"https:\/\/ybeagroup.com\/plan-de-higiene\/#primaryimage","url":"https:\/\/ybeagroup.com\/wp-content\/uploads\/2025\/04\/IMAGEN-PEQUENA-FORMACION-PROGRAMADA-scaled.jpg","contentUrl":"https:\/\/ybeagroup.com\/wp-content\/uploads\/2025\/04\/IMAGEN-PEQUENA-FORMACION-PROGRAMADA-scaled.jpg"},{"@type":"BreadcrumbList","@id":"https:\/\/ybeagroup.com\/plan-de-higiene\/#breadcrumb","itemListElement":[{"@type":"ListItem","position":1,"name":"Portada","item":"https:\/\/ybeagroup.com\/"},{"@type":"ListItem","position":2,"name":"Plan de higiene"}]},{"@type":"WebSite","@id":"https:\/\/ybeagroup.com\/gl\/#website","url":"https:\/\/ybeagroup.com\/gl\/","name":"Ybea Group","description":"Soluciones innovadoras en formaci\u00f3n y consultor\u00eda para empresas","publisher":{"@id":"https:\/\/ybeagroup.com\/gl\/#organization"},"potentialAction":[{"@type":"SearchAction","target":{"@type":"EntryPoint","urlTemplate":"https:\/\/ybeagroup.com\/gl\/?s={search_term_string}"},"query-input":{"@type":"PropertyValueSpecification","valueRequired":true,"valueName":"search_term_string"}}],"inLanguage":"en-GB"},{"@type":"Organization","@id":"https:\/\/ybeagroup.com\/gl\/#organization","name":"Ybea Group","url":"https:\/\/ybeagroup.com\/gl\/","logo":{"@type":"ImageObject","inLanguage":"en-GB","@id":"https:\/\/ybeagroup.com\/gl\/#\/schema\/logo\/image\/","url":"https:\/\/ybeagroup.com\/wp-content\/uploads\/2025\/03\/cropped-fav.png","contentUrl":"https:\/\/ybeagroup.com\/wp-content\/uploads\/2025\/03\/cropped-fav.png","width":512,"height":512,"caption":"Ybea Group"},"image":{"@id":"https:\/\/ybeagroup.com\/gl\/#\/schema\/logo\/image\/"}}]}},"_links":{"self":[{"href":"https:\/\/ybeagroup.com\/en\/wp-json\/wp\/v2\/pages\/2759","targetHints":{"allow":["GET"]}}],"collection":[{"href":"https:\/\/ybeagroup.com\/en\/wp-json\/wp\/v2\/pages"}],"about":[{"href":"https:\/\/ybeagroup.com\/en\/wp-json\/wp\/v2\/types\/page"}],"author":[{"embeddable":true,"href":"https:\/\/ybeagroup.com\/en\/wp-json\/wp\/v2\/users\/3"}],"replies":[{"embeddable":true,"href":"https:\/\/ybeagroup.com\/en\/wp-json\/wp\/v2\/comments?post=2759"}],"version-history":[{"count":13,"href":"https:\/\/ybeagroup.com\/en\/wp-json\/wp\/v2\/pages\/2759\/revisions"}],"predecessor-version":[{"id":2816,"href":"https:\/\/ybeagroup.com\/en\/wp-json\/wp\/v2\/pages\/2759\/revisions\/2816"}],"wp:attachment":[{"href":"https:\/\/ybeagroup.com\/en\/wp-json\/wp\/v2\/media?parent=2759"}],"curies":[{"name":"wp","href":"https:\/\/api.w.org\/{rel}","templated":true}]}}