{"id":16,"date":"2025-03-18T08:43:55","date_gmt":"2025-03-18T08:43:55","guid":{"rendered":"https:\/\/ybeagroup.com\/declaracion-de-accesibilidad\/"},"modified":"2025-03-21T11:58:02","modified_gmt":"2025-03-21T11:58:02","slug":"declaracion-de-accesibilidad","status":"publish","type":"page","link":"https:\/\/ybeagroup.com\/eu\/declaracion-de-accesibilidad\/","title":{"rendered":"Irisgarritasun adierazpena"},"content":{"rendered":"<div data-elementor-type=\"wp-page\" data-elementor-id=\"16\" class=\"elementor elementor-16\" data-elementor-post-type=\"page\">\n\t\t\t\t<div class=\"elementor-element elementor-element-13fdff2 e-flex e-con-boxed e-con e-parent\" data-id=\"13fdff2\" data-element_type=\"container\" data-settings=\"{&quot;background_background&quot;:&quot;classic&quot;}\">\n\t\t\t\t\t<div class=\"e-con-inner\">\n\t\t<div class=\"elementor-element elementor-element-6752aa14 e-con-full e-flex e-con e-child\" data-id=\"6752aa14\" data-element_type=\"container\">\n\t\t\t\t<div class=\"elementor-element elementor-element-2950c6d1 elementor-widget__width-inherit elementor-widget elementor-widget-heading\" data-id=\"2950c6d1\" data-element_type=\"widget\" data-widget_type=\"heading.default\">\n\t\t\t\t<div class=\"elementor-widget-container\">\n\t\t\t\t\t<h1 class=\"elementor-heading-title elementor-size-default\">Irisgarritasun adierazpena<\/h1>\t\t\t\t<\/div>\n\t\t\t\t<\/div>\n\t\t\t\t<\/div>\n\t\t\t\t\t<\/div>\n\t\t\t\t<\/div>\n\t\t<div class=\"elementor-element elementor-element-1f398d73 e-flex e-con-boxed e-con e-parent\" data-id=\"1f398d73\" data-element_type=\"container\">\n\t\t\t\t\t<div class=\"e-con-inner\">\n\t\t\t\t<div class=\"elementor-element elementor-element-6baeaae2 elementor-widget elementor-widget-text-editor\" data-id=\"6baeaae2\" data-element_type=\"widget\" data-widget_type=\"text-editor.default\">\n\t\t\t\t<div class=\"elementor-widget-container\">\n\t\t\t\t\t\t\t\t\t<p>CARINA MARILINA HERN\u00c1NDEZ DE TOMASek, 26834550J IFZarekin, bere webgunea irisgarria egiteko konpromisoa hartu du, sektore publikoko gailu mugikorretarako webgune eta aplikazioen irisgarritasunari buruzko irailaren 7ko 1112\/2018 Errege Dekretuaren arabera. Irisgarritasun adierazpen hau webgune honi aplikatzen zaio.<\/p><h3 class=\"wp-block-heading\">Betetze-egoera<\/h3><p>Webgune hau 1112\/2018 Errege Dekretuaren arabera garatu da.<\/p><h3 class=\"wp-block-heading\">Hurrengo irisgarritasun adierazpenerako prestatzen<\/h3><p>Adierazpen hau 2023ko maiatzaren 20an prestatu zen.<\/p><p>Adierazpena prestatzeko erabilitako metodoa autoebaluazioa izan zen.<\/p><h3 class=\"wp-block-heading\">Aukerako edukia<\/h3><p>Irisgarritasun-eskakizunei buruzko komunikazioak egin ditzakezu (1112\/2018 EDren 10.2.a artikulua), hala nola:<\/p><ul><li>Webgune honek izan dezakeen edozein ez-betetze posiblearen berri eman<\/li><li>Edukira sartzeko beste zailtasun batzuk adieraztea<\/li><li>Webgunearen irisgarritasunari buruzko beste edozein kontsulta edo hobekuntza iradokizun egin\u00a0<a href=\"\/eu\/contacto\/\">harremanetarako formularioa<\/a> webgune honetatik edo telefono zenbaki honen bidez: <a href=\"tel:%20952275086\"><span class=\"elementor-icon-list-text\">952 275 086<\/span><\/a><\/li><\/ul><p>Aurkeztu dezakezu:<\/p><ul><li>1112\/2018 Errege Dekretuaren betekizunen betetzeari buruzko kexa<\/li><li>Informazio eskuragarria eskatzeko honako hauei buruz:<ul><li>1112\/2018 EDren aplikazio-eremutik kanpo geratzen diren edukiak, 3. artikuluaren 4. atalean xedatutakoaren arabera<\/li><li>Zama neurrigabea ezartzeagatik irisgarritasun-eskakizunak betetzetik salbuetsita dagoen edukia<\/li><li>Informazio Eskuragarriaren Eskaeran, gertaerak, arrazoiak eta eskaera argi eta garbi adierazi behar dira eskaera arrazoizkoa eta zilegi dela frogatzeko.<\/li><\/ul><\/li><\/ul><p>Informazio eskuragarriari buruzko kexak eta erreklamazioak egoitza elektronikoaren bidez egingo dira (<a href=\"https:\/\/sede.red.gob.es\/procedimientos\/quejas-y-sugerencias\" target=\"_blank\" rel=\"noreferrer noopener\">https:\/\/sede.red.gob.es\/procedimientos\/quejas-y-sugerencias<\/a>), eta Red.es-eko Informazio Sistemen arloak jaso eta prozesatuko ditu.<\/p><h3 class=\"wp-block-heading\">Iruzkinak eta harremanetarako informazioa<\/h3><ul><li>Nabigatzaile grafiko nagusietan letra-tamaina aldatzeko, erabili menu hauek:<\/li><li>Safari: Ikusi &gt; Testua handitu<\/li><li>Chrome: Uneko orria kontrolatu &gt; Testuaren tamaina<\/li><\/ul><p>Orrialdeko guztiaren tamaina aldatzeko:<\/p><ul><li>Ctrl++ handitzeko<\/li><li>Ktrl + \u2013 txikitzeko<\/li><li>Ctrl + 0 jatorrizko testuaren tamaina berreskuratzen du<\/li><li>Estilo-orria gainidatzi edo testuaren kolorea aldatu nahi baduzu, WAIren Nola Aldatu Testuaren Tamaina edo Koloreak orria kontsulta dezakezu, gaztelaniara itzulita irakur daitekeena Nola aldatu testuaren tamaina edo koloreak? helbidean.<\/li><\/ul>\t\t\t\t\t\t\t\t<\/div>\n\t\t\t\t<\/div>\n\t\t\t\t\t<\/div>\n\t\t\t\t<\/div>\n\t\t\t\t<\/div>","protected":false},"excerpt":{"rendered":"<p>CARINA MARILINA HERN\u00c1NDEZ DE TOMASek, 26834550J IFZrekin, bere webgunea irisgarri egiteko konpromisoa hartu du, sektore publikoko webguneen eta mugikorretarako aplikazioen irisgarritasunari buruzko irailaren 7ko 1112\/2018 Errege Dekretuaren arabera. Irisgarritasun adierazpen hau webgune honi aplikatzen zaio. Betetze egoera: Hau [\u2026]<\/p>","protected":false},"author":1,"featured_media":0,"parent":0,"menu_order":0,"comment_status":"closed","ping_status":"closed","template":"","meta":{"footnotes":""},"class_list":["post-16","page","type-page","status-publish","hentry"],"yoast_head":"<!-- This site is optimized with the Yoast SEO plugin v26.4 - https:\/\/yoast.com\/wordpress\/plugins\/seo\/ -->\n<title>Declaraci\u00f3n de accesibilidad - Ybea Group<\/title>\n<meta name=\"robots\" content=\"index, follow, max-snippet:-1, max-image-preview:large, max-video-preview:-1\" \/>\n<link rel=\"canonical\" href=\"https:\/\/ybeagroup.com\/eu\/declaracion-de-accesibilidad\/\" \/>\n<meta property=\"og:locale\" content=\"en_US\" \/>\n<meta property=\"og:type\" content=\"article\" \/>\n<meta property=\"og:title\" content=\"Declaraci\u00f3n de accesibilidad - Ybea Group\" \/>\n<meta property=\"og:description\" content=\"CARINA MARILINA HERN\u00c1NDEZ DE TOMAS con NIF 26834550J se ha comprometido a hacer accesible su sitio web, de conformidad con el Real Decreto 1112\/2018, de 7 de septiembre, sobre accesibilidad de los sitios web y aplicaciones para dispositivos m\u00f3viles del sector p\u00fablico. Esta declaraci\u00f3n de accesibilidad se aplica a esta web. Situaci\u00f3n de cumplimiento Este [&hellip;]\" \/>\n<meta property=\"og:url\" content=\"https:\/\/ybeagroup.com\/eu\/declaracion-de-accesibilidad\/\" \/>\n<meta property=\"og:site_name\" content=\"Ybea Group\" \/>\n<meta property=\"article:modified_time\" content=\"2025-03-21T11:58:02+00:00\" \/>\n<meta name=\"twitter:card\" content=\"summary_large_image\" \/>\n<meta name=\"twitter:label1\" content=\"Est. reading time\" \/>\n\t<meta name=\"twitter:data1\" content=\"2 minutua\" \/>\n<script type=\"application\/ld+json\" class=\"yoast-schema-graph\">{\"@context\":\"https:\/\/schema.org\",\"@graph\":[{\"@type\":\"WebPage\",\"@id\":\"https:\/\/ybeagroup.com\/en\/declaracion-de-accesibilidad\/\",\"url\":\"https:\/\/ybeagroup.com\/en\/declaracion-de-accesibilidad\/\",\"name\":\"Declaraci\u00f3n de accesibilidad - Ybea Group\",\"isPartOf\":{\"@id\":\"https:\/\/ybeagroup.com\/gl\/#website\"},\"datePublished\":\"2025-03-18T08:43:55+00:00\",\"dateModified\":\"2025-03-21T11:58:02+00:00\",\"breadcrumb\":{\"@id\":\"https:\/\/ybeagroup.com\/en\/declaracion-de-accesibilidad\/#breadcrumb\"},\"inLanguage\":\"eu\",\"potentialAction\":[{\"@type\":\"ReadAction\",\"target\":[\"https:\/\/ybeagroup.com\/en\/declaracion-de-accesibilidad\/\"]}]},{\"@type\":\"BreadcrumbList\",\"@id\":\"https:\/\/ybeagroup.com\/en\/declaracion-de-accesibilidad\/#breadcrumb\",\"itemListElement\":[{\"@type\":\"ListItem\",\"position\":1,\"name\":\"Portada\",\"item\":\"https:\/\/ybeagroup.com\/\"},{\"@type\":\"ListItem\",\"position\":2,\"name\":\"Declaraci\u00f3n de accesibilidad\"}]},{\"@type\":\"WebSite\",\"@id\":\"https:\/\/ybeagroup.com\/gl\/#website\",\"url\":\"https:\/\/ybeagroup.com\/gl\/\",\"name\":\"Ybea Group\",\"description\":\"Soluciones innovadoras en formaci\u00f3n y consultor\u00eda para empresas\",\"publisher\":{\"@id\":\"https:\/\/ybeagroup.com\/gl\/#organization\"},\"potentialAction\":[{\"@type\":\"SearchAction\",\"target\":{\"@type\":\"EntryPoint\",\"urlTemplate\":\"https:\/\/ybeagroup.com\/gl\/?s={search_term_string}\"},\"query-input\":{\"@type\":\"PropertyValueSpecification\",\"valueRequired\":true,\"valueName\":\"search_term_string\"}}],\"inLanguage\":\"eu\"},{\"@type\":\"Organization\",\"@id\":\"https:\/\/ybeagroup.com\/gl\/#organization\",\"name\":\"Ybea Group\",\"url\":\"https:\/\/ybeagroup.com\/gl\/\",\"logo\":{\"@type\":\"ImageObject\",\"inLanguage\":\"eu\",\"@id\":\"https:\/\/ybeagroup.com\/gl\/#\/schema\/logo\/image\/\",\"url\":\"https:\/\/ybeagroup.com\/wp-content\/uploads\/2025\/03\/cropped-fav.png\",\"contentUrl\":\"https:\/\/ybeagroup.com\/wp-content\/uploads\/2025\/03\/cropped-fav.png\",\"width\":512,\"height\":512,\"caption\":\"Ybea Group\"},\"image\":{\"@id\":\"https:\/\/ybeagroup.com\/gl\/#\/schema\/logo\/image\/\"}}]}<\/script>\n<!-- \/ Yoast SEO plugin. -->","yoast_head_json":{"title":"Declaraci\u00f3n de accesibilidad - Ybea Group","robots":{"index":"index","follow":"follow","max-snippet":"max-snippet:-1","max-image-preview":"max-image-preview:large","max-video-preview":"max-video-preview:-1"},"canonical":"https:\/\/ybeagroup.com\/eu\/declaracion-de-accesibilidad\/","og_locale":"en_US","og_type":"article","og_title":"Declaraci\u00f3n de accesibilidad - Ybea Group","og_description":"CARINA MARILINA HERN\u00c1NDEZ DE TOMAS con NIF 26834550J se ha comprometido a hacer accesible su sitio web, de conformidad con el Real Decreto 1112\/2018, de 7 de septiembre, sobre accesibilidad de los sitios web y aplicaciones para dispositivos m\u00f3viles del sector p\u00fablico. Esta declaraci\u00f3n de accesibilidad se aplica a esta web. Situaci\u00f3n de cumplimiento Este [&hellip;]","og_url":"https:\/\/ybeagroup.com\/eu\/declaracion-de-accesibilidad\/","og_site_name":"Ybea Group","article_modified_time":"2025-03-21T11:58:02+00:00","twitter_card":"summary_large_image","twitter_misc":{"Est. reading time":"2 minutua"},"schema":{"@context":"https:\/\/schema.org","@graph":[{"@type":"WebPage","@id":"https:\/\/ybeagroup.com\/en\/declaracion-de-accesibilidad\/","url":"https:\/\/ybeagroup.com\/en\/declaracion-de-accesibilidad\/","name":"Declaraci\u00f3n de accesibilidad - Ybea Group","isPartOf":{"@id":"https:\/\/ybeagroup.com\/gl\/#website"},"datePublished":"2025-03-18T08:43:55+00:00","dateModified":"2025-03-21T11:58:02+00:00","breadcrumb":{"@id":"https:\/\/ybeagroup.com\/en\/declaracion-de-accesibilidad\/#breadcrumb"},"inLanguage":"eu","potentialAction":[{"@type":"ReadAction","target":["https:\/\/ybeagroup.com\/en\/declaracion-de-accesibilidad\/"]}]},{"@type":"BreadcrumbList","@id":"https:\/\/ybeagroup.com\/en\/declaracion-de-accesibilidad\/#breadcrumb","itemListElement":[{"@type":"ListItem","position":1,"name":"Portada","item":"https:\/\/ybeagroup.com\/"},{"@type":"ListItem","position":2,"name":"Declaraci\u00f3n de accesibilidad"}]},{"@type":"WebSite","@id":"https:\/\/ybeagroup.com\/gl\/#website","url":"https:\/\/ybeagroup.com\/gl\/","name":"Ybea Group","description":"Soluciones innovadoras en formaci\u00f3n y consultor\u00eda para empresas","publisher":{"@id":"https:\/\/ybeagroup.com\/gl\/#organization"},"potentialAction":[{"@type":"SearchAction","target":{"@type":"EntryPoint","urlTemplate":"https:\/\/ybeagroup.com\/gl\/?s={search_term_string}"},"query-input":{"@type":"PropertyValueSpecification","valueRequired":true,"valueName":"search_term_string"}}],"inLanguage":"eu"},{"@type":"Organization","@id":"https:\/\/ybeagroup.com\/gl\/#organization","name":"Ybea Group","url":"https:\/\/ybeagroup.com\/gl\/","logo":{"@type":"ImageObject","inLanguage":"eu","@id":"https:\/\/ybeagroup.com\/gl\/#\/schema\/logo\/image\/","url":"https:\/\/ybeagroup.com\/wp-content\/uploads\/2025\/03\/cropped-fav.png","contentUrl":"https:\/\/ybeagroup.com\/wp-content\/uploads\/2025\/03\/cropped-fav.png","width":512,"height":512,"caption":"Ybea Group"},"image":{"@id":"https:\/\/ybeagroup.com\/gl\/#\/schema\/logo\/image\/"}}]}},"_links":{"self":[{"href":"https:\/\/ybeagroup.com\/eu\/wp-json\/wp\/v2\/pages\/16","targetHints":{"allow":["GET"]}}],"collection":[{"href":"https:\/\/ybeagroup.com\/eu\/wp-json\/wp\/v2\/pages"}],"about":[{"href":"https:\/\/ybeagroup.com\/eu\/wp-json\/wp\/v2\/types\/page"}],"author":[{"embeddable":true,"href":"https:\/\/ybeagroup.com\/eu\/wp-json\/wp\/v2\/users\/1"}],"replies":[{"embeddable":true,"href":"https:\/\/ybeagroup.com\/eu\/wp-json\/wp\/v2\/comments?post=16"}],"version-history":[{"count":10,"href":"https:\/\/ybeagroup.com\/eu\/wp-json\/wp\/v2\/pages\/16\/revisions"}],"predecessor-version":[{"id":1690,"href":"https:\/\/ybeagroup.com\/eu\/wp-json\/wp\/v2\/pages\/16\/revisions\/1690"}],"wp:attachment":[{"href":"https:\/\/ybeagroup.com\/eu\/wp-json\/wp\/v2\/media?parent=16"}],"curies":[{"name":"wp","href":"https:\/\/api.w.org\/{rel}","templated":true}]}}