{"id":2744,"date":"2025-05-22T09:23:07","date_gmt":"2025-05-22T09:23:07","guid":{"rendered":"https:\/\/ybeagroup.com\/?page_id=2744"},"modified":"2025-05-22T10:03:48","modified_gmt":"2025-05-22T10:03:48","slug":"seguridad-alimentaria-iso-2200","status":"publish","type":"page","link":"https:\/\/ybeagroup.com\/eu\/seguridad-alimentaria-iso-2200\/","title":{"rendered":"Elikagaien segurtasuna ISO 2200"},"content":{"rendered":"<div data-elementor-type=\"wp-page\" data-elementor-id=\"2744\" class=\"elementor elementor-2744\" data-elementor-post-type=\"page\">\n\t\t\t\t<div class=\"elementor-element elementor-element-1d2f96d e-flex e-con-boxed e-con e-parent\" data-id=\"1d2f96d\" data-element_type=\"container\" data-settings=\"{&quot;background_background&quot;:&quot;classic&quot;}\">\n\t\t\t\t\t<div class=\"e-con-inner\">\n\t\t\t\t<div class=\"elementor-element elementor-element-f179649 animated-slow elementor-invisible elementor-widget elementor-widget-heading\" data-id=\"f179649\" data-element_type=\"widget\" data-settings=\"{&quot;_animation&quot;:&quot;fadeInDown&quot;}\" data-widget_type=\"heading.default\">\n\t\t\t\t<div class=\"elementor-widget-container\">\n\t\t\t\t\t<h1 class=\"elementor-heading-title elementor-size-default\">Elikagaien Segurtasuna ISO 2200<\/h1>\t\t\t\t<\/div>\n\t\t\t\t<\/div>\n\t\t\t\t\t<\/div>\n\t\t\t\t<\/div>\n\t\t<div class=\"elementor-element elementor-element-87c0852 e-con-full e-flex e-con e-parent\" data-id=\"87c0852\" data-element_type=\"container\" data-settings=\"{&quot;background_background&quot;:&quot;classic&quot;}\">\n\t\t<div class=\"elementor-element elementor-element-6fc7830 e-con-full e-flex elementor-invisible e-con e-child\" data-id=\"6fc7830\" data-element_type=\"container\" data-settings=\"{&quot;animation&quot;:&quot;fadeInUp&quot;,&quot;background_background&quot;:&quot;classic&quot;}\">\n\t\t\t\t<div class=\"elementor-element elementor-element-5f4adb6 elementor-widget elementor-widget-image\" data-id=\"5f4adb6\" data-element_type=\"widget\" data-widget_type=\"image.default\">\n\t\t\t\t<div class=\"elementor-widget-container\">\n\t\t\t\t\t\t\t\t\t\t\t\t\t\t\t<img fetchpriority=\"high\" decoding=\"async\" width=\"2560\" height=\"1463\" src=\"https:\/\/ybeagroup.com\/wp-content\/uploads\/2025\/04\/IMAGEN-PEQUENA-FORMACION-PROGRAMADA-scaled.jpg\" class=\"attachment-full size-full wp-image-2035\" alt=\"\" srcset=\"https:\/\/ybeagroup.com\/wp-content\/uploads\/2025\/04\/IMAGEN-PEQUENA-FORMACION-PROGRAMADA-scaled.jpg 2560w, https:\/\/ybeagroup.com\/wp-content\/uploads\/2025\/04\/IMAGEN-PEQUENA-FORMACION-PROGRAMADA-300x171.jpg 300w, https:\/\/ybeagroup.com\/wp-content\/uploads\/2025\/04\/IMAGEN-PEQUENA-FORMACION-PROGRAMADA-1024x585.jpg 1024w, https:\/\/ybeagroup.com\/wp-content\/uploads\/2025\/04\/IMAGEN-PEQUENA-FORMACION-PROGRAMADA-768x439.jpg 768w, https:\/\/ybeagroup.com\/wp-content\/uploads\/2025\/04\/IMAGEN-PEQUENA-FORMACION-PROGRAMADA-1536x878.jpg 1536w, https:\/\/ybeagroup.com\/wp-content\/uploads\/2025\/04\/IMAGEN-PEQUENA-FORMACION-PROGRAMADA-2048x1170.jpg 2048w\" sizes=\"(max-width: 2560px) 100vw, 2560px\" \/>\t\t\t\t\t\t\t\t\t\t\t\t\t\t\t<\/div>\n\t\t\t\t<\/div>\n\t\t\t\t<\/div>\n\t\t<div class=\"elementor-element elementor-element-aeb5af3 e-con-full e-flex elementor-invisible e-con e-child\" data-id=\"aeb5af3\" data-element_type=\"container\" data-settings=\"{&quot;animation&quot;:&quot;fadeInDown&quot;}\">\n\t\t\t\t<div class=\"elementor-element elementor-element-4c024db elementor-widget elementor-widget-heading\" data-id=\"4c024db\" data-element_type=\"widget\" data-widget_type=\"heading.default\">\n\t\t\t\t<div class=\"elementor-widget-container\">\n\t\t\t\t\t<h2 class=\"elementor-heading-title elementor-size-default\">Elikagaien Segurtasun Aholkularitza<\/h2>\t\t\t\t<\/div>\n\t\t\t\t<\/div>\n\t\t<div class=\"elementor-element elementor-element-b493de8 e-con-full e-flex e-con e-child\" data-id=\"b493de8\" data-element_type=\"container\">\n\t\t\t\t<div class=\"elementor-element elementor-element-3e33855 elementor-widget-divider--view-line elementor-widget elementor-widget-divider\" data-id=\"3e33855\" data-element_type=\"widget\" data-widget_type=\"divider.default\">\n\t\t\t\t<div class=\"elementor-widget-container\">\n\t\t\t\t\t\t\t<div class=\"elementor-divider\">\n\t\t\t<span class=\"elementor-divider-separator\">\n\t\t\t\t\t\t<\/span>\n\t\t<\/div>\n\t\t\t\t\t\t<\/div>\n\t\t\t\t<\/div>\n\t\t\t\t<div class=\"elementor-element elementor-element-f2b5d1d animated-slow elementor-invisible elementor-widget elementor-widget-text-editor\" data-id=\"f2b5d1d\" data-element_type=\"widget\" data-settings=\"{&quot;_animation&quot;:&quot;fadeInDown&quot;,&quot;_animation_delay&quot;:400}\" data-widget_type=\"text-editor.default\">\n\t\t\t\t<div class=\"elementor-widget-container\">\n\t\t\t\t\t\t\t\t\t<p class=\"ds-markdown-paragraph\">Ybea Taldean, beharrezko aholkularitza eskaintzen dugu eta zurekin lan egiten dugu zure enpresak maila guztietako araudi guztiak betetzen dituela ziurtatzeko:<\/p><ul><li><p class=\"ds-markdown-paragraph\"><strong>Osasun erregistroa<\/strong><\/p><\/li><li><p class=\"ds-markdown-paragraph\"><strong>Higiene Plana<\/strong><\/p><\/li><li><p class=\"ds-markdown-paragraph\"><strong>HACCP (Arriskuen Analisia eta Kontrol Puntu Kritikoak):<\/strong>\u00a0Sistemaren diseinua eta monitorizazioa<\/p><\/li><li><p class=\"ds-markdown-paragraph\"><strong>HACCP Higiene Autokontrol Eskuliburuaren Diseinua eta Ezarpena<\/strong>, auditoriak<\/p><\/li><li><p class=\"ds-markdown-paragraph\"><strong>Elikagaien manipulatzaileen prestakuntza<\/strong>\u00a0sektore espezifiko<\/p><\/li><li><p class=\"ds-markdown-paragraph\"><strong>Analisi mikrobiologikoa:<\/strong>\u00a0janaria, gainazalak, manipulatzaileak, uraren analisia<\/p><\/li><li><p class=\"ds-markdown-paragraph\"><strong>Prestakuntza Planaren Diseinua<\/strong><\/p><\/li><li><p class=\"ds-markdown-paragraph\"><strong>Aholkularitza teknikoa<\/strong><\/p><\/li><li><p class=\"ds-markdown-paragraph\"><strong>Alergenoen Lege eta etiketatze berrira egokitzea<\/strong><\/p><\/li><\/ul>\t\t\t\t\t\t\t\t<\/div>\n\t\t\t\t<\/div>\n\t\t<div class=\"elementor-element elementor-element-b2cbce6 e-grid e-con-full e-con e-child\" data-id=\"b2cbce6\" data-element_type=\"container\">\n\t\t\t\t<div class=\"elementor-element elementor-element-559fdd0 elementor-widget elementor-widget-image\" data-id=\"559fdd0\" data-element_type=\"widget\" data-widget_type=\"image.default\">\n\t\t\t\t<div class=\"elementor-widget-container\">\n\t\t\t\t\t\t\t\t\t\t\t\t\t\t\t<img decoding=\"async\" width=\"800\" height=\"586\" src=\"https:\/\/ybeagroup.com\/wp-content\/uploads\/2025\/05\/ifs-logo.jpg\" class=\"attachment-large size-large wp-image-2685\" alt=\"\" srcset=\"https:\/\/ybeagroup.com\/wp-content\/uploads\/2025\/05\/ifs-logo.jpg 945w, https:\/\/ybeagroup.com\/wp-content\/uploads\/2025\/05\/ifs-logo-300x220.jpg 300w, https:\/\/ybeagroup.com\/wp-content\/uploads\/2025\/05\/ifs-logo-768x562.jpg 768w, https:\/\/ybeagroup.com\/wp-content\/uploads\/2025\/05\/ifs-logo-16x12.jpg 16w\" sizes=\"(max-width: 800px) 100vw, 800px\" \/>\t\t\t\t\t\t\t\t\t\t\t\t\t\t\t<\/div>\n\t\t\t\t<\/div>\n\t\t\t\t<div class=\"elementor-element elementor-element-2afaf6a elementor-widget elementor-widget-image\" data-id=\"2afaf6a\" data-element_type=\"widget\" data-widget_type=\"image.default\">\n\t\t\t\t<div class=\"elementor-widget-container\">\n\t\t\t\t\t\t\t\t\t\t\t\t\t\t\t<img decoding=\"async\" width=\"800\" height=\"586\" src=\"https:\/\/ybeagroup.com\/wp-content\/uploads\/2025\/05\/sesal-logo.jpg\" class=\"attachment-large size-large wp-image-2687\" alt=\"\" srcset=\"https:\/\/ybeagroup.com\/wp-content\/uploads\/2025\/05\/sesal-logo.jpg 945w, https:\/\/ybeagroup.com\/wp-content\/uploads\/2025\/05\/sesal-logo-300x220.jpg 300w, https:\/\/ybeagroup.com\/wp-content\/uploads\/2025\/05\/sesal-logo-768x562.jpg 768w, https:\/\/ybeagroup.com\/wp-content\/uploads\/2025\/05\/sesal-logo-16x12.jpg 16w\" sizes=\"(max-width: 800px) 100vw, 800px\" \/>\t\t\t\t\t\t\t\t\t\t\t\t\t\t\t<\/div>\n\t\t\t\t<\/div>\n\t\t\t\t<\/div>\n\t\t\t\t<\/div>\n\t\t\t\t<\/div>\n\t\t\t\t<\/div>\n\t\t<div class=\"elementor-element elementor-element-2bb6de1 e-grid e-con-boxed e-con e-parent\" data-id=\"2bb6de1\" data-element_type=\"container\" data-settings=\"{&quot;background_background&quot;:&quot;classic&quot;}\">\n\t\t\t\t\t<div class=\"e-con-inner\">\n\t\t<div class=\"elementor-element elementor-element-14451c4 e-con-full e-flex elementor-invisible e-con e-child\" data-id=\"14451c4\" data-element_type=\"container\" data-settings=\"{&quot;animation&quot;:&quot;fadeInUp&quot;,&quot;background_background&quot;:&quot;classic&quot;}\">\n\t\t<div class=\"elementor-element elementor-element-4017c83 e-grid e-con-full e-con e-child\" data-id=\"4017c83\" data-element_type=\"container\">\n\t\t\t\t<div class=\"elementor-element elementor-element-9a99888 animated-slow elementor-invisible elementor-widget elementor-widget-heading\" data-id=\"9a99888\" data-element_type=\"widget\" data-settings=\"{&quot;_animation&quot;:&quot;fadeInDown&quot;,&quot;_animation_delay&quot;:200}\" data-widget_type=\"heading.default\">\n\t\t\t\t<div class=\"elementor-widget-container\">\n\t\t\t\t\t<h2 class=\"elementor-heading-title elementor-size-default\">Eskatu informazioa gure elikagaien segurtasun zerbitzuei buruz<\/h2>\t\t\t\t<\/div>\n\t\t\t\t<\/div>\n\t\t\t\t<\/div>\n\t\t\t\t<div class=\"elementor-element elementor-element-0516f27 elementor-widget elementor-widget-text-editor\" data-id=\"0516f27\" data-element_type=\"widget\" data-widget_type=\"text-editor.default\">\n\t\t\t\t<div class=\"elementor-widget-container\">\n\t\t\t\t\t\t\t\t\t<p>\n<div class=\"wpcf7 no-js\" id=\"wpcf7-f8-o1\" lang=\"es-ES\" dir=\"ltr\" data-wpcf7-id=\"8\">\n<div class=\"screen-reader-response\"><p role=\"status\" aria-live=\"polite\"><\/p> <ul><\/ul><\/div>\n\n<fieldset class=\"hidden-fields-container\">\n<\/fieldset>\n<div class=\"form\">\n\t<p><span class=\"wpcf7-form-control-wrap\" data-name=\"your-name\"><\/span>\n\t<\/p>\n<\/div>\n<div class=\"form\">\n\t<p><span class=\"wpcf7-form-control-wrap\" data-name=\"your-email\"><\/span>\n\t<\/p>\n<\/div>\n<div class=\"form\">\n\t<p><span class=\"wpcf7-form-control-wrap\" data-name=\"tel-802\"><\/span>\n\t<\/p>\n<\/div>\n<div class=\"form\">\n\t<p><span class=\"wpcf7-form-control-wrap\" data-name=\"your-message\"><textarea cols=\"40\" rows=\"4\" class=\"wpcf7-form-control wpcf7-textarea wpcf7-validates-as-required\" name=\"your-message\"><\/textarea><\/span>\n\t<\/p>\n<\/div>\n<div class=\"form\">\n\t<p><span class=\"wpcf7-form-control-wrap\" data-name=\"acceptance-902\"><span class=\"wpcf7-form-control wpcf7-acceptance\"><span class=\"wpcf7-list-item\"><label><span class=\"wpcf7-list-item-label\">Irakurri eta onartzen dut <a href=\"\/eu\/aviso-legal\/\">legezko oharra<\/a> eta <a href=\"\/eu\/politica-de-privacidad\/\">Pribatutasun Politika<\/a><\/span><\/label><\/span><\/span><\/span>\n\t<\/p>\n<\/div>\n<div class=\"form\">\n\t<p>\n\t<\/p>\n<\/div><div class=\"wpcf7-response-output\" aria-hidden=\"true\"><\/div>\n\n<\/div>\n<\/p>\t\t\t\t\t\t\t\t<\/div>\n\t\t\t\t<\/div>\n\t\t\t\t<\/div>\n\t\t\t\t<div class=\"elementor-element elementor-element-cae0609 elementor-widget elementor-widget-image\" data-id=\"cae0609\" data-element_type=\"widget\" data-widget_type=\"image.default\">\n\t\t\t\t<div class=\"elementor-widget-container\">\n\t\t\t\t\t\t\t\t\t\t\t\t\t\t\t<img loading=\"lazy\" decoding=\"async\" width=\"800\" height=\"534\" src=\"https:\/\/ybeagroup.com\/wp-content\/uploads\/2025\/04\/IMAGEN-GRANDE-FORMACION-PROGRAMADA-1024x683.jpg\" class=\"attachment-large size-large wp-image-1989\" alt=\"\" srcset=\"https:\/\/ybeagroup.com\/wp-content\/uploads\/2025\/04\/IMAGEN-GRANDE-FORMACION-PROGRAMADA-1024x683.jpg 1024w, https:\/\/ybeagroup.com\/wp-content\/uploads\/2025\/04\/IMAGEN-GRANDE-FORMACION-PROGRAMADA-300x200.jpg 300w, https:\/\/ybeagroup.com\/wp-content\/uploads\/2025\/04\/IMAGEN-GRANDE-FORMACION-PROGRAMADA-768x512.jpg 768w, https:\/\/ybeagroup.com\/wp-content\/uploads\/2025\/04\/IMAGEN-GRANDE-FORMACION-PROGRAMADA-1536x1024.jpg 1536w, https:\/\/ybeagroup.com\/wp-content\/uploads\/2025\/04\/IMAGEN-GRANDE-FORMACION-PROGRAMADA-2048x1365.jpg 2048w\" sizes=\"(max-width: 800px) 100vw, 800px\" \/>\t\t\t\t\t\t\t\t\t\t\t\t\t\t\t<\/div>\n\t\t\t\t<\/div>\n\t\t\t\t\t<\/div>\n\t\t\t\t<\/div>\n\t\t<div class=\"elementor-element elementor-element-b98103f e-flex e-con-boxed e-con e-parent\" data-id=\"b98103f\" data-element_type=\"container\" data-settings=\"{&quot;background_background&quot;:&quot;classic&quot;}\">\n\t\t\t\t\t<div class=\"e-con-inner\">\n\t\t<div class=\"elementor-element elementor-element-67f432d e-flex e-con-boxed elementor-invisible e-con e-child\" data-id=\"67f432d\" data-element_type=\"container\" data-settings=\"{&quot;animation&quot;:&quot;fadeInDown&quot;}\">\n\t\t\t\t\t<div class=\"e-con-inner\">\n\t\t\t\t<div class=\"elementor-element elementor-element-e4bee87 animated-slow elementor-invisible elementor-widget elementor-widget-heading\" data-id=\"e4bee87\" data-element_type=\"widget\" data-settings=\"{&quot;_animation&quot;:&quot;fadeInDown&quot;}\" data-widget_type=\"heading.default\">\n\t\t\t\t<div class=\"elementor-widget-container\">\n\t\t\t\t\t<h3 class=\"elementor-heading-title elementor-size-default\">Janari segurua bermatzen du. Jarri gurekin harremanetan<\/h3>\t\t\t\t<\/div>\n\t\t\t\t<\/div>\n\t\t\t\t\t<\/div>\n\t\t\t\t<\/div>\n\t\t\t\t<div class=\"elementor-element elementor-element-b2656d0 elementor-widget elementor-widget-button\" data-id=\"b2656d0\" data-element_type=\"widget\" data-widget_type=\"button.default\">\n\t\t\t\t<div class=\"elementor-widget-container\">\n\t\t\t\t\t\t\t\t\t<div class=\"elementor-button-wrapper\">\n\t\t\t\t\t<a class=\"elementor-button elementor-button-link elementor-size-sm\" href=\"https:\/\/ybeagroup.com\/eu\/contacto\/\">\n\t\t\t\t\t\t<span class=\"elementor-button-content-wrapper\">\n\t\t\t\t\t\t\t\t\t<span class=\"elementor-button-text\">Kontaktua<\/span>\n\t\t\t\t\t<\/span>\n\t\t\t\t\t<\/a>\n\t\t\t\t<\/div>\n\t\t\t\t\t\t\t\t<\/div>\n\t\t\t\t<\/div>\n\t\t\t\t\t<\/div>\n\t\t\t\t<\/div>\n\t\t\t\t<\/div>","protected":false},"excerpt":{"rendered":"<p>ISO 2200 Elikagaien Segurtasun Aholkularitza Ybea Taldean, beharrezko aholkularitza eskaintzen dugu eta zurekin lan egiten dugu zure enpresak maila ezberdinetako araudi guztiak betetzen dituela ziurtatzeko: Osasun erregistroa Higiene Plana HACCP (Arriskuen Analisia eta Kontrol Puntu Kritikoak): Sistemaren diseinua eta monitorizazioa [\u2026] Diseinua eta ezarpena<\/p>","protected":false},"author":3,"featured_media":0,"parent":0,"menu_order":0,"comment_status":"closed","ping_status":"closed","template":"","meta":{"footnotes":""},"class_list":["post-2744","page","type-page","status-publish","hentry"],"yoast_head":"<!-- This site is optimized with the Yoast SEO plugin v26.4 - https:\/\/yoast.com\/wordpress\/plugins\/seo\/ -->\n<title>Seguridad alimentaria ISO 2200 - Ybea Group<\/title>\n<meta name=\"robots\" content=\"index, follow, max-snippet:-1, max-image-preview:large, max-video-preview:-1\" \/>\n<link rel=\"canonical\" href=\"https:\/\/ybeagroup.com\/eu\/seguridad-alimentaria-iso-2200\/\" \/>\n<meta property=\"og:locale\" content=\"en_US\" \/>\n<meta property=\"og:type\" content=\"article\" \/>\n<meta property=\"og:title\" content=\"Seguridad alimentaria ISO 2200 - Ybea Group\" \/>\n<meta property=\"og:description\" content=\"Seguridad Alimentaria ISO 2200 Asesor\u00eda Seguridad Alimentaria Desde Ybea Group te damos el asesoramiento necesario y trabajamos contigo para conseguir que tu empresa d\u00e9 cumplimiento a toda la normativa en sus distintos niveles: Registro sanitario Plan de Higiene APPCC (An\u00e1lisis de Peligros y Puntos de Control Cr\u00edticos):\u00a0Dise\u00f1o y seguimiento del sistema Dise\u00f1o e Implantaci\u00f3n de [&hellip;]\" \/>\n<meta property=\"og:url\" content=\"https:\/\/ybeagroup.com\/eu\/seguridad-alimentaria-iso-2200\/\" \/>\n<meta property=\"og:site_name\" content=\"Ybea Group\" \/>\n<meta property=\"article:modified_time\" content=\"2025-05-22T10:03:48+00:00\" \/>\n<meta property=\"og:image\" content=\"https:\/\/ybeagroup.com\/wp-content\/uploads\/2025\/04\/IMAGEN-PEQUENA-FORMACION-PROGRAMADA-scaled.jpg\" \/>\n<meta name=\"twitter:card\" content=\"summary_large_image\" \/>\n<meta name=\"twitter:label1\" content=\"Est. reading time\" \/>\n\t<meta name=\"twitter:data1\" content=\"1 minutua\" \/>\n<script type=\"application\/ld+json\" class=\"yoast-schema-graph\">{\"@context\":\"https:\/\/schema.org\",\"@graph\":[{\"@type\":\"WebPage\",\"@id\":\"https:\/\/ybeagroup.com\/seguridad-alimentaria-iso-2200\/\",\"url\":\"https:\/\/ybeagroup.com\/seguridad-alimentaria-iso-2200\/\",\"name\":\"Seguridad alimentaria ISO 2200 - Ybea Group\",\"isPartOf\":{\"@id\":\"https:\/\/ybeagroup.com\/gl\/#website\"},\"primaryImageOfPage\":{\"@id\":\"https:\/\/ybeagroup.com\/seguridad-alimentaria-iso-2200\/#primaryimage\"},\"image\":{\"@id\":\"https:\/\/ybeagroup.com\/seguridad-alimentaria-iso-2200\/#primaryimage\"},\"thumbnailUrl\":\"https:\/\/ybeagroup.com\/wp-content\/uploads\/2025\/04\/IMAGEN-PEQUENA-FORMACION-PROGRAMADA-scaled.jpg\",\"datePublished\":\"2025-05-22T09:23:07+00:00\",\"dateModified\":\"2025-05-22T10:03:48+00:00\",\"breadcrumb\":{\"@id\":\"https:\/\/ybeagroup.com\/seguridad-alimentaria-iso-2200\/#breadcrumb\"},\"inLanguage\":\"eu\",\"potentialAction\":[{\"@type\":\"ReadAction\",\"target\":[\"https:\/\/ybeagroup.com\/seguridad-alimentaria-iso-2200\/\"]}]},{\"@type\":\"ImageObject\",\"inLanguage\":\"eu\",\"@id\":\"https:\/\/ybeagroup.com\/seguridad-alimentaria-iso-2200\/#primaryimage\",\"url\":\"https:\/\/ybeagroup.com\/wp-content\/uploads\/2025\/04\/IMAGEN-PEQUENA-FORMACION-PROGRAMADA-scaled.jpg\",\"contentUrl\":\"https:\/\/ybeagroup.com\/wp-content\/uploads\/2025\/04\/IMAGEN-PEQUENA-FORMACION-PROGRAMADA-scaled.jpg\"},{\"@type\":\"BreadcrumbList\",\"@id\":\"https:\/\/ybeagroup.com\/seguridad-alimentaria-iso-2200\/#breadcrumb\",\"itemListElement\":[{\"@type\":\"ListItem\",\"position\":1,\"name\":\"Portada\",\"item\":\"https:\/\/ybeagroup.com\/\"},{\"@type\":\"ListItem\",\"position\":2,\"name\":\"Seguridad alimentaria ISO 2200\"}]},{\"@type\":\"WebSite\",\"@id\":\"https:\/\/ybeagroup.com\/gl\/#website\",\"url\":\"https:\/\/ybeagroup.com\/gl\/\",\"name\":\"Ybea Group\",\"description\":\"Soluciones innovadoras en formaci\u00f3n y consultor\u00eda para empresas\",\"publisher\":{\"@id\":\"https:\/\/ybeagroup.com\/gl\/#organization\"},\"potentialAction\":[{\"@type\":\"SearchAction\",\"target\":{\"@type\":\"EntryPoint\",\"urlTemplate\":\"https:\/\/ybeagroup.com\/gl\/?s={search_term_string}\"},\"query-input\":{\"@type\":\"PropertyValueSpecification\",\"valueRequired\":true,\"valueName\":\"search_term_string\"}}],\"inLanguage\":\"eu\"},{\"@type\":\"Organization\",\"@id\":\"https:\/\/ybeagroup.com\/gl\/#organization\",\"name\":\"Ybea Group\",\"url\":\"https:\/\/ybeagroup.com\/gl\/\",\"logo\":{\"@type\":\"ImageObject\",\"inLanguage\":\"eu\",\"@id\":\"https:\/\/ybeagroup.com\/gl\/#\/schema\/logo\/image\/\",\"url\":\"https:\/\/ybeagroup.com\/wp-content\/uploads\/2025\/03\/cropped-fav.png\",\"contentUrl\":\"https:\/\/ybeagroup.com\/wp-content\/uploads\/2025\/03\/cropped-fav.png\",\"width\":512,\"height\":512,\"caption\":\"Ybea Group\"},\"image\":{\"@id\":\"https:\/\/ybeagroup.com\/gl\/#\/schema\/logo\/image\/\"}}]}<\/script>\n<!-- \/ Yoast SEO plugin. -->","yoast_head_json":{"title":"Seguridad alimentaria ISO 2200 - Ybea Group","robots":{"index":"index","follow":"follow","max-snippet":"max-snippet:-1","max-image-preview":"max-image-preview:large","max-video-preview":"max-video-preview:-1"},"canonical":"https:\/\/ybeagroup.com\/eu\/seguridad-alimentaria-iso-2200\/","og_locale":"en_US","og_type":"article","og_title":"Seguridad alimentaria ISO 2200 - Ybea Group","og_description":"Seguridad Alimentaria ISO 2200 Asesor\u00eda Seguridad Alimentaria Desde Ybea Group te damos el asesoramiento necesario y trabajamos contigo para conseguir que tu empresa d\u00e9 cumplimiento a toda la normativa en sus distintos niveles: Registro sanitario Plan de Higiene APPCC (An\u00e1lisis de Peligros y Puntos de Control Cr\u00edticos):\u00a0Dise\u00f1o y seguimiento del sistema Dise\u00f1o e Implantaci\u00f3n de [&hellip;]","og_url":"https:\/\/ybeagroup.com\/eu\/seguridad-alimentaria-iso-2200\/","og_site_name":"Ybea Group","article_modified_time":"2025-05-22T10:03:48+00:00","og_image":[{"url":"https:\/\/ybeagroup.com\/wp-content\/uploads\/2025\/04\/IMAGEN-PEQUENA-FORMACION-PROGRAMADA-scaled.jpg","type":"","width":"","height":""}],"twitter_card":"summary_large_image","twitter_misc":{"Est. reading time":"1 minutua"},"schema":{"@context":"https:\/\/schema.org","@graph":[{"@type":"WebPage","@id":"https:\/\/ybeagroup.com\/seguridad-alimentaria-iso-2200\/","url":"https:\/\/ybeagroup.com\/seguridad-alimentaria-iso-2200\/","name":"Seguridad alimentaria ISO 2200 - Ybea Group","isPartOf":{"@id":"https:\/\/ybeagroup.com\/gl\/#website"},"primaryImageOfPage":{"@id":"https:\/\/ybeagroup.com\/seguridad-alimentaria-iso-2200\/#primaryimage"},"image":{"@id":"https:\/\/ybeagroup.com\/seguridad-alimentaria-iso-2200\/#primaryimage"},"thumbnailUrl":"https:\/\/ybeagroup.com\/wp-content\/uploads\/2025\/04\/IMAGEN-PEQUENA-FORMACION-PROGRAMADA-scaled.jpg","datePublished":"2025-05-22T09:23:07+00:00","dateModified":"2025-05-22T10:03:48+00:00","breadcrumb":{"@id":"https:\/\/ybeagroup.com\/seguridad-alimentaria-iso-2200\/#breadcrumb"},"inLanguage":"eu","potentialAction":[{"@type":"ReadAction","target":["https:\/\/ybeagroup.com\/seguridad-alimentaria-iso-2200\/"]}]},{"@type":"ImageObject","inLanguage":"eu","@id":"https:\/\/ybeagroup.com\/seguridad-alimentaria-iso-2200\/#primaryimage","url":"https:\/\/ybeagroup.com\/wp-content\/uploads\/2025\/04\/IMAGEN-PEQUENA-FORMACION-PROGRAMADA-scaled.jpg","contentUrl":"https:\/\/ybeagroup.com\/wp-content\/uploads\/2025\/04\/IMAGEN-PEQUENA-FORMACION-PROGRAMADA-scaled.jpg"},{"@type":"BreadcrumbList","@id":"https:\/\/ybeagroup.com\/seguridad-alimentaria-iso-2200\/#breadcrumb","itemListElement":[{"@type":"ListItem","position":1,"name":"Portada","item":"https:\/\/ybeagroup.com\/"},{"@type":"ListItem","position":2,"name":"Seguridad alimentaria ISO 2200"}]},{"@type":"WebSite","@id":"https:\/\/ybeagroup.com\/gl\/#website","url":"https:\/\/ybeagroup.com\/gl\/","name":"Ybea Group","description":"Soluciones innovadoras en formaci\u00f3n y consultor\u00eda para empresas","publisher":{"@id":"https:\/\/ybeagroup.com\/gl\/#organization"},"potentialAction":[{"@type":"SearchAction","target":{"@type":"EntryPoint","urlTemplate":"https:\/\/ybeagroup.com\/gl\/?s={search_term_string}"},"query-input":{"@type":"PropertyValueSpecification","valueRequired":true,"valueName":"search_term_string"}}],"inLanguage":"eu"},{"@type":"Organization","@id":"https:\/\/ybeagroup.com\/gl\/#organization","name":"Ybea Group","url":"https:\/\/ybeagroup.com\/gl\/","logo":{"@type":"ImageObject","inLanguage":"eu","@id":"https:\/\/ybeagroup.com\/gl\/#\/schema\/logo\/image\/","url":"https:\/\/ybeagroup.com\/wp-content\/uploads\/2025\/03\/cropped-fav.png","contentUrl":"https:\/\/ybeagroup.com\/wp-content\/uploads\/2025\/03\/cropped-fav.png","width":512,"height":512,"caption":"Ybea Group"},"image":{"@id":"https:\/\/ybeagroup.com\/gl\/#\/schema\/logo\/image\/"}}]}},"_links":{"self":[{"href":"https:\/\/ybeagroup.com\/eu\/wp-json\/wp\/v2\/pages\/2744","targetHints":{"allow":["GET"]}}],"collection":[{"href":"https:\/\/ybeagroup.com\/eu\/wp-json\/wp\/v2\/pages"}],"about":[{"href":"https:\/\/ybeagroup.com\/eu\/wp-json\/wp\/v2\/types\/page"}],"author":[{"embeddable":true,"href":"https:\/\/ybeagroup.com\/eu\/wp-json\/wp\/v2\/users\/3"}],"replies":[{"embeddable":true,"href":"https:\/\/ybeagroup.com\/eu\/wp-json\/wp\/v2\/comments?post=2744"}],"version-history":[{"count":22,"href":"https:\/\/ybeagroup.com\/eu\/wp-json\/wp\/v2\/pages\/2744\/revisions"}],"predecessor-version":[{"id":2813,"href":"https:\/\/ybeagroup.com\/eu\/wp-json\/wp\/v2\/pages\/2744\/revisions\/2813"}],"wp:attachment":[{"href":"https:\/\/ybeagroup.com\/eu\/wp-json\/wp\/v2\/media?parent=2744"}],"curies":[{"name":"wp","href":"https:\/\/api.w.org\/{rel}","templated":true}]}}