{"id":336,"date":"2025-03-18T11:11:31","date_gmt":"2025-03-18T11:11:31","guid":{"rendered":"https:\/\/ybeagroup.com\/politica-de-privacidad-3\/"},"modified":"2025-03-18T11:11:40","modified_gmt":"2025-03-18T11:11:40","slug":"politica-de-privacidad-3","status":"publish","type":"page","link":"https:\/\/ybeagroup.com\/eu\/politica-de-privacidad-3\/","title":{"rendered":"Pribatutasun Politika"},"content":{"rendered":"<div data-elementor-type=\"wp-page\" data-elementor-id=\"336\" class=\"elementor elementor-336\" data-elementor-post-type=\"page\">\n\t\t\t\t<div class=\"elementor-element elementor-element-81df5c8 e-flex e-con-boxed e-con e-parent\" data-id=\"81df5c8\" data-element_type=\"container\" data-settings=\"{&quot;background_background&quot;:&quot;classic&quot;}\">\n\t\t\t\t\t<div class=\"e-con-inner\">\n\t\t<div class=\"elementor-element elementor-element-26ad0022 e-con-full e-flex e-con e-child\" data-id=\"26ad0022\" data-element_type=\"container\">\n\t\t\t\t<div class=\"elementor-element elementor-element-7971dca6 elementor-widget__width-inherit elementor-widget elementor-widget-heading\" data-id=\"7971dca6\" data-element_type=\"widget\" data-widget_type=\"heading.default\">\n\t\t\t\t<div class=\"elementor-widget-container\">\n\t\t\t\t\t<h1 class=\"elementor-heading-title elementor-size-default\">Pribatutasun Politika<\/h1>\t\t\t\t<\/div>\n\t\t\t\t<\/div>\n\t\t\t\t<\/div>\n\t\t\t\t\t<\/div>\n\t\t\t\t<\/div>\n\t\t<div class=\"elementor-element elementor-element-1cab6976 e-flex e-con-boxed e-con e-parent\" data-id=\"1cab6976\" data-element_type=\"container\" data-settings=\"{&quot;background_background&quot;:&quot;classic&quot;}\">\n\t\t\t\t\t<div class=\"e-con-inner\">\n\t\t\t\t<div class=\"elementor-element elementor-element-2bb1c1e6 elementor-widget elementor-widget-text-editor\" data-id=\"2bb1c1e6\" data-element_type=\"widget\" data-widget_type=\"text-editor.default\">\n\t\t\t\t<div class=\"elementor-widget-container\">\n\t\t\t\t\t\t\t\t\t<h3 class=\"wp-block-heading\">1.- ERABILTZAILEARENTZAKO INFORMAZIOA<\/h3><p>Webguneak webguneko erabiltzaileei jakinarazten die bere webgunean nabigatzean eska daitezkeen erabiltzaileen eta bezeroen datu pertsonalen tratamenduari eta babesari buruzko politikari buruz. Webgunea da erabiltzailearen datu pertsonalen tratamenduaren arduraduna, eta, beraz, zure datuen tratamenduari buruzko informazio hau ematen da:\u00a0<strong>Datuak gordetzeko irizpideak<\/strong>\u00a0Emandako datu pertsonalak gordeko dira interesdunak haien etetea eskatu arte, datuen gaineko eskubideak erabiliz, eta edozein kasutan, aplikatzen zaizkion legezko preskripzio-epeak betez.\u00a0<strong>Interesdunen eskubideak<\/strong>\u00a0:<\/p><ul><li>Zure baimena edozein unetan kentzeko eskubidea.<\/li><li>Zure datuak eskuratzeko, zuzentzeko, ezabatzeko eta transferitzeko eskubidea, baita haien tratamendua mugatzeko edo aurka egiteko eskubidea ere, eta banakako erabaki automatizatuen menpe ez egoteko eskubidea.<\/li><\/ul><p><strong>Zure eskubideak gauzatzeko harremanetarako informazioa<\/strong>\u00a0Behar bezala identifikatu eta eskubidea erabiltzeko eskatu behar duzu argi eta garbi.<\/p><ul><li>Izena: TATIANA TORRES MOR\u00c9 IFZ 77961714Vrekin<\/li><li>Helbidea: Ctra de C\u00e0noves, 75B. 08440 Cardedeu (Bartzelona)<b><br \/><\/b><\/li><li>Telefonoa: <a href=\"tel:655395533\">655395533<\/a><\/li><li>Posta: <a href=\"mailto:tatiana.torres.more@gmail.com\"><span style=\"font-weight: 400\">tatiana.torres.more@gmail.com<\/span><\/a><\/li><\/ul><h3 class=\"wp-block-heading\">2.- ERABILTZAILEAK EMANDAKO INFORMAZIOA<\/h3><p>18 urtetik beherakoa bazara, ez duzu baimenik gure webguneko formularioak erabiltzeko.<\/p><p>Harremanetarako formularioetan datuak sartuz edo deskargatzeko formularioetan informazioa bidaliz, Erabiltzaileek espresuki, libreki eta zalantzarik gabe onartzen dute beren datuak beharrezkoak direla Arduradunak beren eskaera izapidetzeko. Gainerako eremuetan datuak sartzea borondatezkoa da.<\/p><p>Erabiltzaileak bermatzen du emandako datu pertsonalak egiazkoak direla eta edozein aldaketa jakinarazteaz arduratzen da.<\/p><p>Webgunearen bidez eskatutako datu guztiak beharrezkoak dira Erabiltzaileari zerbitzu optimoa emateko. Datu guztiak ematen ez badira, ez dago bermatuta Kontrolatzaileak eskaintzen dituen informazioa eta zerbitzuak zure beharretara guztiz egokituko direnik.<\/p><h3 class=\"wp-block-heading\">3.- SEGURTASUN NEURRIAK<\/h3><p>Datu pertsonalen babesari buruzko indarreko araudiaren arabera, Arduradunak GDPR eta LOPD araudiaren xedapen guztiak betetzen dituela bere erantzukizunpean dauden datu pertsonalen tratamendurako, datu horiek modu zilegian, bidezkoan eta gardenki tratatzen direla datuen subjektuarekiko, eta egokiak, garrantzitsuak eta tratatzen diren helburuetarako beharrezkoa denera mugatuak direla.<\/p><p>Arduradunak bermatzen du GDPRk eta LOPDk ezarritako segurtasun-neurriak aplikatzeko politika tekniko eta antolakuntzazko egokiak ezarri dituela, Erabiltzaileen eskubide eta askatasunak babesteko, eta neurri horiek erabili ahal izan ditzaten informazio egokia eman diela.<\/p><h3 class=\"wp-block-heading\">4.- SEGURTASUN-URRATZEAK<\/h3><p>Kontrolatzaileak webgune honek erabiltzen duen datu-baseari edo gure hirugarrenen zerbitzuei eragiten dien edozein segurtasun-urraketa jakinaraziko dio datuak kaltetuak izan daitezkeen pertsona bakoitzari eta agintariei, urraketa detektatu eta 72 orduko epean.<\/p><h3 class=\"wp-block-heading\">5.-APLIKAGARRI DAGOEN LEGE ETA JURISDIKZIOA<\/h3><p>Webgune honekin edo bertan egiten diren jarduerekin lotutako gatazka edo arazo guztiak konpontzeko, Espainiako legedia aplikatuko da, eta alderdiek berariaz onartzen dute lege hori. Bartzelonako Epaitegiek eta Auzitegiek izango dute haren erabileratik sortutako edo harekin lotutako gatazka guztiak ebazteko eskumena.<\/p>\t\t\t\t\t\t\t\t<\/div>\n\t\t\t\t<\/div>\n\t\t\t\t\t<\/div>\n\t\t\t\t<\/div>\n\t\t\t\t<\/div>","protected":false},"excerpt":{"rendered":"<p>1.- ERABILTZAILEAREN INFORMAZIOA Webguneak erabiltzaileei bere webgunean nabigatzean eska daitezkeen erabiltzaileen eta bezeroen datu pertsonalen tratamenduari eta babesari buruzko politikaren berri ematen die. Webgunea da [\u2026] tratamenduaren arduraduna.<\/p>","protected":false},"author":2,"featured_media":0,"parent":0,"menu_order":0,"comment_status":"closed","ping_status":"closed","template":"","meta":{"footnotes":""},"class_list":["post-336","page","type-page","status-publish","hentry"],"yoast_head":"<!-- This site is optimized with the Yoast SEO plugin v26.4 - https:\/\/yoast.com\/wordpress\/plugins\/seo\/ -->\n<title>Pol\u00edtica de privacidad - Ybea Group<\/title>\n<meta name=\"robots\" content=\"index, follow, max-snippet:-1, max-image-preview:large, max-video-preview:-1\" \/>\n<link rel=\"canonical\" href=\"https:\/\/ybeagroup.com\/eu\/politica-de-privacidad-3\/\" \/>\n<meta property=\"og:locale\" content=\"en_US\" \/>\n<meta property=\"og:type\" content=\"article\" \/>\n<meta property=\"og:title\" content=\"Pol\u00edtica de privacidad - Ybea Group\" \/>\n<meta property=\"og:description\" content=\"1.- INFORMACI\u00d3N AL USUARIO El sitio web informa a los usuarios del sitio web sobre su pol\u00edtica respecto al tratamiento y protecci\u00f3n de los datos de car\u00e1cter personal de los usuarios y clientes que puedan ser solicitados por la navegaci\u00f3n a trav\u00e9s de su sitio web. El sitio web es el Responsable del tratamiento de [&hellip;]\" \/>\n<meta property=\"og:url\" content=\"https:\/\/ybeagroup.com\/eu\/politica-de-privacidad-3\/\" \/>\n<meta property=\"og:site_name\" content=\"Ybea Group\" \/>\n<meta property=\"article:modified_time\" content=\"2025-03-18T11:11:40+00:00\" \/>\n<meta name=\"twitter:card\" content=\"summary_large_image\" \/>\n<meta name=\"twitter:label1\" content=\"Est. reading time\" \/>\n\t<meta name=\"twitter:data1\" content=\"3 minutua\" \/>\n<script type=\"application\/ld+json\" class=\"yoast-schema-graph\">{\"@context\":\"https:\/\/schema.org\",\"@graph\":[{\"@type\":\"WebPage\",\"@id\":\"https:\/\/ybeagroup.com\/eu\/politica-de-privacidad-3\/\",\"url\":\"https:\/\/ybeagroup.com\/eu\/politica-de-privacidad-3\/\",\"name\":\"Pol\u00edtica de privacidad - Ybea Group\",\"isPartOf\":{\"@id\":\"https:\/\/ybeagroup.com\/gl\/#website\"},\"datePublished\":\"2025-03-18T11:11:31+00:00\",\"dateModified\":\"2025-03-18T11:11:40+00:00\",\"breadcrumb\":{\"@id\":\"https:\/\/ybeagroup.com\/eu\/politica-de-privacidad-3\/#breadcrumb\"},\"inLanguage\":\"eu\",\"potentialAction\":[{\"@type\":\"ReadAction\",\"target\":[\"https:\/\/ybeagroup.com\/eu\/politica-de-privacidad-3\/\"]}]},{\"@type\":\"BreadcrumbList\",\"@id\":\"https:\/\/ybeagroup.com\/eu\/politica-de-privacidad-3\/#breadcrumb\",\"itemListElement\":[{\"@type\":\"ListItem\",\"position\":1,\"name\":\"Portada\",\"item\":\"https:\/\/ybeagroup.com\/\"},{\"@type\":\"ListItem\",\"position\":2,\"name\":\"Pol\u00edtica de privacidad\"}]},{\"@type\":\"WebSite\",\"@id\":\"https:\/\/ybeagroup.com\/gl\/#website\",\"url\":\"https:\/\/ybeagroup.com\/gl\/\",\"name\":\"Ybea Group\",\"description\":\"Soluciones innovadoras en formaci\u00f3n y consultor\u00eda para empresas\",\"publisher\":{\"@id\":\"https:\/\/ybeagroup.com\/gl\/#organization\"},\"potentialAction\":[{\"@type\":\"SearchAction\",\"target\":{\"@type\":\"EntryPoint\",\"urlTemplate\":\"https:\/\/ybeagroup.com\/gl\/?s={search_term_string}\"},\"query-input\":{\"@type\":\"PropertyValueSpecification\",\"valueRequired\":true,\"valueName\":\"search_term_string\"}}],\"inLanguage\":\"eu\"},{\"@type\":\"Organization\",\"@id\":\"https:\/\/ybeagroup.com\/gl\/#organization\",\"name\":\"Ybea Group\",\"url\":\"https:\/\/ybeagroup.com\/gl\/\",\"logo\":{\"@type\":\"ImageObject\",\"inLanguage\":\"eu\",\"@id\":\"https:\/\/ybeagroup.com\/gl\/#\/schema\/logo\/image\/\",\"url\":\"https:\/\/ybeagroup.com\/wp-content\/uploads\/2025\/03\/cropped-fav.png\",\"contentUrl\":\"https:\/\/ybeagroup.com\/wp-content\/uploads\/2025\/03\/cropped-fav.png\",\"width\":512,\"height\":512,\"caption\":\"Ybea Group\"},\"image\":{\"@id\":\"https:\/\/ybeagroup.com\/gl\/#\/schema\/logo\/image\/\"}}]}<\/script>\n<!-- \/ Yoast SEO plugin. -->","yoast_head_json":{"title":"Pol\u00edtica de privacidad - Ybea Group","robots":{"index":"index","follow":"follow","max-snippet":"max-snippet:-1","max-image-preview":"max-image-preview:large","max-video-preview":"max-video-preview:-1"},"canonical":"https:\/\/ybeagroup.com\/eu\/politica-de-privacidad-3\/","og_locale":"en_US","og_type":"article","og_title":"Pol\u00edtica de privacidad - Ybea Group","og_description":"1.- INFORMACI\u00d3N AL USUARIO El sitio web informa a los usuarios del sitio web sobre su pol\u00edtica respecto al tratamiento y protecci\u00f3n de los datos de car\u00e1cter personal de los usuarios y clientes que puedan ser solicitados por la navegaci\u00f3n a trav\u00e9s de su sitio web. El sitio web es el Responsable del tratamiento de [&hellip;]","og_url":"https:\/\/ybeagroup.com\/eu\/politica-de-privacidad-3\/","og_site_name":"Ybea Group","article_modified_time":"2025-03-18T11:11:40+00:00","twitter_card":"summary_large_image","twitter_misc":{"Est. reading time":"3 minutua"},"schema":{"@context":"https:\/\/schema.org","@graph":[{"@type":"WebPage","@id":"https:\/\/ybeagroup.com\/eu\/politica-de-privacidad-3\/","url":"https:\/\/ybeagroup.com\/eu\/politica-de-privacidad-3\/","name":"Pol\u00edtica de privacidad - Ybea Group","isPartOf":{"@id":"https:\/\/ybeagroup.com\/gl\/#website"},"datePublished":"2025-03-18T11:11:31+00:00","dateModified":"2025-03-18T11:11:40+00:00","breadcrumb":{"@id":"https:\/\/ybeagroup.com\/eu\/politica-de-privacidad-3\/#breadcrumb"},"inLanguage":"eu","potentialAction":[{"@type":"ReadAction","target":["https:\/\/ybeagroup.com\/eu\/politica-de-privacidad-3\/"]}]},{"@type":"BreadcrumbList","@id":"https:\/\/ybeagroup.com\/eu\/politica-de-privacidad-3\/#breadcrumb","itemListElement":[{"@type":"ListItem","position":1,"name":"Portada","item":"https:\/\/ybeagroup.com\/"},{"@type":"ListItem","position":2,"name":"Pol\u00edtica de privacidad"}]},{"@type":"WebSite","@id":"https:\/\/ybeagroup.com\/gl\/#website","url":"https:\/\/ybeagroup.com\/gl\/","name":"Ybea Group","description":"Soluciones innovadoras en formaci\u00f3n y consultor\u00eda para empresas","publisher":{"@id":"https:\/\/ybeagroup.com\/gl\/#organization"},"potentialAction":[{"@type":"SearchAction","target":{"@type":"EntryPoint","urlTemplate":"https:\/\/ybeagroup.com\/gl\/?s={search_term_string}"},"query-input":{"@type":"PropertyValueSpecification","valueRequired":true,"valueName":"search_term_string"}}],"inLanguage":"eu"},{"@type":"Organization","@id":"https:\/\/ybeagroup.com\/gl\/#organization","name":"Ybea Group","url":"https:\/\/ybeagroup.com\/gl\/","logo":{"@type":"ImageObject","inLanguage":"eu","@id":"https:\/\/ybeagroup.com\/gl\/#\/schema\/logo\/image\/","url":"https:\/\/ybeagroup.com\/wp-content\/uploads\/2025\/03\/cropped-fav.png","contentUrl":"https:\/\/ybeagroup.com\/wp-content\/uploads\/2025\/03\/cropped-fav.png","width":512,"height":512,"caption":"Ybea Group"},"image":{"@id":"https:\/\/ybeagroup.com\/gl\/#\/schema\/logo\/image\/"}}]}},"_links":{"self":[{"href":"https:\/\/ybeagroup.com\/eu\/wp-json\/wp\/v2\/pages\/336","targetHints":{"allow":["GET"]}}],"collection":[{"href":"https:\/\/ybeagroup.com\/eu\/wp-json\/wp\/v2\/pages"}],"about":[{"href":"https:\/\/ybeagroup.com\/eu\/wp-json\/wp\/v2\/types\/page"}],"author":[{"embeddable":true,"href":"https:\/\/ybeagroup.com\/eu\/wp-json\/wp\/v2\/users\/2"}],"replies":[{"embeddable":true,"href":"https:\/\/ybeagroup.com\/eu\/wp-json\/wp\/v2\/comments?post=336"}],"version-history":[{"count":4,"href":"https:\/\/ybeagroup.com\/eu\/wp-json\/wp\/v2\/pages\/336\/revisions"}],"predecessor-version":[{"id":449,"href":"https:\/\/ybeagroup.com\/eu\/wp-json\/wp\/v2\/pages\/336\/revisions\/449"}],"wp:attachment":[{"href":"https:\/\/ybeagroup.com\/eu\/wp-json\/wp\/v2\/media?parent=336"}],"curies":[{"name":"wp","href":"https:\/\/api.w.org\/{rel}","templated":true}]}}