{"id":213,"date":"2025-03-18T11:10:00","date_gmt":"2025-03-18T11:10:00","guid":{"rendered":"https:\/\/ybeagroup.com\/sobre-nosotros\/"},"modified":"2025-05-21T09:00:38","modified_gmt":"2025-05-21T09:00:38","slug":"sobre-nosotros","status":"publish","type":"page","link":"https:\/\/ybeagroup.com\/fr\/sobre-nosotros\/","title":{"rendered":"\u00c0 propos de nous"},"content":{"rendered":"<div data-elementor-type=\"wp-page\" data-elementor-id=\"213\" class=\"elementor elementor-213\" data-elementor-post-type=\"page\">\n\t\t\t\t<div class=\"elementor-element elementor-element-452c1595 e-flex e-con-boxed e-con e-parent\" data-id=\"452c1595\" data-element_type=\"container\" data-settings=\"{&quot;background_background&quot;:&quot;classic&quot;}\">\n\t\t\t\t\t<div class=\"e-con-inner\">\n\t\t\t\t<div class=\"elementor-element elementor-element-2f6d18c7 animated-slow elementor-invisible elementor-widget elementor-widget-heading\" data-id=\"2f6d18c7\" data-element_type=\"widget\" data-settings=\"{&quot;_animation&quot;:&quot;fadeInDown&quot;}\" data-widget_type=\"heading.default\">\n\t\t\t\t<div class=\"elementor-widget-container\">\n\t\t\t\t\t<h1 class=\"elementor-heading-title elementor-size-default\">\u00c0 PROPOS DE NOUS<\/h1>\t\t\t\t<\/div>\n\t\t\t\t<\/div>\n\t\t\t\t\t<\/div>\n\t\t\t\t<\/div>\n\t\t<div class=\"elementor-element elementor-element-2fd29948 e-flex e-con-boxed e-con e-parent\" data-id=\"2fd29948\" data-element_type=\"container\" data-settings=\"{&quot;background_background&quot;:&quot;classic&quot;}\">\n\t\t\t\t\t<div class=\"e-con-inner\">\n\t\t<div class=\"elementor-element elementor-element-4b8ae326 e-con-full e-flex elementor-invisible e-con e-child\" data-id=\"4b8ae326\" data-element_type=\"container\" data-settings=\"{&quot;animation&quot;:&quot;fadeInDown&quot;}\">\n\t\t<div class=\"elementor-element elementor-element-4b35cca4 e-con-full e-flex e-con e-child\" data-id=\"4b35cca4\" data-element_type=\"container\">\n\t\t\t\t<div class=\"elementor-element elementor-element-403f9fae animated-slow elementor-invisible elementor-widget elementor-widget-heading\" data-id=\"403f9fae\" data-element_type=\"widget\" data-settings=\"{&quot;_animation&quot;:&quot;fadeInDown&quot;}\" data-widget_type=\"heading.default\">\n\t\t\t\t<div class=\"elementor-widget-container\">\n\t\t\t\t\t<h2 class=\"elementor-heading-title elementor-size-default\">Qui sommes-nous<\/h2>\t\t\t\t<\/div>\n\t\t\t\t<\/div>\n\t\t\t\t<\/div>\n\t\t\t\t<\/div>\n\t\t\t\t<div class=\"elementor-element elementor-element-a4fc5bc elementor-widget-divider--view-line elementor-widget elementor-widget-divider\" data-id=\"a4fc5bc\" data-element_type=\"widget\" data-widget_type=\"divider.default\">\n\t\t\t\t<div class=\"elementor-widget-container\">\n\t\t\t\t\t\t\t<div class=\"elementor-divider\">\n\t\t\t<span class=\"elementor-divider-separator\">\n\t\t\t\t\t\t<\/span>\n\t\t<\/div>\n\t\t\t\t\t\t<\/div>\n\t\t\t\t<\/div>\n\t\t<div class=\"elementor-element elementor-element-78207cc8 e-con-full e-flex elementor-invisible e-con e-child\" data-id=\"78207cc8\" data-element_type=\"container\" data-settings=\"{&quot;animation&quot;:&quot;fadeInUp&quot;}\">\n\t\t\t\t<div class=\"elementor-element elementor-element-6f627fbd animated-slow elementor-invisible elementor-widget elementor-widget-text-editor\" data-id=\"6f627fbd\" data-element_type=\"widget\" data-settings=\"{&quot;_animation&quot;:&quot;fadeInDown&quot;,&quot;_animation_delay&quot;:400}\" data-widget_type=\"text-editor.default\">\n\t\t\t\t<div class=\"elementor-widget-container\">\n\t\t\t\t\t\t\t\t\t<p><b>Chez Ybea Group<\/b><span style=\"font-weight: 400\">Nous sommes bien plus qu\u2019un cabinet de conseil ; Nous nous d\u00e9finissons comme des architectes du changement et des alli\u00e9s strat\u00e9giques dans l\u2019\u00e9volution des entreprises et des organisations. Nous b\u00e9n\u00e9ficions d\u2019une solide r\u00e9putation nationale, offrant des solutions et des services exclusifs adapt\u00e9s aux besoins uniques de chaque client.<\/span><\/p><p><span style=\"font-weight: 400\">Nos consultants et enseignants sont des professionnels actifs avec une solide exp\u00e9rience, ce qui offre une <\/span><b>avantage incomparable<\/b><span style=\"font-weight: 400\">:Ils offrent un lien direct avec la dynamique r\u00e9elle du march\u00e9 et les tendances les plus actuelles. Cela se traduit par des solutions pratiques et efficaces adapt\u00e9es au contexte r\u00e9el de chaque client. <\/span><span style=\"font-weight: 400\">Cette synergie entre l\u2019exp\u00e9rience th\u00e9orique et pratique garantit que chaque strat\u00e9gie con\u00e7ue est \u00e0 la fois ambitieuse et r\u00e9alisable.<\/span><\/p>\t\t\t\t\t\t\t\t<\/div>\n\t\t\t\t<\/div>\n\t\t\t\t<\/div>\n\t\t\t\t\t<\/div>\n\t\t\t\t<\/div>\n\t\t<div class=\"elementor-element elementor-element-13d9c36f e-flex e-con-boxed e-con e-parent\" data-id=\"13d9c36f\" data-element_type=\"container\" data-settings=\"{&quot;background_background&quot;:&quot;classic&quot;}\">\n\t\t\t\t\t<div class=\"e-con-inner\">\n\t\t<div class=\"elementor-element elementor-element-10b83dbe e-con-full e-flex elementor-invisible e-con e-child\" data-id=\"10b83dbe\" data-element_type=\"container\" data-settings=\"{&quot;animation&quot;:&quot;fadeInUp&quot;,&quot;background_background&quot;:&quot;classic&quot;}\">\n\t\t\t\t<div class=\"elementor-element elementor-element-7cebda60 elementor-widget elementor-widget-image\" data-id=\"7cebda60\" data-element_type=\"widget\" data-widget_type=\"image.default\">\n\t\t\t\t<div class=\"elementor-widget-container\">\n\t\t\t\t\t\t\t\t\t\t\t\t\t\t\t<img fetchpriority=\"high\" decoding=\"async\" width=\"1920\" height=\"1080\" src=\"https:\/\/ybeagroup.com\/wp-content\/uploads\/2025\/03\/equipo-5.jpg\" class=\"attachment-full size-full wp-image-988\" alt=\"\" srcset=\"https:\/\/ybeagroup.com\/wp-content\/uploads\/2025\/03\/equipo-5.jpg 1920w, https:\/\/ybeagroup.com\/wp-content\/uploads\/2025\/03\/equipo-5-300x169.jpg 300w, https:\/\/ybeagroup.com\/wp-content\/uploads\/2025\/03\/equipo-5-1024x576.jpg 1024w, https:\/\/ybeagroup.com\/wp-content\/uploads\/2025\/03\/equipo-5-768x432.jpg 768w, https:\/\/ybeagroup.com\/wp-content\/uploads\/2025\/03\/equipo-5-1536x864.jpg 1536w\" sizes=\"(max-width: 1920px) 100vw, 1920px\" \/>\t\t\t\t\t\t\t\t\t\t\t\t\t\t\t<\/div>\n\t\t\t\t<\/div>\n\t\t\t\t<\/div>\n\t\t<div class=\"elementor-element elementor-element-1f69b9ab e-con-full e-flex elementor-invisible e-con e-child\" data-id=\"1f69b9ab\" data-element_type=\"container\" data-settings=\"{&quot;animation&quot;:&quot;fadeInDown&quot;}\">\n\t\t<div class=\"elementor-element elementor-element-1e31b576 e-con-full e-flex e-con e-child\" data-id=\"1e31b576\" data-element_type=\"container\">\n\t\t\t\t<div class=\"elementor-element elementor-element-12776b4e animated-slow elementor-invisible elementor-widget elementor-widget-heading\" data-id=\"12776b4e\" data-element_type=\"widget\" data-settings=\"{&quot;_animation&quot;:&quot;fadeInDown&quot;,&quot;_animation_delay&quot;:200}\" data-widget_type=\"heading.default\">\n\t\t\t\t<div class=\"elementor-widget-container\">\n\t\t\t\t\t<h2 class=\"elementor-heading-title elementor-size-default\">Notre approche<\/h2>\t\t\t\t<\/div>\n\t\t\t\t<\/div>\n\t\t\t\t<div class=\"elementor-element elementor-element-d4879c2 elementor-widget-divider--view-line elementor-widget elementor-widget-divider\" data-id=\"d4879c2\" data-element_type=\"widget\" data-widget_type=\"divider.default\">\n\t\t\t\t<div class=\"elementor-widget-container\">\n\t\t\t\t\t\t\t<div class=\"elementor-divider\">\n\t\t\t<span class=\"elementor-divider-separator\">\n\t\t\t\t\t\t<\/span>\n\t\t<\/div>\n\t\t\t\t\t\t<\/div>\n\t\t\t\t<\/div>\n\t\t\t\t<div class=\"elementor-element elementor-element-6f6286bf animated-slow elementor-invisible elementor-widget elementor-widget-text-editor\" data-id=\"6f6286bf\" data-element_type=\"widget\" data-settings=\"{&quot;_animation&quot;:&quot;fadeInDown&quot;,&quot;_animation_delay&quot;:400}\" data-widget_type=\"text-editor.default\">\n\t\t\t\t<div class=\"elementor-widget-container\">\n\t\t\t\t\t\t\t\t\t<p><span style=\"font-weight: 400\">Chez Ybea Group, nous combinons innovation et durabilit\u00e9 pour fournir des r\u00e9sultats tangibles et significatifs. Nous abordons chaque projet avec une philosophie bas\u00e9e sur l\u2019excellence, o\u00f9 chaque d\u00e9tail compte et chaque strat\u00e9gie est con\u00e7ue pour maximiser l\u2019impact. Nous nous positionnons comme un authentique <\/span><i><span style=\"font-weight: 400\">partenaire<\/span><\/i><span style=\"font-weight: 400\"> de nos clients, en les guidant \u00e0 chaque \u00e9tape vers leurs objectifs.<\/span><\/p><p><span style=\"font-weight: 400\">Ce qui nous rend unique :<\/span><\/p><ul><li style=\"font-weight: 400\"><b>Perspective globale :<\/b><span style=\"font-weight: 400\"> Nous transformons les id\u00e9es en r\u00e9sultats, en d\u00e9passant les fronti\u00e8res entre les domaines strat\u00e9giques.<\/span><\/li><li style=\"font-weight: 400\"><b>La durabilit\u00e9 comme principe :<\/b><span style=\"font-weight: 400\"> Nous favorisons la croissance \u00e9conomique dans un cadre durable et comp\u00e9titif.<\/span><\/li><\/ul><p><br \/><b>Notre objectif :<\/b><span style=\"font-weight: 400\"> \u00ab Inspirer par des strat\u00e9gies cr\u00e9atives et des techniques d\u2019apprentissage innovantes pour cr\u00e9er des organisations et des personnes extraordinaires. \u00bb\u00a0 <\/span><\/p>\t\t\t\t\t\t\t\t<\/div>\n\t\t\t\t<\/div>\n\t\t\t\t<\/div>\n\t\t\t\t<\/div>\n\t\t\t\t\t<\/div>\n\t\t\t\t<\/div>\n\t\t<div class=\"elementor-element elementor-element-476abdb e-flex e-con-boxed e-con e-parent\" data-id=\"476abdb\" data-element_type=\"container\" data-settings=\"{&quot;background_background&quot;:&quot;classic&quot;}\">\n\t\t\t\t\t<div class=\"e-con-inner\">\n\t\t<div class=\"elementor-element elementor-element-e6bf7b5 e-flex e-con-boxed elementor-invisible e-con e-child\" data-id=\"e6bf7b5\" data-element_type=\"container\" data-settings=\"{&quot;animation&quot;:&quot;fadeInDown&quot;}\">\n\t\t\t\t\t<div class=\"e-con-inner\">\n\t\t\t\t<div class=\"elementor-element elementor-element-09aee55 animated-slow elementor-invisible elementor-widget elementor-widget-heading\" data-id=\"09aee55\" data-element_type=\"widget\" data-settings=\"{&quot;_animation&quot;:&quot;fadeInDown&quot;}\" data-widget_type=\"heading.default\">\n\t\t\t\t<div class=\"elementor-widget-container\">\n\t\t\t\t\t<h3 class=\"elementor-heading-title elementor-size-default\">On se parle plus tard ? Nous voulons vous aider \u00e0 d\u00e9velopper votre entreprise.<\/h3>\t\t\t\t<\/div>\n\t\t\t\t<\/div>\n\t\t\t\t\t<\/div>\n\t\t\t\t<\/div>\n\t\t\t\t<div class=\"elementor-element elementor-element-309f849 elementor-widget elementor-widget-button\" data-id=\"309f849\" data-element_type=\"widget\" data-widget_type=\"button.default\">\n\t\t\t\t<div class=\"elementor-widget-container\">\n\t\t\t\t\t\t\t\t\t<div class=\"elementor-button-wrapper\">\n\t\t\t\t\t<a class=\"elementor-button elementor-button-link elementor-size-sm\" href=\"https:\/\/ybeagroup.com\/fr\/contacto\/\">\n\t\t\t\t\t\t<span class=\"elementor-button-content-wrapper\">\n\t\t\t\t\t\t\t\t\t<span class=\"elementor-button-text\">Contact<\/span>\n\t\t\t\t\t<\/span>\n\t\t\t\t\t<\/a>\n\t\t\t\t<\/div>\n\t\t\t\t\t\t\t\t<\/div>\n\t\t\t\t<\/div>\n\t\t\t\t\t<\/div>\n\t\t\t\t<\/div>\n\t\t\t\t<\/div>","protected":false},"excerpt":{"rendered":"<p>\u00c0 PROPOS DE NOUS Qui sommes-nous ? Chez Ybea Group, nous sommes bien plus qu&#039;un cabinet de conseil ; nous nous d\u00e9finissons comme des architectes du changement et des alli\u00e9s strat\u00e9giques dans l&#039;\u00e9volution des entreprises et des organisations. Nous jouissons d&#039;une solide r\u00e9putation \u00e0 l&#039;\u00e9chelle nationale et proposons des solutions et des services exclusifs, adapt\u00e9s aux besoins uniques de chaque client. Notre [\u2026]<\/p>","protected":false},"author":2,"featured_media":0,"parent":0,"menu_order":0,"comment_status":"closed","ping_status":"closed","template":"","meta":{"footnotes":""},"class_list":["post-213","page","type-page","status-publish","hentry"],"yoast_head":"<!-- This site is optimized with the Yoast SEO plugin v26.4 - https:\/\/yoast.com\/wordpress\/plugins\/seo\/ -->\n<title>Sobre nosotros - Ybea Group<\/title>\n<meta name=\"robots\" content=\"index, follow, max-snippet:-1, max-image-preview:large, max-video-preview:-1\" \/>\n<link rel=\"canonical\" href=\"https:\/\/ybeagroup.com\/fr\/sobre-nosotros\/\" \/>\n<meta property=\"og:locale\" content=\"fr_FR\" \/>\n<meta property=\"og:type\" content=\"article\" \/>\n<meta property=\"og:title\" content=\"Sobre nosotros - Ybea Group\" \/>\n<meta property=\"og:description\" content=\"sOBRE NOSOTROS Qui\u00e9nes somos En Ybea Group, somos mucho m\u00e1s que una firma de consultor\u00eda; nos definimos como arquitectos del cambio y aliados estrat\u00e9gicos en la evoluci\u00f3n de empresas y organizaciones. Poseemos una reputaci\u00f3n s\u00f3lida en el \u00e1mbito nacional, aportando soluciones\u00a0 y servicios exclusivos que se adaptan a las necesidades \u00fanicas de cada cliente. Nuestros [&hellip;]\" \/>\n<meta property=\"og:url\" content=\"https:\/\/ybeagroup.com\/fr\/sobre-nosotros\/\" \/>\n<meta property=\"og:site_name\" content=\"Ybea Group\" \/>\n<meta property=\"article:modified_time\" content=\"2025-05-21T09:00:38+00:00\" \/>\n<meta property=\"og:image\" content=\"https:\/\/ybeagroup.com\/wp-content\/uploads\/2025\/03\/equipo-5.jpg\" \/>\n<meta name=\"twitter:card\" content=\"summary_large_image\" \/>\n<meta name=\"twitter:label1\" content=\"Dur\u00e9e de lecture estim\u00e9e\" \/>\n\t<meta name=\"twitter:data1\" content=\"1 minute\" \/>\n<script type=\"application\/ld+json\" class=\"yoast-schema-graph\">{\"@context\":\"https:\/\/schema.org\",\"@graph\":[{\"@type\":\"WebPage\",\"@id\":\"https:\/\/ybeagroup.com\/sobre-nosotros\/\",\"url\":\"https:\/\/ybeagroup.com\/sobre-nosotros\/\",\"name\":\"Sobre nosotros - Ybea Group\",\"isPartOf\":{\"@id\":\"https:\/\/ybeagroup.com\/gl\/#website\"},\"primaryImageOfPage\":{\"@id\":\"https:\/\/ybeagroup.com\/sobre-nosotros\/#primaryimage\"},\"image\":{\"@id\":\"https:\/\/ybeagroup.com\/sobre-nosotros\/#primaryimage\"},\"thumbnailUrl\":\"https:\/\/ybeagroup.com\/wp-content\/uploads\/2025\/03\/equipo-5.jpg\",\"datePublished\":\"2025-03-18T11:10:00+00:00\",\"dateModified\":\"2025-05-21T09:00:38+00:00\",\"breadcrumb\":{\"@id\":\"https:\/\/ybeagroup.com\/sobre-nosotros\/#breadcrumb\"},\"inLanguage\":\"fr-FR\",\"potentialAction\":[{\"@type\":\"ReadAction\",\"target\":[\"https:\/\/ybeagroup.com\/sobre-nosotros\/\"]}]},{\"@type\":\"ImageObject\",\"inLanguage\":\"fr-FR\",\"@id\":\"https:\/\/ybeagroup.com\/sobre-nosotros\/#primaryimage\",\"url\":\"https:\/\/ybeagroup.com\/wp-content\/uploads\/2025\/03\/equipo-5.jpg\",\"contentUrl\":\"https:\/\/ybeagroup.com\/wp-content\/uploads\/2025\/03\/equipo-5.jpg\"},{\"@type\":\"BreadcrumbList\",\"@id\":\"https:\/\/ybeagroup.com\/sobre-nosotros\/#breadcrumb\",\"itemListElement\":[{\"@type\":\"ListItem\",\"position\":1,\"name\":\"Portada\",\"item\":\"https:\/\/ybeagroup.com\/\"},{\"@type\":\"ListItem\",\"position\":2,\"name\":\"Sobre nosotros\"}]},{\"@type\":\"WebSite\",\"@id\":\"https:\/\/ybeagroup.com\/gl\/#website\",\"url\":\"https:\/\/ybeagroup.com\/gl\/\",\"name\":\"Ybea Group\",\"description\":\"Soluciones innovadoras en formaci\u00f3n y consultor\u00eda para empresas\",\"publisher\":{\"@id\":\"https:\/\/ybeagroup.com\/gl\/#organization\"},\"potentialAction\":[{\"@type\":\"SearchAction\",\"target\":{\"@type\":\"EntryPoint\",\"urlTemplate\":\"https:\/\/ybeagroup.com\/gl\/?s={search_term_string}\"},\"query-input\":{\"@type\":\"PropertyValueSpecification\",\"valueRequired\":true,\"valueName\":\"search_term_string\"}}],\"inLanguage\":\"fr-FR\"},{\"@type\":\"Organization\",\"@id\":\"https:\/\/ybeagroup.com\/gl\/#organization\",\"name\":\"Ybea Group\",\"url\":\"https:\/\/ybeagroup.com\/gl\/\",\"logo\":{\"@type\":\"ImageObject\",\"inLanguage\":\"fr-FR\",\"@id\":\"https:\/\/ybeagroup.com\/gl\/#\/schema\/logo\/image\/\",\"url\":\"https:\/\/ybeagroup.com\/wp-content\/uploads\/2025\/03\/cropped-fav.png\",\"contentUrl\":\"https:\/\/ybeagroup.com\/wp-content\/uploads\/2025\/03\/cropped-fav.png\",\"width\":512,\"height\":512,\"caption\":\"Ybea Group\"},\"image\":{\"@id\":\"https:\/\/ybeagroup.com\/gl\/#\/schema\/logo\/image\/\"}}]}<\/script>\n<!-- \/ Yoast SEO plugin. -->","yoast_head_json":{"title":"Sobre nosotros - Ybea Group","robots":{"index":"index","follow":"follow","max-snippet":"max-snippet:-1","max-image-preview":"max-image-preview:large","max-video-preview":"max-video-preview:-1"},"canonical":"https:\/\/ybeagroup.com\/fr\/sobre-nosotros\/","og_locale":"fr_FR","og_type":"article","og_title":"Sobre nosotros - Ybea Group","og_description":"sOBRE NOSOTROS Qui\u00e9nes somos En Ybea Group, somos mucho m\u00e1s que una firma de consultor\u00eda; nos definimos como arquitectos del cambio y aliados estrat\u00e9gicos en la evoluci\u00f3n de empresas y organizaciones. Poseemos una reputaci\u00f3n s\u00f3lida en el \u00e1mbito nacional, aportando soluciones\u00a0 y servicios exclusivos que se adaptan a las necesidades \u00fanicas de cada cliente. Nuestros [&hellip;]","og_url":"https:\/\/ybeagroup.com\/fr\/sobre-nosotros\/","og_site_name":"Ybea Group","article_modified_time":"2025-05-21T09:00:38+00:00","og_image":[{"url":"https:\/\/ybeagroup.com\/wp-content\/uploads\/2025\/03\/equipo-5.jpg","type":"","width":"","height":""}],"twitter_card":"summary_large_image","twitter_misc":{"Dur\u00e9e de lecture estim\u00e9e":"1 minute"},"schema":{"@context":"https:\/\/schema.org","@graph":[{"@type":"WebPage","@id":"https:\/\/ybeagroup.com\/sobre-nosotros\/","url":"https:\/\/ybeagroup.com\/sobre-nosotros\/","name":"Sobre nosotros - Ybea Group","isPartOf":{"@id":"https:\/\/ybeagroup.com\/gl\/#website"},"primaryImageOfPage":{"@id":"https:\/\/ybeagroup.com\/sobre-nosotros\/#primaryimage"},"image":{"@id":"https:\/\/ybeagroup.com\/sobre-nosotros\/#primaryimage"},"thumbnailUrl":"https:\/\/ybeagroup.com\/wp-content\/uploads\/2025\/03\/equipo-5.jpg","datePublished":"2025-03-18T11:10:00+00:00","dateModified":"2025-05-21T09:00:38+00:00","breadcrumb":{"@id":"https:\/\/ybeagroup.com\/sobre-nosotros\/#breadcrumb"},"inLanguage":"fr-FR","potentialAction":[{"@type":"ReadAction","target":["https:\/\/ybeagroup.com\/sobre-nosotros\/"]}]},{"@type":"ImageObject","inLanguage":"fr-FR","@id":"https:\/\/ybeagroup.com\/sobre-nosotros\/#primaryimage","url":"https:\/\/ybeagroup.com\/wp-content\/uploads\/2025\/03\/equipo-5.jpg","contentUrl":"https:\/\/ybeagroup.com\/wp-content\/uploads\/2025\/03\/equipo-5.jpg"},{"@type":"BreadcrumbList","@id":"https:\/\/ybeagroup.com\/sobre-nosotros\/#breadcrumb","itemListElement":[{"@type":"ListItem","position":1,"name":"Portada","item":"https:\/\/ybeagroup.com\/"},{"@type":"ListItem","position":2,"name":"Sobre nosotros"}]},{"@type":"WebSite","@id":"https:\/\/ybeagroup.com\/gl\/#website","url":"https:\/\/ybeagroup.com\/gl\/","name":"Ybea Group","description":"Soluciones innovadoras en formaci\u00f3n y consultor\u00eda para empresas","publisher":{"@id":"https:\/\/ybeagroup.com\/gl\/#organization"},"potentialAction":[{"@type":"SearchAction","target":{"@type":"EntryPoint","urlTemplate":"https:\/\/ybeagroup.com\/gl\/?s={search_term_string}"},"query-input":{"@type":"PropertyValueSpecification","valueRequired":true,"valueName":"search_term_string"}}],"inLanguage":"fr-FR"},{"@type":"Organization","@id":"https:\/\/ybeagroup.com\/gl\/#organization","name":"Ybea Group","url":"https:\/\/ybeagroup.com\/gl\/","logo":{"@type":"ImageObject","inLanguage":"fr-FR","@id":"https:\/\/ybeagroup.com\/gl\/#\/schema\/logo\/image\/","url":"https:\/\/ybeagroup.com\/wp-content\/uploads\/2025\/03\/cropped-fav.png","contentUrl":"https:\/\/ybeagroup.com\/wp-content\/uploads\/2025\/03\/cropped-fav.png","width":512,"height":512,"caption":"Ybea Group"},"image":{"@id":"https:\/\/ybeagroup.com\/gl\/#\/schema\/logo\/image\/"}}]}},"_links":{"self":[{"href":"https:\/\/ybeagroup.com\/fr\/wp-json\/wp\/v2\/pages\/213","targetHints":{"allow":["GET"]}}],"collection":[{"href":"https:\/\/ybeagroup.com\/fr\/wp-json\/wp\/v2\/pages"}],"about":[{"href":"https:\/\/ybeagroup.com\/fr\/wp-json\/wp\/v2\/types\/page"}],"author":[{"embeddable":true,"href":"https:\/\/ybeagroup.com\/fr\/wp-json\/wp\/v2\/users\/2"}],"replies":[{"embeddable":true,"href":"https:\/\/ybeagroup.com\/fr\/wp-json\/wp\/v2\/comments?post=213"}],"version-history":[{"count":75,"href":"https:\/\/ybeagroup.com\/fr\/wp-json\/wp\/v2\/pages\/213\/revisions"}],"predecessor-version":[{"id":2531,"href":"https:\/\/ybeagroup.com\/fr\/wp-json\/wp\/v2\/pages\/213\/revisions\/2531"}],"wp:attachment":[{"href":"https:\/\/ybeagroup.com\/fr\/wp-json\/wp\/v2\/media?parent=213"}],"curies":[{"name":"wp","href":"https:\/\/api.w.org\/{rel}","templated":true}]}}