{"id":256,"date":"2025-03-18T11:10:33","date_gmt":"2025-03-18T11:10:33","guid":{"rendered":"https:\/\/ybeagroup.com\/terapias\/"},"modified":"2025-03-18T11:11:39","modified_gmt":"2025-03-18T11:11:39","slug":"terapias","status":"publish","type":"page","link":"https:\/\/ybeagroup.com\/fr\/terapias\/","title":{"rendered":"Th\u00e9rapies"},"content":{"rendered":"<div data-elementor-type=\"wp-page\" data-elementor-id=\"256\" class=\"elementor elementor-256\" data-elementor-post-type=\"page\">\n\t\t\t\t<div class=\"elementor-element elementor-element-7cc69c81 e-flex e-con-boxed e-con e-parent\" data-id=\"7cc69c81\" data-element_type=\"container\" data-settings=\"{&quot;background_background&quot;:&quot;classic&quot;}\">\n\t\t\t\t\t<div class=\"e-con-inner\">\n\t\t\t\t<div class=\"elementor-element elementor-element-254b0762 animated-slow elementor-invisible elementor-widget elementor-widget-heading\" data-id=\"254b0762\" data-element_type=\"widget\" data-settings=\"{&quot;_animation&quot;:&quot;fadeInDown&quot;}\" data-widget_type=\"heading.default\">\n\t\t\t\t<div class=\"elementor-widget-container\">\n\t\t\t\t\t<h1 class=\"elementor-heading-title elementor-size-default\">Th\u00e9rapies<\/h1>\t\t\t\t<\/div>\n\t\t\t\t<\/div>\n\t\t\t\t\t<\/div>\n\t\t\t\t<\/div>\n\t\t<div class=\"elementor-element elementor-element-ab3ff95 e-flex e-con-boxed e-con e-parent\" data-id=\"ab3ff95\" data-element_type=\"container\" data-settings=\"{&quot;background_background&quot;:&quot;classic&quot;}\">\n\t\t\t\t\t<div class=\"e-con-inner\">\n\t\t<div class=\"elementor-element elementor-element-28477ec6 e-con-full e-flex elementor-invisible e-con e-child\" data-id=\"28477ec6\" data-element_type=\"container\" data-settings=\"{&quot;animation&quot;:&quot;fadeInUp&quot;}\">\n\t\t\t\t<div class=\"elementor-element elementor-element-5ad2e939 animated-slow elementor-invisible elementor-widget elementor-widget-text-editor\" data-id=\"5ad2e939\" data-element_type=\"widget\" data-settings=\"{&quot;_animation&quot;:&quot;fadeInDown&quot;,&quot;_animation_delay&quot;:400}\" data-widget_type=\"text-editor.default\">\n\t\t\t\t<div class=\"elementor-widget-container\">\n\t\t\t\t\t\t\t\t\tDans notre centre, nous proposons une vari\u00e9t\u00e9 de th\u00e9rapies naturelles et de traitements holistiques con\u00e7us pour favoriser un bien-\u00eatre global. Gr\u00e2ce \u00e0 des techniques anciennes et modernes, nous vous aidons \u00e0 \u00e9quilibrer votre corps, votre esprit et votre \u00e9nergie, \u00e0 soulager les tensions, \u00e0 r\u00e9duire le stress et \u00e0 am\u00e9liorer votre sant\u00e9 naturellement.\t\t\t\t\t\t\t\t<\/div>\n\t\t\t\t<\/div>\n\t\t\t\t<\/div>\n\t\t<div class=\"elementor-element elementor-element-570857e7 e-con-full e-flex elementor-invisible e-con e-child\" data-id=\"570857e7\" data-element_type=\"container\" data-settings=\"{&quot;animation&quot;:&quot;fadeInDown&quot;}\">\n\t\t<div class=\"elementor-element elementor-element-7bd9a763 e-con-full e-flex e-con e-child\" data-id=\"7bd9a763\" data-element_type=\"container\">\n\t\t\t\t<div class=\"elementor-element elementor-element-67b965ca animated-slow elementor-invisible elementor-widget elementor-widget-heading\" data-id=\"67b965ca\" data-element_type=\"widget\" data-settings=\"{&quot;_animation&quot;:&quot;fadeInDown&quot;}\" data-widget_type=\"heading.default\">\n\t\t\t\t<div class=\"elementor-widget-container\">\n\t\t\t\t\t<h2 class=\"elementor-heading-title elementor-size-default\">Th\u00e9rapies holistiques pour le bien-\u00eatre physique, mental et \u00e9nerg\u00e9tique<\/h2>\t\t\t\t<\/div>\n\t\t\t\t<\/div>\n\t\t\t\t<\/div>\n\t\t\t\t<\/div>\n\t\t\t\t\t<\/div>\n\t\t\t\t<\/div>\n\t\t<div class=\"elementor-element elementor-element-6e9f63a2 e-flex e-con-boxed e-con e-parent\" data-id=\"6e9f63a2\" data-element_type=\"container\" data-settings=\"{&quot;background_background&quot;:&quot;classic&quot;}\">\n\t\t\t\t\t<div class=\"e-con-inner\">\n\t\t<div class=\"elementor-element elementor-element-50fdfd72 e-flex e-con-boxed elementor-invisible e-con e-child\" data-id=\"50fdfd72\" data-element_type=\"container\" data-settings=\"{&quot;animation&quot;:&quot;fadeInDown&quot;}\">\n\t\t\t\t\t<div class=\"e-con-inner\">\n\t\t\t\t<div class=\"elementor-element elementor-element-14e8f073 animated-slow elementor-invisible elementor-widget elementor-widget-heading\" data-id=\"14e8f073\" data-element_type=\"widget\" data-settings=\"{&quot;_animation&quot;:&quot;fadeInDown&quot;}\" data-widget_type=\"heading.default\">\n\t\t\t\t<div class=\"elementor-widget-container\">\n\t\t\t\t\t<h2 class=\"elementor-heading-title elementor-size-default\">Th\u00e9rapies disponibles pour \u00e9quilibrer votre corps et votre esprit<\/h2>\t\t\t\t<\/div>\n\t\t\t\t<\/div>\n\t\t\t\t<div class=\"elementor-element elementor-element-6e2f2d67 elementor-widget elementor-widget-text-editor\" data-id=\"6e2f2d67\" data-element_type=\"widget\" data-widget_type=\"text-editor.default\">\n\t\t\t\t<div class=\"elementor-widget-container\">\n\t\t\t\t\t\t\t\t\t<p>Nos traitements visent \u00e0 am\u00e9liorer votre bien-\u00eatre de mani\u00e8re globale. En fonction de vos besoins, nous pouvons vous recommander la th\u00e9rapie la plus adapt\u00e9e \u00e0 vos besoins.<\/p>\t\t\t\t\t\t\t\t<\/div>\n\t\t\t\t<\/div>\n\t\t\t\t\t<\/div>\n\t\t\t\t<\/div>\n\t\t<div class=\"elementor-element elementor-element-163170c7 e-grid e-con-full e-con e-child\" data-id=\"163170c7\" data-element_type=\"container\">\n\t\t<div class=\"elementor-element elementor-element-1db8761c e-con-full animated-slow e-flex elementor-invisible e-con e-child\" data-id=\"1db8761c\" data-element_type=\"container\" data-settings=\"{&quot;animation&quot;:&quot;fadeInDown&quot;}\">\n\t\t<div class=\"elementor-element elementor-element-7db8821a e-con-full e-flex e-con e-child\" data-id=\"7db8821a\" data-element_type=\"container\">\n\t\t\t\t<div class=\"elementor-element elementor-element-360bf87f elementor-widget elementor-widget-image\" data-id=\"360bf87f\" data-element_type=\"widget\" data-widget_type=\"image.default\">\n\t\t\t\t<div class=\"elementor-widget-container\">\n\t\t\t\t\t\t\t\t\t\t\t\t\t\t\t<img fetchpriority=\"high\" decoding=\"async\" width=\"800\" height=\"450\" src=\"https:\/\/ybeagroup.com\/wp-content\/uploads\/2025\/03\/masaje-facial-2-1024x576.jpg\" class=\"attachment-large size-large wp-image-258\" alt=\"\" srcset=\"https:\/\/ybeagroup.com\/wp-content\/uploads\/2025\/03\/masaje-facial-2-1024x576.jpg 1024w, https:\/\/ybeagroup.com\/wp-content\/uploads\/2025\/03\/masaje-facial-2-300x169.jpg 300w, https:\/\/ybeagroup.com\/wp-content\/uploads\/2025\/03\/masaje-facial-2-768x432.jpg 768w, https:\/\/ybeagroup.com\/wp-content\/uploads\/2025\/03\/masaje-facial-2-1536x864.jpg 1536w, https:\/\/ybeagroup.com\/wp-content\/uploads\/2025\/03\/masaje-facial-2.jpg 1600w\" sizes=\"(max-width: 800px) 100vw, 800px\" \/>\t\t\t\t\t\t\t\t\t\t\t\t\t\t\t<\/div>\n\t\t\t\t<\/div>\n\t\t\t\t<div class=\"elementor-element elementor-element-4914f99d elementor-widget elementor-widget-heading\" data-id=\"4914f99d\" data-element_type=\"widget\" data-widget_type=\"heading.default\">\n\t\t\t\t<div class=\"elementor-widget-container\">\n\t\t\t\t\t<h3 class=\"elementor-heading-title elementor-size-default\">Massage du visage rajeunissant<\/h3>\t\t\t\t<\/div>\n\t\t\t\t<\/div>\n\t\t\t\t<div class=\"elementor-element elementor-element-17fa0638 elementor-widget elementor-widget-text-editor\" data-id=\"17fa0638\" data-element_type=\"widget\" data-widget_type=\"text-editor.default\">\n\t\t\t\t<div class=\"elementor-widget-container\">\n\t\t\t\t\t\t\t\t\t<p>Le massage th\u00e9rapeutique du visage est une technique naturelle qui stimule la circulation sanguine, favorise la r\u00e9g\u00e9n\u00e9ration cellulaire et aide \u00e0 pr\u00e9venir les signes du vieillissement.<\/p>\t\t\t\t\t\t\t\t<\/div>\n\t\t\t\t<\/div>\n\t\t\t\t<\/div>\n\t\t\t\t<div class=\"elementor-element elementor-element-430da273 elementor-align-justify elementor-widget elementor-widget-button\" data-id=\"430da273\" data-element_type=\"widget\" data-widget_type=\"button.default\">\n\t\t\t\t<div class=\"elementor-widget-container\">\n\t\t\t\t\t\t\t\t\t<div class=\"elementor-button-wrapper\">\n\t\t\t\t\t<a class=\"elementor-button elementor-button-link elementor-size-sm\" href=\"https:\/\/ybeagroup.com\/fr\/masaje-facial\/\">\n\t\t\t\t\t\t<span class=\"elementor-button-content-wrapper\">\n\t\t\t\t\t\t\t\t\t<span class=\"elementor-button-text\">Apprendre encore plus<\/span>\n\t\t\t\t\t<\/span>\n\t\t\t\t\t<\/a>\n\t\t\t\t<\/div>\n\t\t\t\t\t\t\t\t<\/div>\n\t\t\t\t<\/div>\n\t\t\t\t<\/div>\n\t\t<div class=\"elementor-element elementor-element-37603206 e-con-full animated-slow e-flex elementor-invisible e-con e-child\" data-id=\"37603206\" data-element_type=\"container\" data-settings=\"{&quot;animation&quot;:&quot;fadeInDown&quot;,&quot;animation_delay&quot;:200}\">\n\t\t<div class=\"elementor-element elementor-element-12f9e04a e-con-full e-flex e-con e-child\" data-id=\"12f9e04a\" data-element_type=\"container\">\n\t\t\t\t<div class=\"elementor-element elementor-element-333ec2b elementor-widget elementor-widget-image\" data-id=\"333ec2b\" data-element_type=\"widget\" data-widget_type=\"image.default\">\n\t\t\t\t<div class=\"elementor-widget-container\">\n\t\t\t\t\t\t\t\t\t\t\t\t\t\t\t<img decoding=\"async\" width=\"800\" height=\"450\" src=\"https:\/\/ybeagroup.com\/wp-content\/uploads\/2025\/03\/reiki-2-1024x576.jpg\" class=\"attachment-large size-large wp-image-259\" alt=\"\" srcset=\"https:\/\/ybeagroup.com\/wp-content\/uploads\/2025\/03\/reiki-2-1024x576.jpg 1024w, https:\/\/ybeagroup.com\/wp-content\/uploads\/2025\/03\/reiki-2-300x169.jpg 300w, https:\/\/ybeagroup.com\/wp-content\/uploads\/2025\/03\/reiki-2-768x432.jpg 768w, https:\/\/ybeagroup.com\/wp-content\/uploads\/2025\/03\/reiki-2-1536x864.jpg 1536w, https:\/\/ybeagroup.com\/wp-content\/uploads\/2025\/03\/reiki-2.jpg 1600w\" sizes=\"(max-width: 800px) 100vw, 800px\" \/>\t\t\t\t\t\t\t\t\t\t\t\t\t\t\t<\/div>\n\t\t\t\t<\/div>\n\t\t\t\t<div class=\"elementor-element elementor-element-1d375fc5 elementor-widget elementor-widget-heading\" data-id=\"1d375fc5\" data-element_type=\"widget\" data-widget_type=\"heading.default\">\n\t\t\t\t<div class=\"elementor-widget-container\">\n\t\t\t\t\t<h3 class=\"elementor-heading-title elementor-size-default\">Reiki<\/h3>\t\t\t\t<\/div>\n\t\t\t\t<\/div>\n\t\t\t\t<div class=\"elementor-element elementor-element-4f2fe3df elementor-widget elementor-widget-text-editor\" data-id=\"4f2fe3df\" data-element_type=\"widget\" data-widget_type=\"text-editor.default\">\n\t\t\t\t<div class=\"elementor-widget-container\">\n\t\t\t\t\t\t\t\t\t<p>Le Reiki est une technique ancienne qui travaille avec l\u2019\u00e9nergie vitale pour restaurer l\u2019\u00e9quilibre physique, mental et \u00e9motionnel. Par l\u2019imposition des mains, l\u2019\u00e9nergie universelle est canalis\u00e9e dans le corps, favorisant un \u00e9tat de relaxation profonde et de bien-\u00eatre.<\/p>\t\t\t\t\t\t\t\t<\/div>\n\t\t\t\t<\/div>\n\t\t\t\t<\/div>\n\t\t\t\t<div class=\"elementor-element elementor-element-4029cd48 elementor-align-justify elementor-widget elementor-widget-button\" data-id=\"4029cd48\" data-element_type=\"widget\" data-widget_type=\"button.default\">\n\t\t\t\t<div class=\"elementor-widget-container\">\n\t\t\t\t\t\t\t\t\t<div class=\"elementor-button-wrapper\">\n\t\t\t\t\t<a class=\"elementor-button elementor-button-link elementor-size-sm\" href=\"https:\/\/ybeagroup.com\/fr\/reiki\/\">\n\t\t\t\t\t\t<span class=\"elementor-button-content-wrapper\">\n\t\t\t\t\t\t\t\t\t<span class=\"elementor-button-text\">Apprendre encore plus<\/span>\n\t\t\t\t\t<\/span>\n\t\t\t\t\t<\/a>\n\t\t\t\t<\/div>\n\t\t\t\t\t\t\t\t<\/div>\n\t\t\t\t<\/div>\n\t\t\t\t<\/div>\n\t\t<div class=\"elementor-element elementor-element-3202b438 e-con-full animated-slow e-flex elementor-invisible e-con e-child\" data-id=\"3202b438\" data-element_type=\"container\" data-settings=\"{&quot;animation&quot;:&quot;fadeInDown&quot;,&quot;animation_delay&quot;:400}\">\n\t\t<div class=\"elementor-element elementor-element-2843d52c e-con-full e-flex e-con e-child\" data-id=\"2843d52c\" data-element_type=\"container\">\n\t\t\t\t<div class=\"elementor-element elementor-element-3b0729e elementor-widget elementor-widget-image\" data-id=\"3b0729e\" data-element_type=\"widget\" data-widget_type=\"image.default\">\n\t\t\t\t<div class=\"elementor-widget-container\">\n\t\t\t\t\t\t\t\t\t\t\t\t\t\t\t<img decoding=\"async\" width=\"800\" height=\"450\" src=\"https:\/\/ybeagroup.com\/wp-content\/uploads\/2025\/03\/auriculoterapia-4-1024x576.jpg\" class=\"attachment-large size-large wp-image-260\" alt=\"\" srcset=\"https:\/\/ybeagroup.com\/wp-content\/uploads\/2025\/03\/auriculoterapia-4-1024x576.jpg 1024w, https:\/\/ybeagroup.com\/wp-content\/uploads\/2025\/03\/auriculoterapia-4-300x169.jpg 300w, https:\/\/ybeagroup.com\/wp-content\/uploads\/2025\/03\/auriculoterapia-4-768x432.jpg 768w, https:\/\/ybeagroup.com\/wp-content\/uploads\/2025\/03\/auriculoterapia-4-1536x864.jpg 1536w, https:\/\/ybeagroup.com\/wp-content\/uploads\/2025\/03\/auriculoterapia-4.jpg 1600w\" sizes=\"(max-width: 800px) 100vw, 800px\" \/>\t\t\t\t\t\t\t\t\t\t\t\t\t\t\t<\/div>\n\t\t\t\t<\/div>\n\t\t\t\t<div class=\"elementor-element elementor-element-27fc096e elementor-widget elementor-widget-heading\" data-id=\"27fc096e\" data-element_type=\"widget\" data-widget_type=\"heading.default\">\n\t\t\t\t<div class=\"elementor-widget-container\">\n\t\t\t\t\t<h3 class=\"elementor-heading-title elementor-size-default\">Auriculoth\u00e9rapie<\/h3>\t\t\t\t<\/div>\n\t\t\t\t<\/div>\n\t\t\t\t<div class=\"elementor-element elementor-element-483ca204 elementor-widget elementor-widget-text-editor\" data-id=\"483ca204\" data-element_type=\"widget\" data-widget_type=\"text-editor.default\">\n\t\t\t\t<div class=\"elementor-widget-container\">\n\t\t\t\t\t\t\t\t\tL&#039;auriculoth\u00e9rapie est une technique bas\u00e9e sur la m\u00e9decine traditionnelle chinoise qui stimule des points sp\u00e9cifiques de l&#039;oreille pour traiter diverses affections. C&#039;est une m\u00e9thode naturelle et efficace pour aider aux processus de gu\u00e9rison et de bien-\u00eatre.\t\t\t\t\t\t\t\t<\/div>\n\t\t\t\t<\/div>\n\t\t\t\t<\/div>\n\t\t\t\t<div class=\"elementor-element elementor-element-487d780d elementor-align-justify elementor-widget elementor-widget-button\" data-id=\"487d780d\" data-element_type=\"widget\" data-widget_type=\"button.default\">\n\t\t\t\t<div class=\"elementor-widget-container\">\n\t\t\t\t\t\t\t\t\t<div class=\"elementor-button-wrapper\">\n\t\t\t\t\t<a class=\"elementor-button elementor-button-link elementor-size-sm\" href=\"https:\/\/ybeagroup.com\/fr\/auriculoterapia\/\">\n\t\t\t\t\t\t<span class=\"elementor-button-content-wrapper\">\n\t\t\t\t\t\t\t\t\t<span class=\"elementor-button-text\">Apprendre encore plus<\/span>\n\t\t\t\t\t<\/span>\n\t\t\t\t\t<\/a>\n\t\t\t\t<\/div>\n\t\t\t\t\t\t\t\t<\/div>\n\t\t\t\t<\/div>\n\t\t\t\t<\/div>\n\t\t\t\t<\/div>\n\t\t\t\t\t<\/div>\n\t\t\t\t<\/div>\n\t\t\t\t<\/div>","protected":false},"excerpt":{"rendered":"<p>Dans notre centre, nous proposons une vari\u00e9t\u00e9 de th\u00e9rapies naturelles et de soins holistiques con\u00e7us pour favoriser votre bien-\u00eatre g\u00e9n\u00e9ral. Gr\u00e2ce \u00e0 des techniques ancestrales et modernes, nous vous aidons \u00e0 harmoniser votre corps, votre esprit et votre \u00e9nergie, \u00e0 soulager les tensions, \u00e0 r\u00e9duire le stress et \u00e0 am\u00e9liorer naturellement votre sant\u00e9. Th\u00e9rapies holistiques pour un bien-\u00eatre physique, mental et \u00e9nerg\u00e9tique.<\/p>","protected":false},"author":2,"featured_media":0,"parent":0,"menu_order":0,"comment_status":"closed","ping_status":"closed","template":"","meta":{"footnotes":""},"class_list":["post-256","page","type-page","status-publish","hentry"],"yoast_head":"<!-- This site is optimized with the Yoast SEO plugin v26.4 - https:\/\/yoast.com\/wordpress\/plugins\/seo\/ -->\n<title>Terapias - Ybea Group<\/title>\n<meta name=\"robots\" content=\"index, follow, max-snippet:-1, max-image-preview:large, max-video-preview:-1\" \/>\n<link rel=\"canonical\" href=\"https:\/\/ybeagroup.com\/fr\/terapias\/\" \/>\n<meta property=\"og:locale\" content=\"fr_FR\" \/>\n<meta property=\"og:type\" content=\"article\" \/>\n<meta property=\"og:title\" content=\"Terapias - Ybea Group\" \/>\n<meta property=\"og:description\" content=\"En nuestro centro ofrecemos una variedad de terapias naturales y tratamientos hol\u00edsticos dise\u00f1ados para promover el bienestar integral. A trav\u00e9s de t\u00e9cnicas ancestrales y modernas, te ayudamos a equilibrar cuerpo, mente y energ\u00eda, aliviando tensiones, reduciendo el estr\u00e9s y potenciando tu salud de manera natural. Terapias hol\u00edsticas para el bienestar f\u00edsico, mental y energ\u00e9tico Terapias [&hellip;]\" \/>\n<meta property=\"og:url\" content=\"https:\/\/ybeagroup.com\/fr\/terapias\/\" \/>\n<meta property=\"og:site_name\" content=\"Ybea Group\" \/>\n<meta property=\"article:modified_time\" content=\"2025-03-18T11:11:39+00:00\" \/>\n<meta property=\"og:image\" content=\"https:\/\/ybeagroup.com\/wp-content\/uploads\/2025\/03\/masaje-facial-2-1024x576.jpg\" \/>\n<meta name=\"twitter:card\" content=\"summary_large_image\" \/>\n<meta name=\"twitter:label1\" content=\"Dur\u00e9e de lecture estim\u00e9e\" \/>\n\t<meta name=\"twitter:data1\" content=\"1 minute\" \/>\n<script type=\"application\/ld+json\" class=\"yoast-schema-graph\">{\"@context\":\"https:\/\/schema.org\",\"@graph\":[{\"@type\":\"WebPage\",\"@id\":\"https:\/\/ybeagroup.com\/eu\/terapias\/\",\"url\":\"https:\/\/ybeagroup.com\/eu\/terapias\/\",\"name\":\"Terapias - Ybea Group\",\"isPartOf\":{\"@id\":\"https:\/\/ybeagroup.com\/gl\/#website\"},\"primaryImageOfPage\":{\"@id\":\"https:\/\/ybeagroup.com\/eu\/terapias\/#primaryimage\"},\"image\":{\"@id\":\"https:\/\/ybeagroup.com\/eu\/terapias\/#primaryimage\"},\"thumbnailUrl\":\"https:\/\/ybeagroup.com\/wp-content\/uploads\/2025\/03\/masaje-facial-2-1024x576.jpg\",\"datePublished\":\"2025-03-18T11:10:33+00:00\",\"dateModified\":\"2025-03-18T11:11:39+00:00\",\"breadcrumb\":{\"@id\":\"https:\/\/ybeagroup.com\/eu\/terapias\/#breadcrumb\"},\"inLanguage\":\"fr-FR\",\"potentialAction\":[{\"@type\":\"ReadAction\",\"target\":[\"https:\/\/ybeagroup.com\/eu\/terapias\/\"]}]},{\"@type\":\"ImageObject\",\"inLanguage\":\"fr-FR\",\"@id\":\"https:\/\/ybeagroup.com\/eu\/terapias\/#primaryimage\",\"url\":\"https:\/\/ybeagroup.com\/wp-content\/uploads\/2025\/03\/masaje-facial-2-1024x576.jpg\",\"contentUrl\":\"https:\/\/ybeagroup.com\/wp-content\/uploads\/2025\/03\/masaje-facial-2-1024x576.jpg\"},{\"@type\":\"BreadcrumbList\",\"@id\":\"https:\/\/ybeagroup.com\/eu\/terapias\/#breadcrumb\",\"itemListElement\":[{\"@type\":\"ListItem\",\"position\":1,\"name\":\"Portada\",\"item\":\"https:\/\/ybeagroup.com\/\"},{\"@type\":\"ListItem\",\"position\":2,\"name\":\"Terapias\"}]},{\"@type\":\"WebSite\",\"@id\":\"https:\/\/ybeagroup.com\/gl\/#website\",\"url\":\"https:\/\/ybeagroup.com\/gl\/\",\"name\":\"Ybea Group\",\"description\":\"Soluciones innovadoras en formaci\u00f3n y consultor\u00eda para empresas\",\"publisher\":{\"@id\":\"https:\/\/ybeagroup.com\/gl\/#organization\"},\"potentialAction\":[{\"@type\":\"SearchAction\",\"target\":{\"@type\":\"EntryPoint\",\"urlTemplate\":\"https:\/\/ybeagroup.com\/gl\/?s={search_term_string}\"},\"query-input\":{\"@type\":\"PropertyValueSpecification\",\"valueRequired\":true,\"valueName\":\"search_term_string\"}}],\"inLanguage\":\"fr-FR\"},{\"@type\":\"Organization\",\"@id\":\"https:\/\/ybeagroup.com\/gl\/#organization\",\"name\":\"Ybea Group\",\"url\":\"https:\/\/ybeagroup.com\/gl\/\",\"logo\":{\"@type\":\"ImageObject\",\"inLanguage\":\"fr-FR\",\"@id\":\"https:\/\/ybeagroup.com\/gl\/#\/schema\/logo\/image\/\",\"url\":\"https:\/\/ybeagroup.com\/wp-content\/uploads\/2025\/03\/cropped-fav.png\",\"contentUrl\":\"https:\/\/ybeagroup.com\/wp-content\/uploads\/2025\/03\/cropped-fav.png\",\"width\":512,\"height\":512,\"caption\":\"Ybea Group\"},\"image\":{\"@id\":\"https:\/\/ybeagroup.com\/gl\/#\/schema\/logo\/image\/\"}}]}<\/script>\n<!-- \/ Yoast SEO plugin. -->","yoast_head_json":{"title":"Terapias - Ybea Group","robots":{"index":"index","follow":"follow","max-snippet":"max-snippet:-1","max-image-preview":"max-image-preview:large","max-video-preview":"max-video-preview:-1"},"canonical":"https:\/\/ybeagroup.com\/fr\/terapias\/","og_locale":"fr_FR","og_type":"article","og_title":"Terapias - Ybea Group","og_description":"En nuestro centro ofrecemos una variedad de terapias naturales y tratamientos hol\u00edsticos dise\u00f1ados para promover el bienestar integral. A trav\u00e9s de t\u00e9cnicas ancestrales y modernas, te ayudamos a equilibrar cuerpo, mente y energ\u00eda, aliviando tensiones, reduciendo el estr\u00e9s y potenciando tu salud de manera natural. Terapias hol\u00edsticas para el bienestar f\u00edsico, mental y energ\u00e9tico Terapias [&hellip;]","og_url":"https:\/\/ybeagroup.com\/fr\/terapias\/","og_site_name":"Ybea Group","article_modified_time":"2025-03-18T11:11:39+00:00","og_image":[{"url":"https:\/\/ybeagroup.com\/wp-content\/uploads\/2025\/03\/masaje-facial-2-1024x576.jpg","type":"","width":"","height":""}],"twitter_card":"summary_large_image","twitter_misc":{"Dur\u00e9e de lecture estim\u00e9e":"1 minute"},"schema":{"@context":"https:\/\/schema.org","@graph":[{"@type":"WebPage","@id":"https:\/\/ybeagroup.com\/eu\/terapias\/","url":"https:\/\/ybeagroup.com\/eu\/terapias\/","name":"Terapias - Ybea Group","isPartOf":{"@id":"https:\/\/ybeagroup.com\/gl\/#website"},"primaryImageOfPage":{"@id":"https:\/\/ybeagroup.com\/eu\/terapias\/#primaryimage"},"image":{"@id":"https:\/\/ybeagroup.com\/eu\/terapias\/#primaryimage"},"thumbnailUrl":"https:\/\/ybeagroup.com\/wp-content\/uploads\/2025\/03\/masaje-facial-2-1024x576.jpg","datePublished":"2025-03-18T11:10:33+00:00","dateModified":"2025-03-18T11:11:39+00:00","breadcrumb":{"@id":"https:\/\/ybeagroup.com\/eu\/terapias\/#breadcrumb"},"inLanguage":"fr-FR","potentialAction":[{"@type":"ReadAction","target":["https:\/\/ybeagroup.com\/eu\/terapias\/"]}]},{"@type":"ImageObject","inLanguage":"fr-FR","@id":"https:\/\/ybeagroup.com\/eu\/terapias\/#primaryimage","url":"https:\/\/ybeagroup.com\/wp-content\/uploads\/2025\/03\/masaje-facial-2-1024x576.jpg","contentUrl":"https:\/\/ybeagroup.com\/wp-content\/uploads\/2025\/03\/masaje-facial-2-1024x576.jpg"},{"@type":"BreadcrumbList","@id":"https:\/\/ybeagroup.com\/eu\/terapias\/#breadcrumb","itemListElement":[{"@type":"ListItem","position":1,"name":"Portada","item":"https:\/\/ybeagroup.com\/"},{"@type":"ListItem","position":2,"name":"Terapias"}]},{"@type":"WebSite","@id":"https:\/\/ybeagroup.com\/gl\/#website","url":"https:\/\/ybeagroup.com\/gl\/","name":"Ybea Group","description":"Soluciones innovadoras en formaci\u00f3n y consultor\u00eda para empresas","publisher":{"@id":"https:\/\/ybeagroup.com\/gl\/#organization"},"potentialAction":[{"@type":"SearchAction","target":{"@type":"EntryPoint","urlTemplate":"https:\/\/ybeagroup.com\/gl\/?s={search_term_string}"},"query-input":{"@type":"PropertyValueSpecification","valueRequired":true,"valueName":"search_term_string"}}],"inLanguage":"fr-FR"},{"@type":"Organization","@id":"https:\/\/ybeagroup.com\/gl\/#organization","name":"Ybea Group","url":"https:\/\/ybeagroup.com\/gl\/","logo":{"@type":"ImageObject","inLanguage":"fr-FR","@id":"https:\/\/ybeagroup.com\/gl\/#\/schema\/logo\/image\/","url":"https:\/\/ybeagroup.com\/wp-content\/uploads\/2025\/03\/cropped-fav.png","contentUrl":"https:\/\/ybeagroup.com\/wp-content\/uploads\/2025\/03\/cropped-fav.png","width":512,"height":512,"caption":"Ybea Group"},"image":{"@id":"https:\/\/ybeagroup.com\/gl\/#\/schema\/logo\/image\/"}}]}},"_links":{"self":[{"href":"https:\/\/ybeagroup.com\/fr\/wp-json\/wp\/v2\/pages\/256","targetHints":{"allow":["GET"]}}],"collection":[{"href":"https:\/\/ybeagroup.com\/fr\/wp-json\/wp\/v2\/pages"}],"about":[{"href":"https:\/\/ybeagroup.com\/fr\/wp-json\/wp\/v2\/types\/page"}],"author":[{"embeddable":true,"href":"https:\/\/ybeagroup.com\/fr\/wp-json\/wp\/v2\/users\/2"}],"replies":[{"embeddable":true,"href":"https:\/\/ybeagroup.com\/fr\/wp-json\/wp\/v2\/comments?post=256"}],"version-history":[{"count":4,"href":"https:\/\/ybeagroup.com\/fr\/wp-json\/wp\/v2\/pages\/256\/revisions"}],"predecessor-version":[{"id":423,"href":"https:\/\/ybeagroup.com\/fr\/wp-json\/wp\/v2\/pages\/256\/revisions\/423"}],"wp:attachment":[{"href":"https:\/\/ybeagroup.com\/fr\/wp-json\/wp\/v2\/media?parent=256"}],"curies":[{"name":"wp","href":"https:\/\/api.w.org\/{rel}","templated":true}]}}