{"id":641,"date":"2025-03-18T15:06:50","date_gmt":"2025-03-18T15:06:50","guid":{"rendered":"https:\/\/ybeagroup.com\/?page_id=641"},"modified":"2025-03-22T09:43:08","modified_gmt":"2025-03-22T09:43:08","slug":"estrategia-empresarial","status":"publish","type":"page","link":"https:\/\/ybeagroup.com\/fr\/estrategia-empresarial\/","title":{"rendered":"Strat\u00e9gie d&#039;entreprise"},"content":{"rendered":"<div data-elementor-type=\"wp-page\" data-elementor-id=\"641\" class=\"elementor elementor-641\" data-elementor-post-type=\"page\">\n\t\t\t\t<div class=\"elementor-element elementor-element-95bd738 e-flex e-con-boxed e-con e-parent\" data-id=\"95bd738\" data-element_type=\"container\" data-settings=\"{&quot;background_background&quot;:&quot;classic&quot;}\">\n\t\t\t\t\t<div class=\"e-con-inner\">\n\t\t\t\t<div class=\"elementor-element elementor-element-04d90a0 animated-slow elementor-invisible elementor-widget elementor-widget-heading\" data-id=\"04d90a0\" data-element_type=\"widget\" data-settings=\"{&quot;_animation&quot;:&quot;fadeInDown&quot;}\" data-widget_type=\"heading.default\">\n\t\t\t\t<div class=\"elementor-widget-container\">\n\t\t\t\t\t<h1 class=\"elementor-heading-title elementor-size-default\">Conseil strat\u00e9gique personnalis\u00e9 pour votre entreprise<\/h1>\t\t\t\t<\/div>\n\t\t\t\t<\/div>\n\t\t\t\t\t<\/div>\n\t\t\t\t<\/div>\n\t\t<div class=\"elementor-element elementor-element-1802252 e-flex e-con-boxed e-con e-parent\" data-id=\"1802252\" data-element_type=\"container\" data-settings=\"{&quot;background_background&quot;:&quot;classic&quot;}\">\n\t\t\t\t\t<div class=\"e-con-inner\">\n\t\t<div class=\"elementor-element elementor-element-a664228 e-con-full e-flex elementor-invisible e-con e-child\" data-id=\"a664228\" data-element_type=\"container\" data-settings=\"{&quot;animation&quot;:&quot;fadeInUp&quot;,&quot;background_background&quot;:&quot;classic&quot;}\">\n\t\t\t\t<div class=\"elementor-element elementor-element-a4193a3 elementor-widget elementor-widget-image\" data-id=\"a4193a3\" data-element_type=\"widget\" data-widget_type=\"image.default\">\n\t\t\t\t<div class=\"elementor-widget-container\">\n\t\t\t\t\t\t\t\t\t\t\t\t\t\t\t<img fetchpriority=\"high\" decoding=\"async\" width=\"1900\" height=\"1467\" src=\"https:\/\/ybeagroup.com\/wp-content\/uploads\/2025\/03\/business-handshake-partnership-and-contract-agree-2023-11-27-04-53-25-utc.jpeg\" class=\"attachment-full size-full wp-image-1696\" alt=\"\" srcset=\"https:\/\/ybeagroup.com\/wp-content\/uploads\/2025\/03\/business-handshake-partnership-and-contract-agree-2023-11-27-04-53-25-utc.jpeg 1900w, https:\/\/ybeagroup.com\/wp-content\/uploads\/2025\/03\/business-handshake-partnership-and-contract-agree-2023-11-27-04-53-25-utc-300x232.jpeg 300w, https:\/\/ybeagroup.com\/wp-content\/uploads\/2025\/03\/business-handshake-partnership-and-contract-agree-2023-11-27-04-53-25-utc-1024x791.jpeg 1024w, https:\/\/ybeagroup.com\/wp-content\/uploads\/2025\/03\/business-handshake-partnership-and-contract-agree-2023-11-27-04-53-25-utc-768x593.jpeg 768w, https:\/\/ybeagroup.com\/wp-content\/uploads\/2025\/03\/business-handshake-partnership-and-contract-agree-2023-11-27-04-53-25-utc-1536x1186.jpeg 1536w\" sizes=\"(max-width: 1900px) 100vw, 1900px\" \/>\t\t\t\t\t\t\t\t\t\t\t\t\t\t\t<\/div>\n\t\t\t\t<\/div>\n\t\t\t\t<\/div>\n\t\t<div class=\"elementor-element elementor-element-cdb6ef9 e-con-full e-flex elementor-invisible e-con e-child\" data-id=\"cdb6ef9\" data-element_type=\"container\" data-settings=\"{&quot;animation&quot;:&quot;fadeInDown&quot;}\">\n\t\t<div class=\"elementor-element elementor-element-9728bbf e-con-full e-flex e-con e-child\" data-id=\"9728bbf\" data-element_type=\"container\">\n\t\t\t\t<div class=\"elementor-element elementor-element-2a7840e animated-slow elementor-invisible elementor-widget elementor-widget-heading\" data-id=\"2a7840e\" data-element_type=\"widget\" data-settings=\"{&quot;_animation&quot;:&quot;fadeInDown&quot;,&quot;_animation_delay&quot;:200}\" data-widget_type=\"heading.default\">\n\t\t\t\t<div class=\"elementor-widget-container\">\n\t\t\t\t\t<h2 class=\"elementor-heading-title elementor-size-default\">Des solutions strat\u00e9giques adapt\u00e9es \u00e0 vos objectifs commerciaux<\/h2>\t\t\t\t<\/div>\n\t\t\t\t<\/div>\n\t\t\t\t<div class=\"elementor-element elementor-element-0026e17 elementor-widget-divider--view-line elementor-widget elementor-widget-divider\" data-id=\"0026e17\" data-element_type=\"widget\" data-widget_type=\"divider.default\">\n\t\t\t\t<div class=\"elementor-widget-container\">\n\t\t\t\t\t\t\t<div class=\"elementor-divider\">\n\t\t\t<span class=\"elementor-divider-separator\">\n\t\t\t\t\t\t<\/span>\n\t\t<\/div>\n\t\t\t\t\t\t<\/div>\n\t\t\t\t<\/div>\n\t\t\t\t<div class=\"elementor-element elementor-element-7f0a78a animated-slow elementor-invisible elementor-widget elementor-widget-text-editor\" data-id=\"7f0a78a\" data-element_type=\"widget\" data-settings=\"{&quot;_animation&quot;:&quot;fadeInDown&quot;,&quot;_animation_delay&quot;:400}\" data-widget_type=\"text-editor.default\">\n\t\t\t\t<div class=\"elementor-widget-container\">\n\t\t\t\t\t\t\t\t\tChez Ybea Group, nous proposons des conseils strat\u00e9giques con\u00e7us pour optimiser et transformer les performances de votre entreprise. Nous \u00e9laborons des plans et des projets personnalis\u00e9s, adapt\u00e9s aux besoins sp\u00e9cifiques de chaque client, pour assurer le succ\u00e8s commercial \u00e0 long terme.\t\t\t\t\t\t\t\t<\/div>\n\t\t\t\t<\/div>\n\t\t\t\t<\/div>\n\t\t\t\t<\/div>\n\t\t\t\t\t<\/div>\n\t\t\t\t<\/div>\n\t\t<div class=\"elementor-element elementor-element-ac32da0 e-flex e-con-boxed e-con e-parent\" data-id=\"ac32da0\" data-element_type=\"container\" data-settings=\"{&quot;background_background&quot;:&quot;classic&quot;}\">\n\t\t\t\t\t<div class=\"e-con-inner\">\n\t\t<div class=\"elementor-element elementor-element-4876a78 e-con-full e-flex elementor-invisible e-con e-child\" data-id=\"4876a78\" data-element_type=\"container\" data-settings=\"{&quot;animation&quot;:&quot;fadeInDown&quot;}\">\n\t\t<div class=\"elementor-element elementor-element-7412f52 e-con-full e-flex e-con e-child\" data-id=\"7412f52\" data-element_type=\"container\">\n\t\t\t\t<div class=\"elementor-element elementor-element-8d96396 animated-slow elementor-invisible elementor-widget elementor-widget-heading\" data-id=\"8d96396\" data-element_type=\"widget\" data-settings=\"{&quot;_animation&quot;:&quot;fadeInDown&quot;,&quot;_animation_delay&quot;:200}\" data-widget_type=\"heading.default\">\n\t\t\t\t<div class=\"elementor-widget-container\">\n\t\t\t\t\t<h2 class=\"elementor-heading-title elementor-size-default\">Des solutions strat\u00e9giques et efficaces pour la r\u00e9ussite des entreprises<\/h2>\t\t\t\t<\/div>\n\t\t\t\t<\/div>\n\t\t\t\t<\/div>\n\t\t<div class=\"elementor-element elementor-element-99c625b e-grid e-con-full e-con e-child\" data-id=\"99c625b\" data-element_type=\"container\">\n\t\t\t\t<div class=\"elementor-element elementor-element-b7dbc7c elementor-widget elementor-widget-icon-box\" data-id=\"b7dbc7c\" data-element_type=\"widget\" data-widget_type=\"icon-box.default\">\n\t\t\t\t<div class=\"elementor-widget-container\">\n\t\t\t\t\t\t\t<div class=\"elementor-icon-box-wrapper\">\n\n\t\t\t\n\t\t\t\t\t\t<div class=\"elementor-icon-box-content\">\n\n\t\t\t\t\t\t\t\t\t<h3 class=\"elementor-icon-box-title\">\n\t\t\t\t\t\t<span  >\n\t\t\t\t\t\t\t\u00c9tudes de produits\t\t\t\t\t\t<\/span>\n\t\t\t\t\t<\/h3>\n\t\t\t\t\n\t\t\t\t\t\t\t\t\t<p class=\"elementor-icon-box-description\">\n\t\t\t\t\t\tNous analysons vos produits pour identifier les opportunit\u00e9s d\u2019am\u00e9lioration et d\u2019adaptation qui vous aident \u00e0 vous d\u00e9marquer sur le march\u00e9.\t\t\t\t\t<\/p>\n\t\t\t\t\n\t\t\t<\/div>\n\t\t\t\n\t\t<\/div>\n\t\t\t\t\t\t<\/div>\n\t\t\t\t<\/div>\n\t\t\t\t<div class=\"elementor-element elementor-element-468bacd elementor-widget elementor-widget-icon-box\" data-id=\"468bacd\" data-element_type=\"widget\" data-widget_type=\"icon-box.default\">\n\t\t\t\t<div class=\"elementor-widget-container\">\n\t\t\t\t\t\t\t<div class=\"elementor-icon-box-wrapper\">\n\n\t\t\t\n\t\t\t\t\t\t<div class=\"elementor-icon-box-content\">\n\n\t\t\t\t\t\t\t\t\t<h3 class=\"elementor-icon-box-title\">\n\t\t\t\t\t\t<span  >\n\t\t\t\t\t\t\tProgrammes de mesure et d&#039;am\u00e9lioration de la qualit\u00e9 des services\t\t\t\t\t\t<\/span>\n\t\t\t\t\t<\/h3>\n\t\t\t\t\n\t\t\t\t\t\t\t\t\t<p class=\"elementor-icon-box-description\">\n\t\t\t\t\t\tNous mettons en \u0153uvre des strat\u00e9gies pour mesurer et am\u00e9liorer la qualit\u00e9 du service que vous offrez, en optimisant l&#039;exp\u00e9rience client.\t\t\t\t\t<\/p>\n\t\t\t\t\n\t\t\t<\/div>\n\t\t\t\n\t\t<\/div>\n\t\t\t\t\t\t<\/div>\n\t\t\t\t<\/div>\n\t\t\t\t<div class=\"elementor-element elementor-element-d3b0cc4 elementor-widget elementor-widget-icon-box\" data-id=\"d3b0cc4\" data-element_type=\"widget\" data-widget_type=\"icon-box.default\">\n\t\t\t\t<div class=\"elementor-widget-container\">\n\t\t\t\t\t\t\t<div class=\"elementor-icon-box-wrapper\">\n\n\t\t\t\n\t\t\t\t\t\t<div class=\"elementor-icon-box-content\">\n\n\t\t\t\t\t\t\t\t\t<h3 class=\"elementor-icon-box-title\">\n\t\t\t\t\t\t<span  >\n\t\t\t\t\t\t\tExp\u00e9rience client\t\t\t\t\t\t<\/span>\n\t\t\t\t\t<\/h3>\n\t\t\t\t\n\t\t\t\t\t\t\t\t\t<p class=\"elementor-icon-box-description\">\n\t\t\t\t\t\tNous am\u00e9liorons l&#039;exp\u00e9rience client gr\u00e2ce \u00e0 l&#039;implication de tous les d\u00e9partements de votre entreprise qui affectent le service client.\t\t\t\t\t<\/p>\n\t\t\t\t\n\t\t\t<\/div>\n\t\t\t\n\t\t<\/div>\n\t\t\t\t\t\t<\/div>\n\t\t\t\t<\/div>\n\t\t\t\t<div class=\"elementor-element elementor-element-ca70fab elementor-widget elementor-widget-icon-box\" data-id=\"ca70fab\" data-element_type=\"widget\" data-widget_type=\"icon-box.default\">\n\t\t\t\t<div class=\"elementor-widget-container\">\n\t\t\t\t\t\t\t<div class=\"elementor-icon-box-wrapper\">\n\n\t\t\t\n\t\t\t\t\t\t<div class=\"elementor-icon-box-content\">\n\n\t\t\t\t\t\t\t\t\t<h3 class=\"elementor-icon-box-title\">\n\t\t\t\t\t\t<span  >\n\t\t\t\t\t\t\tClient myst\u00e8re\t\t\t\t\t\t<\/span>\n\t\t\t\t\t<\/h3>\n\t\t\t\t\n\t\t\t\t\t\t\t\t\t<p class=\"elementor-icon-box-description\">\n\t\t\t\t\t\tNous effectuons des \u00e9valuations anonymes de la qualit\u00e9 du service pour identifier les domaines d\u2019opportunit\u00e9 et optimiser les processus de service client.\t\t\t\t\t<\/p>\n\t\t\t\t\n\t\t\t<\/div>\n\t\t\t\n\t\t<\/div>\n\t\t\t\t\t\t<\/div>\n\t\t\t\t<\/div>\n\t\t\t\t<div class=\"elementor-element elementor-element-29a1e06 elementor-widget elementor-widget-icon-box\" data-id=\"29a1e06\" data-element_type=\"widget\" data-widget_type=\"icon-box.default\">\n\t\t\t\t<div class=\"elementor-widget-container\">\n\t\t\t\t\t\t\t<div class=\"elementor-icon-box-wrapper\">\n\n\t\t\t\n\t\t\t\t\t\t<div class=\"elementor-icon-box-content\">\n\n\t\t\t\t\t\t\t\t\t<h3 class=\"elementor-icon-box-title\">\n\t\t\t\t\t\t<span  >\n\t\t\t\t\t\t\tAm\u00e9liorer l&#039;engagement du personnel\t\t\t\t\t\t<\/span>\n\t\t\t\t\t<\/h3>\n\t\t\t\t\n\t\t\t\t\t\t\t\t\t<p class=\"elementor-icon-box-description\">\n\t\t\t\t\t\tNous augmentons la motivation et l\u2019engagement de l\u2019\u00e9quipe, ce qui contribue \u00e0 am\u00e9liorer l\u2019image de qualit\u00e9 de l\u2019entreprise, la fid\u00e9lit\u00e9 des clients et la comp\u00e9titivit\u00e9.\t\t\t\t\t<\/p>\n\t\t\t\t\n\t\t\t<\/div>\n\t\t\t\n\t\t<\/div>\n\t\t\t\t\t\t<\/div>\n\t\t\t\t<\/div>\n\t\t\t\t<div class=\"elementor-element elementor-element-8fac52d elementor-widget elementor-widget-icon-box\" data-id=\"8fac52d\" data-element_type=\"widget\" data-widget_type=\"icon-box.default\">\n\t\t\t\t<div class=\"elementor-widget-container\">\n\t\t\t\t\t\t\t<div class=\"elementor-icon-box-wrapper\">\n\n\t\t\t\n\t\t\t\t\t\t<div class=\"elementor-icon-box-content\">\n\n\t\t\t\t\t\t\t\t\t<h3 class=\"elementor-icon-box-title\">\n\t\t\t\t\t\t<span  >\n\t\t\t\t\t\t\tMise en \u0153uvre des plans d&#039;\u00e9galit\u00e9\t\t\t\t\t\t<\/span>\n\t\t\t\t\t<\/h3>\n\t\t\t\t\n\t\t\t\t\t\t\t\t\t<p class=\"elementor-icon-box-description\">\n\t\t\t\t\t\tNous concevons et mettons en \u0153uvre des plans d\u2019\u00e9galit\u00e9 au sein de votre organisation, garantissant un environnement inclusif et \u00e9quitable pour tous.\t\t\t\t\t<\/p>\n\t\t\t\t\n\t\t\t<\/div>\n\t\t\t\n\t\t<\/div>\n\t\t\t\t\t\t<\/div>\n\t\t\t\t<\/div>\n\t\t\t\t<div class=\"elementor-element elementor-element-37e36f2 elementor-widget elementor-widget-icon-box\" data-id=\"37e36f2\" data-element_type=\"widget\" data-widget_type=\"icon-box.default\">\n\t\t\t\t<div class=\"elementor-widget-container\">\n\t\t\t\t\t\t\t<div class=\"elementor-icon-box-wrapper\">\n\n\t\t\t\n\t\t\t\t\t\t<div class=\"elementor-icon-box-content\">\n\n\t\t\t\t\t\t\t\t\t<h3 class=\"elementor-icon-box-title\">\n\t\t\t\t\t\t<span  >\n\t\t\t\t\t\t\tResponsabilit\u00e9 sociale des entreprises (RSE)\t\t\t\t\t\t<\/span>\n\t\t\t\t\t<\/h3>\n\t\t\t\t\n\t\t\t\t\t\t\t\t\t<p class=\"elementor-icon-box-description\">\n\t\t\t\t\t\tNous vous aidons \u00e0 d\u00e9velopper et \u00e0 mettre en \u0153uvre des strat\u00e9gies de responsabilit\u00e9 sociale align\u00e9es sur les valeurs de votre entreprise.\t\t\t\t\t<\/p>\n\t\t\t\t\n\t\t\t<\/div>\n\t\t\t\n\t\t<\/div>\n\t\t\t\t\t\t<\/div>\n\t\t\t\t<\/div>\n\t\t\t\t<div class=\"elementor-element elementor-element-2268cf3 elementor-widget elementor-widget-icon-box\" data-id=\"2268cf3\" data-element_type=\"widget\" data-widget_type=\"icon-box.default\">\n\t\t\t\t<div class=\"elementor-widget-container\">\n\t\t\t\t\t\t\t<div class=\"elementor-icon-box-wrapper\">\n\n\t\t\t\n\t\t\t\t\t\t<div class=\"elementor-icon-box-content\">\n\n\t\t\t\t\t\t\t\t\t<h3 class=\"elementor-icon-box-title\">\n\t\t\t\t\t\t<span  >\n\t\t\t\t\t\t\tSensibilisation \u00e0 l&#039;environnement\t\t\t\t\t\t<\/span>\n\t\t\t\t\t<\/h3>\n\t\t\t\t\n\t\t\t\t\t\t\t\t\t<p class=\"elementor-icon-box-description\">\n\t\t\t\t\t\tNous promouvons une culture d\u2019entreprise respectueuse de l\u2019environnement en mettant en \u0153uvre des pratiques durables \u00e0 tous les niveaux de l\u2019entreprise.\t\t\t\t\t<\/p>\n\t\t\t\t\n\t\t\t<\/div>\n\t\t\t\n\t\t<\/div>\n\t\t\t\t\t\t<\/div>\n\t\t\t\t<\/div>\n\t\t\t\t<div class=\"elementor-element elementor-element-946f983 elementor-widget elementor-widget-icon-box\" data-id=\"946f983\" data-element_type=\"widget\" data-widget_type=\"icon-box.default\">\n\t\t\t\t<div class=\"elementor-widget-container\">\n\t\t\t\t\t\t\t<div class=\"elementor-icon-box-wrapper\">\n\n\t\t\t\n\t\t\t\t\t\t<div class=\"elementor-icon-box-content\">\n\n\t\t\t\t\t\t\t\t\t<h3 class=\"elementor-icon-box-title\">\n\t\t\t\t\t\t<span  >\n\t\t\t\t\t\t\tAm\u00e9lioration des \u00e9quipes de haute performance\t\t\t\t\t\t<\/span>\n\t\t\t\t\t<\/h3>\n\t\t\t\t\n\t\t\t\t\t\t\t\t\t<p class=\"elementor-icon-box-description\">\n\t\t\t\t\t\tNous proposons des actions concr\u00e8tes pour optimiser la performance de vos \u00e9quipes de travail, en am\u00e9liorant la productivit\u00e9 et la coh\u00e9sion.\t\t\t\t\t<\/p>\n\t\t\t\t\n\t\t\t<\/div>\n\t\t\t\n\t\t<\/div>\n\t\t\t\t\t\t<\/div>\n\t\t\t\t<\/div>\n\t\t\t\t<div class=\"elementor-element elementor-element-96508f6 elementor-widget elementor-widget-icon-box\" data-id=\"96508f6\" data-element_type=\"widget\" data-widget_type=\"icon-box.default\">\n\t\t\t\t<div class=\"elementor-widget-container\">\n\t\t\t\t\t\t\t<div class=\"elementor-icon-box-wrapper\">\n\n\t\t\t\n\t\t\t\t\t\t<div class=\"elementor-icon-box-content\">\n\n\t\t\t\t\t\t\t\t\t<h3 class=\"elementor-icon-box-title\">\n\t\t\t\t\t\t<span  >\n\t\t\t\t\t\t\tPlans de r\u00e9ception\t\t\t\t\t\t<\/span>\n\t\t\t\t\t<\/h3>\n\t\t\t\t\n\t\t\t\t\t\t\t\t\t<p class=\"elementor-icon-box-description\">\n\t\t\t\t\t\tNous \u00e9laborons des plans d\u2019int\u00e9gration personnalis\u00e9s pour les nouveaux employ\u00e9s, facilitant leur int\u00e9gration et am\u00e9liorant leurs performances d\u00e8s le premier jour.\n\t\t\t\t\t<\/p>\n\t\t\t\t\n\t\t\t<\/div>\n\t\t\t\n\t\t<\/div>\n\t\t\t\t\t\t<\/div>\n\t\t\t\t<\/div>\n\t\t\t\t<\/div>\n\t\t\t\t<\/div>\n\t\t\t\t\t<\/div>\n\t\t\t\t<\/div>\n\t\t\t\t<\/div>","protected":false},"excerpt":{"rendered":"<p>Conseil strat\u00e9gique personnalis\u00e9 pour votre entreprise. Des solutions strat\u00e9giques adapt\u00e9es \u00e0 vos objectifs commerciaux. Chez Ybea Group, nous proposons un conseil strat\u00e9gique con\u00e7u pour optimiser et transformer la performance de votre entreprise. Nous \u00e9laborons des plans et des projets sur mesure, adapt\u00e9s aux besoins sp\u00e9cifiques de chaque client, afin de garantir un succ\u00e8s commercial durable. Des solutions strat\u00e9giques et efficaces [\u2026]<\/p>","protected":false},"author":2,"featured_media":0,"parent":0,"menu_order":0,"comment_status":"closed","ping_status":"closed","template":"","meta":{"footnotes":""},"class_list":["post-641","page","type-page","status-publish","hentry"],"yoast_head":"<!-- This site is optimized with the Yoast SEO plugin v26.4 - https:\/\/yoast.com\/wordpress\/plugins\/seo\/ -->\n<title>Estrategia empresarial - Ybea Group<\/title>\n<meta name=\"robots\" content=\"index, follow, max-snippet:-1, max-image-preview:large, max-video-preview:-1\" \/>\n<link rel=\"canonical\" href=\"https:\/\/ybeagroup.com\/fr\/estrategia-empresarial\/\" \/>\n<meta property=\"og:locale\" content=\"fr_FR\" \/>\n<meta property=\"og:type\" content=\"article\" \/>\n<meta property=\"og:title\" content=\"Estrategia empresarial - Ybea Group\" \/>\n<meta property=\"og:description\" content=\"Consultor\u00eda estrat\u00e9gica personalizada para tu empresa Soluciones estrat\u00e9gicas adaptadas a tus objetivos empresariales En Ybea Group, ofrecemos consultor\u00eda estrat\u00e9gica dise\u00f1ada para optimizar y transformar el rendimiento de tu empresa. Desarrollamos planes y proyectos a medida, adaptados a las necesidades espec\u00edficas de cada cliente, para asegurar el \u00e9xito empresarial a largo plazo Soluciones estrat\u00e9gicas y eficientes [&hellip;]\" \/>\n<meta property=\"og:url\" content=\"https:\/\/ybeagroup.com\/fr\/estrategia-empresarial\/\" \/>\n<meta property=\"og:site_name\" content=\"Ybea Group\" \/>\n<meta property=\"article:modified_time\" content=\"2025-03-22T09:43:08+00:00\" \/>\n<meta property=\"og:image\" content=\"https:\/\/ybeagroup.com\/wp-content\/uploads\/2025\/03\/business-handshake-partnership-and-contract-agree-2023-11-27-04-53-25-utc.jpeg\" \/>\n<meta name=\"twitter:card\" content=\"summary_large_image\" \/>\n<meta name=\"twitter:label1\" content=\"Dur\u00e9e de lecture estim\u00e9e\" \/>\n\t<meta name=\"twitter:data1\" content=\"2 minutes\" \/>\n<script type=\"application\/ld+json\" class=\"yoast-schema-graph\">{\"@context\":\"https:\/\/schema.org\",\"@graph\":[{\"@type\":\"WebPage\",\"@id\":\"https:\/\/ybeagroup.com\/eu\/estrategia-empresarial\/\",\"url\":\"https:\/\/ybeagroup.com\/eu\/estrategia-empresarial\/\",\"name\":\"Estrategia empresarial - Ybea Group\",\"isPartOf\":{\"@id\":\"https:\/\/ybeagroup.com\/gl\/#website\"},\"primaryImageOfPage\":{\"@id\":\"https:\/\/ybeagroup.com\/eu\/estrategia-empresarial\/#primaryimage\"},\"image\":{\"@id\":\"https:\/\/ybeagroup.com\/eu\/estrategia-empresarial\/#primaryimage\"},\"thumbnailUrl\":\"https:\/\/ybeagroup.com\/wp-content\/uploads\/2025\/03\/business-handshake-partnership-and-contract-agree-2023-11-27-04-53-25-utc.jpeg\",\"datePublished\":\"2025-03-18T15:06:50+00:00\",\"dateModified\":\"2025-03-22T09:43:08+00:00\",\"breadcrumb\":{\"@id\":\"https:\/\/ybeagroup.com\/eu\/estrategia-empresarial\/#breadcrumb\"},\"inLanguage\":\"fr-FR\",\"potentialAction\":[{\"@type\":\"ReadAction\",\"target\":[\"https:\/\/ybeagroup.com\/eu\/estrategia-empresarial\/\"]}]},{\"@type\":\"ImageObject\",\"inLanguage\":\"fr-FR\",\"@id\":\"https:\/\/ybeagroup.com\/eu\/estrategia-empresarial\/#primaryimage\",\"url\":\"https:\/\/ybeagroup.com\/wp-content\/uploads\/2025\/03\/business-handshake-partnership-and-contract-agree-2023-11-27-04-53-25-utc.jpeg\",\"contentUrl\":\"https:\/\/ybeagroup.com\/wp-content\/uploads\/2025\/03\/business-handshake-partnership-and-contract-agree-2023-11-27-04-53-25-utc.jpeg\"},{\"@type\":\"BreadcrumbList\",\"@id\":\"https:\/\/ybeagroup.com\/eu\/estrategia-empresarial\/#breadcrumb\",\"itemListElement\":[{\"@type\":\"ListItem\",\"position\":1,\"name\":\"Portada\",\"item\":\"https:\/\/ybeagroup.com\/\"},{\"@type\":\"ListItem\",\"position\":2,\"name\":\"Estrategia empresarial\"}]},{\"@type\":\"WebSite\",\"@id\":\"https:\/\/ybeagroup.com\/gl\/#website\",\"url\":\"https:\/\/ybeagroup.com\/gl\/\",\"name\":\"Ybea Group\",\"description\":\"Soluciones innovadoras en formaci\u00f3n y consultor\u00eda para empresas\",\"publisher\":{\"@id\":\"https:\/\/ybeagroup.com\/gl\/#organization\"},\"potentialAction\":[{\"@type\":\"SearchAction\",\"target\":{\"@type\":\"EntryPoint\",\"urlTemplate\":\"https:\/\/ybeagroup.com\/gl\/?s={search_term_string}\"},\"query-input\":{\"@type\":\"PropertyValueSpecification\",\"valueRequired\":true,\"valueName\":\"search_term_string\"}}],\"inLanguage\":\"fr-FR\"},{\"@type\":\"Organization\",\"@id\":\"https:\/\/ybeagroup.com\/gl\/#organization\",\"name\":\"Ybea Group\",\"url\":\"https:\/\/ybeagroup.com\/gl\/\",\"logo\":{\"@type\":\"ImageObject\",\"inLanguage\":\"fr-FR\",\"@id\":\"https:\/\/ybeagroup.com\/gl\/#\/schema\/logo\/image\/\",\"url\":\"https:\/\/ybeagroup.com\/wp-content\/uploads\/2025\/03\/cropped-fav.png\",\"contentUrl\":\"https:\/\/ybeagroup.com\/wp-content\/uploads\/2025\/03\/cropped-fav.png\",\"width\":512,\"height\":512,\"caption\":\"Ybea Group\"},\"image\":{\"@id\":\"https:\/\/ybeagroup.com\/gl\/#\/schema\/logo\/image\/\"}}]}<\/script>\n<!-- \/ Yoast SEO plugin. -->","yoast_head_json":{"title":"Estrategia empresarial - Ybea Group","robots":{"index":"index","follow":"follow","max-snippet":"max-snippet:-1","max-image-preview":"max-image-preview:large","max-video-preview":"max-video-preview:-1"},"canonical":"https:\/\/ybeagroup.com\/fr\/estrategia-empresarial\/","og_locale":"fr_FR","og_type":"article","og_title":"Estrategia empresarial - Ybea Group","og_description":"Consultor\u00eda estrat\u00e9gica personalizada para tu empresa Soluciones estrat\u00e9gicas adaptadas a tus objetivos empresariales En Ybea Group, ofrecemos consultor\u00eda estrat\u00e9gica dise\u00f1ada para optimizar y transformar el rendimiento de tu empresa. Desarrollamos planes y proyectos a medida, adaptados a las necesidades espec\u00edficas de cada cliente, para asegurar el \u00e9xito empresarial a largo plazo Soluciones estrat\u00e9gicas y eficientes [&hellip;]","og_url":"https:\/\/ybeagroup.com\/fr\/estrategia-empresarial\/","og_site_name":"Ybea Group","article_modified_time":"2025-03-22T09:43:08+00:00","og_image":[{"url":"https:\/\/ybeagroup.com\/wp-content\/uploads\/2025\/03\/business-handshake-partnership-and-contract-agree-2023-11-27-04-53-25-utc.jpeg","type":"","width":"","height":""}],"twitter_card":"summary_large_image","twitter_misc":{"Dur\u00e9e de lecture estim\u00e9e":"2 minutes"},"schema":{"@context":"https:\/\/schema.org","@graph":[{"@type":"WebPage","@id":"https:\/\/ybeagroup.com\/eu\/estrategia-empresarial\/","url":"https:\/\/ybeagroup.com\/eu\/estrategia-empresarial\/","name":"Estrategia empresarial - Ybea Group","isPartOf":{"@id":"https:\/\/ybeagroup.com\/gl\/#website"},"primaryImageOfPage":{"@id":"https:\/\/ybeagroup.com\/eu\/estrategia-empresarial\/#primaryimage"},"image":{"@id":"https:\/\/ybeagroup.com\/eu\/estrategia-empresarial\/#primaryimage"},"thumbnailUrl":"https:\/\/ybeagroup.com\/wp-content\/uploads\/2025\/03\/business-handshake-partnership-and-contract-agree-2023-11-27-04-53-25-utc.jpeg","datePublished":"2025-03-18T15:06:50+00:00","dateModified":"2025-03-22T09:43:08+00:00","breadcrumb":{"@id":"https:\/\/ybeagroup.com\/eu\/estrategia-empresarial\/#breadcrumb"},"inLanguage":"fr-FR","potentialAction":[{"@type":"ReadAction","target":["https:\/\/ybeagroup.com\/eu\/estrategia-empresarial\/"]}]},{"@type":"ImageObject","inLanguage":"fr-FR","@id":"https:\/\/ybeagroup.com\/eu\/estrategia-empresarial\/#primaryimage","url":"https:\/\/ybeagroup.com\/wp-content\/uploads\/2025\/03\/business-handshake-partnership-and-contract-agree-2023-11-27-04-53-25-utc.jpeg","contentUrl":"https:\/\/ybeagroup.com\/wp-content\/uploads\/2025\/03\/business-handshake-partnership-and-contract-agree-2023-11-27-04-53-25-utc.jpeg"},{"@type":"BreadcrumbList","@id":"https:\/\/ybeagroup.com\/eu\/estrategia-empresarial\/#breadcrumb","itemListElement":[{"@type":"ListItem","position":1,"name":"Portada","item":"https:\/\/ybeagroup.com\/"},{"@type":"ListItem","position":2,"name":"Estrategia empresarial"}]},{"@type":"WebSite","@id":"https:\/\/ybeagroup.com\/gl\/#website","url":"https:\/\/ybeagroup.com\/gl\/","name":"Ybea Group","description":"Soluciones innovadoras en formaci\u00f3n y consultor\u00eda para empresas","publisher":{"@id":"https:\/\/ybeagroup.com\/gl\/#organization"},"potentialAction":[{"@type":"SearchAction","target":{"@type":"EntryPoint","urlTemplate":"https:\/\/ybeagroup.com\/gl\/?s={search_term_string}"},"query-input":{"@type":"PropertyValueSpecification","valueRequired":true,"valueName":"search_term_string"}}],"inLanguage":"fr-FR"},{"@type":"Organization","@id":"https:\/\/ybeagroup.com\/gl\/#organization","name":"Ybea Group","url":"https:\/\/ybeagroup.com\/gl\/","logo":{"@type":"ImageObject","inLanguage":"fr-FR","@id":"https:\/\/ybeagroup.com\/gl\/#\/schema\/logo\/image\/","url":"https:\/\/ybeagroup.com\/wp-content\/uploads\/2025\/03\/cropped-fav.png","contentUrl":"https:\/\/ybeagroup.com\/wp-content\/uploads\/2025\/03\/cropped-fav.png","width":512,"height":512,"caption":"Ybea Group"},"image":{"@id":"https:\/\/ybeagroup.com\/gl\/#\/schema\/logo\/image\/"}}]}},"_links":{"self":[{"href":"https:\/\/ybeagroup.com\/fr\/wp-json\/wp\/v2\/pages\/641","targetHints":{"allow":["GET"]}}],"collection":[{"href":"https:\/\/ybeagroup.com\/fr\/wp-json\/wp\/v2\/pages"}],"about":[{"href":"https:\/\/ybeagroup.com\/fr\/wp-json\/wp\/v2\/types\/page"}],"author":[{"embeddable":true,"href":"https:\/\/ybeagroup.com\/fr\/wp-json\/wp\/v2\/users\/2"}],"replies":[{"embeddable":true,"href":"https:\/\/ybeagroup.com\/fr\/wp-json\/wp\/v2\/comments?post=641"}],"version-history":[{"count":13,"href":"https:\/\/ybeagroup.com\/fr\/wp-json\/wp\/v2\/pages\/641\/revisions"}],"predecessor-version":[{"id":1783,"href":"https:\/\/ybeagroup.com\/fr\/wp-json\/wp\/v2\/pages\/641\/revisions\/1783"}],"wp:attachment":[{"href":"https:\/\/ybeagroup.com\/fr\/wp-json\/wp\/v2\/media?parent=641"}],"curies":[{"name":"wp","href":"https:\/\/api.w.org\/{rel}","templated":true}]}}