{"id":643,"date":"2025-03-18T15:07:02","date_gmt":"2025-03-18T15:07:02","guid":{"rendered":"https:\/\/ybeagroup.com\/?page_id=643"},"modified":"2025-05-21T09:15:23","modified_gmt":"2025-05-21T09:15:23","slug":"proteccion-de-datos-y-lssi","status":"publish","type":"page","link":"https:\/\/ybeagroup.com\/fr\/proteccion-de-datos-y-lssi\/","title":{"rendered":"Protection des donn\u00e9es et LSSI"},"content":{"rendered":"<div data-elementor-type=\"wp-page\" data-elementor-id=\"643\" class=\"elementor elementor-643\" data-elementor-post-type=\"page\">\n\t\t\t\t<div class=\"elementor-element elementor-element-c29ff0f e-flex e-con-boxed e-con e-parent\" data-id=\"c29ff0f\" data-element_type=\"container\" data-settings=\"{&quot;background_background&quot;:&quot;classic&quot;}\">\n\t\t\t\t\t<div class=\"e-con-inner\">\n\t\t\t\t<div class=\"elementor-element elementor-element-a6dc6bf animated-slow elementor-invisible elementor-widget elementor-widget-heading\" data-id=\"a6dc6bf\" data-element_type=\"widget\" data-settings=\"{&quot;_animation&quot;:&quot;fadeInDown&quot;}\" data-widget_type=\"heading.default\">\n\t\t\t\t<div class=\"elementor-widget-container\">\n\t\t\t\t\t<h1 class=\"elementor-heading-title elementor-size-default\">Protection des donn\u00e9es et LSSI<\/h1>\t\t\t\t<\/div>\n\t\t\t\t<\/div>\n\t\t\t\t\t<\/div>\n\t\t\t\t<\/div>\n\t\t<div class=\"elementor-element elementor-element-7a5e3b3 e-flex e-con-boxed e-con e-parent\" data-id=\"7a5e3b3\" data-element_type=\"container\" data-settings=\"{&quot;background_background&quot;:&quot;classic&quot;}\">\n\t\t\t\t\t<div class=\"e-con-inner\">\n\t\t<div class=\"elementor-element elementor-element-61c57d4 e-con-full e-flex elementor-invisible e-con e-child\" data-id=\"61c57d4\" data-element_type=\"container\" data-settings=\"{&quot;animation&quot;:&quot;fadeInUp&quot;,&quot;background_background&quot;:&quot;classic&quot;}\">\n\t\t\t\t<div class=\"elementor-element elementor-element-76cbbed elementor-widget elementor-widget-image\" data-id=\"76cbbed\" data-element_type=\"widget\" data-widget_type=\"image.default\">\n\t\t\t\t<div class=\"elementor-widget-container\">\n\t\t\t\t\t\t\t\t\t\t\t\t\t\t\t<img fetchpriority=\"high\" decoding=\"async\" width=\"1920\" height=\"1080\" src=\"https:\/\/ybeagroup.com\/wp-content\/uploads\/2025\/04\/82.jpg\" class=\"attachment-full size-full wp-image-2203\" alt=\"\" srcset=\"https:\/\/ybeagroup.com\/wp-content\/uploads\/2025\/04\/82.jpg 1920w, https:\/\/ybeagroup.com\/wp-content\/uploads\/2025\/04\/82-300x169.jpg 300w, https:\/\/ybeagroup.com\/wp-content\/uploads\/2025\/04\/82-1024x576.jpg 1024w, https:\/\/ybeagroup.com\/wp-content\/uploads\/2025\/04\/82-768x432.jpg 768w, https:\/\/ybeagroup.com\/wp-content\/uploads\/2025\/04\/82-1536x864.jpg 1536w\" sizes=\"(max-width: 1920px) 100vw, 1920px\" \/>\t\t\t\t\t\t\t\t\t\t\t\t\t\t\t<\/div>\n\t\t\t\t<\/div>\n\t\t\t\t<\/div>\n\t\t<div class=\"elementor-element elementor-element-66db86e e-con-full e-flex elementor-invisible e-con e-child\" data-id=\"66db86e\" data-element_type=\"container\" data-settings=\"{&quot;animation&quot;:&quot;fadeInDown&quot;}\">\n\t\t<div class=\"elementor-element elementor-element-b442314 e-con-full e-flex e-con e-child\" data-id=\"b442314\" data-element_type=\"container\">\n\t\t\t\t<div class=\"elementor-element elementor-element-387065d animated-slow elementor-invisible elementor-widget elementor-widget-heading\" data-id=\"387065d\" data-element_type=\"widget\" data-settings=\"{&quot;_animation&quot;:&quot;fadeInDown&quot;,&quot;_animation_delay&quot;:200}\" data-widget_type=\"heading.default\">\n\t\t\t\t<div class=\"elementor-widget-container\">\n\t\t\t\t\t<h2 class=\"elementor-heading-title elementor-size-default\"> Conformez-vous \u00e0 la r\u00e9glementation en vigueur et prot\u00e9gez les donn\u00e9es de votre entreprise<\/h2>\t\t\t\t<\/div>\n\t\t\t\t<\/div>\n\t\t\t\t<div class=\"elementor-element elementor-element-e78ac6d elementor-widget-divider--view-line elementor-widget elementor-widget-divider\" data-id=\"e78ac6d\" data-element_type=\"widget\" data-widget_type=\"divider.default\">\n\t\t\t\t<div class=\"elementor-widget-container\">\n\t\t\t\t\t\t\t<div class=\"elementor-divider\">\n\t\t\t<span class=\"elementor-divider-separator\">\n\t\t\t\t\t\t<\/span>\n\t\t<\/div>\n\t\t\t\t\t\t<\/div>\n\t\t\t\t<\/div>\n\t\t\t\t<div class=\"elementor-element elementor-element-b4478ad animated-slow elementor-invisible elementor-widget elementor-widget-text-editor\" data-id=\"b4478ad\" data-element_type=\"widget\" data-settings=\"{&quot;_animation&quot;:&quot;fadeInDown&quot;,&quot;_animation_delay&quot;:400}\" data-widget_type=\"text-editor.default\">\n\t\t\t\t<div class=\"elementor-widget-container\">\n\t\t\t\t\t\t\t\t\t<p>Chez YBEA GROUP, nous vous aidons \u00e0 garantir que votre entreprise est conforme aux r\u00e9glementations en vigueur en mati\u00e8re de protection des donn\u00e9es. Nous proposons des solutions personnalis\u00e9es pour chaque secteur d\u2019activit\u00e9, garantissant \u00e0 nos clients le respect de toutes les exigences l\u00e9gales, \u00e9vitant ainsi les p\u00e9nalit\u00e9s et les risques de non-conformit\u00e9. Nous sommes sp\u00e9cialis\u00e9s dans l&#039;application de la Loi sur les Services de la Soci\u00e9t\u00e9 de l&#039;Information et du Commerce \u00c9lectronique (LSSICE) et de la Loi Organique sur la Protection des Donn\u00e9es Personnelles et la Garantie des Droits Num\u00e9riques (LOPDGDD), assurant la bonne gestion des donn\u00e9es personnelles des clients, fournisseurs et employ\u00e9s.\u00a0<\/p>\t\t\t\t\t\t\t\t<\/div>\n\t\t\t\t<\/div>\n\t\t\t\t<\/div>\n\t\t\t\t<\/div>\n\t\t\t\t\t<\/div>\n\t\t\t\t<\/div>\n\t\t<div class=\"elementor-element elementor-element-8ec7a09 e-flex e-con-boxed e-con e-parent\" data-id=\"8ec7a09\" data-element_type=\"container\" data-settings=\"{&quot;background_background&quot;:&quot;classic&quot;}\">\n\t\t\t\t\t<div class=\"e-con-inner\">\n\t\t<div class=\"elementor-element elementor-element-55468f9 e-flex e-con-boxed elementor-invisible e-con e-child\" data-id=\"55468f9\" data-element_type=\"container\" data-settings=\"{&quot;animation&quot;:&quot;fadeInDown&quot;}\">\n\t\t\t\t\t<div class=\"e-con-inner\">\n\t\t\t\t<div class=\"elementor-element elementor-element-e66bc87 animated-slow elementor-invisible elementor-widget elementor-widget-heading\" data-id=\"e66bc87\" data-element_type=\"widget\" data-settings=\"{&quot;_animation&quot;:&quot;fadeInDown&quot;}\" data-widget_type=\"heading.default\">\n\t\t\t\t<div class=\"elementor-widget-container\">\n\t\t\t\t\t<h2 class=\"elementor-heading-title elementor-size-default\">\u00c9volution du conseil en protection des donn\u00e9es<\/h2>\t\t\t\t<\/div>\n\t\t\t\t<\/div>\n\t\t\t\t<div class=\"elementor-element elementor-element-916a664 elementor-widget elementor-widget-text-editor\" data-id=\"916a664\" data-element_type=\"widget\" data-widget_type=\"text-editor.default\">\n\t\t\t\t<div class=\"elementor-widget-container\">\n\t\t\t\t\t\t\t\t\t<p class=\"\" data-start=\"1106\" data-end=\"1296\">Avec la num\u00e9risation et les progr\u00e8s technologiques, les entreprises traitent de grands volumes de donn\u00e9es personnelles, ce qui a accru la n\u00e9cessit\u00e9 de se conformer correctement aux r\u00e9glementations.<\/p><p data-start=\"1106\" data-end=\"1296\">\u00a0<\/p><p class=\"\" data-start=\"1298\" data-end=\"1627\">Dans le pass\u00e9, les r\u00e9glementations en mati\u00e8re de protection des donn\u00e9es \u00e9taient r\u00e9gies par la <strong data-start=\"1370\" data-end=\"1394\">Loi organique 15\/1999<\/strong> et son r\u00e8glement d&#039;application. Cependant, l\u2019augmentation des risques li\u00e9s au traitement des donn\u00e9es et le manque d\u2019harmonisation r\u00e9glementaire en Europe ont conduit \u00e0 la cr\u00e9ation de la <strong data-start=\"1573\" data-end=\"1625\">R\u00e8glement g\u00e9n\u00e9ral sur la protection des donn\u00e9es (RGPD)<\/strong>.<\/p><p data-start=\"1298\" data-end=\"1627\">\u00a0<\/p><p class=\"\" data-start=\"1629\" data-end=\"2017\">Depuis l&#039;entr\u00e9e en vigueur du RGPD, <strong data-start=\"1667\" data-end=\"1689\">25 mai 2018<\/strong>, les entreprises doivent s\u2019adapter \u00e0 leurs exigences pour garantir la s\u00e9curit\u00e9 et la l\u00e9galit\u00e9 dans la gestion des donn\u00e9es personnelles. En outre, le <strong data-start=\"1828\" data-end=\"1838\">LSSICE<\/strong> Elle exige le respect d\u2019une s\u00e9rie d\u2019obligations suppl\u00e9mentaires dans les domaines du commerce \u00e9lectronique, de l\u2019information en ligne et de la protection des donn\u00e9es dans les services num\u00e9riques.<\/p>\t\t\t\t\t\t\t\t<\/div>\n\t\t\t\t<\/div>\n\t\t\t\t\t<\/div>\n\t\t\t\t<\/div>\n\t\t\t\t\t<\/div>\n\t\t\t\t<\/div>\n\t\t<div class=\"elementor-element elementor-element-0108570 e-flex e-con-boxed e-con e-parent\" data-id=\"0108570\" data-element_type=\"container\" data-settings=\"{&quot;background_background&quot;:&quot;classic&quot;}\">\n\t\t\t\t\t<div class=\"e-con-inner\">\n\t\t<div class=\"elementor-element elementor-element-5120974 e-con-full e-flex elementor-invisible e-con e-child\" data-id=\"5120974\" data-element_type=\"container\" data-settings=\"{&quot;animation&quot;:&quot;fadeInDown&quot;}\">\n\t\t<div class=\"elementor-element elementor-element-93c0a18 e-con-full e-flex e-con e-child\" data-id=\"93c0a18\" data-element_type=\"container\">\n\t\t\t\t<div class=\"elementor-element elementor-element-10bb87a animated-slow elementor-invisible elementor-widget elementor-widget-heading\" data-id=\"10bb87a\" data-element_type=\"widget\" data-settings=\"{&quot;_animation&quot;:&quot;fadeInDown&quot;,&quot;_animation_delay&quot;:200}\" data-widget_type=\"heading.default\">\n\t\t\t\t<div class=\"elementor-widget-container\">\n\t\t\t\t\t<h2 class=\"elementor-heading-title elementor-size-default\">Plan d&#039;action de conseil en protection des donn\u00e9es<\/h2>\t\t\t\t<\/div>\n\t\t\t\t<\/div>\n\t\t\t\t<div class=\"elementor-element elementor-element-933b682 animated-slow elementor-invisible elementor-widget elementor-widget-text-editor\" data-id=\"933b682\" data-element_type=\"widget\" data-settings=\"{&quot;_animation&quot;:&quot;fadeInDown&quot;,&quot;_animation_delay&quot;:400}\" data-widget_type=\"text-editor.default\">\n\t\t\t\t<div class=\"elementor-widget-container\">\n\t\t\t\t\t\t\t\t\tChez YBEA GROUP, nous proposons un plan de conformit\u00e9 r\u00e9glementaire complet qui \u00e9tablit une feuille de route d\u00e9taill\u00e9e permettant aux organisations de r\u00e9pondre \u00e0 leurs obligations RGPD. Notre service comprend :\t\t\t\t\t\t\t\t<\/div>\n\t\t\t\t<\/div>\n\t\t\t\t<\/div>\n\t\t<div class=\"elementor-element elementor-element-e290c4c e-grid e-con-full e-con e-child\" data-id=\"e290c4c\" data-element_type=\"container\">\n\t\t\t\t<div class=\"elementor-element elementor-element-4fcb2a7 elementor-widget elementor-widget-icon-box\" data-id=\"4fcb2a7\" data-element_type=\"widget\" data-widget_type=\"icon-box.default\">\n\t\t\t\t<div class=\"elementor-widget-container\">\n\t\t\t\t\t\t\t<div class=\"elementor-icon-box-wrapper\">\n\n\t\t\t\n\t\t\t\t\t\t<div class=\"elementor-icon-box-content\">\n\n\t\t\t\t\t\t\t\t\t<h3 class=\"elementor-icon-box-title\">\n\t\t\t\t\t\t<span  >\n\t\t\t\t\t\t\tProtocole de d\u00e9connexion num\u00e9rique\t\t\t\t\t\t<\/span>\n\t\t\t\t\t<\/h3>\n\t\t\t\t\n\t\t\t\t\n\t\t\t<\/div>\n\t\t\t\n\t\t<\/div>\n\t\t\t\t\t\t<\/div>\n\t\t\t\t<\/div>\n\t\t\t\t<div class=\"elementor-element elementor-element-7bdcc9a elementor-widget elementor-widget-icon-box\" data-id=\"7bdcc9a\" data-element_type=\"widget\" data-widget_type=\"icon-box.default\">\n\t\t\t\t<div class=\"elementor-widget-container\">\n\t\t\t\t\t\t\t<div class=\"elementor-icon-box-wrapper\">\n\n\t\t\t\n\t\t\t\t\t\t<div class=\"elementor-icon-box-content\">\n\n\t\t\t\t\t\t\t\t\t<h3 class=\"elementor-icon-box-title\">\n\t\t\t\t\t\t<span  >\n\t\t\t\t\t\t\tR\u00e9daction du document de s\u00e9curit\u00e9\t\t\t\t\t\t<\/span>\n\t\t\t\t\t<\/h3>\n\t\t\t\t\n\t\t\t\t\n\t\t\t<\/div>\n\t\t\t\n\t\t<\/div>\n\t\t\t\t\t\t<\/div>\n\t\t\t\t<\/div>\n\t\t\t\t<div class=\"elementor-element elementor-element-3b4bde1 elementor-widget elementor-widget-icon-box\" data-id=\"3b4bde1\" data-element_type=\"widget\" data-widget_type=\"icon-box.default\">\n\t\t\t\t<div class=\"elementor-widget-container\">\n\t\t\t\t\t\t\t<div class=\"elementor-icon-box-wrapper\">\n\n\t\t\t\n\t\t\t\t\t\t<div class=\"elementor-icon-box-content\">\n\n\t\t\t\t\t\t\t\t\t<h3 class=\"elementor-icon-box-title\">\n\t\t\t\t\t\t<span  >\n\t\t\t\t\t\t\tAudit du site Web pour la conformit\u00e9 \u00e0 la LSSICE.\t\t\t\t\t\t<\/span>\n\t\t\t\t\t<\/h3>\n\t\t\t\t\n\t\t\t\t\n\t\t\t<\/div>\n\t\t\t\n\t\t<\/div>\n\t\t\t\t\t\t<\/div>\n\t\t\t\t<\/div>\n\t\t\t\t<div class=\"elementor-element elementor-element-be29a7f elementor-widget elementor-widget-icon-box\" data-id=\"be29a7f\" data-element_type=\"widget\" data-widget_type=\"icon-box.default\">\n\t\t\t\t<div class=\"elementor-widget-container\">\n\t\t\t\t\t\t\t<div class=\"elementor-icon-box-wrapper\">\n\n\t\t\t\n\t\t\t\t\t\t<div class=\"elementor-icon-box-content\">\n\n\t\t\t\t\t\t\t\t\t<h3 class=\"elementor-icon-box-title\">\n\t\t\t\t\t\t<span  >\n\t\t\t\t\t\t\tR\u00e9vision et r\u00e9daction de contrats avec les sous-traitants de donn\u00e9es\t\t\t\t\t\t<\/span>\n\t\t\t\t\t<\/h3>\n\t\t\t\t\n\t\t\t\t\n\t\t\t<\/div>\n\t\t\t\n\t\t<\/div>\n\t\t\t\t\t\t<\/div>\n\t\t\t\t<\/div>\n\t\t\t\t<div class=\"elementor-element elementor-element-06b4e70 elementor-widget elementor-widget-icon-box\" data-id=\"06b4e70\" data-element_type=\"widget\" data-widget_type=\"icon-box.default\">\n\t\t\t\t<div class=\"elementor-widget-container\">\n\t\t\t\t\t\t\t<div class=\"elementor-icon-box-wrapper\">\n\n\t\t\t\n\t\t\t\t\t\t<div class=\"elementor-icon-box-content\">\n\n\t\t\t\t\t\t\t\t\t<h3 class=\"elementor-icon-box-title\">\n\t\t\t\t\t\t<span  >\n\t\t\t\t\t\t\tConseils continus avec assistance technique sp\u00e9cialis\u00e9e\t\t\t\t\t\t<\/span>\n\t\t\t\t\t<\/h3>\n\t\t\t\t\n\t\t\t\t\n\t\t\t<\/div>\n\t\t\t\n\t\t<\/div>\n\t\t\t\t\t\t<\/div>\n\t\t\t\t<\/div>\n\t\t\t\t<div class=\"elementor-element elementor-element-14dfa15 elementor-widget elementor-widget-icon-box\" data-id=\"14dfa15\" data-element_type=\"widget\" data-widget_type=\"icon-box.default\">\n\t\t\t\t<div class=\"elementor-widget-container\">\n\t\t\t\t\t\t\t<div class=\"elementor-icon-box-wrapper\">\n\n\t\t\t\n\t\t\t\t\t\t<div class=\"elementor-icon-box-content\">\n\n\t\t\t\t\t\t\t\t\t<h3 class=\"elementor-icon-box-title\">\n\t\t\t\t\t\t<span  >\n\t\t\t\t\t\t\tMise en \u0153uvre de mesures techniques et organisationnelles pour assurer la s\u00e9curit\u00e9 des donn\u00e9es personnelles\t\t\t\t\t\t<\/span>\n\t\t\t\t\t<\/h3>\n\t\t\t\t\n\t\t\t\t\n\t\t\t<\/div>\n\t\t\t\n\t\t<\/div>\n\t\t\t\t\t\t<\/div>\n\t\t\t\t<\/div>\n\t\t\t\t<div class=\"elementor-element elementor-element-8ce8013 elementor-widget elementor-widget-icon-box\" data-id=\"8ce8013\" data-element_type=\"widget\" data-widget_type=\"icon-box.default\">\n\t\t\t\t<div class=\"elementor-widget-container\">\n\t\t\t\t\t\t\t<div class=\"elementor-icon-box-wrapper\">\n\n\t\t\t\n\t\t\t\t\t\t<div class=\"elementor-icon-box-content\">\n\n\t\t\t\t\t\t\t\t\t<h3 class=\"elementor-icon-box-title\">\n\t\t\t\t\t\t<span  >\n\t\t\t\t\t\t\tProc\u00e9dures de gestion des incidents de s\u00e9curit\u00e9\t\t\t\t\t\t<\/span>\n\t\t\t\t\t<\/h3>\n\t\t\t\t\n\t\t\t\t\n\t\t\t<\/div>\n\t\t\t\n\t\t<\/div>\n\t\t\t\t\t\t<\/div>\n\t\t\t\t<\/div>\n\t\t\t\t<\/div>\n\t\t\t\t<\/div>\n\t\t\t\t\t<\/div>\n\t\t\t\t<\/div>\n\t\t<div class=\"elementor-element elementor-element-5536562 e-flex e-con-boxed e-con e-parent\" data-id=\"5536562\" data-element_type=\"container\" data-settings=\"{&quot;background_background&quot;:&quot;classic&quot;}\">\n\t\t\t\t\t<div class=\"e-con-inner\">\n\t\t<div class=\"elementor-element elementor-element-84b1839 e-flex e-con-boxed elementor-invisible e-con e-child\" data-id=\"84b1839\" data-element_type=\"container\" data-settings=\"{&quot;animation&quot;:&quot;fadeInDown&quot;}\">\n\t\t\t\t\t<div class=\"e-con-inner\">\n\t\t\t\t<div class=\"elementor-element elementor-element-fd0ed65 animated-slow elementor-invisible elementor-widget elementor-widget-heading\" data-id=\"fd0ed65\" data-element_type=\"widget\" data-settings=\"{&quot;_animation&quot;:&quot;fadeInDown&quot;}\" data-widget_type=\"heading.default\">\n\t\t\t\t<div class=\"elementor-widget-container\">\n\t\t\t\t\t<h3 class=\"elementor-heading-title elementor-size-default\">On se parle plus tard ? Nous voulons vous aider \u00e0 d\u00e9velopper votre entreprise.<\/h3>\t\t\t\t<\/div>\n\t\t\t\t<\/div>\n\t\t\t\t\t<\/div>\n\t\t\t\t<\/div>\n\t\t\t\t<div class=\"elementor-element elementor-element-3218a7e elementor-widget elementor-widget-button\" data-id=\"3218a7e\" data-element_type=\"widget\" data-widget_type=\"button.default\">\n\t\t\t\t<div class=\"elementor-widget-container\">\n\t\t\t\t\t\t\t\t\t<div class=\"elementor-button-wrapper\">\n\t\t\t\t\t<a class=\"elementor-button elementor-button-link elementor-size-sm\" href=\"https:\/\/ybeagroup.com\/fr\/contacto\/\">\n\t\t\t\t\t\t<span class=\"elementor-button-content-wrapper\">\n\t\t\t\t\t\t\t\t\t<span class=\"elementor-button-text\">Contact<\/span>\n\t\t\t\t\t<\/span>\n\t\t\t\t\t<\/a>\n\t\t\t\t<\/div>\n\t\t\t\t\t\t\t\t<\/div>\n\t\t\t\t<\/div>\n\t\t\t\t\t<\/div>\n\t\t\t\t<\/div>\n\t\t\t\t<\/div>","protected":false},"excerpt":{"rendered":"<p>Protection des donn\u00e9es et LSSI\u00a0: Conformez-vous \u00e0 la r\u00e9glementation en vigueur et prot\u00e9gez les donn\u00e9es de votre entreprise. Chez YBEA GROUP, nous vous aidons \u00e0 garantir la conformit\u00e9 de votre entreprise avec la r\u00e9glementation actuelle en mati\u00e8re de protection des donn\u00e9es. Nous proposons des solutions personnalis\u00e9es pour chaque secteur d\u2019activit\u00e9, assurant ainsi \u00e0 nos clients le respect de toutes les exigences [\u2026]<\/p>","protected":false},"author":2,"featured_media":0,"parent":0,"menu_order":0,"comment_status":"closed","ping_status":"closed","template":"","meta":{"footnotes":""},"class_list":["post-643","page","type-page","status-publish","hentry"],"yoast_head":"<!-- This site is optimized with the Yoast SEO plugin v26.4 - https:\/\/yoast.com\/wordpress\/plugins\/seo\/ -->\n<title>Protecci\u00f3n de datos y LSSI - Ybea Group<\/title>\n<meta name=\"robots\" content=\"index, follow, max-snippet:-1, max-image-preview:large, max-video-preview:-1\" \/>\n<link rel=\"canonical\" href=\"https:\/\/ybeagroup.com\/fr\/proteccion-de-datos-y-lssi\/\" \/>\n<meta property=\"og:locale\" content=\"fr_FR\" \/>\n<meta property=\"og:type\" content=\"article\" \/>\n<meta property=\"og:title\" content=\"Protecci\u00f3n de datos y LSSI - Ybea Group\" \/>\n<meta property=\"og:description\" content=\"Protecci\u00f3n de Datos y LSSI Cumple con la normativa vigente y protege los datos de tu empresa En YBEA GROUP, te ayudamos a garantizar que tu empresa cumpla con la normativa vigente en cuanto a protecci\u00f3n de datos. Ofrecemos soluciones personalizadas para cada sector empresarial, asegur\u00e1ndonos de que nuestros clientes cumplan con todos los requisitos [&hellip;]\" \/>\n<meta property=\"og:url\" content=\"https:\/\/ybeagroup.com\/fr\/proteccion-de-datos-y-lssi\/\" \/>\n<meta property=\"og:site_name\" content=\"Ybea Group\" \/>\n<meta property=\"article:modified_time\" content=\"2025-05-21T09:15:23+00:00\" \/>\n<meta property=\"og:image\" content=\"https:\/\/ybeagroup.com\/wp-content\/uploads\/2025\/04\/82.jpg\" \/>\n<meta name=\"twitter:card\" content=\"summary_large_image\" \/>\n<meta name=\"twitter:label1\" content=\"Dur\u00e9e de lecture estim\u00e9e\" \/>\n\t<meta name=\"twitter:data1\" content=\"2 minutes\" \/>\n<script type=\"application\/ld+json\" class=\"yoast-schema-graph\">{\"@context\":\"https:\/\/schema.org\",\"@graph\":[{\"@type\":\"WebPage\",\"@id\":\"https:\/\/ybeagroup.com\/proteccion-de-datos-y-lssi\/\",\"url\":\"https:\/\/ybeagroup.com\/proteccion-de-datos-y-lssi\/\",\"name\":\"Protecci\u00f3n de datos y LSSI - Ybea Group\",\"isPartOf\":{\"@id\":\"https:\/\/ybeagroup.com\/gl\/#website\"},\"primaryImageOfPage\":{\"@id\":\"https:\/\/ybeagroup.com\/proteccion-de-datos-y-lssi\/#primaryimage\"},\"image\":{\"@id\":\"https:\/\/ybeagroup.com\/proteccion-de-datos-y-lssi\/#primaryimage\"},\"thumbnailUrl\":\"https:\/\/ybeagroup.com\/wp-content\/uploads\/2025\/04\/82.jpg\",\"datePublished\":\"2025-03-18T15:07:02+00:00\",\"dateModified\":\"2025-05-21T09:15:23+00:00\",\"breadcrumb\":{\"@id\":\"https:\/\/ybeagroup.com\/proteccion-de-datos-y-lssi\/#breadcrumb\"},\"inLanguage\":\"fr-FR\",\"potentialAction\":[{\"@type\":\"ReadAction\",\"target\":[\"https:\/\/ybeagroup.com\/proteccion-de-datos-y-lssi\/\"]}]},{\"@type\":\"ImageObject\",\"inLanguage\":\"fr-FR\",\"@id\":\"https:\/\/ybeagroup.com\/proteccion-de-datos-y-lssi\/#primaryimage\",\"url\":\"https:\/\/ybeagroup.com\/wp-content\/uploads\/2025\/04\/82.jpg\",\"contentUrl\":\"https:\/\/ybeagroup.com\/wp-content\/uploads\/2025\/04\/82.jpg\"},{\"@type\":\"BreadcrumbList\",\"@id\":\"https:\/\/ybeagroup.com\/proteccion-de-datos-y-lssi\/#breadcrumb\",\"itemListElement\":[{\"@type\":\"ListItem\",\"position\":1,\"name\":\"Portada\",\"item\":\"https:\/\/ybeagroup.com\/\"},{\"@type\":\"ListItem\",\"position\":2,\"name\":\"Protecci\u00f3n de datos y LSSI\"}]},{\"@type\":\"WebSite\",\"@id\":\"https:\/\/ybeagroup.com\/gl\/#website\",\"url\":\"https:\/\/ybeagroup.com\/gl\/\",\"name\":\"Ybea Group\",\"description\":\"Soluciones innovadoras en formaci\u00f3n y consultor\u00eda para empresas\",\"publisher\":{\"@id\":\"https:\/\/ybeagroup.com\/gl\/#organization\"},\"potentialAction\":[{\"@type\":\"SearchAction\",\"target\":{\"@type\":\"EntryPoint\",\"urlTemplate\":\"https:\/\/ybeagroup.com\/gl\/?s={search_term_string}\"},\"query-input\":{\"@type\":\"PropertyValueSpecification\",\"valueRequired\":true,\"valueName\":\"search_term_string\"}}],\"inLanguage\":\"fr-FR\"},{\"@type\":\"Organization\",\"@id\":\"https:\/\/ybeagroup.com\/gl\/#organization\",\"name\":\"Ybea Group\",\"url\":\"https:\/\/ybeagroup.com\/gl\/\",\"logo\":{\"@type\":\"ImageObject\",\"inLanguage\":\"fr-FR\",\"@id\":\"https:\/\/ybeagroup.com\/gl\/#\/schema\/logo\/image\/\",\"url\":\"https:\/\/ybeagroup.com\/wp-content\/uploads\/2025\/03\/cropped-fav.png\",\"contentUrl\":\"https:\/\/ybeagroup.com\/wp-content\/uploads\/2025\/03\/cropped-fav.png\",\"width\":512,\"height\":512,\"caption\":\"Ybea Group\"},\"image\":{\"@id\":\"https:\/\/ybeagroup.com\/gl\/#\/schema\/logo\/image\/\"}}]}<\/script>\n<!-- \/ Yoast SEO plugin. -->","yoast_head_json":{"title":"Protecci\u00f3n de datos y LSSI - Ybea Group","robots":{"index":"index","follow":"follow","max-snippet":"max-snippet:-1","max-image-preview":"max-image-preview:large","max-video-preview":"max-video-preview:-1"},"canonical":"https:\/\/ybeagroup.com\/fr\/proteccion-de-datos-y-lssi\/","og_locale":"fr_FR","og_type":"article","og_title":"Protecci\u00f3n de datos y LSSI - Ybea Group","og_description":"Protecci\u00f3n de Datos y LSSI Cumple con la normativa vigente y protege los datos de tu empresa En YBEA GROUP, te ayudamos a garantizar que tu empresa cumpla con la normativa vigente en cuanto a protecci\u00f3n de datos. Ofrecemos soluciones personalizadas para cada sector empresarial, asegur\u00e1ndonos de que nuestros clientes cumplan con todos los requisitos [&hellip;]","og_url":"https:\/\/ybeagroup.com\/fr\/proteccion-de-datos-y-lssi\/","og_site_name":"Ybea Group","article_modified_time":"2025-05-21T09:15:23+00:00","og_image":[{"url":"https:\/\/ybeagroup.com\/wp-content\/uploads\/2025\/04\/82.jpg","type":"","width":"","height":""}],"twitter_card":"summary_large_image","twitter_misc":{"Dur\u00e9e de lecture estim\u00e9e":"2 minutes"},"schema":{"@context":"https:\/\/schema.org","@graph":[{"@type":"WebPage","@id":"https:\/\/ybeagroup.com\/proteccion-de-datos-y-lssi\/","url":"https:\/\/ybeagroup.com\/proteccion-de-datos-y-lssi\/","name":"Protecci\u00f3n de datos y LSSI - Ybea Group","isPartOf":{"@id":"https:\/\/ybeagroup.com\/gl\/#website"},"primaryImageOfPage":{"@id":"https:\/\/ybeagroup.com\/proteccion-de-datos-y-lssi\/#primaryimage"},"image":{"@id":"https:\/\/ybeagroup.com\/proteccion-de-datos-y-lssi\/#primaryimage"},"thumbnailUrl":"https:\/\/ybeagroup.com\/wp-content\/uploads\/2025\/04\/82.jpg","datePublished":"2025-03-18T15:07:02+00:00","dateModified":"2025-05-21T09:15:23+00:00","breadcrumb":{"@id":"https:\/\/ybeagroup.com\/proteccion-de-datos-y-lssi\/#breadcrumb"},"inLanguage":"fr-FR","potentialAction":[{"@type":"ReadAction","target":["https:\/\/ybeagroup.com\/proteccion-de-datos-y-lssi\/"]}]},{"@type":"ImageObject","inLanguage":"fr-FR","@id":"https:\/\/ybeagroup.com\/proteccion-de-datos-y-lssi\/#primaryimage","url":"https:\/\/ybeagroup.com\/wp-content\/uploads\/2025\/04\/82.jpg","contentUrl":"https:\/\/ybeagroup.com\/wp-content\/uploads\/2025\/04\/82.jpg"},{"@type":"BreadcrumbList","@id":"https:\/\/ybeagroup.com\/proteccion-de-datos-y-lssi\/#breadcrumb","itemListElement":[{"@type":"ListItem","position":1,"name":"Portada","item":"https:\/\/ybeagroup.com\/"},{"@type":"ListItem","position":2,"name":"Protecci\u00f3n de datos y LSSI"}]},{"@type":"WebSite","@id":"https:\/\/ybeagroup.com\/gl\/#website","url":"https:\/\/ybeagroup.com\/gl\/","name":"Ybea Group","description":"Soluciones innovadoras en formaci\u00f3n y consultor\u00eda para empresas","publisher":{"@id":"https:\/\/ybeagroup.com\/gl\/#organization"},"potentialAction":[{"@type":"SearchAction","target":{"@type":"EntryPoint","urlTemplate":"https:\/\/ybeagroup.com\/gl\/?s={search_term_string}"},"query-input":{"@type":"PropertyValueSpecification","valueRequired":true,"valueName":"search_term_string"}}],"inLanguage":"fr-FR"},{"@type":"Organization","@id":"https:\/\/ybeagroup.com\/gl\/#organization","name":"Ybea Group","url":"https:\/\/ybeagroup.com\/gl\/","logo":{"@type":"ImageObject","inLanguage":"fr-FR","@id":"https:\/\/ybeagroup.com\/gl\/#\/schema\/logo\/image\/","url":"https:\/\/ybeagroup.com\/wp-content\/uploads\/2025\/03\/cropped-fav.png","contentUrl":"https:\/\/ybeagroup.com\/wp-content\/uploads\/2025\/03\/cropped-fav.png","width":512,"height":512,"caption":"Ybea Group"},"image":{"@id":"https:\/\/ybeagroup.com\/gl\/#\/schema\/logo\/image\/"}}]}},"_links":{"self":[{"href":"https:\/\/ybeagroup.com\/fr\/wp-json\/wp\/v2\/pages\/643","targetHints":{"allow":["GET"]}}],"collection":[{"href":"https:\/\/ybeagroup.com\/fr\/wp-json\/wp\/v2\/pages"}],"about":[{"href":"https:\/\/ybeagroup.com\/fr\/wp-json\/wp\/v2\/types\/page"}],"author":[{"embeddable":true,"href":"https:\/\/ybeagroup.com\/fr\/wp-json\/wp\/v2\/users\/2"}],"replies":[{"embeddable":true,"href":"https:\/\/ybeagroup.com\/fr\/wp-json\/wp\/v2\/comments?post=643"}],"version-history":[{"count":45,"href":"https:\/\/ybeagroup.com\/fr\/wp-json\/wp\/v2\/pages\/643\/revisions"}],"predecessor-version":[{"id":2591,"href":"https:\/\/ybeagroup.com\/fr\/wp-json\/wp\/v2\/pages\/643\/revisions\/2591"}],"wp:attachment":[{"href":"https:\/\/ybeagroup.com\/fr\/wp-json\/wp\/v2\/media?parent=643"}],"curies":[{"name":"wp","href":"https:\/\/api.w.org\/{rel}","templated":true}]}}