{"id":168,"date":"2025-03-18T11:08:59","date_gmt":"2025-03-18T11:08:59","guid":{"rendered":"https:\/\/ybeagroup.com\/formacion-in-company\/"},"modified":"2025-03-18T11:11:38","modified_gmt":"2025-03-18T11:11:38","slug":"formacion-in-company","status":"publish","type":"page","link":"https:\/\/ybeagroup.com\/gl\/formacion-in-company\/","title":{"rendered":"Formaci\u00f3n na empresa"},"content":{"rendered":"<div data-elementor-type=\"wp-page\" data-elementor-id=\"168\" class=\"elementor elementor-168\" data-elementor-post-type=\"page\">\n\t\t\t\t<div class=\"elementor-element elementor-element-1bc853d4 e-flex e-con-boxed e-con e-parent\" data-id=\"1bc853d4\" data-element_type=\"container\" data-settings=\"{&quot;background_background&quot;:&quot;classic&quot;}\">\n\t\t\t\t\t<div class=\"e-con-inner\">\n\t\t\t\t<div class=\"elementor-element elementor-element-3c852bdf animated-slow elementor-invisible elementor-widget elementor-widget-heading\" data-id=\"3c852bdf\" data-element_type=\"widget\" data-settings=\"{&quot;_animation&quot;:&quot;fadeInDown&quot;}\" data-widget_type=\"heading.default\">\n\t\t\t\t<div class=\"elementor-widget-container\">\n\t\t\t\t\t<h1 class=\"elementor-heading-title elementor-size-default\">Formaci\u00f3n na empresa<\/h1>\t\t\t\t<\/div>\n\t\t\t\t<\/div>\n\t\t\t\t\t<\/div>\n\t\t\t\t<\/div>\n\t\t<div class=\"elementor-element elementor-element-33da9a8b e-flex e-con-boxed e-con e-parent\" data-id=\"33da9a8b\" data-element_type=\"container\" data-settings=\"{&quot;background_background&quot;:&quot;classic&quot;}\">\n\t\t\t\t\t<div class=\"e-con-inner\">\n\t\t<div class=\"elementor-element elementor-element-50b754f4 e-con-full e-flex elementor-invisible e-con e-child\" data-id=\"50b754f4\" data-element_type=\"container\" data-settings=\"{&quot;animation&quot;:&quot;fadeInDown&quot;}\">\n\t\t<div class=\"elementor-element elementor-element-14cf5544 e-con-full e-flex e-con e-child\" data-id=\"14cf5544\" data-element_type=\"container\">\n\t\t\t\t<div class=\"elementor-element elementor-element-73cab689 animated-slow elementor-invisible elementor-widget elementor-widget-heading\" data-id=\"73cab689\" data-element_type=\"widget\" data-settings=\"{&quot;_animation&quot;:&quot;fadeInDown&quot;}\" data-widget_type=\"heading.default\">\n\t\t\t\t<div class=\"elementor-widget-container\">\n\t\t\t\t\t<h2 class=\"elementor-heading-title elementor-size-default\">Formaci\u00f3n en empresa: formaci\u00f3n personalizada para a t\u00faa empresa<\/h2>\t\t\t\t<\/div>\n\t\t\t\t<\/div>\n\t\t\t\t<\/div>\n\t\t\t\t<\/div>\n\t\t<div class=\"elementor-element elementor-element-1772ae08 e-con-full e-flex elementor-invisible e-con e-child\" data-id=\"1772ae08\" data-element_type=\"container\" data-settings=\"{&quot;animation&quot;:&quot;fadeInUp&quot;}\">\n\t\t\t\t<div class=\"elementor-element elementor-element-3a665cea animated-slow elementor-invisible elementor-widget elementor-widget-text-editor\" data-id=\"3a665cea\" data-element_type=\"widget\" data-settings=\"{&quot;_animation&quot;:&quot;fadeInDown&quot;,&quot;_animation_delay&quot;:400}\" data-widget_type=\"text-editor.default\">\n\t\t\t\t<div class=\"elementor-widget-container\">\n\t\t\t\t\t\t\t\t\tEn Wave Consultores, ofrecemos formaci\u00f3n in company dese\u00f1ada para adaptarse \u00e1s necesidades espec\u00edficas da s\u00faa empresa. Os nosos cursos est\u00e1n dese\u00f1ados para mellorar as habilidades do teu equipo directamente no seu entorno de traballo, garantindo unha aprendizaxe pr\u00e1ctica e eficaz ali\u00f1ada cos obxectivos estrat\u00e9xicos da organizaci\u00f3n.\t\t\t\t\t\t\t\t<\/div>\n\t\t\t\t<\/div>\n\t\t\t\t<\/div>\n\t\t\t\t\t<\/div>\n\t\t\t\t<\/div>\n\t\t<div class=\"elementor-element elementor-element-23b8e477 e-flex e-con-boxed e-con e-parent\" data-id=\"23b8e477\" data-element_type=\"container\" data-settings=\"{&quot;background_background&quot;:&quot;classic&quot;}\">\n\t\t\t\t\t<div class=\"e-con-inner\">\n\t\t<div class=\"elementor-element elementor-element-7a27444d e-con-full e-flex elementor-invisible e-con e-child\" data-id=\"7a27444d\" data-element_type=\"container\" data-settings=\"{&quot;animation&quot;:&quot;fadeInUp&quot;,&quot;background_background&quot;:&quot;classic&quot;}\">\n\t\t\t\t<div class=\"elementor-element elementor-element-2fb0a912 elementor-widget elementor-widget-image\" data-id=\"2fb0a912\" data-element_type=\"widget\" data-widget_type=\"image.default\">\n\t\t\t\t<div class=\"elementor-widget-container\">\n\t\t\t\t\t\t\t\t\t\t\t\t\t\t\t<img fetchpriority=\"high\" decoding=\"async\" width=\"1600\" height=\"900\" src=\"https:\/\/ybeagroup.com\/wp-content\/uploads\/2025\/03\/formacion-in-company-3.jpg\" class=\"attachment-full size-full wp-image-170\" alt=\"\" srcset=\"https:\/\/ybeagroup.com\/wp-content\/uploads\/2025\/03\/formacion-in-company-3.jpg 1600w, https:\/\/ybeagroup.com\/wp-content\/uploads\/2025\/03\/formacion-in-company-3-300x169.jpg 300w, https:\/\/ybeagroup.com\/wp-content\/uploads\/2025\/03\/formacion-in-company-3-1024x576.jpg 1024w, https:\/\/ybeagroup.com\/wp-content\/uploads\/2025\/03\/formacion-in-company-3-768x432.jpg 768w, https:\/\/ybeagroup.com\/wp-content\/uploads\/2025\/03\/formacion-in-company-3-1536x864.jpg 1536w\" sizes=\"(max-width: 1600px) 100vw, 1600px\" \/>\t\t\t\t\t\t\t\t\t\t\t\t\t\t\t<\/div>\n\t\t\t\t<\/div>\n\t\t\t\t<\/div>\n\t\t<div class=\"elementor-element elementor-element-5c157462 e-con-full e-flex elementor-invisible e-con e-child\" data-id=\"5c157462\" data-element_type=\"container\" data-settings=\"{&quot;animation&quot;:&quot;fadeInDown&quot;}\">\n\t\t<div class=\"elementor-element elementor-element-5c8d6800 e-con-full e-flex e-con e-child\" data-id=\"5c8d6800\" data-element_type=\"container\">\n\t\t\t\t<div class=\"elementor-element elementor-element-5749ef04 animated-slow elementor-invisible elementor-widget elementor-widget-heading\" data-id=\"5749ef04\" data-element_type=\"widget\" data-settings=\"{&quot;_animation&quot;:&quot;fadeInDown&quot;,&quot;_animation_delay&quot;:200}\" data-widget_type=\"heading.default\">\n\t\t\t\t<div class=\"elementor-widget-container\">\n\t\t\t\t\t<h2 class=\"elementor-heading-title elementor-size-default\">Desenvolvemento de habilidades espec\u00edficas cun impacto real no traballo<\/h2>\t\t\t\t<\/div>\n\t\t\t\t<\/div>\n\t\t\t\t<div class=\"elementor-element elementor-element-46224065 animated-slow elementor-invisible elementor-widget elementor-widget-text-editor\" data-id=\"46224065\" data-element_type=\"widget\" data-settings=\"{&quot;_animation&quot;:&quot;fadeInDown&quot;,&quot;_animation_delay&quot;:400}\" data-widget_type=\"text-editor.default\">\n\t\t\t\t<div class=\"elementor-widget-container\">\n\t\t\t\t\t\t\t\t\tO obxectivo da nosa formaci\u00f3n interna \u00e9 mellorar o rendemento do teu equipo dende o primeiro d\u00eda. Os co\u00f1ecementos adquiridos apl\u00edcanse de inmediato no traballo diario, o que resulta en resultados tanxibles para a s\u00faa empresa, como un aumento da produtividade, mellores relaci\u00f3ns laborais e unha toma de decisi\u00f3ns m\u00e1is informada.\t\t\t\t\t\t\t\t<\/div>\n\t\t\t\t<\/div>\n\t\t\t\t<\/div>\n\t\t\t\t<\/div>\n\t\t\t\t\t<\/div>\n\t\t\t\t<\/div>\n\t\t<div class=\"elementor-element elementor-element-39a61636 e-flex e-con-boxed e-con e-parent\" data-id=\"39a61636\" data-element_type=\"container\" data-settings=\"{&quot;background_background&quot;:&quot;classic&quot;}\">\n\t\t\t\t\t<div class=\"e-con-inner\">\n\t\t<div class=\"elementor-element elementor-element-4d129960 e-flex e-con-boxed elementor-invisible e-con e-child\" data-id=\"4d129960\" data-element_type=\"container\" data-settings=\"{&quot;animation&quot;:&quot;fadeInDown&quot;}\">\n\t\t\t\t\t<div class=\"e-con-inner\">\n\t\t\t\t<div class=\"elementor-element elementor-element-55da2317 animated-slow elementor-invisible elementor-widget elementor-widget-heading\" data-id=\"55da2317\" data-element_type=\"widget\" data-settings=\"{&quot;_animation&quot;:&quot;fadeInDown&quot;}\" data-widget_type=\"heading.default\">\n\t\t\t\t<div class=\"elementor-widget-container\">\n\t\t\t\t\t<h2 class=\"elementor-heading-title elementor-size-default\">Formaci\u00f3n para empresas cunha metodolox\u00eda flexible e adaptable<\/h2>\t\t\t\t<\/div>\n\t\t\t\t<\/div>\n\t\t\t\t\t<\/div>\n\t\t\t\t<\/div>\n\t\t<div class=\"elementor-element elementor-element-3fd49ef0 e-grid e-con-full e-con e-child\" data-id=\"3fd49ef0\" data-element_type=\"container\">\n\t\t<div class=\"elementor-element elementor-element-3bec6514 e-con-full animated-slow e-flex elementor-invisible e-con e-child\" data-id=\"3bec6514\" data-element_type=\"container\" data-settings=\"{&quot;animation&quot;:&quot;fadeInDown&quot;,&quot;animation_delay&quot;:400}\">\n\t\t\t\t<div class=\"elementor-element elementor-element-4c7f915a elementor-view-framed elementor-tablet-position-top elementor-shape-circle elementor-position-top elementor-mobile-position-top elementor-widget elementor-widget-icon-box\" data-id=\"4c7f915a\" data-element_type=\"widget\" data-widget_type=\"icon-box.default\">\n\t\t\t\t<div class=\"elementor-widget-container\">\n\t\t\t\t\t\t\t<div class=\"elementor-icon-box-wrapper\">\n\n\t\t\t\t\t\t<div class=\"elementor-icon-box-icon\">\n\t\t\t\t<span  class=\"elementor-icon\">\n\t\t\t\t<i aria-hidden=\"true\" class=\"icon icon-Document-Search\"><\/i>\t\t\t\t<\/span>\n\t\t\t<\/div>\n\t\t\t\n\t\t\t\t\t\t<div class=\"elementor-icon-box-content\">\n\n\t\t\t\t\t\t\t\t\t<h3 class=\"elementor-icon-box-title\">\n\t\t\t\t\t\t<span  >\n\t\t\t\t\t\t\tEnfoque personalizado\t\t\t\t\t\t<\/span>\n\t\t\t\t\t<\/h3>\n\t\t\t\t\n\t\t\t\t\t\t\t\t\t<p class=\"elementor-icon-box-description\">\n\t\t\t\t\t\tCentr\u00e1monos nas necesidades espec\u00edficas da s\u00faa empresa e adaptamos o contido ao seu sector e obxectivos.\t\t\t\t\t<\/p>\n\t\t\t\t\n\t\t\t<\/div>\n\t\t\t\n\t\t<\/div>\n\t\t\t\t\t\t<\/div>\n\t\t\t\t<\/div>\n\t\t\t\t<\/div>\n\t\t<div class=\"elementor-element elementor-element-24e780db e-con-full animated-slow e-flex elementor-invisible e-con e-child\" data-id=\"24e780db\" data-element_type=\"container\" data-settings=\"{&quot;animation&quot;:&quot;fadeInDown&quot;,&quot;animation_delay&quot;:400}\">\n\t\t\t\t<div class=\"elementor-element elementor-element-43fa1849 elementor-view-framed elementor-tablet-position-top elementor-shape-circle elementor-position-top elementor-mobile-position-top elementor-widget elementor-widget-icon-box\" data-id=\"43fa1849\" data-element_type=\"widget\" data-widget_type=\"icon-box.default\">\n\t\t\t\t<div class=\"elementor-widget-container\">\n\t\t\t\t\t\t\t<div class=\"elementor-icon-box-wrapper\">\n\n\t\t\t\t\t\t<div class=\"elementor-icon-box-icon\">\n\t\t\t\t<span  class=\"elementor-icon\">\n\t\t\t\t<i aria-hidden=\"true\" class=\"icon icon-watch\"><\/i>\t\t\t\t<\/span>\n\t\t\t<\/div>\n\t\t\t\n\t\t\t\t\t\t<div class=\"elementor-icon-box-content\">\n\n\t\t\t\t\t\t\t\t\t<h3 class=\"elementor-icon-box-title\">\n\t\t\t\t\t\t<span  >\n\t\t\t\t\t\t\tFlexibilidade total\t\t\t\t\t\t<\/span>\n\t\t\t\t\t<\/h3>\n\t\t\t\t\n\t\t\t\t\t\t\t\t\t<p class=\"elementor-icon-box-description\">\n\t\t\t\t\t\tCursos presenciais ou en li\u00f1a, no horario que mellor che conve\u00f1a, para que o teu equipo poida formarse sen que a s\u00faa produtividade se vexa afectada.\t\t\t\t\t<\/p>\n\t\t\t\t\n\t\t\t<\/div>\n\t\t\t\n\t\t<\/div>\n\t\t\t\t\t\t<\/div>\n\t\t\t\t<\/div>\n\t\t\t\t<\/div>\n\t\t<div class=\"elementor-element elementor-element-16b5573d e-con-full animated-slow e-flex elementor-invisible e-con e-child\" data-id=\"16b5573d\" data-element_type=\"container\" data-settings=\"{&quot;animation&quot;:&quot;fadeInDown&quot;,&quot;animation_delay&quot;:400}\">\n\t\t\t\t<div class=\"elementor-element elementor-element-23af1ace elementor-view-framed elementor-tablet-position-top elementor-shape-circle elementor-position-top elementor-mobile-position-top elementor-widget elementor-widget-icon-box\" data-id=\"23af1ace\" data-element_type=\"widget\" data-widget_type=\"icon-box.default\">\n\t\t\t\t<div class=\"elementor-widget-container\">\n\t\t\t\t\t\t\t<div class=\"elementor-icon-box-wrapper\">\n\n\t\t\t\t\t\t<div class=\"elementor-icon-box-icon\">\n\t\t\t\t<span  class=\"elementor-icon\">\n\t\t\t\t<i aria-hidden=\"true\" class=\"icon icon-team1\"><\/i>\t\t\t\t<\/span>\n\t\t\t<\/div>\n\t\t\t\n\t\t\t\t\t\t<div class=\"elementor-icon-box-content\">\n\n\t\t\t\t\t\t\t\t\t<h3 class=\"elementor-icon-box-title\">\n\t\t\t\t\t\t<span  >\n\t\t\t\t\t\t\tContido de alta calidade\t\t\t\t\t\t<\/span>\n\t\t\t\t\t<\/h3>\n\t\t\t\t\n\t\t\t\t\t\t\t\t\t<p class=\"elementor-icon-box-description\">\n\t\t\t\t\t\tFormadores con ampla experiencia no campo, que ofrecen formaci\u00f3n pr\u00e1ctica e aplicable\t\t\t\t\t<\/p>\n\t\t\t\t\n\t\t\t<\/div>\n\t\t\t\n\t\t<\/div>\n\t\t\t\t\t\t<\/div>\n\t\t\t\t<\/div>\n\t\t\t\t<\/div>\n\t\t<div class=\"elementor-element elementor-element-49a4a0b0 e-con-full animated-slow e-flex elementor-invisible e-con e-child\" data-id=\"49a4a0b0\" data-element_type=\"container\" data-settings=\"{&quot;animation&quot;:&quot;fadeInDown&quot;,&quot;animation_delay&quot;:400}\">\n\t\t\t\t<div class=\"elementor-element elementor-element-148fe422 elementor-view-framed elementor-tablet-position-top elementor-shape-circle elementor-position-top elementor-mobile-position-top elementor-widget elementor-widget-icon-box\" data-id=\"148fe422\" data-element_type=\"widget\" data-widget_type=\"icon-box.default\">\n\t\t\t\t<div class=\"elementor-widget-container\">\n\t\t\t\t\t\t\t<div class=\"elementor-icon-box-wrapper\">\n\n\t\t\t\t\t\t<div class=\"elementor-icon-box-icon\">\n\t\t\t\t<span  class=\"elementor-icon\">\n\t\t\t\t<i aria-hidden=\"true\" class=\"icon icon-chart2\"><\/i>\t\t\t\t<\/span>\n\t\t\t<\/div>\n\t\t\t\n\t\t\t\t\t\t<div class=\"elementor-icon-box-content\">\n\n\t\t\t\t\t\t\t\t\t<h3 class=\"elementor-icon-box-title\">\n\t\t\t\t\t\t<span  >\n\t\t\t\t\t\t\tResultados medibles\t\t\t\t\t\t<\/span>\n\t\t\t\t\t<\/h3>\n\t\t\t\t\n\t\t\t\t\t\t\t\t\t<p class=\"elementor-icon-box-description\">\n\t\t\t\t\t\tGarantimos que os co\u00f1ecementos adquiridos te\u00f1an un impacto real e positivo no rendemento do teu equipo.\t\t\t\t\t<\/p>\n\t\t\t\t\n\t\t\t<\/div>\n\t\t\t\n\t\t<\/div>\n\t\t\t\t\t\t<\/div>\n\t\t\t\t<\/div>\n\t\t\t\t<\/div>\n\t\t\t\t<\/div>\n\t\t\t\t\t<\/div>\n\t\t\t\t<\/div>\n\t\t\t\t<\/div>","protected":false},"excerpt":{"rendered":"<p>Formaci\u00f3n in company: Formaci\u00f3n personalizada para a s\u00faa empresa. En Wave Consultores, ofrecemos formaci\u00f3n in company dese\u00f1ada para adaptarse \u00e1s necesidades espec\u00edficas do seu negocio. Os nosos cursos est\u00e1n orientados a mellorar as habilidades do seu equipo directamente no seu entorno laboral, garantindo unha aprendizaxe pr\u00e1ctica e eficaz ali\u00f1ada cos obxectivos estrat\u00e9xicos da organizaci\u00f3n. [\u2026]<\/p>","protected":false},"author":2,"featured_media":0,"parent":0,"menu_order":0,"comment_status":"closed","ping_status":"closed","template":"","meta":{"footnotes":""},"class_list":["post-168","page","type-page","status-publish","hentry"],"yoast_head":"<!-- This site is optimized with the Yoast SEO plugin v26.4 - https:\/\/yoast.com\/wordpress\/plugins\/seo\/ -->\n<title>Formaci\u00f3n in company - Ybea Group<\/title>\n<meta name=\"robots\" content=\"index, follow, max-snippet:-1, max-image-preview:large, max-video-preview:-1\" \/>\n<link rel=\"canonical\" href=\"https:\/\/ybeagroup.com\/gl\/formacion-in-company\/\" \/>\n<meta property=\"og:locale\" content=\"gl_ES\" \/>\n<meta property=\"og:type\" content=\"article\" \/>\n<meta property=\"og:title\" content=\"Formaci\u00f3n in company - Ybea Group\" \/>\n<meta property=\"og:description\" content=\"Formaci\u00f3n in company: Capacitaci\u00f3n personalizada para tu empresa En Wave Consultores, ofrecemos formaci\u00f3n In Company dise\u00f1ada para adaptarse a las necesidades espec\u00edficas de tu empresa. Nuestros cursos est\u00e1n orientados a mejorar las competencias de tu equipo directamente en su entorno laboral, garantizando un aprendizaje pr\u00e1ctico, efectivo y alineado con los objetivos estrat\u00e9gicos de la organizaci\u00f3n. [&hellip;]\" \/>\n<meta property=\"og:url\" content=\"https:\/\/ybeagroup.com\/gl\/formacion-in-company\/\" \/>\n<meta property=\"og:site_name\" content=\"Ybea Group\" \/>\n<meta property=\"article:modified_time\" content=\"2025-03-18T11:11:38+00:00\" \/>\n<meta property=\"og:image\" content=\"https:\/\/ybeagroup.com\/wp-content\/uploads\/2025\/03\/formacion-in-company-3.jpg\" \/>\n<meta name=\"twitter:card\" content=\"summary_large_image\" \/>\n<meta name=\"twitter:label1\" content=\"Tempo de lectura\" \/>\n\t<meta name=\"twitter:data1\" content=\"1 minuto\" \/>\n<script type=\"application\/ld+json\" class=\"yoast-schema-graph\">{\"@context\":\"https:\/\/schema.org\",\"@graph\":[{\"@type\":\"WebPage\",\"@id\":\"https:\/\/ybeagroup.com\/eu\/formacion-in-company\/\",\"url\":\"https:\/\/ybeagroup.com\/eu\/formacion-in-company\/\",\"name\":\"Formaci\u00f3n in company - Ybea Group\",\"isPartOf\":{\"@id\":\"https:\/\/ybeagroup.com\/gl\/#website\"},\"primaryImageOfPage\":{\"@id\":\"https:\/\/ybeagroup.com\/eu\/formacion-in-company\/#primaryimage\"},\"image\":{\"@id\":\"https:\/\/ybeagroup.com\/eu\/formacion-in-company\/#primaryimage\"},\"thumbnailUrl\":\"https:\/\/ybeagroup.com\/wp-content\/uploads\/2025\/03\/formacion-in-company-3.jpg\",\"datePublished\":\"2025-03-18T11:08:59+00:00\",\"dateModified\":\"2025-03-18T11:11:38+00:00\",\"breadcrumb\":{\"@id\":\"https:\/\/ybeagroup.com\/eu\/formacion-in-company\/#breadcrumb\"},\"inLanguage\":\"gl-ES\",\"potentialAction\":[{\"@type\":\"ReadAction\",\"target\":[\"https:\/\/ybeagroup.com\/eu\/formacion-in-company\/\"]}]},{\"@type\":\"ImageObject\",\"inLanguage\":\"gl-ES\",\"@id\":\"https:\/\/ybeagroup.com\/eu\/formacion-in-company\/#primaryimage\",\"url\":\"https:\/\/ybeagroup.com\/wp-content\/uploads\/2025\/03\/formacion-in-company-3.jpg\",\"contentUrl\":\"https:\/\/ybeagroup.com\/wp-content\/uploads\/2025\/03\/formacion-in-company-3.jpg\"},{\"@type\":\"BreadcrumbList\",\"@id\":\"https:\/\/ybeagroup.com\/eu\/formacion-in-company\/#breadcrumb\",\"itemListElement\":[{\"@type\":\"ListItem\",\"position\":1,\"name\":\"Portada\",\"item\":\"https:\/\/ybeagroup.com\/\"},{\"@type\":\"ListItem\",\"position\":2,\"name\":\"Formaci\u00f3n in company\"}]},{\"@type\":\"WebSite\",\"@id\":\"https:\/\/ybeagroup.com\/gl\/#website\",\"url\":\"https:\/\/ybeagroup.com\/gl\/\",\"name\":\"Ybea Group\",\"description\":\"Soluciones innovadoras en formaci\u00f3n y consultor\u00eda para empresas\",\"publisher\":{\"@id\":\"https:\/\/ybeagroup.com\/gl\/#organization\"},\"potentialAction\":[{\"@type\":\"SearchAction\",\"target\":{\"@type\":\"EntryPoint\",\"urlTemplate\":\"https:\/\/ybeagroup.com\/gl\/?s={search_term_string}\"},\"query-input\":{\"@type\":\"PropertyValueSpecification\",\"valueRequired\":true,\"valueName\":\"search_term_string\"}}],\"inLanguage\":\"gl-ES\"},{\"@type\":\"Organization\",\"@id\":\"https:\/\/ybeagroup.com\/gl\/#organization\",\"name\":\"Ybea Group\",\"url\":\"https:\/\/ybeagroup.com\/gl\/\",\"logo\":{\"@type\":\"ImageObject\",\"inLanguage\":\"gl-ES\",\"@id\":\"https:\/\/ybeagroup.com\/gl\/#\/schema\/logo\/image\/\",\"url\":\"https:\/\/ybeagroup.com\/wp-content\/uploads\/2025\/03\/cropped-fav.png\",\"contentUrl\":\"https:\/\/ybeagroup.com\/wp-content\/uploads\/2025\/03\/cropped-fav.png\",\"width\":512,\"height\":512,\"caption\":\"Ybea Group\"},\"image\":{\"@id\":\"https:\/\/ybeagroup.com\/gl\/#\/schema\/logo\/image\/\"}}]}<\/script>\n<!-- \/ Yoast SEO plugin. -->","yoast_head_json":{"title":"Formaci\u00f3n in company - Ybea Group","robots":{"index":"index","follow":"follow","max-snippet":"max-snippet:-1","max-image-preview":"max-image-preview:large","max-video-preview":"max-video-preview:-1"},"canonical":"https:\/\/ybeagroup.com\/gl\/formacion-in-company\/","og_locale":"gl_ES","og_type":"article","og_title":"Formaci\u00f3n in company - Ybea Group","og_description":"Formaci\u00f3n in company: Capacitaci\u00f3n personalizada para tu empresa En Wave Consultores, ofrecemos formaci\u00f3n In Company dise\u00f1ada para adaptarse a las necesidades espec\u00edficas de tu empresa. Nuestros cursos est\u00e1n orientados a mejorar las competencias de tu equipo directamente en su entorno laboral, garantizando un aprendizaje pr\u00e1ctico, efectivo y alineado con los objetivos estrat\u00e9gicos de la organizaci\u00f3n. [&hellip;]","og_url":"https:\/\/ybeagroup.com\/gl\/formacion-in-company\/","og_site_name":"Ybea Group","article_modified_time":"2025-03-18T11:11:38+00:00","og_image":[{"url":"https:\/\/ybeagroup.com\/wp-content\/uploads\/2025\/03\/formacion-in-company-3.jpg","type":"","width":"","height":""}],"twitter_card":"summary_large_image","twitter_misc":{"Tempo de lectura":"1 minuto"},"schema":{"@context":"https:\/\/schema.org","@graph":[{"@type":"WebPage","@id":"https:\/\/ybeagroup.com\/eu\/formacion-in-company\/","url":"https:\/\/ybeagroup.com\/eu\/formacion-in-company\/","name":"Formaci\u00f3n in company - Ybea Group","isPartOf":{"@id":"https:\/\/ybeagroup.com\/gl\/#website"},"primaryImageOfPage":{"@id":"https:\/\/ybeagroup.com\/eu\/formacion-in-company\/#primaryimage"},"image":{"@id":"https:\/\/ybeagroup.com\/eu\/formacion-in-company\/#primaryimage"},"thumbnailUrl":"https:\/\/ybeagroup.com\/wp-content\/uploads\/2025\/03\/formacion-in-company-3.jpg","datePublished":"2025-03-18T11:08:59+00:00","dateModified":"2025-03-18T11:11:38+00:00","breadcrumb":{"@id":"https:\/\/ybeagroup.com\/eu\/formacion-in-company\/#breadcrumb"},"inLanguage":"gl-ES","potentialAction":[{"@type":"ReadAction","target":["https:\/\/ybeagroup.com\/eu\/formacion-in-company\/"]}]},{"@type":"ImageObject","inLanguage":"gl-ES","@id":"https:\/\/ybeagroup.com\/eu\/formacion-in-company\/#primaryimage","url":"https:\/\/ybeagroup.com\/wp-content\/uploads\/2025\/03\/formacion-in-company-3.jpg","contentUrl":"https:\/\/ybeagroup.com\/wp-content\/uploads\/2025\/03\/formacion-in-company-3.jpg"},{"@type":"BreadcrumbList","@id":"https:\/\/ybeagroup.com\/eu\/formacion-in-company\/#breadcrumb","itemListElement":[{"@type":"ListItem","position":1,"name":"Portada","item":"https:\/\/ybeagroup.com\/"},{"@type":"ListItem","position":2,"name":"Formaci\u00f3n in company"}]},{"@type":"WebSite","@id":"https:\/\/ybeagroup.com\/gl\/#website","url":"https:\/\/ybeagroup.com\/gl\/","name":"Ybea Group","description":"Soluciones innovadoras en formaci\u00f3n y consultor\u00eda para empresas","publisher":{"@id":"https:\/\/ybeagroup.com\/gl\/#organization"},"potentialAction":[{"@type":"SearchAction","target":{"@type":"EntryPoint","urlTemplate":"https:\/\/ybeagroup.com\/gl\/?s={search_term_string}"},"query-input":{"@type":"PropertyValueSpecification","valueRequired":true,"valueName":"search_term_string"}}],"inLanguage":"gl-ES"},{"@type":"Organization","@id":"https:\/\/ybeagroup.com\/gl\/#organization","name":"Ybea Group","url":"https:\/\/ybeagroup.com\/gl\/","logo":{"@type":"ImageObject","inLanguage":"gl-ES","@id":"https:\/\/ybeagroup.com\/gl\/#\/schema\/logo\/image\/","url":"https:\/\/ybeagroup.com\/wp-content\/uploads\/2025\/03\/cropped-fav.png","contentUrl":"https:\/\/ybeagroup.com\/wp-content\/uploads\/2025\/03\/cropped-fav.png","width":512,"height":512,"caption":"Ybea Group"},"image":{"@id":"https:\/\/ybeagroup.com\/gl\/#\/schema\/logo\/image\/"}}]}},"_links":{"self":[{"href":"https:\/\/ybeagroup.com\/gl\/wp-json\/wp\/v2\/pages\/168","targetHints":{"allow":["GET"]}}],"collection":[{"href":"https:\/\/ybeagroup.com\/gl\/wp-json\/wp\/v2\/pages"}],"about":[{"href":"https:\/\/ybeagroup.com\/gl\/wp-json\/wp\/v2\/types\/page"}],"author":[{"embeddable":true,"href":"https:\/\/ybeagroup.com\/gl\/wp-json\/wp\/v2\/users\/2"}],"replies":[{"embeddable":true,"href":"https:\/\/ybeagroup.com\/gl\/wp-json\/wp\/v2\/comments?post=168"}],"version-history":[{"count":4,"href":"https:\/\/ybeagroup.com\/gl\/wp-json\/wp\/v2\/pages\/168\/revisions"}],"predecessor-version":[{"id":391,"href":"https:\/\/ybeagroup.com\/gl\/wp-json\/wp\/v2\/pages\/168\/revisions\/391"}],"wp:attachment":[{"href":"https:\/\/ybeagroup.com\/gl\/wp-json\/wp\/v2\/media?parent=168"}],"curies":[{"name":"wp","href":"https:\/\/api.w.org\/{rel}","templated":true}]}}