{"id":180,"date":"2025-03-18T11:09:14","date_gmt":"2025-03-18T11:09:14","guid":{"rendered":"https:\/\/ybeagroup.com\/divulgacion-financiera\/"},"modified":"2025-03-18T11:11:38","modified_gmt":"2025-03-18T11:11:38","slug":"divulgacion-financiera","status":"publish","type":"page","link":"https:\/\/ybeagroup.com\/gl\/divulgacion-financiera\/","title":{"rendered":"Divulgaci\u00f3n financeira"},"content":{"rendered":"<div data-elementor-type=\"wp-page\" data-elementor-id=\"180\" class=\"elementor elementor-180\" data-elementor-post-type=\"page\">\n\t\t\t\t<div class=\"elementor-element elementor-element-122ee19e e-flex e-con-boxed e-con e-parent\" data-id=\"122ee19e\" data-element_type=\"container\" data-settings=\"{&quot;background_background&quot;:&quot;classic&quot;}\">\n\t\t\t\t\t<div class=\"e-con-inner\">\n\t\t\t\t<div class=\"elementor-element elementor-element-478cdde3 animated-slow elementor-invisible elementor-widget elementor-widget-heading\" data-id=\"478cdde3\" data-element_type=\"widget\" data-settings=\"{&quot;_animation&quot;:&quot;fadeInDown&quot;}\" data-widget_type=\"heading.default\">\n\t\t\t\t<div class=\"elementor-widget-container\">\n\t\t\t\t\t<h1 class=\"elementor-heading-title elementor-size-default\">Divulgaci\u00f3n financeira<\/h1>\t\t\t\t<\/div>\n\t\t\t\t<\/div>\n\t\t\t\t\t<\/div>\n\t\t\t\t<\/div>\n\t\t<div class=\"elementor-element elementor-element-318493eb e-flex e-con-boxed e-con e-parent\" data-id=\"318493eb\" data-element_type=\"container\" data-settings=\"{&quot;background_background&quot;:&quot;classic&quot;}\">\n\t\t\t\t\t<div class=\"e-con-inner\">\n\t\t<div class=\"elementor-element elementor-element-2243c86a e-con-full e-flex elementor-invisible e-con e-child\" data-id=\"2243c86a\" data-element_type=\"container\" data-settings=\"{&quot;animation&quot;:&quot;fadeInDown&quot;}\">\n\t\t<div class=\"elementor-element elementor-element-7b706d9b e-con-full e-flex e-con e-child\" data-id=\"7b706d9b\" data-element_type=\"container\">\n\t\t\t\t<div class=\"elementor-element elementor-element-3e0a3d98 animated-slow elementor-invisible elementor-widget elementor-widget-heading\" data-id=\"3e0a3d98\" data-element_type=\"widget\" data-settings=\"{&quot;_animation&quot;:&quot;fadeInDown&quot;}\" data-widget_type=\"heading.default\">\n\t\t\t\t<div class=\"elementor-widget-container\">\n\t\t\t\t\t<h2 class=\"elementor-heading-title elementor-size-default\">Formaci\u00f3n en divulgaci\u00f3n financeira para organizaci\u00f3ns e escolas<\/h2>\t\t\t\t<\/div>\n\t\t\t\t<\/div>\n\t\t\t\t<\/div>\n\t\t\t\t<\/div>\n\t\t<div class=\"elementor-element elementor-element-224c0a09 e-con-full e-flex elementor-invisible e-con e-child\" data-id=\"224c0a09\" data-element_type=\"container\" data-settings=\"{&quot;animation&quot;:&quot;fadeInUp&quot;}\">\n\t\t\t\t<div class=\"elementor-element elementor-element-3f1ecd5f animated-slow elementor-invisible elementor-widget elementor-widget-text-editor\" data-id=\"3f1ecd5f\" data-element_type=\"widget\" data-settings=\"{&quot;_animation&quot;:&quot;fadeInDown&quot;,&quot;_animation_delay&quot;:400}\" data-widget_type=\"text-editor.default\">\n\t\t\t\t<div class=\"elementor-widget-container\">\n\t\t\t\t\t\t\t\t\tEn Wave Consultores, cremos que a educaci\u00f3n financeira \u00e9 clave para empoderar as organizaci\u00f3ns e os seus equipos. Ofrecemos formaci\u00f3n especializada en divulgaci\u00f3n financeira para instituci\u00f3ns, escolas e outras organizaci\u00f3ns, co obxectivo de mellorar os co\u00f1ecementos financeiros dos seus membros e facilitar a toma de decisi\u00f3ns informada.\t\t\t\t\t\t\t\t<\/div>\n\t\t\t\t<\/div>\n\t\t\t\t<\/div>\n\t\t\t\t\t<\/div>\n\t\t\t\t<\/div>\n\t\t<div class=\"elementor-element elementor-element-14d3fa43 e-flex e-con-boxed e-con e-parent\" data-id=\"14d3fa43\" data-element_type=\"container\" data-settings=\"{&quot;background_background&quot;:&quot;classic&quot;}\">\n\t\t\t\t\t<div class=\"e-con-inner\">\n\t\t<div class=\"elementor-element elementor-element-77f57aea e-con-full e-flex elementor-invisible e-con e-child\" data-id=\"77f57aea\" data-element_type=\"container\" data-settings=\"{&quot;animation&quot;:&quot;fadeInDown&quot;}\">\n\t\t<div class=\"elementor-element elementor-element-4eacef99 e-con-full e-flex e-con e-child\" data-id=\"4eacef99\" data-element_type=\"container\">\n\t\t\t\t<div class=\"elementor-element elementor-element-2b207b3f animated-slow elementor-widget__width-initial elementor-invisible elementor-widget elementor-widget-heading\" data-id=\"2b207b3f\" data-element_type=\"widget\" data-settings=\"{&quot;_animation&quot;:&quot;fadeInDown&quot;,&quot;_animation_delay&quot;:200}\" data-widget_type=\"heading.default\">\n\t\t\t\t<div class=\"elementor-widget-container\">\n\t\t\t\t\t<h2 class=\"elementor-heading-title elementor-size-default\">Seguimos unha metodolox\u00eda pr\u00e1ctica e accesible para cada p\u00fablico.<\/h2>\t\t\t\t<\/div>\n\t\t\t\t<\/div>\n\t\t\t\t<\/div>\n\t\t<div class=\"elementor-element elementor-element-2ac01bbb e-grid e-con-full e-con e-child\" data-id=\"2ac01bbb\" data-element_type=\"container\">\n\t\t<div class=\"elementor-element elementor-element-5f24ec18 e-con-full e-flex e-con e-child\" data-id=\"5f24ec18\" data-element_type=\"container\" data-settings=\"{&quot;background_background&quot;:&quot;classic&quot;}\">\n\t\t<div class=\"elementor-element elementor-element-4dd2b15c e-con-full e-flex elementor-invisible e-con e-child\" data-id=\"4dd2b15c\" data-element_type=\"container\" data-settings=\"{&quot;animation&quot;:&quot;fadeInUp&quot;,&quot;background_background&quot;:&quot;classic&quot;}\">\n\t\t\t\t<\/div>\n\t\t<div class=\"elementor-element elementor-element-422dbfd2 e-con-full e-flex elementor-invisible e-con e-child\" data-id=\"422dbfd2\" data-element_type=\"container\" data-settings=\"{&quot;animation&quot;:&quot;fadeInDown&quot;}\">\n\t\t<div class=\"elementor-element elementor-element-720e178b e-con-full e-flex e-con e-child\" data-id=\"720e178b\" data-element_type=\"container\">\n\t\t\t\t<div class=\"elementor-element elementor-element-4d063232 animated-slow elementor-invisible elementor-widget elementor-widget-heading\" data-id=\"4d063232\" data-element_type=\"widget\" data-settings=\"{&quot;_animation&quot;:&quot;fadeInDown&quot;,&quot;_animation_delay&quot;:200}\" data-widget_type=\"heading.default\">\n\t\t\t\t<div class=\"elementor-widget-container\">\n\t\t\t\t\t<h3 class=\"elementor-heading-title elementor-size-default\">Para entidades e organizaci\u00f3ns<\/h3>\t\t\t\t<\/div>\n\t\t\t\t<\/div>\n\t\t<div class=\"elementor-element elementor-element-2beb12d4 e-grid e-con-full e-con e-child\" data-id=\"2beb12d4\" data-element_type=\"container\">\n\t\t\t\t<div class=\"elementor-element elementor-element-30a398cc elementor-view-framed elementor-position-left elementor-tablet-position-top elementor-shape-circle elementor-mobile-position-top elementor-widget elementor-widget-icon-box\" data-id=\"30a398cc\" data-element_type=\"widget\" data-widget_type=\"icon-box.default\">\n\t\t\t\t<div class=\"elementor-widget-container\">\n\t\t\t\t\t\t\t<div class=\"elementor-icon-box-wrapper\">\n\n\t\t\t\t\t\t<div class=\"elementor-icon-box-icon\">\n\t\t\t\t<span  class=\"elementor-icon\">\n\t\t\t\t<i aria-hidden=\"true\" class=\"icon icon-money-3\"><\/i>\t\t\t\t<\/span>\n\t\t\t<\/div>\n\t\t\t\n\t\t\t\t\t\t<div class=\"elementor-icon-box-content\">\n\n\t\t\t\t\t\t\t\t\t<h4 class=\"elementor-icon-box-title\">\n\t\t\t\t\t\t<span  >\n\t\t\t\t\t\t\tXesti\u00f3n orzamentaria e finanzas corporativas\t\t\t\t\t\t<\/span>\n\t\t\t\t\t<\/h4>\n\t\t\t\t\n\t\t\t\t\t\t\t\t\t<p class=\"elementor-icon-box-description\">\n\t\t\t\t\t\tAxudamos ao teu equipo a comprender a estrutura financeira da empresa, crear e controlar orzamentos e analizar os fluxos de caixa.\t\t\t\t\t<\/p>\n\t\t\t\t\n\t\t\t<\/div>\n\t\t\t\n\t\t<\/div>\n\t\t\t\t\t\t<\/div>\n\t\t\t\t<\/div>\n\t\t\t\t<div class=\"elementor-element elementor-element-146ce147 elementor-view-framed elementor-position-left elementor-tablet-position-top elementor-shape-circle elementor-mobile-position-top elementor-widget elementor-widget-icon-box\" data-id=\"146ce147\" data-element_type=\"widget\" data-widget_type=\"icon-box.default\">\n\t\t\t\t<div class=\"elementor-widget-container\">\n\t\t\t\t\t\t\t<div class=\"elementor-icon-box-wrapper\">\n\n\t\t\t\t\t\t<div class=\"elementor-icon-box-icon\">\n\t\t\t\t<span  class=\"elementor-icon\">\n\t\t\t\t<i aria-hidden=\"true\" class=\"icon icon-chart2\"><\/i>\t\t\t\t<\/span>\n\t\t\t<\/div>\n\t\t\t\n\t\t\t\t\t\t<div class=\"elementor-icon-box-content\">\n\n\t\t\t\t\t\t\t\t\t<h4 class=\"elementor-icon-box-title\">\n\t\t\t\t\t\t<span  >\n\t\t\t\t\t\t\tAn\u00e1lise de estados financeiros\t\t\t\t\t\t<\/span>\n\t\t\t\t\t<\/h4>\n\t\t\t\t\n\t\t\t\t\t\t\t\t\t<p class=\"elementor-icon-box-description\">\n\t\t\t\t\t\tEnsinamos a interpretar balances, contas de resultados e outros informes clave para tomar decisi\u00f3ns informadas.\t\t\t\t\t<\/p>\n\t\t\t\t\n\t\t\t<\/div>\n\t\t\t\n\t\t<\/div>\n\t\t\t\t\t\t<\/div>\n\t\t\t\t<\/div>\n\t\t\t\t<div class=\"elementor-element elementor-element-159ef748 elementor-view-framed elementor-position-left elementor-tablet-position-top elementor-shape-circle elementor-mobile-position-top elementor-widget elementor-widget-icon-box\" data-id=\"159ef748\" data-element_type=\"widget\" data-widget_type=\"icon-box.default\">\n\t\t\t\t<div class=\"elementor-widget-container\">\n\t\t\t\t\t\t\t<div class=\"elementor-icon-box-wrapper\">\n\n\t\t\t\t\t\t<div class=\"elementor-icon-box-icon\">\n\t\t\t\t<span  class=\"elementor-icon\">\n\t\t\t\t<i aria-hidden=\"true\" class=\"icon icon-Computer\"><\/i>\t\t\t\t<\/span>\n\t\t\t<\/div>\n\t\t\t\n\t\t\t\t\t\t<div class=\"elementor-icon-box-content\">\n\n\t\t\t\t\t\t\t\t\t<h4 class=\"elementor-icon-box-title\">\n\t\t\t\t\t\t<span  >\n\t\t\t\t\t\t\tPlanificaci\u00f3n financeira e estratexias de investimento\t\t\t\t\t\t<\/span>\n\t\t\t\t\t<\/h4>\n\t\t\t\t\n\t\t\t\t\t\t\t\t\t<p class=\"elementor-icon-box-description\">\n\t\t\t\t\t\tOfrecemos ferramentas para planificar o futuro financeiro da organizaci\u00f3n e como xestionar os investimentos de forma estrat\u00e9xica.\t\t\t\t\t<\/p>\n\t\t\t\t\n\t\t\t<\/div>\n\t\t\t\n\t\t<\/div>\n\t\t\t\t\t\t<\/div>\n\t\t\t\t<\/div>\n\t\t\t\t<div class=\"elementor-element elementor-element-79c94a2b elementor-view-framed elementor-position-left elementor-tablet-position-top elementor-shape-circle elementor-mobile-position-top elementor-widget elementor-widget-icon-box\" data-id=\"79c94a2b\" data-element_type=\"widget\" data-widget_type=\"icon-box.default\">\n\t\t\t\t<div class=\"elementor-widget-container\">\n\t\t\t\t\t\t\t<div class=\"elementor-icon-box-wrapper\">\n\n\t\t\t\t\t\t<div class=\"elementor-icon-box-icon\">\n\t\t\t\t<span  class=\"elementor-icon\">\n\t\t\t\t<i aria-hidden=\"true\" class=\"icon icon-save-money\"><\/i>\t\t\t\t<\/span>\n\t\t\t<\/div>\n\t\t\t\n\t\t\t\t\t\t<div class=\"elementor-icon-box-content\">\n\n\t\t\t\t\t\t\t\t\t<h4 class=\"elementor-icon-box-title\">\n\t\t\t\t\t\t<span  >\n\t\t\t\t\t\t\tXesti\u00f3n de riscos financeiros\t\t\t\t\t\t<\/span>\n\t\t\t\t\t<\/h4>\n\t\t\t\t\n\t\t\t\t\t\t\t\t\t<p class=\"elementor-icon-box-description\">\n\t\t\t\t\t\tOfrecemos co\u00f1ecementos sobre como identificar e mitigar os riscos financeiros que poden afectar \u00e1 estabilidade da entidade\t\t\t\t\t<\/p>\n\t\t\t\t\n\t\t\t<\/div>\n\t\t\t\n\t\t<\/div>\n\t\t\t\t\t\t<\/div>\n\t\t\t\t<\/div>\n\t\t\t\t<\/div>\n\t\t\t\t<\/div>\n\t\t\t\t<\/div>\n\t\t\t\t<\/div>\n\t\t<div class=\"elementor-element elementor-element-4861b79a e-con-full e-flex e-con e-child\" data-id=\"4861b79a\" data-element_type=\"container\" data-settings=\"{&quot;background_background&quot;:&quot;classic&quot;}\">\n\t\t<div class=\"elementor-element elementor-element-2faaa917 e-con-full e-flex elementor-invisible e-con e-child\" data-id=\"2faaa917\" data-element_type=\"container\" data-settings=\"{&quot;animation&quot;:&quot;fadeInUp&quot;,&quot;background_background&quot;:&quot;classic&quot;}\">\n\t\t\t\t<\/div>\n\t\t<div class=\"elementor-element elementor-element-23111c46 e-con-full e-flex elementor-invisible e-con e-child\" data-id=\"23111c46\" data-element_type=\"container\" data-settings=\"{&quot;animation&quot;:&quot;fadeInDown&quot;}\">\n\t\t<div class=\"elementor-element elementor-element-bfd4953 e-con-full e-flex e-con e-child\" data-id=\"bfd4953\" data-element_type=\"container\">\n\t\t\t\t<div class=\"elementor-element elementor-element-b18b095 animated-slow elementor-invisible elementor-widget elementor-widget-heading\" data-id=\"b18b095\" data-element_type=\"widget\" data-settings=\"{&quot;_animation&quot;:&quot;fadeInDown&quot;,&quot;_animation_delay&quot;:200}\" data-widget_type=\"heading.default\">\n\t\t\t\t<div class=\"elementor-widget-container\">\n\t\t\t\t\t<h3 class=\"elementor-heading-title elementor-size-default\">Para escolas e centros educativos<\/h3>\t\t\t\t<\/div>\n\t\t\t\t<\/div>\n\t\t<div class=\"elementor-element elementor-element-1e7d67da e-grid e-con-full e-con e-child\" data-id=\"1e7d67da\" data-element_type=\"container\">\n\t\t\t\t<div class=\"elementor-element elementor-element-707a2fda elementor-view-framed elementor-position-left elementor-tablet-position-top elementor-shape-circle elementor-mobile-position-top elementor-widget elementor-widget-icon-box\" data-id=\"707a2fda\" data-element_type=\"widget\" data-widget_type=\"icon-box.default\">\n\t\t\t\t<div class=\"elementor-widget-container\">\n\t\t\t\t\t\t\t<div class=\"elementor-icon-box-wrapper\">\n\n\t\t\t\t\t\t<div class=\"elementor-icon-box-icon\">\n\t\t\t\t<span  class=\"elementor-icon\">\n\t\t\t\t<i aria-hidden=\"true\" class=\"icon icon-Money\"><\/i>\t\t\t\t<\/span>\n\t\t\t<\/div>\n\t\t\t\n\t\t\t\t\t\t<div class=\"elementor-icon-box-content\">\n\n\t\t\t\t\t\t\t\t\t<h4 class=\"elementor-icon-box-title\">\n\t\t\t\t\t\t<span  >\n\t\t\t\t\t\t\tEducaci\u00f3n financeira b\u00e1sica\t\t\t\t\t\t<\/span>\n\t\t\t\t\t<\/h4>\n\t\t\t\t\n\t\t\t\t\t\t\t\t\t<p class=\"elementor-icon-box-description\">\n\t\t\t\t\t\tCursos centrados na comprensi\u00f3n do valor do di\u00f1eiro, o aforro, o cr\u00e9dito e en como xestionar as finanzas persoais de forma responsable.\t\t\t\t\t<\/p>\n\t\t\t\t\n\t\t\t<\/div>\n\t\t\t\n\t\t<\/div>\n\t\t\t\t\t\t<\/div>\n\t\t\t\t<\/div>\n\t\t\t\t<div class=\"elementor-element elementor-element-5eb956e5 elementor-view-framed elementor-position-left elementor-tablet-position-top elementor-shape-circle elementor-mobile-position-top elementor-widget elementor-widget-icon-box\" data-id=\"5eb956e5\" data-element_type=\"widget\" data-widget_type=\"icon-box.default\">\n\t\t\t\t<div class=\"elementor-widget-container\">\n\t\t\t\t\t\t\t<div class=\"elementor-icon-box-wrapper\">\n\n\t\t\t\t\t\t<div class=\"elementor-icon-box-icon\">\n\t\t\t\t<span  class=\"elementor-icon\">\n\t\t\t\t<i aria-hidden=\"true\" class=\"icon icon-bank\"><\/i>\t\t\t\t<\/span>\n\t\t\t<\/div>\n\t\t\t\n\t\t\t\t\t\t<div class=\"elementor-icon-box-content\">\n\n\t\t\t\t\t\t\t\t\t<h4 class=\"elementor-icon-box-title\">\n\t\t\t\t\t\t<span  >\n\t\t\t\t\t\t\tToma de decisi\u00f3ns financeiras\t\t\t\t\t\t<\/span>\n\t\t\t\t\t<\/h4>\n\t\t\t\t\n\t\t\t\t\t\t\t\t\t<p class=\"elementor-icon-box-description\">\n\t\t\t\t\t\tFormaci\u00f3n sobre como tomar decisi\u00f3ns financeiras informadas, tanto a nivel persoal como profesional.\t\t\t\t\t<\/p>\n\t\t\t\t\n\t\t\t<\/div>\n\t\t\t\n\t\t<\/div>\n\t\t\t\t\t\t<\/div>\n\t\t\t\t<\/div>\n\t\t\t\t<div class=\"elementor-element elementor-element-346debb8 elementor-view-framed elementor-position-left elementor-tablet-position-top elementor-shape-circle elementor-mobile-position-top elementor-widget elementor-widget-icon-box\" data-id=\"346debb8\" data-element_type=\"widget\" data-widget_type=\"icon-box.default\">\n\t\t\t\t<div class=\"elementor-widget-container\">\n\t\t\t\t\t\t\t<div class=\"elementor-icon-box-wrapper\">\n\n\t\t\t\t\t\t<div class=\"elementor-icon-box-icon\">\n\t\t\t\t<span  class=\"elementor-icon\">\n\t\t\t\t<i aria-hidden=\"true\" class=\"icon icon-team\"><\/i>\t\t\t\t<\/span>\n\t\t\t<\/div>\n\t\t\t\n\t\t\t\t\t\t<div class=\"elementor-icon-box-content\">\n\n\t\t\t\t\t\t\t\t\t<h4 class=\"elementor-icon-box-title\">\n\t\t\t\t\t\t<span  >\n\t\t\t\t\t\t\tEmprendemento e finanzas\t\t\t\t\t\t<\/span>\n\t\t\t\t\t<\/h4>\n\t\t\t\t\n\t\t\t\t\t\t\t\t\t<p class=\"elementor-icon-box-description\">\n\t\t\t\t\t\tAxudamos ao alumnado a comprender os aspectos financeiros clave para iniciar un negocio e como xestionar os recursos de forma eficaz.\t\t\t\t\t<\/p>\n\t\t\t\t\n\t\t\t<\/div>\n\t\t\t\n\t\t<\/div>\n\t\t\t\t\t\t<\/div>\n\t\t\t\t<\/div>\n\t\t\t\t<div class=\"elementor-element elementor-element-6e28f42e elementor-view-framed elementor-position-left elementor-tablet-position-top elementor-shape-circle elementor-mobile-position-top elementor-widget elementor-widget-icon-box\" data-id=\"6e28f42e\" data-element_type=\"widget\" data-widget_type=\"icon-box.default\">\n\t\t\t\t<div class=\"elementor-widget-container\">\n\t\t\t\t\t\t\t<div class=\"elementor-icon-box-wrapper\">\n\n\t\t\t\t\t\t<div class=\"elementor-icon-box-icon\">\n\t\t\t\t<span  class=\"elementor-icon\">\n\t\t\t\t<i aria-hidden=\"true\" class=\"icon icon-Document-Search\"><\/i>\t\t\t\t<\/span>\n\t\t\t<\/div>\n\t\t\t\n\t\t\t\t\t\t<div class=\"elementor-icon-box-content\">\n\n\t\t\t\t\t\t\t\t\t<h4 class=\"elementor-icon-box-title\">\n\t\t\t\t\t\t<span  >\n\t\t\t\t\t\t\tEconom\u00eda e Finanzas Aplicadas\t\t\t\t\t\t<\/span>\n\t\t\t\t\t<\/h4>\n\t\t\t\t\n\t\t\t\t\t\t\t\t\t<p class=\"elementor-icon-box-description\">\n\t\t\t\t\t\tProgramas m\u00e1is avanzados para estudantes interesados en afondar en conceptos como investimentos, econom\u00eda global e an\u00e1lise financeira.\t\t\t\t\t<\/p>\n\t\t\t\t\n\t\t\t<\/div>\n\t\t\t\n\t\t<\/div>\n\t\t\t\t\t\t<\/div>\n\t\t\t\t<\/div>\n\t\t\t\t<\/div>\n\t\t\t\t<\/div>\n\t\t\t\t<\/div>\n\t\t\t\t<\/div>\n\t\t\t\t<\/div>\n\t\t\t\t<\/div>\n\t\t\t\t\t<\/div>\n\t\t\t\t<\/div>\n\t\t\t\t<\/div>","protected":false},"excerpt":{"rendered":"<p>Formaci\u00f3n en educaci\u00f3n financeira para organizaci\u00f3ns e centros educativos. En Wave Consultores, cremos que a educaci\u00f3n financeira \u00e9 clave para empoderar as organizaci\u00f3ns e os seus equipos. Ofrecemos formaci\u00f3n especializada en educaci\u00f3n financeira para organizaci\u00f3ns, centros educativos e outras entidades, co obxectivo de mellorar o co\u00f1ecemento financeiro dos seus membros e facilitar a toma de decisi\u00f3ns [\u2026]<\/p>","protected":false},"author":2,"featured_media":0,"parent":0,"menu_order":0,"comment_status":"closed","ping_status":"closed","template":"","meta":{"footnotes":""},"class_list":["post-180","page","type-page","status-publish","hentry"],"yoast_head":"<!-- This site is optimized with the Yoast SEO plugin v26.4 - https:\/\/yoast.com\/wordpress\/plugins\/seo\/ -->\n<title>Divulgaci\u00f3n financiera - Ybea Group<\/title>\n<meta name=\"robots\" content=\"index, follow, max-snippet:-1, max-image-preview:large, max-video-preview:-1\" \/>\n<link rel=\"canonical\" href=\"https:\/\/ybeagroup.com\/gl\/divulgacion-financiera\/\" \/>\n<meta property=\"og:locale\" content=\"gl_ES\" \/>\n<meta property=\"og:type\" content=\"article\" \/>\n<meta property=\"og:title\" content=\"Divulgaci\u00f3n financiera - Ybea Group\" \/>\n<meta property=\"og:description\" content=\"Formaci\u00f3n en divulgaci\u00f3n financiera para entidades y escuelas En Wave Consultores, creemos que la educaci\u00f3n financiera es clave para empoderar a las organizaciones y sus equipos. Ofrecemos formaci\u00f3n especializada en divulgaci\u00f3n financiera para entidades, escuelas y otras organizaciones, con el objetivo de mejorar el conocimiento financiero de sus miembros y facilitar la toma de decisiones [&hellip;]\" \/>\n<meta property=\"og:url\" content=\"https:\/\/ybeagroup.com\/gl\/divulgacion-financiera\/\" \/>\n<meta property=\"og:site_name\" content=\"Ybea Group\" \/>\n<meta property=\"article:modified_time\" content=\"2025-03-18T11:11:38+00:00\" \/>\n<meta name=\"twitter:card\" content=\"summary_large_image\" \/>\n<meta name=\"twitter:label1\" content=\"Tempo de lectura\" \/>\n\t<meta name=\"twitter:data1\" content=\"1 minuto\" \/>\n<script type=\"application\/ld+json\" class=\"yoast-schema-graph\">{\"@context\":\"https:\/\/schema.org\",\"@graph\":[{\"@type\":\"WebPage\",\"@id\":\"https:\/\/ybeagroup.com\/divulgacion-financiera\/\",\"url\":\"https:\/\/ybeagroup.com\/divulgacion-financiera\/\",\"name\":\"Divulgaci\u00f3n financiera - Ybea Group\",\"isPartOf\":{\"@id\":\"https:\/\/ybeagroup.com\/gl\/#website\"},\"datePublished\":\"2025-03-18T11:09:14+00:00\",\"dateModified\":\"2025-03-18T11:11:38+00:00\",\"breadcrumb\":{\"@id\":\"https:\/\/ybeagroup.com\/divulgacion-financiera\/#breadcrumb\"},\"inLanguage\":\"gl-ES\",\"potentialAction\":[{\"@type\":\"ReadAction\",\"target\":[\"https:\/\/ybeagroup.com\/divulgacion-financiera\/\"]}]},{\"@type\":\"BreadcrumbList\",\"@id\":\"https:\/\/ybeagroup.com\/divulgacion-financiera\/#breadcrumb\",\"itemListElement\":[{\"@type\":\"ListItem\",\"position\":1,\"name\":\"Portada\",\"item\":\"https:\/\/ybeagroup.com\/\"},{\"@type\":\"ListItem\",\"position\":2,\"name\":\"Divulgaci\u00f3n financiera\"}]},{\"@type\":\"WebSite\",\"@id\":\"https:\/\/ybeagroup.com\/gl\/#website\",\"url\":\"https:\/\/ybeagroup.com\/gl\/\",\"name\":\"Ybea Group\",\"description\":\"Soluciones innovadoras en formaci\u00f3n y consultor\u00eda para empresas\",\"publisher\":{\"@id\":\"https:\/\/ybeagroup.com\/gl\/#organization\"},\"potentialAction\":[{\"@type\":\"SearchAction\",\"target\":{\"@type\":\"EntryPoint\",\"urlTemplate\":\"https:\/\/ybeagroup.com\/gl\/?s={search_term_string}\"},\"query-input\":{\"@type\":\"PropertyValueSpecification\",\"valueRequired\":true,\"valueName\":\"search_term_string\"}}],\"inLanguage\":\"gl-ES\"},{\"@type\":\"Organization\",\"@id\":\"https:\/\/ybeagroup.com\/gl\/#organization\",\"name\":\"Ybea Group\",\"url\":\"https:\/\/ybeagroup.com\/gl\/\",\"logo\":{\"@type\":\"ImageObject\",\"inLanguage\":\"gl-ES\",\"@id\":\"https:\/\/ybeagroup.com\/gl\/#\/schema\/logo\/image\/\",\"url\":\"https:\/\/ybeagroup.com\/wp-content\/uploads\/2025\/03\/cropped-fav.png\",\"contentUrl\":\"https:\/\/ybeagroup.com\/wp-content\/uploads\/2025\/03\/cropped-fav.png\",\"width\":512,\"height\":512,\"caption\":\"Ybea Group\"},\"image\":{\"@id\":\"https:\/\/ybeagroup.com\/gl\/#\/schema\/logo\/image\/\"}}]}<\/script>\n<!-- \/ Yoast SEO plugin. -->","yoast_head_json":{"title":"Divulgaci\u00f3n financiera - Ybea Group","robots":{"index":"index","follow":"follow","max-snippet":"max-snippet:-1","max-image-preview":"max-image-preview:large","max-video-preview":"max-video-preview:-1"},"canonical":"https:\/\/ybeagroup.com\/gl\/divulgacion-financiera\/","og_locale":"gl_ES","og_type":"article","og_title":"Divulgaci\u00f3n financiera - Ybea Group","og_description":"Formaci\u00f3n en divulgaci\u00f3n financiera para entidades y escuelas En Wave Consultores, creemos que la educaci\u00f3n financiera es clave para empoderar a las organizaciones y sus equipos. Ofrecemos formaci\u00f3n especializada en divulgaci\u00f3n financiera para entidades, escuelas y otras organizaciones, con el objetivo de mejorar el conocimiento financiero de sus miembros y facilitar la toma de decisiones [&hellip;]","og_url":"https:\/\/ybeagroup.com\/gl\/divulgacion-financiera\/","og_site_name":"Ybea Group","article_modified_time":"2025-03-18T11:11:38+00:00","twitter_card":"summary_large_image","twitter_misc":{"Tempo de lectura":"1 minuto"},"schema":{"@context":"https:\/\/schema.org","@graph":[{"@type":"WebPage","@id":"https:\/\/ybeagroup.com\/divulgacion-financiera\/","url":"https:\/\/ybeagroup.com\/divulgacion-financiera\/","name":"Divulgaci\u00f3n financiera - Ybea Group","isPartOf":{"@id":"https:\/\/ybeagroup.com\/gl\/#website"},"datePublished":"2025-03-18T11:09:14+00:00","dateModified":"2025-03-18T11:11:38+00:00","breadcrumb":{"@id":"https:\/\/ybeagroup.com\/divulgacion-financiera\/#breadcrumb"},"inLanguage":"gl-ES","potentialAction":[{"@type":"ReadAction","target":["https:\/\/ybeagroup.com\/divulgacion-financiera\/"]}]},{"@type":"BreadcrumbList","@id":"https:\/\/ybeagroup.com\/divulgacion-financiera\/#breadcrumb","itemListElement":[{"@type":"ListItem","position":1,"name":"Portada","item":"https:\/\/ybeagroup.com\/"},{"@type":"ListItem","position":2,"name":"Divulgaci\u00f3n financiera"}]},{"@type":"WebSite","@id":"https:\/\/ybeagroup.com\/gl\/#website","url":"https:\/\/ybeagroup.com\/gl\/","name":"Ybea Group","description":"Soluciones innovadoras en formaci\u00f3n y consultor\u00eda para empresas","publisher":{"@id":"https:\/\/ybeagroup.com\/gl\/#organization"},"potentialAction":[{"@type":"SearchAction","target":{"@type":"EntryPoint","urlTemplate":"https:\/\/ybeagroup.com\/gl\/?s={search_term_string}"},"query-input":{"@type":"PropertyValueSpecification","valueRequired":true,"valueName":"search_term_string"}}],"inLanguage":"gl-ES"},{"@type":"Organization","@id":"https:\/\/ybeagroup.com\/gl\/#organization","name":"Ybea Group","url":"https:\/\/ybeagroup.com\/gl\/","logo":{"@type":"ImageObject","inLanguage":"gl-ES","@id":"https:\/\/ybeagroup.com\/gl\/#\/schema\/logo\/image\/","url":"https:\/\/ybeagroup.com\/wp-content\/uploads\/2025\/03\/cropped-fav.png","contentUrl":"https:\/\/ybeagroup.com\/wp-content\/uploads\/2025\/03\/cropped-fav.png","width":512,"height":512,"caption":"Ybea Group"},"image":{"@id":"https:\/\/ybeagroup.com\/gl\/#\/schema\/logo\/image\/"}}]}},"_links":{"self":[{"href":"https:\/\/ybeagroup.com\/gl\/wp-json\/wp\/v2\/pages\/180","targetHints":{"allow":["GET"]}}],"collection":[{"href":"https:\/\/ybeagroup.com\/gl\/wp-json\/wp\/v2\/pages"}],"about":[{"href":"https:\/\/ybeagroup.com\/gl\/wp-json\/wp\/v2\/types\/page"}],"author":[{"embeddable":true,"href":"https:\/\/ybeagroup.com\/gl\/wp-json\/wp\/v2\/users\/2"}],"replies":[{"embeddable":true,"href":"https:\/\/ybeagroup.com\/gl\/wp-json\/wp\/v2\/comments?post=180"}],"version-history":[{"count":4,"href":"https:\/\/ybeagroup.com\/gl\/wp-json\/wp\/v2\/pages\/180\/revisions"}],"predecessor-version":[{"id":395,"href":"https:\/\/ybeagroup.com\/gl\/wp-json\/wp\/v2\/pages\/180\/revisions\/395"}],"wp:attachment":[{"href":"https:\/\/ybeagroup.com\/gl\/wp-json\/wp\/v2\/media?parent=180"}],"curies":[{"name":"wp","href":"https:\/\/api.w.org\/{rel}","templated":true}]}}