{"id":22,"date":"2025-03-18T08:43:55","date_gmt":"2025-03-18T08:43:55","guid":{"rendered":"https:\/\/ybeagroup.com\/politica-de-privacidad\/"},"modified":"2025-03-19T14:40:30","modified_gmt":"2025-03-19T14:40:30","slug":"politica-de-privacidad","status":"publish","type":"page","link":"https:\/\/ybeagroup.com\/gl\/politica-de-privacidad\/","title":{"rendered":"Pol\u00edtica de privacidade"},"content":{"rendered":"<div data-elementor-type=\"wp-page\" data-elementor-id=\"22\" class=\"elementor elementor-22\" data-elementor-post-type=\"page\">\n\t\t\t\t<div class=\"elementor-element elementor-element-2fdfca12 e-flex e-con-boxed e-con e-parent\" data-id=\"2fdfca12\" data-element_type=\"container\" data-settings=\"{&quot;background_background&quot;:&quot;classic&quot;}\">\n\t\t\t\t\t<div class=\"e-con-inner\">\n\t\t<div class=\"elementor-element elementor-element-4b648af1 e-con-full e-flex e-con e-child\" data-id=\"4b648af1\" data-element_type=\"container\">\n\t\t\t\t<div class=\"elementor-element elementor-element-6ed3a3bd elementor-widget__width-inherit elementor-widget elementor-widget-heading\" data-id=\"6ed3a3bd\" data-element_type=\"widget\" data-widget_type=\"heading.default\">\n\t\t\t\t<div class=\"elementor-widget-container\">\n\t\t\t\t\t<h1 class=\"elementor-heading-title elementor-size-default\">Pol\u00edtica de privacidade<\/h1>\t\t\t\t<\/div>\n\t\t\t\t<\/div>\n\t\t\t\t<\/div>\n\t\t\t\t\t<\/div>\n\t\t\t\t<\/div>\n\t\t<div class=\"elementor-element elementor-element-280cdf3c e-flex e-con-boxed e-con e-parent\" data-id=\"280cdf3c\" data-element_type=\"container\">\n\t\t\t\t\t<div class=\"e-con-inner\">\n\t\t\t\t<div class=\"elementor-element elementor-element-3421e99b elementor-widget elementor-widget-text-editor\" data-id=\"3421e99b\" data-element_type=\"widget\" data-widget_type=\"text-editor.default\">\n\t\t\t\t<div class=\"elementor-widget-container\">\n\t\t\t\t\t\t\t\t\t<h3 class=\"wp-block-heading\">1.- INFORMACI\u00d3N AO USUARIO<\/h3><p>O sitio web informa os usuarios do sitio web sobre a s\u00faa pol\u00edtica con respecto ao tratamento e protecci\u00f3n dos datos persoais dos usuarios e clientes que poidan ser solicitados ao navegar polo seu sitio web. O sitio web \u00e9 responsable do tratamento dos datos persoais do usuario, polo que se facilita a seguinte informaci\u00f3n sobre o tratamento dos seus datos:\u00a0<strong>Criterios de retenci\u00f3n de datos<\/strong>\u00a0Os datos persoais proporcionados conservaranse ata que o interesado solicite a s\u00faa suspensi\u00f3n, exercendo os seus dereitos sobre os datos, e en calquera caso cumprindo os prazos legais de prescrici\u00f3n que lle sexan de aplicaci\u00f3n.\u00a0<strong>Dereitos das partes interesadas<\/strong>\u00a0:<\/p><ul><li>Dereito a retirar o seu consentimento en calquera momento.<\/li><li>O dereito de acceder, rectificar, suprimir e portar os seus datos, as\u00ed como a limitar ou opo\u00f1erse ao seu tratamento, as\u00ed como a non ser obxecto de decisi\u00f3ns individuais automatizadas.<\/li><\/ul><p><strong>Informaci\u00f3n de contacto para exercer os seus dereitos<\/strong>\u00a0Debe identificarse debidamente e solicitar claramente o dereito de exercicio.<\/p><ul><li>Nome: CARINA MARILINA HERN\u00c1NDEZ DE TOMAS con NIF 26834550J<\/li><li>Enderezo: Avda. Andaluc\u00eda, 34 Oficina 1 entreplanta. 29007 (M\u00e1laga) M\u00e1laga<b><br \/><\/b><\/li><li>Tel\u00e9fono: <a href=\"tel:673679793\">673679793<\/a><\/li><li>Correo: <a href=\"mailto:chernandez@ybeagroup.com\">chernandez@ybeagroup.com<\/a><\/li><\/ul><h3 class=\"wp-block-heading\">2.- INFORMACI\u00d3N FACILITADA POLO USUARIO<\/h3><p>Se tes menos de 18 anos, non tes permiso para usar formularios no noso sitio web.<\/p><p>Ao introducir os seus datos nos formularios de contacto ou enviar a s\u00faa informaci\u00f3n en formularios de descarga, os Usuarios aceptan expresamente, libre e inequivocamente, que os seus datos son necesarios para que o Responsable poida xestionar a s\u00faa solicitude. A inclusi\u00f3n de datos nos campos restantes \u00e9 voluntaria.<\/p><p>O Usuario garante que os datos persoais facilitados son veraces e faise responsable de comunicar calquera cambio.<\/p><p>Todos os datos solicitados a trav\u00e9s do sitio web son necesarios para prestar un servizo \u00f3ptimo ao Usuario. Se non se proporcionan todos os datos, non hai garant\u00eda de que a informaci\u00f3n e os servizos proporcionados polo Responsable se adapten totalmente \u00e1s s\u00faas necesidades.<\/p><h3 class=\"wp-block-heading\">3.- MEDIDAS DE SEGURIDADE<\/h3><p>Que, de conformidade co disposto na normativa vixente en materia de protecci\u00f3n de datos persoais, o Responsable do tratamento cumpre con todas as disposici\u00f3ns do RGPD e da LOPD para o tratamento dos datos persoais da s\u00faa responsabilidade, que son tratados de forma l\u00edcita, leal e transparente en relaci\u00f3n co interesado e son axeitados, pertinentes e limitados ao necesario en relaci\u00f3n cos fins para os que son tratados.<\/p><p>O Responsable do Tratamento garante que implementou pol\u00edticas t\u00e9cnicas e organizativas axeitadas para aplicar as medidas de seguridade establecidas polo RGPD e a LOPD para protexer os dereitos e liberdades dos Usuarios e lles proporcionou a informaci\u00f3n axeitada para que poidan exercelos.<\/p><h3 class=\"wp-block-heading\">4.- BRIDAS DE SEGURIDADE<\/h3><p>O Responsable do Tratamento informar\u00e1 de calquera violaci\u00f3n de seguridade que afecte \u00e1 base de datos utilizada por este sitio web ou por calquera dos nosos servizos de terceiros a todas e cada unha das persoas cuxos datos poidan verse afectados e \u00e1s autoridades no prazo de 72 horas desde a detecci\u00f3n da violaci\u00f3n.<\/p><h3 class=\"wp-block-heading\">5.-LEXISLACI\u00d3N APLICABLE E XURISDICI\u00d3N<\/h3><p>Para a resoluci\u00f3n de todas as controversias ou cuesti\u00f3ns relacionadas con este sitio web ou coas actividades que nel se desenvolven, aplicarase a lexislaci\u00f3n espa\u00f1ola, \u00e1 que se someten expresamente as partes. Os Xulgados e Tribunais de Barcelona ser\u00e1n xurisdicionais para resolver todos os conflitos que xurdan ou estean relacionados co seu uso.<\/p>\t\t\t\t\t\t\t\t<\/div>\n\t\t\t\t<\/div>\n\t\t\t\t\t<\/div>\n\t\t\t\t<\/div>\n\t\t\t\t<\/div>","protected":false},"excerpt":{"rendered":"<p>1.- INFORMACI\u00d3N AO USUARIO O sitio web informa os usuarios da s\u00faa pol\u00edtica respecto ao tratamento e protecci\u00f3n dos datos persoais dos usuarios e clientes que se lles poidan solicitar ao navegar polo seu sitio web. O sitio web \u00e9 responsable do tratamento de [\u2026]<\/p>","protected":false},"author":1,"featured_media":0,"parent":0,"menu_order":0,"comment_status":"closed","ping_status":"closed","template":"","meta":{"footnotes":""},"class_list":["post-22","page","type-page","status-publish","hentry"],"yoast_head":"<!-- This site is optimized with the Yoast SEO plugin v26.4 - https:\/\/yoast.com\/wordpress\/plugins\/seo\/ -->\n<title>Pol\u00edtica de privacidad - Ybea Group<\/title>\n<meta name=\"robots\" content=\"index, follow, max-snippet:-1, max-image-preview:large, max-video-preview:-1\" \/>\n<link rel=\"canonical\" href=\"https:\/\/ybeagroup.com\/gl\/politica-de-privacidad\/\" \/>\n<meta property=\"og:locale\" content=\"gl_ES\" \/>\n<meta property=\"og:type\" content=\"article\" \/>\n<meta property=\"og:title\" content=\"Pol\u00edtica de privacidad - Ybea Group\" \/>\n<meta property=\"og:description\" content=\"1.- INFORMACI\u00d3N AL USUARIO El sitio web informa a los usuarios del sitio web sobre su pol\u00edtica respecto al tratamiento y protecci\u00f3n de los datos de car\u00e1cter personal de los usuarios y clientes que puedan ser solicitados por la navegaci\u00f3n a trav\u00e9s de su sitio web. El sitio web es el Responsable del tratamiento de [&hellip;]\" \/>\n<meta property=\"og:url\" content=\"https:\/\/ybeagroup.com\/gl\/politica-de-privacidad\/\" \/>\n<meta property=\"og:site_name\" content=\"Ybea Group\" \/>\n<meta property=\"article:modified_time\" content=\"2025-03-19T14:40:30+00:00\" \/>\n<meta name=\"twitter:card\" content=\"summary_large_image\" \/>\n<meta name=\"twitter:label1\" content=\"Tempo de lectura\" \/>\n\t<meta name=\"twitter:data1\" content=\"3 minutos\" \/>\n<script type=\"application\/ld+json\" class=\"yoast-schema-graph\">{\"@context\":\"https:\/\/schema.org\",\"@graph\":[{\"@type\":\"WebPage\",\"@id\":\"https:\/\/ybeagroup.com\/gl\/politica-de-privacidad\/\",\"url\":\"https:\/\/ybeagroup.com\/gl\/politica-de-privacidad\/\",\"name\":\"Pol\u00edtica de privacidad - Ybea Group\",\"isPartOf\":{\"@id\":\"https:\/\/ybeagroup.com\/gl\/#website\"},\"datePublished\":\"2025-03-18T08:43:55+00:00\",\"dateModified\":\"2025-03-19T14:40:30+00:00\",\"breadcrumb\":{\"@id\":\"https:\/\/ybeagroup.com\/gl\/politica-de-privacidad\/#breadcrumb\"},\"inLanguage\":\"gl-ES\",\"potentialAction\":[{\"@type\":\"ReadAction\",\"target\":[\"https:\/\/ybeagroup.com\/gl\/politica-de-privacidad\/\"]}]},{\"@type\":\"BreadcrumbList\",\"@id\":\"https:\/\/ybeagroup.com\/gl\/politica-de-privacidad\/#breadcrumb\",\"itemListElement\":[{\"@type\":\"ListItem\",\"position\":1,\"name\":\"Portada\",\"item\":\"https:\/\/ybeagroup.com\/\"},{\"@type\":\"ListItem\",\"position\":2,\"name\":\"Pol\u00edtica de privacidad\"}]},{\"@type\":\"WebSite\",\"@id\":\"https:\/\/ybeagroup.com\/gl\/#website\",\"url\":\"https:\/\/ybeagroup.com\/gl\/\",\"name\":\"Ybea Group\",\"description\":\"Soluciones innovadoras en formaci\u00f3n y consultor\u00eda para empresas\",\"publisher\":{\"@id\":\"https:\/\/ybeagroup.com\/gl\/#organization\"},\"potentialAction\":[{\"@type\":\"SearchAction\",\"target\":{\"@type\":\"EntryPoint\",\"urlTemplate\":\"https:\/\/ybeagroup.com\/gl\/?s={search_term_string}\"},\"query-input\":{\"@type\":\"PropertyValueSpecification\",\"valueRequired\":true,\"valueName\":\"search_term_string\"}}],\"inLanguage\":\"gl-ES\"},{\"@type\":\"Organization\",\"@id\":\"https:\/\/ybeagroup.com\/gl\/#organization\",\"name\":\"Ybea Group\",\"url\":\"https:\/\/ybeagroup.com\/gl\/\",\"logo\":{\"@type\":\"ImageObject\",\"inLanguage\":\"gl-ES\",\"@id\":\"https:\/\/ybeagroup.com\/gl\/#\/schema\/logo\/image\/\",\"url\":\"https:\/\/ybeagroup.com\/wp-content\/uploads\/2025\/03\/cropped-fav.png\",\"contentUrl\":\"https:\/\/ybeagroup.com\/wp-content\/uploads\/2025\/03\/cropped-fav.png\",\"width\":512,\"height\":512,\"caption\":\"Ybea Group\"},\"image\":{\"@id\":\"https:\/\/ybeagroup.com\/gl\/#\/schema\/logo\/image\/\"}}]}<\/script>\n<!-- \/ Yoast SEO plugin. -->","yoast_head_json":{"title":"Pol\u00edtica de privacidad - Ybea Group","robots":{"index":"index","follow":"follow","max-snippet":"max-snippet:-1","max-image-preview":"max-image-preview:large","max-video-preview":"max-video-preview:-1"},"canonical":"https:\/\/ybeagroup.com\/gl\/politica-de-privacidad\/","og_locale":"gl_ES","og_type":"article","og_title":"Pol\u00edtica de privacidad - Ybea Group","og_description":"1.- INFORMACI\u00d3N AL USUARIO El sitio web informa a los usuarios del sitio web sobre su pol\u00edtica respecto al tratamiento y protecci\u00f3n de los datos de car\u00e1cter personal de los usuarios y clientes que puedan ser solicitados por la navegaci\u00f3n a trav\u00e9s de su sitio web. El sitio web es el Responsable del tratamiento de [&hellip;]","og_url":"https:\/\/ybeagroup.com\/gl\/politica-de-privacidad\/","og_site_name":"Ybea Group","article_modified_time":"2025-03-19T14:40:30+00:00","twitter_card":"summary_large_image","twitter_misc":{"Tempo de lectura":"3 minutos"},"schema":{"@context":"https:\/\/schema.org","@graph":[{"@type":"WebPage","@id":"https:\/\/ybeagroup.com\/gl\/politica-de-privacidad\/","url":"https:\/\/ybeagroup.com\/gl\/politica-de-privacidad\/","name":"Pol\u00edtica de privacidad - Ybea Group","isPartOf":{"@id":"https:\/\/ybeagroup.com\/gl\/#website"},"datePublished":"2025-03-18T08:43:55+00:00","dateModified":"2025-03-19T14:40:30+00:00","breadcrumb":{"@id":"https:\/\/ybeagroup.com\/gl\/politica-de-privacidad\/#breadcrumb"},"inLanguage":"gl-ES","potentialAction":[{"@type":"ReadAction","target":["https:\/\/ybeagroup.com\/gl\/politica-de-privacidad\/"]}]},{"@type":"BreadcrumbList","@id":"https:\/\/ybeagroup.com\/gl\/politica-de-privacidad\/#breadcrumb","itemListElement":[{"@type":"ListItem","position":1,"name":"Portada","item":"https:\/\/ybeagroup.com\/"},{"@type":"ListItem","position":2,"name":"Pol\u00edtica de privacidad"}]},{"@type":"WebSite","@id":"https:\/\/ybeagroup.com\/gl\/#website","url":"https:\/\/ybeagroup.com\/gl\/","name":"Ybea Group","description":"Soluciones innovadoras en formaci\u00f3n y consultor\u00eda para empresas","publisher":{"@id":"https:\/\/ybeagroup.com\/gl\/#organization"},"potentialAction":[{"@type":"SearchAction","target":{"@type":"EntryPoint","urlTemplate":"https:\/\/ybeagroup.com\/gl\/?s={search_term_string}"},"query-input":{"@type":"PropertyValueSpecification","valueRequired":true,"valueName":"search_term_string"}}],"inLanguage":"gl-ES"},{"@type":"Organization","@id":"https:\/\/ybeagroup.com\/gl\/#organization","name":"Ybea Group","url":"https:\/\/ybeagroup.com\/gl\/","logo":{"@type":"ImageObject","inLanguage":"gl-ES","@id":"https:\/\/ybeagroup.com\/gl\/#\/schema\/logo\/image\/","url":"https:\/\/ybeagroup.com\/wp-content\/uploads\/2025\/03\/cropped-fav.png","contentUrl":"https:\/\/ybeagroup.com\/wp-content\/uploads\/2025\/03\/cropped-fav.png","width":512,"height":512,"caption":"Ybea Group"},"image":{"@id":"https:\/\/ybeagroup.com\/gl\/#\/schema\/logo\/image\/"}}]}},"_links":{"self":[{"href":"https:\/\/ybeagroup.com\/gl\/wp-json\/wp\/v2\/pages\/22","targetHints":{"allow":["GET"]}}],"collection":[{"href":"https:\/\/ybeagroup.com\/gl\/wp-json\/wp\/v2\/pages"}],"about":[{"href":"https:\/\/ybeagroup.com\/gl\/wp-json\/wp\/v2\/types\/page"}],"author":[{"embeddable":true,"href":"https:\/\/ybeagroup.com\/gl\/wp-json\/wp\/v2\/users\/1"}],"replies":[{"embeddable":true,"href":"https:\/\/ybeagroup.com\/gl\/wp-json\/wp\/v2\/comments?post=22"}],"version-history":[{"count":7,"href":"https:\/\/ybeagroup.com\/gl\/wp-json\/wp\/v2\/pages\/22\/revisions"}],"predecessor-version":[{"id":1150,"href":"https:\/\/ybeagroup.com\/gl\/wp-json\/wp\/v2\/pages\/22\/revisions\/1150"}],"wp:attachment":[{"href":"https:\/\/ybeagroup.com\/gl\/wp-json\/wp\/v2\/media?parent=22"}],"curies":[{"name":"wp","href":"https:\/\/api.w.org\/{rel}","templated":true}]}}