{"id":272,"date":"2025-03-18T11:10:45","date_gmt":"2025-03-18T11:10:45","guid":{"rendered":"https:\/\/ybeagroup.com\/solicitar-presupuesto\/"},"modified":"2025-03-18T11:11:39","modified_gmt":"2025-03-18T11:11:39","slug":"solicitar-presupuesto","status":"publish","type":"page","link":"https:\/\/ybeagroup.com\/gl\/solicitar-presupuesto\/","title":{"rendered":"Solicitar un orzamento"},"content":{"rendered":"<div data-elementor-type=\"wp-page\" data-elementor-id=\"272\" class=\"elementor elementor-272\" data-elementor-post-type=\"page\">\n\t\t\t\t<div class=\"elementor-element elementor-element-2b004d4 e-flex e-con-boxed e-con e-parent\" data-id=\"2b004d4\" data-element_type=\"container\" data-settings=\"{&quot;background_background&quot;:&quot;classic&quot;}\">\n\t\t\t\t\t<div class=\"e-con-inner\">\n\t\t\t\t<div class=\"elementor-element elementor-element-39a42100 animated-slow elementor-invisible elementor-widget elementor-widget-heading\" data-id=\"39a42100\" data-element_type=\"widget\" data-settings=\"{&quot;_animation&quot;:&quot;fadeInDown&quot;}\" data-widget_type=\"heading.default\">\n\t\t\t\t<div class=\"elementor-widget-container\">\n\t\t\t\t\t<h1 class=\"elementor-heading-title elementor-size-default\">Solicitar un orzamento<\/h1>\t\t\t\t<\/div>\n\t\t\t\t<\/div>\n\t\t\t\t\t<\/div>\n\t\t\t\t<\/div>\n\t\t<div class=\"elementor-element elementor-element-12b05209 e-flex e-con-boxed e-con e-parent\" data-id=\"12b05209\" data-element_type=\"container\" data-settings=\"{&quot;background_background&quot;:&quot;classic&quot;}\">\n\t\t\t\t\t<div class=\"e-con-inner\">\n\t\t<div class=\"elementor-element elementor-element-5ea759e8 e-con-full e-flex elementor-invisible e-con e-child\" data-id=\"5ea759e8\" data-element_type=\"container\" data-settings=\"{&quot;animation&quot;:&quot;fadeInUp&quot;}\">\n\t\t\t\t<div class=\"elementor-element elementor-element-637d91d elementor-widget elementor-widget-heading\" data-id=\"637d91d\" data-element_type=\"widget\" data-widget_type=\"heading.default\">\n\t\t\t\t<div class=\"elementor-widget-container\">\n\t\t\t\t\t<h2 class=\"elementor-heading-title elementor-size-default\">Solicita un orzamento personalizado agora mesmo<\/h2>\t\t\t\t<\/div>\n\t\t\t\t<\/div>\n\t\t\t\t<div class=\"elementor-element elementor-element-5329fe4d animated-slow elementor-invisible elementor-widget elementor-widget-text-editor\" data-id=\"5329fe4d\" data-element_type=\"widget\" data-settings=\"{&quot;_animation&quot;:&quot;fadeInDown&quot;,&quot;_animation_delay&quot;:400}\" data-widget_type=\"text-editor.default\">\n\t\t\t\t<div class=\"elementor-widget-container\">\n\t\t\t\t\t\t\t\t\t<p>\u00bfInteresado\/a nos nosos servizos de ioga, terapia ou obradoiros? \u00c9 doado obter o teu orzamento personalizado! Simplemente encha o formulario a continuaci\u00f3n cos detalles das s\u00faas necesidades e enviar\u00e9moslle un orzamento adaptado \u00e1s s\u00faas necesidades.<\/p>\t\t\t\t\t\t\t\t<\/div>\n\t\t\t\t<\/div>\n\t\t\t\t<\/div>\n\t\t\t\t\t<\/div>\n\t\t\t\t<\/div>\n\t\t<div class=\"elementor-element elementor-element-5c4f9ecc e-flex e-con-boxed e-con e-parent\" data-id=\"5c4f9ecc\" data-element_type=\"container\" data-settings=\"{&quot;background_background&quot;:&quot;classic&quot;}\">\n\t\t\t\t\t<div class=\"e-con-inner\">\n\t\t<div class=\"elementor-element elementor-element-46dadef1 e-con-full e-flex elementor-invisible e-con e-child\" data-id=\"46dadef1\" data-element_type=\"container\" data-settings=\"{&quot;animation&quot;:&quot;fadeInUp&quot;,&quot;background_background&quot;:&quot;classic&quot;}\">\n\t\t\t\t<div class=\"elementor-element elementor-element-4c67c4f2 elementor-widget elementor-widget-shortcode\" data-id=\"4c67c4f2\" data-element_type=\"widget\" data-widget_type=\"shortcode.default\">\n\t\t\t\t<div class=\"elementor-widget-container\">\n\t\t\t\t\t\t\t<div class=\"elementor-shortcode\"><p class=\"wpcf7-contact-form-not-found\"><strong>Erro:<\/strong> Formulario de contacto non bloqueado.<\/p><\/div>\n\t\t\t\t\t\t<\/div>\n\t\t\t\t<\/div>\n\t\t\t\t<\/div>\n\t\t<div class=\"elementor-element elementor-element-1b78cf56 e-con-full e-flex elementor-invisible e-con e-child\" data-id=\"1b78cf56\" data-element_type=\"container\" data-settings=\"{&quot;animation&quot;:&quot;fadeInDown&quot;}\">\n\t\t<div class=\"elementor-element elementor-element-2ab02c53 e-con-full e-flex e-con e-child\" data-id=\"2ab02c53\" data-element_type=\"container\">\n\t\t\t\t<div class=\"elementor-element elementor-element-4addcf0 elementor-widget elementor-widget-image\" data-id=\"4addcf0\" data-element_type=\"widget\" data-widget_type=\"image.default\">\n\t\t\t\t<div class=\"elementor-widget-container\">\n\t\t\t\t\t\t\t\t\t\t\t\t\t\t\t<img fetchpriority=\"high\" decoding=\"async\" width=\"800\" height=\"534\" src=\"https:\/\/ybeagroup.com\/wp-content\/uploads\/2025\/03\/placeholder-1-1024x683.png\" class=\"attachment-large size-large wp-image-84\" alt=\"\" srcset=\"https:\/\/ybeagroup.com\/wp-content\/uploads\/2025\/03\/placeholder-1-1024x683.png 1024w, https:\/\/ybeagroup.com\/wp-content\/uploads\/2025\/03\/placeholder-1-300x200.png 300w, https:\/\/ybeagroup.com\/wp-content\/uploads\/2025\/03\/placeholder-1-768x512.png 768w, https:\/\/ybeagroup.com\/wp-content\/uploads\/2025\/03\/placeholder-1.png 1200w\" sizes=\"(max-width: 800px) 100vw, 800px\" \/>\t\t\t\t\t\t\t\t\t\t\t\t\t\t\t<\/div>\n\t\t\t\t<\/div>\n\t\t\t\t<\/div>\n\t\t\t\t<\/div>\n\t\t\t\t\t<\/div>\n\t\t\t\t<\/div>\n\t\t\t\t<\/div>","protected":false},"excerpt":{"rendered":"<p>Solicita un orzamento personalizado agora! \u00bfEst\u00e1s interesado nos nosos servizos de ioga, terapias ou obradoiros? Obter o teu orzamento personalizado \u00e9 doado! Simplemente completa o formulario a continuaci\u00f3n cos detalles do que necesitas e enviar\u00e9mosche un orzamento adaptado \u00e1s t\u00faas necesidades.<\/p>","protected":false},"author":2,"featured_media":0,"parent":0,"menu_order":0,"comment_status":"closed","ping_status":"closed","template":"","meta":{"footnotes":""},"class_list":["post-272","page","type-page","status-publish","hentry"],"yoast_head":"<!-- This site is optimized with the Yoast SEO plugin v26.4 - https:\/\/yoast.com\/wordpress\/plugins\/seo\/ -->\n<title>Solicitar presupuesto - Ybea Group<\/title>\n<meta name=\"robots\" content=\"index, follow, max-snippet:-1, max-image-preview:large, max-video-preview:-1\" \/>\n<link rel=\"canonical\" href=\"https:\/\/ybeagroup.com\/gl\/solicitar-presupuesto\/\" \/>\n<meta property=\"og:locale\" content=\"gl_ES\" \/>\n<meta property=\"og:type\" content=\"article\" \/>\n<meta property=\"og:title\" content=\"Solicitar presupuesto - Ybea Group\" \/>\n<meta property=\"og:description\" content=\"Solicita un presupuesto personalizado ahora mismo \u00bfInteresado en nuestros servicios de yoga, terapias o talleres? \u00a1Es f\u00e1cil obtener tu presupuesto personalizado! Simplemente completa el formulario a continuaci\u00f3n con los detalles de lo que necesitas, y te enviaremos un presupuesto ajustado a tus requerimientos.\" \/>\n<meta property=\"og:url\" content=\"https:\/\/ybeagroup.com\/gl\/solicitar-presupuesto\/\" \/>\n<meta property=\"og:site_name\" content=\"Ybea Group\" \/>\n<meta property=\"article:modified_time\" content=\"2025-03-18T11:11:39+00:00\" \/>\n<meta property=\"og:image\" content=\"https:\/\/ybeagroup.com\/wp-content\/uploads\/2025\/03\/placeholder-1-1024x683.png\" \/>\n<meta name=\"twitter:card\" content=\"summary_large_image\" \/>\n<script type=\"application\/ld+json\" class=\"yoast-schema-graph\">{\"@context\":\"https:\/\/schema.org\",\"@graph\":[{\"@type\":\"WebPage\",\"@id\":\"https:\/\/ybeagroup.com\/en\/solicitar-presupuesto\/\",\"url\":\"https:\/\/ybeagroup.com\/en\/solicitar-presupuesto\/\",\"name\":\"Solicitar presupuesto - Ybea Group\",\"isPartOf\":{\"@id\":\"https:\/\/ybeagroup.com\/gl\/#website\"},\"primaryImageOfPage\":{\"@id\":\"https:\/\/ybeagroup.com\/en\/solicitar-presupuesto\/#primaryimage\"},\"image\":{\"@id\":\"https:\/\/ybeagroup.com\/en\/solicitar-presupuesto\/#primaryimage\"},\"thumbnailUrl\":\"https:\/\/ybeagroup.com\/wp-content\/uploads\/2025\/03\/placeholder-1-1024x683.png\",\"datePublished\":\"2025-03-18T11:10:45+00:00\",\"dateModified\":\"2025-03-18T11:11:39+00:00\",\"breadcrumb\":{\"@id\":\"https:\/\/ybeagroup.com\/en\/solicitar-presupuesto\/#breadcrumb\"},\"inLanguage\":\"gl-ES\",\"potentialAction\":[{\"@type\":\"ReadAction\",\"target\":[\"https:\/\/ybeagroup.com\/en\/solicitar-presupuesto\/\"]}]},{\"@type\":\"ImageObject\",\"inLanguage\":\"gl-ES\",\"@id\":\"https:\/\/ybeagroup.com\/en\/solicitar-presupuesto\/#primaryimage\",\"url\":\"https:\/\/ybeagroup.com\/wp-content\/uploads\/2025\/03\/placeholder-1-1024x683.png\",\"contentUrl\":\"https:\/\/ybeagroup.com\/wp-content\/uploads\/2025\/03\/placeholder-1-1024x683.png\"},{\"@type\":\"BreadcrumbList\",\"@id\":\"https:\/\/ybeagroup.com\/en\/solicitar-presupuesto\/#breadcrumb\",\"itemListElement\":[{\"@type\":\"ListItem\",\"position\":1,\"name\":\"Portada\",\"item\":\"https:\/\/ybeagroup.com\/\"},{\"@type\":\"ListItem\",\"position\":2,\"name\":\"Solicitar presupuesto\"}]},{\"@type\":\"WebSite\",\"@id\":\"https:\/\/ybeagroup.com\/gl\/#website\",\"url\":\"https:\/\/ybeagroup.com\/gl\/\",\"name\":\"Ybea Group\",\"description\":\"Soluciones innovadoras en formaci\u00f3n y consultor\u00eda para empresas\",\"publisher\":{\"@id\":\"https:\/\/ybeagroup.com\/gl\/#organization\"},\"potentialAction\":[{\"@type\":\"SearchAction\",\"target\":{\"@type\":\"EntryPoint\",\"urlTemplate\":\"https:\/\/ybeagroup.com\/gl\/?s={search_term_string}\"},\"query-input\":{\"@type\":\"PropertyValueSpecification\",\"valueRequired\":true,\"valueName\":\"search_term_string\"}}],\"inLanguage\":\"gl-ES\"},{\"@type\":\"Organization\",\"@id\":\"https:\/\/ybeagroup.com\/gl\/#organization\",\"name\":\"Ybea Group\",\"url\":\"https:\/\/ybeagroup.com\/gl\/\",\"logo\":{\"@type\":\"ImageObject\",\"inLanguage\":\"gl-ES\",\"@id\":\"https:\/\/ybeagroup.com\/gl\/#\/schema\/logo\/image\/\",\"url\":\"https:\/\/ybeagroup.com\/wp-content\/uploads\/2025\/03\/cropped-fav.png\",\"contentUrl\":\"https:\/\/ybeagroup.com\/wp-content\/uploads\/2025\/03\/cropped-fav.png\",\"width\":512,\"height\":512,\"caption\":\"Ybea Group\"},\"image\":{\"@id\":\"https:\/\/ybeagroup.com\/gl\/#\/schema\/logo\/image\/\"}}]}<\/script>\n<!-- \/ Yoast SEO plugin. -->","yoast_head_json":{"title":"Solicitar presupuesto - Ybea Group","robots":{"index":"index","follow":"follow","max-snippet":"max-snippet:-1","max-image-preview":"max-image-preview:large","max-video-preview":"max-video-preview:-1"},"canonical":"https:\/\/ybeagroup.com\/gl\/solicitar-presupuesto\/","og_locale":"gl_ES","og_type":"article","og_title":"Solicitar presupuesto - Ybea Group","og_description":"Solicita un presupuesto personalizado ahora mismo \u00bfInteresado en nuestros servicios de yoga, terapias o talleres? \u00a1Es f\u00e1cil obtener tu presupuesto personalizado! Simplemente completa el formulario a continuaci\u00f3n con los detalles de lo que necesitas, y te enviaremos un presupuesto ajustado a tus requerimientos.","og_url":"https:\/\/ybeagroup.com\/gl\/solicitar-presupuesto\/","og_site_name":"Ybea Group","article_modified_time":"2025-03-18T11:11:39+00:00","og_image":[{"url":"https:\/\/ybeagroup.com\/wp-content\/uploads\/2025\/03\/placeholder-1-1024x683.png","type":"","width":"","height":""}],"twitter_card":"summary_large_image","schema":{"@context":"https:\/\/schema.org","@graph":[{"@type":"WebPage","@id":"https:\/\/ybeagroup.com\/en\/solicitar-presupuesto\/","url":"https:\/\/ybeagroup.com\/en\/solicitar-presupuesto\/","name":"Solicitar presupuesto - Ybea Group","isPartOf":{"@id":"https:\/\/ybeagroup.com\/gl\/#website"},"primaryImageOfPage":{"@id":"https:\/\/ybeagroup.com\/en\/solicitar-presupuesto\/#primaryimage"},"image":{"@id":"https:\/\/ybeagroup.com\/en\/solicitar-presupuesto\/#primaryimage"},"thumbnailUrl":"https:\/\/ybeagroup.com\/wp-content\/uploads\/2025\/03\/placeholder-1-1024x683.png","datePublished":"2025-03-18T11:10:45+00:00","dateModified":"2025-03-18T11:11:39+00:00","breadcrumb":{"@id":"https:\/\/ybeagroup.com\/en\/solicitar-presupuesto\/#breadcrumb"},"inLanguage":"gl-ES","potentialAction":[{"@type":"ReadAction","target":["https:\/\/ybeagroup.com\/en\/solicitar-presupuesto\/"]}]},{"@type":"ImageObject","inLanguage":"gl-ES","@id":"https:\/\/ybeagroup.com\/en\/solicitar-presupuesto\/#primaryimage","url":"https:\/\/ybeagroup.com\/wp-content\/uploads\/2025\/03\/placeholder-1-1024x683.png","contentUrl":"https:\/\/ybeagroup.com\/wp-content\/uploads\/2025\/03\/placeholder-1-1024x683.png"},{"@type":"BreadcrumbList","@id":"https:\/\/ybeagroup.com\/en\/solicitar-presupuesto\/#breadcrumb","itemListElement":[{"@type":"ListItem","position":1,"name":"Portada","item":"https:\/\/ybeagroup.com\/"},{"@type":"ListItem","position":2,"name":"Solicitar presupuesto"}]},{"@type":"WebSite","@id":"https:\/\/ybeagroup.com\/gl\/#website","url":"https:\/\/ybeagroup.com\/gl\/","name":"Ybea Group","description":"Soluciones innovadoras en formaci\u00f3n y consultor\u00eda para empresas","publisher":{"@id":"https:\/\/ybeagroup.com\/gl\/#organization"},"potentialAction":[{"@type":"SearchAction","target":{"@type":"EntryPoint","urlTemplate":"https:\/\/ybeagroup.com\/gl\/?s={search_term_string}"},"query-input":{"@type":"PropertyValueSpecification","valueRequired":true,"valueName":"search_term_string"}}],"inLanguage":"gl-ES"},{"@type":"Organization","@id":"https:\/\/ybeagroup.com\/gl\/#organization","name":"Ybea Group","url":"https:\/\/ybeagroup.com\/gl\/","logo":{"@type":"ImageObject","inLanguage":"gl-ES","@id":"https:\/\/ybeagroup.com\/gl\/#\/schema\/logo\/image\/","url":"https:\/\/ybeagroup.com\/wp-content\/uploads\/2025\/03\/cropped-fav.png","contentUrl":"https:\/\/ybeagroup.com\/wp-content\/uploads\/2025\/03\/cropped-fav.png","width":512,"height":512,"caption":"Ybea Group"},"image":{"@id":"https:\/\/ybeagroup.com\/gl\/#\/schema\/logo\/image\/"}}]}},"_links":{"self":[{"href":"https:\/\/ybeagroup.com\/gl\/wp-json\/wp\/v2\/pages\/272","targetHints":{"allow":["GET"]}}],"collection":[{"href":"https:\/\/ybeagroup.com\/gl\/wp-json\/wp\/v2\/pages"}],"about":[{"href":"https:\/\/ybeagroup.com\/gl\/wp-json\/wp\/v2\/types\/page"}],"author":[{"embeddable":true,"href":"https:\/\/ybeagroup.com\/gl\/wp-json\/wp\/v2\/users\/2"}],"replies":[{"embeddable":true,"href":"https:\/\/ybeagroup.com\/gl\/wp-json\/wp\/v2\/comments?post=272"}],"version-history":[{"count":4,"href":"https:\/\/ybeagroup.com\/gl\/wp-json\/wp\/v2\/pages\/272\/revisions"}],"predecessor-version":[{"id":427,"href":"https:\/\/ybeagroup.com\/gl\/wp-json\/wp\/v2\/pages\/272\/revisions\/427"}],"wp:attachment":[{"href":"https:\/\/ybeagroup.com\/gl\/wp-json\/wp\/v2\/media?parent=272"}],"curies":[{"name":"wp","href":"https:\/\/api.w.org\/{rel}","templated":true}]}}